{"id":48791,"date":"2024-01-26T11:15:32","date_gmt":"2024-01-26T03:15:32","guid":{"rendered":"https:\/\/gretasexylingerie.com\/?post_type=product&#038;p=48791"},"modified":"2024-02-20T11:40:26","modified_gmt":"2024-02-20T03:40:26","slug":"groshandel-mit-bestickten-bhs-und-hoschen","status":"publish","type":"product","link":"https:\/\/gretasexylingerie.com\/de\/products\/wholesale-embroidered-bra-and-panty-set\/","title":{"rendered":"Set aus besticktem BH und H\u00f6schen mit rosa Netzrock im Gro\u00dfhandel"},"content":{"rendered":"<p><strong>Exquisite bestickte Details<\/strong>: Dieses Set pr\u00e4sentiert wundersch\u00f6n bestickte Blumen und bietet einen luxuri\u00f6sen und raffinierten Look. Die aufwendige Stickerei ist ideal f\u00fcr alle, die feinere Details sch\u00e4tzen <strong>teures BH- und H\u00f6schenset<\/strong>, was es zur perfekten Wahl f\u00fcr High-End-Boutiquen macht.<\/p>\n<p><strong>Rosa Mesh-Rock<\/strong>: Das Hinzuf\u00fcgen eines rosafarbenen Netzrocks verleiht dem Set eine einzigartige und verspielte Note. Dieses Merkmal steigert nicht nur die \u00c4sthetik, sondern verleiht jedem Ger\u00e4t auch einen Hauch von Laune und Charme und hebt es von anderen ab <strong>Dessous-Kleid-Set<\/strong> Sammlung.<\/p>\n<p><strong>Transparenter Netzstoff<\/strong>: Die Verwendung von transparentem Mesh im BH- und H\u00f6schenset erm\u00f6glicht einen verlockenden Blick auf das, was darunter liegt, und schafft eine perfekte Balance zwischen Faszination und Eleganz. Es ist die ideale Wahl f\u00fcr Kunden, die Dessous suchen, die sowohl verf\u00fchrerisch als auch geschmackvoll gestaltet sind.<\/p>\n<p><strong>Luxuri\u00f6s und feminin<\/strong>: Die Kombination aus rosa Mesh und zarter Stickerei sorgt f\u00fcr einen luxuri\u00f6sen und femininen Look. Dieses Set ist perfekt f\u00fcr Kunden, die sich Dessous w\u00fcnschen, die sich genauso opulent anf\u00fchlen, wie sie aussehen.<\/p>\n<p><strong>Vielseitig und zeitlos<\/strong>: Dieses Set aus BH und H\u00f6schen ist eine vielseitige Erg\u00e4nzung f\u00fcr jede Dessous-Kollektion. Sein zeitloses Design sorgt daf\u00fcr, dass es eine beliebte Wahl f\u00fcr eine Vielzahl von Anl\u00e4ssen bleibt, von besonderen Abenden bis hin zu allt\u00e4glichem Luxus.<\/p>\n<p><strong>Perfekt f\u00fcr vielf\u00e4ltige Sammlungen<\/strong>: Ob f\u00fcr eine Boutique oder ein gr\u00f6\u00dferes Einzelhandelsgesch\u00e4ft, dieses Set ist eine ausgezeichnete Wahl. Es spricht ein breites Spektrum von Kunden an, die Qualit\u00e4t, Eleganz und Stil bei ihrer Unterw\u00e4sche suchen.<\/p>\n<p>Laden Sie Ihre Kunden ein, den luxuri\u00f6sen Charme unseres bestickten BH- und H\u00f6schensets zu erleben. Sein einzigartiges Design und die Liebe zum Detail machen es zu einem Muss f\u00fcr jede Kollektion, die eine Mischung aus Raffinesse und modernem Stil bieten m\u00f6chte. Bestellen Sie jetzt, um Ihrem Angebot einen Hauch raffinierter Sch\u00f6nheit zu verleihen!<\/p>\n\n\n<figure class=\"wp-block-table\"><table><tbody><tr><td class=\"has-text-align-center\" data-align=\"center\" colspan=\"7\"><strong>Gr\u00f6\u00dfentabelle (CM)<\/strong><\/td><\/tr><tr><td class=\"has-text-align-center\" data-align=\"center\"><strong>Gr\u00f6\u00dfe<\/strong><\/td><td class=\"has-text-align-center\" data-align=\"center\"><strong>Tassenh\u00f6he (cm)<\/strong><\/td><td class=\"has-text-align-center\" data-align=\"center\"><strong>Unterbrust (cm)<\/strong><\/td><td class=\"has-text-align-center\" data-align=\"center\"><strong>H\u00f6schentaille (cm)<\/strong><\/td><td class=\"has-text-align-center\" data-align=\"center\"><strong>H\u00f6schenl\u00e4nge (cm)<\/strong><\/td><td><strong>Taille (cm)<\/strong><\/td><\/tr><tr><td class=\"has-text-align-center\" data-align=\"center\">S<\/td><td class=\"has-text-align-center\" data-align=\"center\">16<\/td><td class=\"has-text-align-center\" data-align=\"center\">68<\/td><td class=\"has-text-align-center\" data-align=\"center\">64<\/td><td class=\"has-text-align-center\" data-align=\"center\">24<\/td><td>64<\/td><\/tr><tr><td class=\"has-text-align-center\" data-align=\"center\">M<\/td><td class=\"has-text-align-center\" data-align=\"center\">17<\/td><td class=\"has-text-align-center\" data-align=\"center\">72<\/td><td class=\"has-text-align-center\" data-align=\"center\">68<\/td><td class=\"has-text-align-center\" data-align=\"center\">25<\/td><td>68<\/td><\/tr><tr><td class=\"has-text-align-center\" data-align=\"center\">L<\/td><td class=\"has-text-align-center\" data-align=\"center\">18<\/td><td class=\"has-text-align-center\" data-align=\"center\">76<\/td><td class=\"has-text-align-center\" data-align=\"center\">72<\/td><td class=\"has-text-align-center\" data-align=\"center\">26<\/td><td>72<\/td><\/tr><tr><td class=\"has-text-align-center\" data-align=\"center\">XL<\/td><td class=\"has-text-align-center\" data-align=\"center\">19<\/td><td class=\"has-text-align-center\" data-align=\"center\">80<\/td><td class=\"has-text-align-center\" data-align=\"center\">76<\/td><td class=\"has-text-align-center\" data-align=\"center\">27<\/td><td>76<\/td><\/tr><tr><td class=\"has-text-align-center\" data-align=\"center\" colspan=\"7\"><strong>Gr\u00f6\u00dfentabelle (Zoll)<\/strong><\/td><\/tr><tr><td class=\"has-text-align-center\" data-align=\"center\"><strong>Gr\u00f6\u00dfe<\/strong><\/td><td class=\"has-text-align-center\" data-align=\"center\"><strong>Tassenh\u00f6he (Zoll)<\/strong><\/td><td class=\"has-text-align-center\" data-align=\"center\"><strong>Unterbrust (in)<\/strong><\/td><td class=\"has-text-align-center\" data-align=\"center\"><strong>H\u00f6schen Taille (Zoll)<\/strong><\/td><td class=\"has-text-align-center\" data-align=\"center\"><strong>H\u00f6schenl\u00e4nge (Zoll)<\/strong><\/td><td><strong>Taille (in)<\/strong><\/td><\/tr><tr><td class=\"has-text-align-center\" data-align=\"center\">S<\/td><td class=\"has-text-align-center\" data-align=\"center\">6.30<\/td><td class=\"has-text-align-center\" data-align=\"center\">26.77<\/td><td class=\"has-text-align-center\" data-align=\"center\">25.20<\/td><td class=\"has-text-align-center\" data-align=\"center\">9.45<\/td><td>25.20<\/td><\/tr><tr><td class=\"has-text-align-center\" data-align=\"center\">M<\/td><td class=\"has-text-align-center\" data-align=\"center\">6.69<\/td><td class=\"has-text-align-center\" data-align=\"center\">28.35<\/td><td class=\"has-text-align-center\" data-align=\"center\">26.77<\/td><td class=\"has-text-align-center\" data-align=\"center\">9.84<\/td><td>26.77<\/td><\/tr><tr><td class=\"has-text-align-center\" data-align=\"center\">L<\/td><td class=\"has-text-align-center\" data-align=\"center\">7.09<\/td><td class=\"has-text-align-center\" data-align=\"center\">29.92<\/td><td class=\"has-text-align-center\" data-align=\"center\">28.35<\/td><td class=\"has-text-align-center\" data-align=\"center\">10.24<\/td><td>28.35<\/td><\/tr><tr><td class=\"has-text-align-center\" data-align=\"center\">XL<\/td><td class=\"has-text-align-center\" data-align=\"center\">7.48<\/td><td class=\"has-text-align-center\" data-align=\"center\">31.50<\/td><td class=\"has-text-align-center\" data-align=\"center\">29.92<\/td><td class=\"has-text-align-center\" data-align=\"center\">10.63<\/td><td>29.92<\/td><\/tr><\/tbody><\/table><\/figure>","protected":false},"excerpt":{"rendered":"<p>Erfreuen Sie sich an der Eleganz unseres <strong>Set aus besticktem BH und H\u00f6schen<\/strong>, bestehend aus einem rosa Netzrock mit wundersch\u00f6n gestickten Blumen auf transparentem Netz, der Inbegriff von Luxus-Dessous.<\/p>","protected":false},"featured_media":48783,"template":"","meta":[],"product_brand":[],"product_cat":[378,379,367],"product_tag":[507,448,454,446],"class_list":{"0":"post-48791","1":"product","2":"type-product","3":"status-publish","4":"has-post-thumbnail","6":"product_cat-wholesale-garter-straps","7":"product_cat-wholesale-harness-bodysuit","8":"product_cat-sexy-lingerie","9":"product_tag-three-pcs-set","10":"product_tag-wholesale-elegant-sexy-lingerie","11":"product_tag-wholesale-sexy-embroidered-lingerie","12":"product_tag-wholesale-sexy-see-through-lingerie","13":"pa_color-pink-women-sexy-lingerie","14":"pa_size-wholesale-large-size-women-sexy-lingerie","15":"pa_size-wholesale-medium-size-women-sexy-lingerie","16":"pa_size-wholesale-small-size-sexy-lingerie","17":"pa_size-wholesale-extra-large-sexy-lingerie","19":"first","20":"instock","21":"taxable","22":"shipping-taxable","23":"purchasable","24":"product-type-variable"},"tiered_pricing_type":"fixed","tiered_pricing_fixed_rules":[],"tiered_pricing_product_settings":{"layout":"table","base_unit_name":{"singular":null,"plural":null},"default_variation":null},"tiered_pricing_minimum_quantity":null,"tiered_pricing_roles_data":[],"tiered_pricing_percentage_rules":[],"tiered_pricing_maximum_quantity":null,"tiered_pricing_quantity_step":null,"_links":{"self":[{"href":"https:\/\/gretasexylingerie.com\/de\/wp-json\/wp\/v2\/product\/48791","targetHints":{"allow":["GET"]}}],"collection":[{"href":"https:\/\/gretasexylingerie.com\/de\/wp-json\/wp\/v2\/product"}],"about":[{"href":"https:\/\/gretasexylingerie.com\/de\/wp-json\/wp\/v2\/types\/product"}],"wp:featuredmedia":[{"embeddable":true,"href":"https:\/\/gretasexylingerie.com\/de\/wp-json\/wp\/v2\/media\/48783"}],"wp:attachment":[{"href":"https:\/\/gretasexylingerie.com\/de\/wp-json\/wp\/v2\/media?parent=48791"}],"wp:term":[{"taxonomy":"product_brand","embeddable":true,"href":"https:\/\/gretasexylingerie.com\/de\/wp-json\/wp\/v2\/product_brand?post=48791"},{"taxonomy":"product_cat","embeddable":true,"href":"https:\/\/gretasexylingerie.com\/de\/wp-json\/wp\/v2\/product_cat?post=48791"},{"taxonomy":"product_tag","embeddable":true,"href":"https:\/\/gretasexylingerie.com\/de\/wp-json\/wp\/v2\/product_tag?post=48791"}],"curies":[{"name":"wp","href":"https:\/\/api.w.org\/{rel}","templated":true}]}}