{"id":48685,"date":"2024-01-26T11:03:04","date_gmt":"2024-01-26T03:03:04","guid":{"rendered":"https:\/\/gretasexylingerie.com\/?post_type=product&#038;p=48685"},"modified":"2024-02-23T00:27:26","modified_gmt":"2024-02-22T16:27:26","slug":"modernes-bh-und-hoschenset-im-groshandel","status":"publish","type":"product","link":"https:\/\/gretasexylingerie.com\/de\/products\/wholesale-modern-bra-and-panties-set\/","title":{"rendered":"Modernes BH- und H\u00f6schen-Set mit Strumpfband im Gro\u00dfhandel"},"content":{"rendered":"<p><strong>\u00dcberkreuzte Schultergurte<\/strong>: Die gekreuzten Schultertr\u00e4ger in diesem Set verleihen dem klassischen BH-Design eine moderne und stilvolle Note. Diese Funktion verbessert nicht nur die \u00c4sthetik, sondern sorgt auch f\u00fcr einen sicheren und bequemen Sitz und macht es zu einer beliebten Wahl in jedem <strong>moderner BH und Slip<\/strong> Sammlung.<\/p>\n\n\n\n<p><strong>Transparentes Netzmaterial<\/strong>: Die Verwendung von transparentem Mesh-Material sowohl im BH als auch im H\u00f6schen sorgt f\u00fcr einen verlockenden und dennoch raffinierten Look. Diese schlichte Eleganz ist perfekt f\u00fcr alle, die den Reiz der Subtilit\u00e4t ihrer Dessous sch\u00e4tzen und sie zu einem herausragenden St\u00fcck in jedem Outfit machen <strong>Dessous-Set transparent<\/strong> Reichweite.<\/p>\n\n\n\n<p><strong>Vierlagiger Riemchenbund und Beinschlaufen<\/strong>: Der Bund und die Beinschlaufen bestehen aus vier Riemenschichten und verleihen dem Set eine einzigartige und faszinierende Dimension. Diese aufwendigen Details sind ideal f\u00fcr Kunden, die nach Dessous suchen, die gewagtes Design mit einem Hauch von Eleganz verbinden.<\/p>\n\n\n\n<p><strong>Vielseitig und modisch<\/strong>: Dieses Set besteht nicht nur aus Dessous; Es ist ein modisches Statement. Sein einzigartiges Design und die Liebe zum Detail machen es zu einem Muss f\u00fcr jede Kollektion, die eine Mischung aus modernem Stil und Sinnlichkeit bieten m\u00f6chte.<\/p>\n\n\n\n<p><strong>Perfekt f\u00fcr verschiedene Anl\u00e4sse<\/strong>: Ob f\u00fcr einen besonderen Abend, einen romantischen Abend oder als mutiges Mode-Statement, dieses Set aus BH und Strumpfband ist vielseitig genug, um zu verschiedenen Anl\u00e4ssen zu passen, was es zu einer wertvollen Erg\u00e4nzung jeder Dessous- oder Modekollektion macht.<\/p>\n\n\n\n<p>Laden Sie Ihre Kunden ein, den modernen Charme unseres BH- und Strumpfhalter-Sets zu erleben. Sein modernes Design und die Liebe zum Detail machen es zu einer herausragenden Erg\u00e4nzung jeder High-End-Dessous-Kollektion. Bestellen Sie jetzt und bieten Sie Ihren Kunden einen Hauch von Raffinesse, Stil und moderner Eleganz!<\/p>\n\n\n\n<figure class=\"wp-block-table\"><table><tbody><tr><td class=\"has-text-align-center\" data-align=\"center\" colspan=\"6\"><strong>Gr\u00f6\u00dfentabelle (CM)<\/strong><\/td><\/tr><tr><td class=\"has-text-align-center\" data-align=\"center\"><strong>Gr\u00f6\u00dfe<\/strong><\/td><td class=\"has-text-align-center\" data-align=\"center\"><strong>L\u00e4nge (cm)<\/strong><\/td><td class=\"has-text-align-center\" data-align=\"center\"><strong>Unterbrustumfang (cm)<\/strong><\/td><td class=\"has-text-align-center\" data-align=\"center\"><strong>H\u00f6schentaille (cm)<\/strong><\/td><td class=\"has-text-align-center\" data-align=\"center\"><strong>Taille (cm)<\/strong><\/td><td class=\"has-text-align-center\" data-align=\"center\"><strong>H\u00f6schenl\u00e4nge (cm)<\/strong><\/td><\/tr><tr><td class=\"has-text-align-center\" data-align=\"center\">S<\/td><td class=\"has-text-align-center\" data-align=\"center\">14<\/td><td class=\"has-text-align-center\" data-align=\"center\">64-84<\/td><td class=\"has-text-align-center\" data-align=\"center\">64-88<\/td><td class=\"has-text-align-center\" data-align=\"center\">66<\/td><td class=\"has-text-align-center\" data-align=\"center\">21<\/td><\/tr><tr><td class=\"has-text-align-center\" data-align=\"center\">M<\/td><td class=\"has-text-align-center\" data-align=\"center\">14.5<\/td><td class=\"has-text-align-center\" data-align=\"center\">68-88<\/td><td class=\"has-text-align-center\" data-align=\"center\">68-92<\/td><td class=\"has-text-align-center\" data-align=\"center\">70<\/td><td class=\"has-text-align-center\" data-align=\"center\">22<\/td><\/tr><tr><td class=\"has-text-align-center\" data-align=\"center\">L<\/td><td class=\"has-text-align-center\" data-align=\"center\">15<\/td><td class=\"has-text-align-center\" data-align=\"center\">72-92<\/td><td class=\"has-text-align-center\" data-align=\"center\">72-96<\/td><td class=\"has-text-align-center\" data-align=\"center\">74<\/td><td class=\"has-text-align-center\" data-align=\"center\">23<\/td><\/tr><tr><td class=\"has-text-align-center\" data-align=\"center\" colspan=\"6\"><strong>Gr\u00f6\u00dfentabelle (Zoll)<\/strong><\/td><\/tr><tr><td class=\"has-text-align-center\" data-align=\"center\"><strong>Gr\u00f6\u00dfe<\/strong><\/td><td class=\"has-text-align-center\" data-align=\"center\"><strong>L\u00e4nge (Zoll)<\/strong><\/td><td class=\"has-text-align-center\" data-align=\"center\"><strong>Unter der Brust (in)<\/strong><\/td><td class=\"has-text-align-center\" data-align=\"center\"><strong>H\u00f6schen Taille (Zoll)<\/strong><\/td><td class=\"has-text-align-center\" data-align=\"center\"><strong>Taille (in)<\/strong><\/td><td class=\"has-text-align-center\" data-align=\"center\"><strong>H\u00f6schenl\u00e4nge (Zoll)<\/strong><\/td><\/tr><tr><td class=\"has-text-align-center\" data-align=\"center\">S<\/td><td class=\"has-text-align-center\" data-align=\"center\">5.51<\/td><td class=\"has-text-align-center\" data-align=\"center\">25.20-33.07<\/td><td class=\"has-text-align-center\" data-align=\"center\">25.20-34.65<\/td><td class=\"has-text-align-center\" data-align=\"center\">25.98<\/td><td class=\"has-text-align-center\" data-align=\"center\">8.27<\/td><\/tr><tr><td class=\"has-text-align-center\" data-align=\"center\">M<\/td><td class=\"has-text-align-center\" data-align=\"center\">5.71<\/td><td class=\"has-text-align-center\" data-align=\"center\">26.77-34.65<\/td><td class=\"has-text-align-center\" data-align=\"center\">26.77-36.22<\/td><td class=\"has-text-align-center\" data-align=\"center\">27.56<\/td><td class=\"has-text-align-center\" data-align=\"center\">8.66<\/td><\/tr><tr><td class=\"has-text-align-center\" data-align=\"center\">L<\/td><td class=\"has-text-align-center\" data-align=\"center\">5.91<\/td><td class=\"has-text-align-center\" data-align=\"center\">28.35-36.22<\/td><td class=\"has-text-align-center\" data-align=\"center\">28.35-37.80<\/td><td class=\"has-text-align-center\" data-align=\"center\">29.13<\/td><td class=\"has-text-align-center\" data-align=\"center\">9.06<\/td><\/tr><\/tbody><\/table><\/figure>","protected":false},"excerpt":{"rendered":"<p>Erleben Sie den zeitgen\u00f6ssischen Charme mit unserem <strong>Set aus BH und Strumpfband<\/strong>, mit \u00fcberkreuzten Schultertr\u00e4gern und transparentem Mesh-Material, erg\u00e4nzt durch einen einzigartigen vierlagigen Riemchenbund und Beinschlaufen.<\/p>","protected":false},"featured_media":48653,"template":"","meta":[],"product_brand":[],"product_cat":[378,367,375],"product_tag":[507,452,524,447],"class_list":{"0":"post-48685","1":"product","2":"type-product","3":"status-publish","4":"has-post-thumbnail","6":"product_cat-wholesale-garter-straps","7":"product_cat-sexy-lingerie","8":"product_cat-whoelsale-sheer-bra-and-panty-sets","9":"product_tag-three-pcs-set","10":"product_tag-wholesale-boudoir-lingerie","11":"product_tag-metal-lingerie","12":"product_tag-wholesale-strappy-sexy-lingerie","13":"pa_color-bisque-women-sexy-lingerie","14":"pa_color-black","15":"pa_color-lime-women-sexy-lingerie","16":"pa_color-red-women-sexy-lingerie","17":"pa_size-wholesale-large-size-women-sexy-lingerie","18":"pa_size-wholesale-medium-size-women-sexy-lingerie","19":"pa_size-wholesale-small-size-sexy-lingerie","21":"first","22":"instock","23":"taxable","24":"shipping-taxable","25":"purchasable","26":"product-type-variable"},"tiered_pricing_type":"fixed","tiered_pricing_fixed_rules":[],"tiered_pricing_product_settings":{"layout":"table","base_unit_name":{"singular":null,"plural":null},"default_variation":null},"tiered_pricing_minimum_quantity":null,"tiered_pricing_roles_data":[],"tiered_pricing_percentage_rules":[],"tiered_pricing_maximum_quantity":null,"tiered_pricing_quantity_step":null,"_links":{"self":[{"href":"https:\/\/gretasexylingerie.com\/de\/wp-json\/wp\/v2\/product\/48685","targetHints":{"allow":["GET"]}}],"collection":[{"href":"https:\/\/gretasexylingerie.com\/de\/wp-json\/wp\/v2\/product"}],"about":[{"href":"https:\/\/gretasexylingerie.com\/de\/wp-json\/wp\/v2\/types\/product"}],"wp:featuredmedia":[{"embeddable":true,"href":"https:\/\/gretasexylingerie.com\/de\/wp-json\/wp\/v2\/media\/48653"}],"wp:attachment":[{"href":"https:\/\/gretasexylingerie.com\/de\/wp-json\/wp\/v2\/media?parent=48685"}],"wp:term":[{"taxonomy":"product_brand","embeddable":true,"href":"https:\/\/gretasexylingerie.com\/de\/wp-json\/wp\/v2\/product_brand?post=48685"},{"taxonomy":"product_cat","embeddable":true,"href":"https:\/\/gretasexylingerie.com\/de\/wp-json\/wp\/v2\/product_cat?post=48685"},{"taxonomy":"product_tag","embeddable":true,"href":"https:\/\/gretasexylingerie.com\/de\/wp-json\/wp\/v2\/product_tag?post=48685"}],"curies":[{"name":"wp","href":"https:\/\/api.w.org\/{rel}","templated":true}]}}