{"id":48452,"date":"2024-01-24T16:01:22","date_gmt":"2024-01-24T08:01:22","guid":{"rendered":"https:\/\/gretasexylingerie.com\/?post_type=product&#038;p=48452"},"modified":"2024-01-24T21:47:14","modified_gmt":"2024-01-24T13:47:14","slug":"romantisches-bustier-oberteil-aus-tull-im-groshandel","status":"publish","type":"product","link":"https:\/\/gretasexylingerie.com\/de\/products\/wholesale-romantic-tulle-bustier-top\/","title":{"rendered":"Romantisches T\u00fcll-Bustier-Top mit Rock-Set im Gro\u00dfhandel"},"content":{"rendered":"<p><strong>Rosa transparentes Netz<\/strong>: Der Bustier-Anzug ist aus einem zartrosa transparenten Netz gefertigt und bietet einen weichen, romantischen Reiz. Diese sanfte, feminine Note ist perfekt f\u00fcr diejenigen, die den Reiz der Subtilit\u00e4t in ihrem Outfit sch\u00e4tzen <strong>sch\u00f6ne Korsettoberteile<\/strong>.<\/p>\n\n\n\n<p><strong>H\u00fcftbedeckendes Rockdesign<\/strong>: Der dazugeh\u00f6rige Rock, der die H\u00fcften anmutig bedeckt, verleiht ihm Eleganz und Charme. Dieses Merkmal erh\u00f6ht die Attraktivit\u00e4t des Sets und macht es zu einer begehrten Wahl f\u00fcr Kunden, die eine Mischung aus Bescheidenheit und Stil suchen.<\/p>\n\n\n\n<p><strong>Brustring-Design<\/strong>: Das innovative Brustring-Design des Bustiers sorgt f\u00fcr eine einzigartige und moderne Note. Dieses Detail bietet nicht nur Halt, sondern betont auch den Brustbereich und tr\u00e4gt so zum Gesamteindruck des Sets bei.<\/p>\n\n\n\n<p><strong>Kreuzf\u00f6rmiger, hohler H\u00f6schenbund<\/strong>: Das Kreuzhohldesign am H\u00f6schenbund sorgt f\u00fcr einen modernen und stilvollen Look. Dieses auff\u00e4llige Detail verleiht dem Set ein kantiges und dennoch elegantes Element und spricht diejenigen an, die moderne Wendungen in klassischen Dessous-Stilen suchen.<\/p>\n\n\n\n<p><strong>Komplettes dreik\u00f6pfiges Ensemble<\/strong>: Dieses Set besteht aus einem Bustier, einem H\u00f6schen und einem Rock und bietet einen aufeinander abgestimmten und vollst\u00e4ndigen Look, der sowohl luxuri\u00f6s als auch faszinierend ist. Es ist perfekt f\u00fcr Kunden, die eine umfassende Dessous-L\u00f6sung suchen.<\/p>\n\n\n\n<p><strong>Perfekt f\u00fcr romantische Anl\u00e4sse<\/strong>: Ideal f\u00fcr besondere Abende oder als einzigartiges Mode-Statement <strong>romantisches Korsett<\/strong> Das Set ist vielseitig genug, um zu verschiedenen Anl\u00e4ssen zu passen, was es zu einer wertvollen Erg\u00e4nzung jeder Dessous- oder Modekollektion macht.<\/p>\n\n\n\n<p>Laden Sie Ihre Kunden ein, sich dem luxuri\u00f6sen Charme unseres T\u00fcll-Bustier-Top-Sets hinzugeben. Sein exquisites Design und die Liebe zum Detail machen es zu einem Muss f\u00fcr jede hochwertige Dessous-Kollektion. Bestellen Sie jetzt, um Ihren Kunden einen Hauch von Eleganz, Romantik und modernem Stil zu bieten!<\/p>\n\n\n\n<figure class=\"wp-block-table\"><table><tbody><tr><td class=\"has-text-align-center\" data-align=\"center\" colspan=\"6\"><strong>Gr\u00f6\u00dfentabelle (CM)<\/strong><\/td><\/tr><tr><td class=\"has-text-align-center\" data-align=\"center\"><strong>Gr\u00f6\u00dfe<\/strong><\/td><td class=\"has-text-align-center\" data-align=\"center\"><strong>L\u00e4nge (cm)<\/strong><\/td><td class=\"has-text-align-center\" data-align=\"center\"><strong>Unterbrust (cm)<\/strong><\/td><td class=\"has-text-align-center\" data-align=\"center\"><strong>H\u00f6schentaille (cm)<\/strong><\/td><td class=\"has-text-align-center\" data-align=\"center\"><strong>Taille (cm)<\/strong><\/td><td class=\"has-text-align-center\" data-align=\"center\"><strong>Hosenl\u00e4nge (cm)<\/strong><\/td><\/tr><tr><td class=\"has-text-align-center\" data-align=\"center\">S<\/td><td class=\"has-text-align-center\" data-align=\"center\">20<\/td><td class=\"has-text-align-center\" data-align=\"center\">64-74<\/td><td class=\"has-text-align-center\" data-align=\"center\">62-94<\/td><td class=\"has-text-align-center\" data-align=\"center\">60-70<\/td><td class=\"has-text-align-center\" data-align=\"center\">21<\/td><\/tr><tr><td class=\"has-text-align-center\" data-align=\"center\">M<\/td><td class=\"has-text-align-center\" data-align=\"center\">21<\/td><td class=\"has-text-align-center\" data-align=\"center\">68-78<\/td><td class=\"has-text-align-center\" data-align=\"center\">66-98<\/td><td class=\"has-text-align-center\" data-align=\"center\">64-74<\/td><td class=\"has-text-align-center\" data-align=\"center\">22<\/td><\/tr><tr><td class=\"has-text-align-center\" data-align=\"center\">L<\/td><td class=\"has-text-align-center\" data-align=\"center\">22<\/td><td class=\"has-text-align-center\" data-align=\"center\">72-82<\/td><td class=\"has-text-align-center\" data-align=\"center\">70-102<\/td><td class=\"has-text-align-center\" data-align=\"center\">68-78<\/td><td class=\"has-text-align-center\" data-align=\"center\">23<\/td><\/tr><tr><td class=\"has-text-align-center\" data-align=\"center\" colspan=\"6\"><strong>Gr\u00f6\u00dfentabelle (Zoll)<\/strong><\/td><\/tr><tr><td class=\"has-text-align-center\" data-align=\"center\"><strong>Gr\u00f6\u00dfe<\/strong><\/td><td class=\"has-text-align-center\" data-align=\"center\"><strong>L\u00e4nge (Zoll)<\/strong><\/td><td class=\"has-text-align-center\" data-align=\"center\"><strong>Unterbrust (in)<\/strong><\/td><td class=\"has-text-align-center\" data-align=\"center\"><strong>H\u00f6schentaille (in)<\/strong><\/td><td class=\"has-text-align-center\" data-align=\"center\"><strong>Taille (in)<\/strong><\/td><td class=\"has-text-align-center\" data-align=\"center\"><strong>Hosenl\u00e4nge (in)<\/strong><\/td><\/tr><tr><td class=\"has-text-align-center\" data-align=\"center\">S<\/td><td class=\"has-text-align-center\" data-align=\"center\">7.87<\/td><td class=\"has-text-align-center\" data-align=\"center\">25.20-29.13<\/td><td class=\"has-text-align-center\" data-align=\"center\">24.41-37.01<\/td><td class=\"has-text-align-center\" data-align=\"center\">23.62-27.56<\/td><td class=\"has-text-align-center\" data-align=\"center\">8.27<\/td><\/tr><tr><td class=\"has-text-align-center\" data-align=\"center\">M<\/td><td class=\"has-text-align-center\" data-align=\"center\">8.27<\/td><td class=\"has-text-align-center\" data-align=\"center\">26.77-30.71<\/td><td class=\"has-text-align-center\" data-align=\"center\">25.98-38.58<\/td><td class=\"has-text-align-center\" data-align=\"center\">25.20-29.13<\/td><td class=\"has-text-align-center\" data-align=\"center\">8.66<\/td><\/tr><tr><td class=\"has-text-align-center\" data-align=\"center\">L<\/td><td class=\"has-text-align-center\" data-align=\"center\">8.66<\/td><td class=\"has-text-align-center\" data-align=\"center\">28.35-32.28<\/td><td class=\"has-text-align-center\" data-align=\"center\">27.56-40.16<\/td><td class=\"has-text-align-center\" data-align=\"center\">26.77-30.71<\/td><td class=\"has-text-align-center\" data-align=\"center\">9.06<\/td><\/tr><\/tbody><\/table><\/figure>","protected":false},"excerpt":{"rendered":"<p>Erleben Sie eine Mischung aus Romantik und Eleganz mit unserem <strong>Bustier-Oberteil aus T\u00fcll<\/strong> Set bestehend aus einem rosa transparenten Netz-Bustier, einem h\u00fcftbedeckenden Rock und einem \u00fcberkreuzten, ausgeh\u00f6hlten H\u00f6schenbund.<\/p>","protected":false},"featured_media":48272,"template":"","meta":[],"product_brand":[],"product_cat":[387,386,367],"product_tag":[452,518,446],"class_list":{"0":"post-48452","1":"product","2":"type-product","3":"status-publish","4":"has-post-thumbnail","6":"product_cat-wholesale-bustier-bra-set","7":"product_cat-sexy-bustiers","8":"product_cat-sexy-lingerie","9":"product_tag-wholesale-boudoir-lingerie","10":"product_tag-mesh-lingerie","11":"product_tag-wholesale-sexy-see-through-lingerie","12":"pa_color-pink-women-sexy-lingerie","13":"pa_size-wholesale-large-size-women-sexy-lingerie","14":"pa_size-wholesale-medium-size-women-sexy-lingerie","15":"pa_size-wholesale-small-size-sexy-lingerie","17":"first","18":"instock","19":"taxable","20":"shipping-taxable","21":"purchasable","22":"product-type-variable"},"tiered_pricing_type":"fixed","tiered_pricing_fixed_rules":[],"tiered_pricing_product_settings":{"layout":"table","base_unit_name":{"singular":null,"plural":null},"default_variation":null},"tiered_pricing_minimum_quantity":null,"tiered_pricing_roles_data":[],"tiered_pricing_percentage_rules":[],"tiered_pricing_maximum_quantity":null,"tiered_pricing_quantity_step":null,"_links":{"self":[{"href":"https:\/\/gretasexylingerie.com\/de\/wp-json\/wp\/v2\/product\/48452","targetHints":{"allow":["GET"]}}],"collection":[{"href":"https:\/\/gretasexylingerie.com\/de\/wp-json\/wp\/v2\/product"}],"about":[{"href":"https:\/\/gretasexylingerie.com\/de\/wp-json\/wp\/v2\/types\/product"}],"wp:featuredmedia":[{"embeddable":true,"href":"https:\/\/gretasexylingerie.com\/de\/wp-json\/wp\/v2\/media\/48272"}],"wp:attachment":[{"href":"https:\/\/gretasexylingerie.com\/de\/wp-json\/wp\/v2\/media?parent=48452"}],"wp:term":[{"taxonomy":"product_brand","embeddable":true,"href":"https:\/\/gretasexylingerie.com\/de\/wp-json\/wp\/v2\/product_brand?post=48452"},{"taxonomy":"product_cat","embeddable":true,"href":"https:\/\/gretasexylingerie.com\/de\/wp-json\/wp\/v2\/product_cat?post=48452"},{"taxonomy":"product_tag","embeddable":true,"href":"https:\/\/gretasexylingerie.com\/de\/wp-json\/wp\/v2\/product_tag?post=48452"}],"curies":[{"name":"wp","href":"https:\/\/api.w.org\/{rel}","templated":true}]}}