{"id":48427,"date":"2024-01-24T15:12:08","date_gmt":"2024-01-24T07:12:08","guid":{"rendered":"https:\/\/gretasexylingerie.com\/?post_type=product&#038;p=48427"},"modified":"2024-02-20T12:10:18","modified_gmt":"2024-02-20T04:10:18","slug":"groshandel-schwarzer-harness-body","status":"publish","type":"product","link":"https:\/\/gretasexylingerie.com\/de\/products\/wholesale-black-harness-bodysuit\/","title":{"rendered":"Schwarzer Harness-Body mit Ganzk\u00f6rper-Strumpfband im Gro\u00dfhandel"},"content":{"rendered":"<p><strong>Verstellbarer BH mit Geschirr<\/strong>: Der verstellbare BH des Bodys wird durch eine Gurtfunktion erg\u00e4nzt, die sowohl Halt als auch einen auff\u00e4lligen, kantigen Look bietet. Dieses Designelement ist perfekt f\u00fcr diejenigen, die eine Kombination aus Komfort und gewagtem Stil in ihrem Zuhause suchen <strong>Ganzk\u00f6rper-Strumpfband<\/strong> Entscheidungen.<\/p>\n\n\n\n<p><strong>R\u00fcckenfreie Eleganz<\/strong>: Das r\u00fcckenfreie Design sorgt f\u00fcr ein \u00fcberraschendes und verf\u00fchrerisches Element und macht diesen Body zu einer fesselnden Wahl f\u00fcr jeden Anlass, der ein verf\u00fchrerisches Outfit erfordert.<\/p>\n\n\n\n<p><strong>Integrierte Hosentr\u00e4ger und Beinringe<\/strong>: Die integrierten Hosentr\u00e4ger und Beinringe verst\u00e4rken den Reiz des Bodys und sorgen f\u00fcr einen funktionalen und dennoch stilvollen Aspekt. Diese Funktion ist ideal f\u00fcr Kunden, die ein Dessous-St\u00fcck suchen, das sowohl optisch auff\u00e4llig als auch praktisch ist.<\/p>\n\n\n\n<p><strong>Sexy und verf\u00fchrerisches Outfit<\/strong>: Dieser Body wurde f\u00fcr Mutige und Selbstbewusste entworfen und ist der ultimative Ausdruck von Sinnlichkeit. Es ist perfekt f\u00fcr besondere Momente, in denen es darauf ankommt, ein Statement zu setzen.<\/p>\n\n\n\n<p><strong>Hohles Brustdesign<\/strong>: Der hohle Brustbereich des Bodys verleiht ihm eine verlockende und provokante Note und steigert seine sexy Ausstrahlung zus\u00e4tzlich. Dieses Detail wird garantiert Aufmerksamkeit erregen und einen bleibenden Eindruck hinterlassen.<\/p>\n\n\n\n<p><strong>Vielseitig und zeitlos<\/strong>: Das <strong>schwarzer Harness-Body<\/strong> ist eine vielseitige Erg\u00e4nzung f\u00fcr jede Dessous-Kollektion. Sein zeitloses Design sorgt daf\u00fcr, dass es eine beliebte Wahl f\u00fcr eine Vielzahl von Anl\u00e4ssen bleibt, von intimen Abenden bis hin zu mutigen Mode-Statements.<\/p>\n\n\n\n<p>Laden Sie Ihre Kunden mit unserem Harness-Body ein, ihre verf\u00fchrerische Seite zu zeigen. Sein einzigartiges Design und die Liebe zum Detail machen es zu einem Muss f\u00fcr jede Kollektion, die eine Mischung aus Raffinesse, Komfort und gewagtem Stil bieten m\u00f6chte. Bestellen Sie jetzt und verleihen Sie Ihrem Angebot einen Hauch von k\u00fchner Eleganz!<\/p>","protected":false},"excerpt":{"rendered":"<p>Lassen Sie sich von uns verf\u00fchren <strong>Harness-Body<\/strong>, mit verstellbarem BH, r\u00fcckenfreiem Design, integrierten Hosentr\u00e4gern und Beinringen. Dieser schwarze Body ist der Inbegriff von sexy und verf\u00fchrerisch.<\/p>","protected":false},"featured_media":48426,"template":"","meta":[],"product_brand":[],"product_cat":[380,377,367],"product_tag":[451,449,533,447],"class_list":{"0":"post-48427","1":"product","2":"type-product","3":"status-publish","4":"has-post-thumbnail","6":"product_cat-wholesale-harness-bra-and-panty-set","7":"product_cat-harness-lingerie","8":"product_cat-sexy-lingerie","9":"product_tag-wholesale-revealing-lingerie","10":"product_tag-wholesale-sexy-crotchless-lingerie","11":"product_tag-sexy-cupless-lingerie","12":"product_tag-wholesale-strappy-sexy-lingerie","13":"pa_color-black","14":"pa_size-free","16":"first","17":"instock","18":"taxable","19":"shipping-taxable","20":"purchasable","21":"product-type-variable"},"tiered_pricing_type":"fixed","tiered_pricing_fixed_rules":[],"tiered_pricing_product_settings":{"layout":"table","base_unit_name":{"singular":null,"plural":null},"default_variation":null},"tiered_pricing_minimum_quantity":null,"tiered_pricing_roles_data":[],"tiered_pricing_percentage_rules":[],"tiered_pricing_maximum_quantity":null,"tiered_pricing_quantity_step":null,"_links":{"self":[{"href":"https:\/\/gretasexylingerie.com\/de\/wp-json\/wp\/v2\/product\/48427","targetHints":{"allow":["GET"]}}],"collection":[{"href":"https:\/\/gretasexylingerie.com\/de\/wp-json\/wp\/v2\/product"}],"about":[{"href":"https:\/\/gretasexylingerie.com\/de\/wp-json\/wp\/v2\/types\/product"}],"wp:featuredmedia":[{"embeddable":true,"href":"https:\/\/gretasexylingerie.com\/de\/wp-json\/wp\/v2\/media\/48426"}],"wp:attachment":[{"href":"https:\/\/gretasexylingerie.com\/de\/wp-json\/wp\/v2\/media?parent=48427"}],"wp:term":[{"taxonomy":"product_brand","embeddable":true,"href":"https:\/\/gretasexylingerie.com\/de\/wp-json\/wp\/v2\/product_brand?post=48427"},{"taxonomy":"product_cat","embeddable":true,"href":"https:\/\/gretasexylingerie.com\/de\/wp-json\/wp\/v2\/product_cat?post=48427"},{"taxonomy":"product_tag","embeddable":true,"href":"https:\/\/gretasexylingerie.com\/de\/wp-json\/wp\/v2\/product_tag?post=48427"}],"curies":[{"name":"wp","href":"https:\/\/api.w.org\/{rel}","templated":true}]}}