{"id":48357,"date":"2024-01-23T22:02:54","date_gmt":"2024-01-23T14:02:54","guid":{"rendered":"https:\/\/gretasexylingerie.com\/?post_type=product&#038;p=48357"},"modified":"2024-02-20T12:20:08","modified_gmt":"2024-02-20T04:20:08","slug":"weises-brauthemd-im-groshandel","status":"publish","type":"product","link":"https:\/\/gretasexylingerie.com\/de\/products\/wholesale-white-bridal-chemise\/","title":{"rendered":"Wei\u00dfes Brauthemd im Gro\u00dfhandel mit sexy Spitzenverkleidung"},"content":{"rendered":"<p><strong>Wei\u00dfe Spitzenverkleidung<\/strong>: Dieses Hemd verf\u00fcgt \u00fcber exquisite wei\u00dfe Spitzeneins\u00e4tze, die einen Hauch von Eleganz und Romantik verleihen. Die aufwendigen Spitzendetails sind ideal f\u00fcr Br\u00e4ute oder alle, die eins suchen <strong>sexy Spitzenhemd<\/strong> das traditionelle Brautsch\u00f6nheit mit einem Hauch moderner Sinnlichkeit verbindet.<\/p>\n\n\n\n<p><strong>Hohles Design<\/strong>: Die hohlen Designelemente verleihen diesem Hemd einen gewagten und verlockenden Aspekt, perfekt f\u00fcr besondere Abende. Es verleiht dem Hemd ein gewisses Ma\u00df an Faszination und Faszination und macht es nicht nur zu einem Kleidungsst\u00fcck, sondern zu einem Ausdruck von Raffinesse und Begierde.<\/p>\n\n\n\n<p><strong>Tr\u00e4gerlose Eleganz<\/strong>: Das tr\u00e4gerlose Design dieses Hemdes bietet eine schlanke und schmeichelnde Silhouette, ideal zur Betonung der Schultern und des Halses. Dieses Feature ist besonders attraktiv f\u00fcr Brautmode oder f\u00fcr diejenigen, die Dessous bevorzugen, die ein freies und elegantes Dekollet\u00e9 bieten.<\/p>\n\n\n\n<p><strong>Unterhemd mit gepolsterten K\u00f6rbchen<\/strong>: Ausgestattet mit gepolsterten K\u00f6rbchen bietet dieses Unterhemd sowohl Komfort als auch Halt. Die Polsterung betont die Brustlinie und sorgt f\u00fcr eine sch\u00f6ne und schmeichelhafte Form, was es zu einer praktischen und dennoch stilvollen Wahl f\u00fcr jede Dessous-Kollektion macht.<\/p>\n\n\n\n<p><strong>Vielseitig und zeitlos<\/strong>: W\u00e4hrend perfekt als <strong>wei\u00dfes Brauthemd<\/strong>Sein zeitloses Design und seine eleganten Eigenschaften machen es zu einer vielseitigen Erg\u00e4nzung jeder Dessous-Garderobe, die f\u00fcr verschiedene Anl\u00e4sse \u00fcber die Hochzeitsnacht hinaus geeignet ist.<\/p>\n\n\n\n<p><strong>Perfekt f\u00fcr Brautkollektionen<\/strong>: Dieses Hemd ist eine ideale Erg\u00e4nzung zu Brautkollektionen und bietet eine Mischung aus traditioneller Eleganz und modernem Charme. Es ist ein St\u00fcck, das moderne Br\u00e4ute anspricht, die sowohl raffinierte als auch sinnliche Dessous suchen.<\/p>\n\n\n\n<p>Laden Sie Ihre Kunden ein, die Eleganz und den Reiz unseres wei\u00dfen Brauthemds zu erleben. Sein exquisites Design und die Liebe zum Detail machen es zu einer herausragenden Erg\u00e4nzung jeder High-End-Dessous-Kollektion. Bestellen Sie jetzt und bieten Sie Ihren Kunden einen Hauch von Romantik, Eleganz und modernem Stil!<\/p>\n\n\n\n<figure class=\"wp-block-table\"><table><tbody><tr><td class=\"has-text-align-center\" data-align=\"center\" colspan=\"4\"><strong>Gr\u00f6\u00dfentabelle (CM)<\/strong><\/td><\/tr><tr><td class=\"has-text-align-center\" data-align=\"center\"><strong>Gr\u00f6\u00dfe<\/strong><\/td><td class=\"has-text-align-center\" data-align=\"center\"><strong>L\u00e4nge (cm)<\/strong><\/td><td class=\"has-text-align-center\" data-align=\"center\"><strong>Unterbrustumfang (cm)<\/strong><\/td><td class=\"has-text-align-center\" data-align=\"center\"><strong>Taille (cm)<\/strong><\/td><\/tr><tr><td class=\"has-text-align-center\" data-align=\"center\">S<\/td><td class=\"has-text-align-center\" data-align=\"center\">54<\/td><td class=\"has-text-align-center\" data-align=\"center\">66-84<\/td><td class=\"has-text-align-center\" data-align=\"center\">60<\/td><\/tr><tr><td class=\"has-text-align-center\" data-align=\"center\">M<\/td><td class=\"has-text-align-center\" data-align=\"center\">55<\/td><td class=\"has-text-align-center\" data-align=\"center\">70-88<\/td><td class=\"has-text-align-center\" data-align=\"center\">64<\/td><\/tr><tr><td class=\"has-text-align-center\" data-align=\"center\">L<\/td><td class=\"has-text-align-center\" data-align=\"center\">56<\/td><td class=\"has-text-align-center\" data-align=\"center\">74-92<\/td><td class=\"has-text-align-center\" data-align=\"center\">68<\/td><\/tr><tr><td class=\"has-text-align-center\" data-align=\"center\" colspan=\"4\"><strong>Gr\u00f6\u00dfentabelle (Zoll)<\/strong><\/td><\/tr><tr><td class=\"has-text-align-center\" data-align=\"center\"><strong>Gr\u00f6\u00dfe<\/strong><\/td><td class=\"has-text-align-center\" data-align=\"center\"><strong>L\u00e4nge (Zoll)<\/strong><\/td><td class=\"has-text-align-center\" data-align=\"center\"><strong>Unter der Brust (in)<\/strong><\/td><td class=\"has-text-align-center\" data-align=\"center\"><strong>Taille (in)<\/strong><\/td><\/tr><tr><td class=\"has-text-align-center\" data-align=\"center\">S<\/td><td class=\"has-text-align-center\" data-align=\"center\">21.26<\/td><td class=\"has-text-align-center\" data-align=\"center\">25.98-33.07<\/td><td class=\"has-text-align-center\" data-align=\"center\">23.62<\/td><\/tr><tr><td class=\"has-text-align-center\" data-align=\"center\">M<\/td><td class=\"has-text-align-center\" data-align=\"center\">21.65<\/td><td class=\"has-text-align-center\" data-align=\"center\">27.56-34.65<\/td><td class=\"has-text-align-center\" data-align=\"center\">25.20<\/td><\/tr><tr><td class=\"has-text-align-center\" data-align=\"center\">L<\/td><td class=\"has-text-align-center\" data-align=\"center\">22.05<\/td><td class=\"has-text-align-center\" data-align=\"center\">29.13-36.22<\/td><td class=\"has-text-align-center\" data-align=\"center\">26.77<\/td><\/tr><\/tbody><\/table><\/figure>","protected":false},"excerpt":{"rendered":"<p>Entdecken Sie den Reiz unseres <strong>wei\u00dfes Brauthemd<\/strong>, eine Vision in Wei\u00df mit elegantem Spitzeneinsatz und verf\u00fchrerischem Hohldesign, perfekt f\u00fcr einen tr\u00e4gerlosen, bezaubernden Look.<\/p>","protected":false},"featured_media":48345,"template":"","meta":[],"product_brand":[],"product_cat":[392,422,367],"product_tag":[867,862,865,972],"class_list":{"0":"post-48357","1":"product","2":"type-product","3":"status-publish","4":"has-post-thumbnail","6":"product_cat-wholesale-lace-chemise","7":"product_cat-sexy-chemise","8":"product_cat-sexy-lingerie","9":"product_tag-sexy-push-up-lingerie","10":"product_tag-sexy-silk-lingerie","11":"product_tag-sexy-skimpy-lingerie","12":"product_tag-valentines-day-lingerie","13":"pa_color-white","14":"pa_size-wholesale-large-size-women-sexy-lingerie","15":"pa_size-wholesale-medium-size-women-sexy-lingerie","16":"pa_size-wholesale-small-size-sexy-lingerie","18":"first","19":"instock","20":"taxable","21":"shipping-taxable","22":"purchasable","23":"product-type-variable"},"tiered_pricing_type":"fixed","tiered_pricing_fixed_rules":[],"tiered_pricing_product_settings":{"layout":"table","base_unit_name":{"singular":null,"plural":null},"default_variation":null},"tiered_pricing_minimum_quantity":null,"tiered_pricing_roles_data":[],"tiered_pricing_percentage_rules":[],"tiered_pricing_maximum_quantity":null,"tiered_pricing_quantity_step":null,"_links":{"self":[{"href":"https:\/\/gretasexylingerie.com\/de\/wp-json\/wp\/v2\/product\/48357","targetHints":{"allow":["GET"]}}],"collection":[{"href":"https:\/\/gretasexylingerie.com\/de\/wp-json\/wp\/v2\/product"}],"about":[{"href":"https:\/\/gretasexylingerie.com\/de\/wp-json\/wp\/v2\/types\/product"}],"wp:featuredmedia":[{"embeddable":true,"href":"https:\/\/gretasexylingerie.com\/de\/wp-json\/wp\/v2\/media\/48345"}],"wp:attachment":[{"href":"https:\/\/gretasexylingerie.com\/de\/wp-json\/wp\/v2\/media?parent=48357"}],"wp:term":[{"taxonomy":"product_brand","embeddable":true,"href":"https:\/\/gretasexylingerie.com\/de\/wp-json\/wp\/v2\/product_brand?post=48357"},{"taxonomy":"product_cat","embeddable":true,"href":"https:\/\/gretasexylingerie.com\/de\/wp-json\/wp\/v2\/product_cat?post=48357"},{"taxonomy":"product_tag","embeddable":true,"href":"https:\/\/gretasexylingerie.com\/de\/wp-json\/wp\/v2\/product_tag?post=48357"}],"curies":[{"name":"wp","href":"https:\/\/api.w.org\/{rel}","templated":true}]}}