{"id":48341,"date":"2024-01-23T22:00:35","date_gmt":"2024-01-23T14:00:35","guid":{"rendered":"https:\/\/gretasexylingerie.com\/?post_type=product&#038;p=48341"},"modified":"2024-02-20T12:23:38","modified_gmt":"2024-02-20T04:23:38","slug":"groshandel-mit-zebra-bh-und-hoschen","status":"publish","type":"product","link":"https:\/\/gretasexylingerie.com\/de\/products\/wholesale-zebra-bra-and-panty-set\/","title":{"rendered":"Zebra-BH- und H\u00f6schenset mit passendem Zubeh\u00f6r im Gro\u00dfhandel"},"content":{"rendered":"<p><strong>Auff\u00e4lliges Zebramuster<\/strong>: Das auff\u00e4llige schwarz-wei\u00dfe Zebramuster dieses BH-Anzugs sorgt f\u00fcr einen gewagten und exotischen Look. Dieses auff\u00e4llige Design ist perfekt f\u00fcr alle, die ihrem Zuhause einen Hauch von Wildnis verleihen m\u00f6chten <strong>passende BH-Sets<\/strong> Sammlung.<\/p>\n\n\n\n<p><strong>Transparenter Netzstoff<\/strong>: Dieses aus transparentem Netz gefertigte Set bietet einen verlockenden und dennoch raffinierten Look und ist somit eine anspruchsvolle Wahl f\u00fcr Sie <strong>3 BH-Set<\/strong> ausrichten.<\/p>\n\n\n\n<p><strong>Komplettes f\u00fcnfk\u00f6pfiges Ensemble<\/strong>: Dieses umfassende Set umfasst einen BH, ein H\u00f6schen, ein Strumpfband, einen Beinring und einen Halsring und sorgt f\u00fcr einen harmonischen und vollst\u00e4ndigen Look f\u00fcr jeden besonderen Anlass oder jede luxuri\u00f6se Dessous-Kollektion.<\/p>\n\n\n\n<p><strong>Vielseitige Gr\u00f6\u00dfenauswahl<\/strong>: Dieses Set ist in den Gr\u00f6\u00dfen S, M und L erh\u00e4ltlich und eignet sich f\u00fcr eine Vielzahl von K\u00f6rpertypen und gew\u00e4hrleistet eine perfekte Passform und Komfort f\u00fcr Ihre Kundschaft.<\/p>\n\n\n\n<p><strong>Perfekt f\u00fcr verschiedene Anl\u00e4sse<\/strong>: Ob f\u00fcr einen Abend, einen besonderen Anlass oder als einzigartiges Mode-Statement, dieses BH-Set mit Zebramuster ist vielseitig genug, um zu verschiedenen Anl\u00e4ssen zu passen, was es zu einer wertvollen Erg\u00e4nzung jeder Dessous- oder Modekollektion macht.<\/p>\n\n\n\n<p>Genie\u00dfen Sie das Mutige und Sch\u00f6ne mit unserem BH-Set mit Zebramuster, einer perfekten Kombination aus Stil, Komfort und exotischem Flair. Sein einzigartiges Design und die Liebe zum Detail machen es zu einem Muss f\u00fcr Ihre Sammlung. Bestellen Sie jetzt und bieten Sie Ihren Kunden einen Hauch von Wildnis gepaart mit Eleganz und Komfort!<\/p>\n\n\n\n<figure class=\"wp-block-table\"><table><tbody><tr><td class=\"has-text-align-center\" data-align=\"center\" colspan=\"6\"><strong>Gr\u00f6\u00dfentabelle (CM)<\/strong><\/td><\/tr><tr><td class=\"has-text-align-center\" data-align=\"center\"><strong>Gr\u00f6\u00dfe<\/strong><\/td><td class=\"has-text-align-center\" data-align=\"center\"><strong>L\u00e4nge (cm)<\/strong><\/td><td class=\"has-text-align-center\" data-align=\"center\"><strong>Unterbrustumfang (cm)<\/strong><\/td><td class=\"has-text-align-center\" data-align=\"center\"><strong>H\u00f6schentaille (cm)<\/strong><\/td><td class=\"has-text-align-center\" data-align=\"center\"><strong>Taille (cm)<\/strong><\/td><td class=\"has-text-align-center\" data-align=\"center\"><strong>L\u00e4nge (cm)<\/strong><\/td><\/tr><tr><td class=\"has-text-align-center\" data-align=\"center\">S<\/td><td class=\"has-text-align-center\" data-align=\"center\">15<\/td><td class=\"has-text-align-center\" data-align=\"center\">65-86<\/td><td class=\"has-text-align-center\" data-align=\"center\">62-90<\/td><td class=\"has-text-align-center\" data-align=\"center\">62-86<\/td><td class=\"has-text-align-center\" data-align=\"center\">22<\/td><\/tr><tr><td class=\"has-text-align-center\" data-align=\"center\">M<\/td><td class=\"has-text-align-center\" data-align=\"center\">15.8<\/td><td class=\"has-text-align-center\" data-align=\"center\">69-90<\/td><td class=\"has-text-align-center\" data-align=\"center\">66-94<\/td><td class=\"has-text-align-center\" data-align=\"center\">66-90<\/td><td class=\"has-text-align-center\" data-align=\"center\">23<\/td><\/tr><tr><td class=\"has-text-align-center\" data-align=\"center\">L<\/td><td class=\"has-text-align-center\" data-align=\"center\">16.6<\/td><td class=\"has-text-align-center\" data-align=\"center\">73-94<\/td><td class=\"has-text-align-center\" data-align=\"center\">70-98<\/td><td class=\"has-text-align-center\" data-align=\"center\">70-94<\/td><td class=\"has-text-align-center\" data-align=\"center\">24<\/td><\/tr><tr><td class=\"has-text-align-center\" data-align=\"center\" colspan=\"6\"><strong>Gr\u00f6\u00dfentabelle (Zoll)<\/strong><\/td><\/tr><tr><td class=\"has-text-align-center\" data-align=\"center\"><strong>Gr\u00f6\u00dfe<\/strong><\/td><td class=\"has-text-align-center\" data-align=\"center\"><strong>L\u00e4nge (Zoll)<\/strong><\/td><td class=\"has-text-align-center\" data-align=\"center\"><strong>Unter der Brust (in)<\/strong><\/td><td class=\"has-text-align-center\" data-align=\"center\"><strong>H\u00f6schen Taille (Zoll)<\/strong><\/td><td class=\"has-text-align-center\" data-align=\"center\"><strong>Taille (in)<\/strong><\/td><td class=\"has-text-align-center\" data-align=\"center\"><strong>L\u00e4nge (Zoll)<\/strong><\/td><\/tr><tr><td class=\"has-text-align-center\" data-align=\"center\">S<\/td><td class=\"has-text-align-center\" data-align=\"center\">5.91<\/td><td class=\"has-text-align-center\" data-align=\"center\">25.59-33.86<\/td><td class=\"has-text-align-center\" data-align=\"center\">24.41-35.43<\/td><td class=\"has-text-align-center\" data-align=\"center\">24.41-33.86<\/td><td class=\"has-text-align-center\" data-align=\"center\">8.66<\/td><\/tr><tr><td class=\"has-text-align-center\" data-align=\"center\">M<\/td><td class=\"has-text-align-center\" data-align=\"center\">6.22<\/td><td class=\"has-text-align-center\" data-align=\"center\">27.17-35.43<\/td><td class=\"has-text-align-center\" data-align=\"center\">25.98-37.01<\/td><td class=\"has-text-align-center\" data-align=\"center\">25.98-35.43<\/td><td class=\"has-text-align-center\" data-align=\"center\">9.06<\/td><\/tr><tr><td class=\"has-text-align-center\" data-align=\"center\">L<\/td><td class=\"has-text-align-center\" data-align=\"center\">6.54<\/td><td class=\"has-text-align-center\" data-align=\"center\">28.74-37.01<\/td><td class=\"has-text-align-center\" data-align=\"center\">27.56-38.58<\/td><td class=\"has-text-align-center\" data-align=\"center\">27.56-37.01<\/td><td class=\"has-text-align-center\" data-align=\"center\">9.45<\/td><\/tr><\/tbody><\/table><\/figure>","protected":false},"excerpt":{"rendered":"<p>Tauchen Sie mit uns in die wilde Seite ein <strong>Set aus BH und H\u00f6schen im Zebra-Stil<\/strong>, mit einem auff\u00e4lligen schwarz-wei\u00dfen Muster auf transparentem Netzstoff. Dieses Set umfasst einen BH, ein H\u00f6schen, ein Strumpfband, einen Beinring und einen Halsring und bietet einen vollst\u00e4ndigen und aufeinander abgestimmten Look.<\/p>","protected":false},"featured_media":48330,"template":"","meta":[],"product_brand":[],"product_cat":[368,374,367],"product_tag":[507,532,869,864,865],"class_list":{"0":"post-48341","1":"product","2":"type-product","3":"status-publish","4":"has-post-thumbnail","6":"product_cat-bra-panty-set","7":"product_cat-wholesale-garter-belt-set","8":"product_cat-sexy-lingerie","9":"product_tag-three-pcs-set","10":"product_tag-lingerie-suspender-set","11":"product_tag-sexy-animal-print-lingerie","12":"product_tag-sexy-petite-lingerie","13":"product_tag-sexy-skimpy-lingerie","14":"pa_color-black","15":"pa_size-wholesale-large-size-women-sexy-lingerie","16":"pa_size-wholesale-medium-size-women-sexy-lingerie","17":"pa_size-wholesale-small-size-sexy-lingerie","19":"first","20":"instock","21":"taxable","22":"shipping-taxable","23":"purchasable","24":"product-type-variable"},"tiered_pricing_type":"fixed","tiered_pricing_fixed_rules":[],"tiered_pricing_product_settings":{"layout":"table","base_unit_name":{"singular":null,"plural":null},"default_variation":null},"tiered_pricing_minimum_quantity":null,"tiered_pricing_roles_data":[],"tiered_pricing_percentage_rules":[],"tiered_pricing_maximum_quantity":null,"tiered_pricing_quantity_step":null,"_links":{"self":[{"href":"https:\/\/gretasexylingerie.com\/de\/wp-json\/wp\/v2\/product\/48341","targetHints":{"allow":["GET"]}}],"collection":[{"href":"https:\/\/gretasexylingerie.com\/de\/wp-json\/wp\/v2\/product"}],"about":[{"href":"https:\/\/gretasexylingerie.com\/de\/wp-json\/wp\/v2\/types\/product"}],"wp:featuredmedia":[{"embeddable":true,"href":"https:\/\/gretasexylingerie.com\/de\/wp-json\/wp\/v2\/media\/48330"}],"wp:attachment":[{"href":"https:\/\/gretasexylingerie.com\/de\/wp-json\/wp\/v2\/media?parent=48341"}],"wp:term":[{"taxonomy":"product_brand","embeddable":true,"href":"https:\/\/gretasexylingerie.com\/de\/wp-json\/wp\/v2\/product_brand?post=48341"},{"taxonomy":"product_cat","embeddable":true,"href":"https:\/\/gretasexylingerie.com\/de\/wp-json\/wp\/v2\/product_cat?post=48341"},{"taxonomy":"product_tag","embeddable":true,"href":"https:\/\/gretasexylingerie.com\/de\/wp-json\/wp\/v2\/product_tag?post=48341"}],"curies":[{"name":"wp","href":"https:\/\/api.w.org\/{rel}","templated":true}]}}