{"id":48323,"date":"2024-01-23T21:58:27","date_gmt":"2024-01-23T13:58:27","guid":{"rendered":"https:\/\/gretasexylingerie.com\/?post_type=product&#038;p=48323"},"modified":"2024-02-20T12:27:00","modified_gmt":"2024-02-20T04:27:00","slug":"groshandel-sexy-schwarzes-bh-hoschen-set","status":"publish","type":"product","link":"https:\/\/gretasexylingerie.com\/de\/products\/wholesale-sexy-black-bra-panty-set\/","title":{"rendered":"Sexy schwarzes BH-H\u00f6schen-Set mit floralem Spitzenstrumpfband im Gro\u00dfhandel"},"content":{"rendered":"<p><strong>Schwarze Spitze und Mesh-N\u00e4hte<\/strong>: Dieses BH-Set kombiniert elegante schwarze Spitze mit zartem Netzstoff und sorgt so f\u00fcr einen raffinierten und dennoch verf\u00fchrerischen Look. Die aufwendigen N\u00e4hte verleihen ihm einen Hauch handwerklicher Handwerkskunst und machen es zu einer herausragenden Wahl f\u00fcr alle, die es suchen <strong>sexy schwarzes BH-H\u00f6schen<\/strong> Sets mit luxuri\u00f6ser Ausstrahlung.<\/p>\n\n\n\n<p><strong>Sexy transparentes Design<\/strong>: Die transparente Beschaffenheit des Sets bietet einen verlockenden Blick auf das, was sich darunter verbirgt, und schafft die perfekte Balance zwischen Faszination und Raffinesse. Es ist eine ideale Wahl f\u00fcr Kunden, die Dessous sch\u00e4tzen, die sowohl optisch auff\u00e4llig als auch elegant freiz\u00fcgig sind.<\/p>\n\n\n\n<p><strong>Spitzen-BH mit Wimpernverzierung<\/strong>: Die BHs in diesem Set sind mit Wimpernverzierungen aus Spitze verziert, die f\u00fcr einen romantischen Charme sorgen. Dieses exquisite Detail unterstreicht die feminine Ausstrahlung des Sets und macht es zu einer begehrenswerten Wahl f\u00fcr alle, die die aufwendige Sch\u00f6nheit der Spitze in ihrer Unterw\u00e4sche lieben.<\/p>\n\n\n\n<p><strong>Mini-Schleifendekoration<\/strong>: Jedes St\u00fcck ist mit einer Minischleife akzentuiert, die f\u00fcr eine s\u00fc\u00dfe und verspielte Note sorgt. Diese zarten Schleifen verleihen dem Set einen Hauch von Laune und Charme und werten die Gesamt\u00e4sthetik auf.<\/p>\n\n\n\n<p><strong>Komplettes dreik\u00f6pfiges Ensemble<\/strong>: Dieses Set umfasst ein Bustier, ein H\u00f6schen und ein Strumpfband und bietet eine aufeinander abgestimmte und umfassende Dessous-L\u00f6sung. Es ist perfekt f\u00fcr Kunden, die einen vollst\u00e4ndigen und harmonischen Look f\u00fcr besondere Anl\u00e4sse suchen.<\/p>\n\n\n\n<p><strong>Vielseitige Farboptionen<\/strong>: Dieses Set ist sowohl in klassischem Schwarz als auch in makellosem Wei\u00df erh\u00e4ltlich und deckt verschiedene Stile und Vorlieben ab. Jede Farboption verleiht dem Design ihren eigenen Charakter, von kr\u00e4ftig und geheimnisvoll bis hin zu schlicht und elegant.<\/p>\n\n\n\n<p><strong>Perfekt f\u00fcr verschiedene Anl\u00e4sse<\/strong>: Ob f\u00fcr einen romantischen Abend, einen besonderen Anlass oder als einzigartiges Mode-Statement, dieses <strong>Strumpfband-Dessous-Set aus floraler Spitze<\/strong> ist vielseitig genug, um zu verschiedenen Anl\u00e4ssen zu passen, was es zu einer wertvollen Erg\u00e4nzung jeder Dessous- oder Modekollektion macht.<\/p>\n\n\n\n<p>Laden Sie Ihre Kunden ein, die luxuri\u00f6se und sinnliche Welt unseres BH-Sets aus schwarzer Spitze und Netzstoff zu erleben. Sein exquisites Design und die Liebe zum Detail machen es zu einem Muss f\u00fcr jede hochwertige Dessous-Kollektion. Bestellen Sie jetzt und bieten Sie Ihren Kunden einen Hauch von Eleganz, Romantik und verf\u00fchrerischem Stil!<\/p>\n\n\n\n<figure class=\"wp-block-table\"><table><tbody><tr><td class=\"has-text-align-center\" data-align=\"center\" colspan=\"6\"><strong>Gr\u00f6\u00dfentabelle (CM)<\/strong><\/td><\/tr><tr><td class=\"has-text-align-center\" data-align=\"center\"><strong>Gr\u00f6\u00dfe<\/strong><\/td><td class=\"has-text-align-center\" data-align=\"center\"><strong>Tassenh\u00f6he (cm)<\/strong><\/td><td class=\"has-text-align-center\" data-align=\"center\"><strong>Unterbrustumfang (cm)<\/strong><\/td><td class=\"has-text-align-center\" data-align=\"center\"><strong>H\u00f6schentaille (cm)<\/strong><\/td><td class=\"has-text-align-center\" data-align=\"center\"><strong>Taille (cm)<\/strong><\/td><td class=\"has-text-align-center\" data-align=\"center\"><strong>L\u00e4nge (cm)<\/strong><\/td><\/tr><tr><td class=\"has-text-align-center\" data-align=\"center\">S<\/td><td class=\"has-text-align-center\" data-align=\"center\">16<\/td><td class=\"has-text-align-center\" data-align=\"center\">66-84<\/td><td class=\"has-text-align-center\" data-align=\"center\">68-94<\/td><td class=\"has-text-align-center\" data-align=\"center\">64-84<\/td><td class=\"has-text-align-center\" data-align=\"center\">20<\/td><\/tr><tr><td class=\"has-text-align-center\" data-align=\"center\">M<\/td><td class=\"has-text-align-center\" data-align=\"center\">17<\/td><td class=\"has-text-align-center\" data-align=\"center\">70-88<\/td><td class=\"has-text-align-center\" data-align=\"center\">72-98<\/td><td class=\"has-text-align-center\" data-align=\"center\">68-88<\/td><td class=\"has-text-align-center\" data-align=\"center\">21<\/td><\/tr><tr><td class=\"has-text-align-center\" data-align=\"center\">L<\/td><td class=\"has-text-align-center\" data-align=\"center\">18<\/td><td class=\"has-text-align-center\" data-align=\"center\">74-92<\/td><td class=\"has-text-align-center\" data-align=\"center\">76-102<\/td><td class=\"has-text-align-center\" data-align=\"center\">72-92<\/td><td class=\"has-text-align-center\" data-align=\"center\">22<\/td><\/tr><tr><td class=\"has-text-align-center\" data-align=\"center\" colspan=\"6\"><strong>Gr\u00f6\u00dfentabelle (Zoll)<\/strong><\/td><\/tr><tr><td class=\"has-text-align-center\" data-align=\"center\"><strong>Gr\u00f6\u00dfe<\/strong><\/td><td class=\"has-text-align-center\" data-align=\"center\"><strong>Tassenh\u00f6he (Zoll)<\/strong><\/td><td class=\"has-text-align-center\" data-align=\"center\"><strong>Unter der Brust (in)<\/strong><\/td><td class=\"has-text-align-center\" data-align=\"center\"><strong>H\u00f6schen Taille (Zoll)<\/strong><\/td><td class=\"has-text-align-center\" data-align=\"center\"><strong>Taille (in)<\/strong><\/td><td class=\"has-text-align-center\" data-align=\"center\"><strong>L\u00e4nge (Zoll)<\/strong><\/td><\/tr><tr><td class=\"has-text-align-center\" data-align=\"center\">S<\/td><td class=\"has-text-align-center\" data-align=\"center\">6.30<\/td><td class=\"has-text-align-center\" data-align=\"center\">25.98-33.07<\/td><td class=\"has-text-align-center\" data-align=\"center\">26.77-37.01<\/td><td class=\"has-text-align-center\" data-align=\"center\">25.20-33.07<\/td><td class=\"has-text-align-center\" data-align=\"center\">7.87<\/td><\/tr><tr><td class=\"has-text-align-center\" data-align=\"center\">M<\/td><td class=\"has-text-align-center\" data-align=\"center\">6.69<\/td><td class=\"has-text-align-center\" data-align=\"center\">27.56-34.65<\/td><td class=\"has-text-align-center\" data-align=\"center\">28.35-38.58<\/td><td class=\"has-text-align-center\" data-align=\"center\">26.77-34.65<\/td><td class=\"has-text-align-center\" data-align=\"center\">8.27<\/td><\/tr><tr><td class=\"has-text-align-center\" data-align=\"center\">L<\/td><td class=\"has-text-align-center\" data-align=\"center\">7.09<\/td><td class=\"has-text-align-center\" data-align=\"center\">29.13-36.22<\/td><td class=\"has-text-align-center\" data-align=\"center\">29.92-40.16<\/td><td class=\"has-text-align-center\" data-align=\"center\">28.35-36.22<\/td><td class=\"has-text-align-center\" data-align=\"center\">8.66<\/td><\/tr><\/tbody><\/table><\/figure>","protected":false},"excerpt":{"rendered":"<p>Lassen Sie sich von unserem verf\u00fchren <strong>Strumpfband-Dessous-Set aus floraler Spitze<\/strong>, ein fesselndes Ensemble aus schwarzer Spitze und Netzn\u00e4hten, mit einem sexy transparenten Design mit mit Spitzenwimpern verzierten BHs und Minischleifen-Akzenten.<\/p>","protected":false},"featured_media":48309,"template":"","meta":[],"product_brand":[],"product_cat":[368,369,367],"product_tag":[507,452,875,865],"class_list":{"0":"post-48323","1":"product","2":"type-product","3":"status-publish","4":"has-post-thumbnail","6":"product_cat-bra-panty-set","7":"product_cat-wholesale-lace-bra-and-panty-sets","8":"product_cat-sexy-lingerie","9":"product_tag-three-pcs-set","10":"product_tag-wholesale-boudoir-lingerie","11":"product_tag-lace-sexy-lingerie","12":"product_tag-sexy-skimpy-lingerie","13":"pa_color-black","14":"pa_color-white","15":"pa_size-wholesale-large-size-women-sexy-lingerie","16":"pa_size-wholesale-medium-size-women-sexy-lingerie","17":"pa_size-wholesale-small-size-sexy-lingerie","19":"first","20":"instock","21":"taxable","22":"shipping-taxable","23":"purchasable","24":"product-type-variable"},"tiered_pricing_type":"fixed","tiered_pricing_fixed_rules":[],"tiered_pricing_product_settings":{"layout":"table","base_unit_name":{"singular":null,"plural":null},"default_variation":null},"tiered_pricing_minimum_quantity":null,"tiered_pricing_roles_data":[],"tiered_pricing_percentage_rules":[],"tiered_pricing_maximum_quantity":null,"tiered_pricing_quantity_step":null,"_links":{"self":[{"href":"https:\/\/gretasexylingerie.com\/de\/wp-json\/wp\/v2\/product\/48323","targetHints":{"allow":["GET"]}}],"collection":[{"href":"https:\/\/gretasexylingerie.com\/de\/wp-json\/wp\/v2\/product"}],"about":[{"href":"https:\/\/gretasexylingerie.com\/de\/wp-json\/wp\/v2\/types\/product"}],"wp:featuredmedia":[{"embeddable":true,"href":"https:\/\/gretasexylingerie.com\/de\/wp-json\/wp\/v2\/media\/48309"}],"wp:attachment":[{"href":"https:\/\/gretasexylingerie.com\/de\/wp-json\/wp\/v2\/media?parent=48323"}],"wp:term":[{"taxonomy":"product_brand","embeddable":true,"href":"https:\/\/gretasexylingerie.com\/de\/wp-json\/wp\/v2\/product_brand?post=48323"},{"taxonomy":"product_cat","embeddable":true,"href":"https:\/\/gretasexylingerie.com\/de\/wp-json\/wp\/v2\/product_cat?post=48323"},{"taxonomy":"product_tag","embeddable":true,"href":"https:\/\/gretasexylingerie.com\/de\/wp-json\/wp\/v2\/product_tag?post=48323"}],"curies":[{"name":"wp","href":"https:\/\/api.w.org\/{rel}","templated":true}]}}