{"id":48297,"date":"2024-01-23T21:54:47","date_gmt":"2024-01-23T13:54:47","guid":{"rendered":"https:\/\/gretasexylingerie.com\/?post_type=product&#038;p=48297"},"modified":"2024-02-20T12:28:32","modified_gmt":"2024-02-20T04:28:32","slug":"luxus-dessous-set-mit-federn-im-groshandel","status":"publish","type":"product","link":"https:\/\/gretasexylingerie.com\/de\/products\/wholesale-luxury-feather-lingerie-set\/","title":{"rendered":"Luxuri\u00f6ses Feder-Dessous-Set mit Spitzenverzierung im Gro\u00dfhandel"},"content":{"rendered":"<p><strong>Schwarze Mesh- und Spitzensplei\u00dfung<\/strong>: Dieser BH-Anzug kombiniert schwarzes Mesh mit aufwendigen Spitzenn\u00e4hten und sorgt so f\u00fcr einen Look, der sowohl verf\u00fchrerisch als auch raffiniert ist. Die Mischung der Texturen verleiht Tiefe und Reiz und macht es zu einer herausragenden Wahl f\u00fcr diejenigen, die danach suchen <strong>Hochwertige BH- und H\u00f6schensets<\/strong>.<\/p>\n\n\n\n<p><strong>Schwarze Federdekoration<\/strong>: Die Schultergurte und der G\u00fcrtel sind mit schwarzen Federn verziert, was f\u00fcr einen extravaganten und luxuri\u00f6sen Touch sorgt. Dieses einzigartige Merkmal zeichnet das Set aus und spricht Kunden an, die elegante und auff\u00e4llige Dessous w\u00fcnschen.<\/p>\n\n\n\n<p><strong>Schwarzer Federg\u00fcrtel<\/strong>: Der Einsatz eines schwarzen Federg\u00fcrtels wertet nicht nur die \u00c4sthetik des Sets auf, sondern verleiht ihm auch einen Hauch von Verspieltheit und Flair. Es ist ein Detail, das das Set zu einem tragbaren Kunstwerk macht, perfekt f\u00fcr luxuri\u00f6se Dessous-Kollektionen.<\/p>\n\n\n\n<p><strong>Bindeh\u00f6schen-Design<\/strong>: Das H\u00f6schen verf\u00fcgt \u00fcber ein Bindedesign, das sowohl Stil als auch Einstellbarkeit bietet. Dieses Detail sorgt f\u00fcr eine perfekte Passform und verleiht dem Set ein Element verspielter Verf\u00fchrung.<\/p>\n\n\n\n<p><strong>Vielseitig und elegant<\/strong>: Dieses Dessous-Set ist mehr als nur ein Kleidungsst\u00fcck; Es ist ein modisches Statement. Es ist vielseitig genug f\u00fcr besondere Anl\u00e4sse oder als einzigartige Erg\u00e4nzung zu einer hochwertigen Dessous-Kollektion.<\/p>\n\n\n\n<p><strong>Perfekt f\u00fcr Luxuskollektionen<\/strong>: Ideal f\u00fcr Boutiquen und Gesch\u00e4fte, die auf Luxusunterw\u00e4sche spezialisiert sind <strong>Luxus-BH und H\u00f6schen<\/strong> Set ist ein Muss. Es ist f\u00fcr diejenigen gedacht, die die sch\u00f6nen Dinge im Leben sch\u00e4tzen und ihrer Sammlung einen Hauch von Glamour verleihen m\u00f6chten.<\/p>\n\n\n\n<p>Laden Sie Ihre Kunden ein, sich mit unserem Feder-Dessous-Set den ultimativen Luxus zu g\u00f6nnen. Sein exquisites Design und die Liebe zum Detail machen es zu einer herausragenden Erg\u00e4nzung jeder gehobenen Dessous-Kollektion. Bestellen Sie jetzt und bieten Sie Ihren Kunden eine Mischung aus Raffinesse, Eleganz und einzigartigem Stil!<\/p>\n\n\n\n<figure class=\"wp-block-table\"><table><tbody><tr><td class=\"has-text-align-center\" data-align=\"center\" colspan=\"5\"><strong>Gr\u00f6\u00dfentabelle (CM)<\/strong><\/td><\/tr><tr><td class=\"has-text-align-center\" data-align=\"center\"><strong>Gr\u00f6\u00dfe<\/strong><\/td><td class=\"has-text-align-center\" data-align=\"center\"><strong>Unterbrustumfang (cm)<\/strong><\/td><td class=\"has-text-align-center\" data-align=\"center\"><strong>H\u00f6schentaille (cm)<\/strong><\/td><td class=\"has-text-align-center\" data-align=\"center\"><strong>Taille (cm)<\/strong><\/td><td class=\"has-text-align-center\" data-align=\"center\"><strong>Hosenl\u00e4nge (cm)<\/strong><\/td><\/tr><tr><td class=\"has-text-align-center\" data-align=\"center\">S<\/td><td class=\"has-text-align-center\" data-align=\"center\">68-88<\/td><td class=\"has-text-align-center\" data-align=\"center\">68-92<\/td><td class=\"has-text-align-center\" data-align=\"center\">62-92<\/td><td class=\"has-text-align-center\" data-align=\"center\">20.5<\/td><\/tr><tr><td class=\"has-text-align-center\" data-align=\"center\">M<\/td><td class=\"has-text-align-center\" data-align=\"center\">72-92<\/td><td class=\"has-text-align-center\" data-align=\"center\">72-96<\/td><td class=\"has-text-align-center\" data-align=\"center\">66-96<\/td><td class=\"has-text-align-center\" data-align=\"center\">21.5<\/td><\/tr><tr><td class=\"has-text-align-center\" data-align=\"center\">L<\/td><td class=\"has-text-align-center\" data-align=\"center\">76-96<\/td><td class=\"has-text-align-center\" data-align=\"center\">76-100<\/td><td class=\"has-text-align-center\" data-align=\"center\">70-100<\/td><td class=\"has-text-align-center\" data-align=\"center\">22.5<\/td><\/tr><tr><td class=\"has-text-align-center\" data-align=\"center\" colspan=\"5\"><strong>Gr\u00f6\u00dfentabelle (Zoll)<\/strong><\/td><\/tr><tr><td class=\"has-text-align-center\" data-align=\"center\"><strong>Gr\u00f6\u00dfe<\/strong><\/td><td class=\"has-text-align-center\" data-align=\"center\"><strong>Unter der Brust (in)<\/strong><\/td><td class=\"has-text-align-center\" data-align=\"center\"><strong>H\u00f6schentaille (in)<\/strong><\/td><td class=\"has-text-align-center\" data-align=\"center\"><strong>Taille (in)<\/strong><\/td><td class=\"has-text-align-center\" data-align=\"center\"><strong>Hosenl\u00e4nge (in)<\/strong><\/td><\/tr><tr><td class=\"has-text-align-center\" data-align=\"center\">S<\/td><td class=\"has-text-align-center\" data-align=\"center\">26.77-34.65<\/td><td class=\"has-text-align-center\" data-align=\"center\">26.77-36.22<\/td><td class=\"has-text-align-center\" data-align=\"center\">24.41-36.22<\/td><td class=\"has-text-align-center\" data-align=\"center\">8.07<\/td><\/tr><tr><td class=\"has-text-align-center\" data-align=\"center\">M<\/td><td class=\"has-text-align-center\" data-align=\"center\">28.35-36.22<\/td><td class=\"has-text-align-center\" data-align=\"center\">28.35-37.80<\/td><td class=\"has-text-align-center\" data-align=\"center\">25.98-37.80<\/td><td class=\"has-text-align-center\" data-align=\"center\">8.46<\/td><\/tr><tr><td class=\"has-text-align-center\" data-align=\"center\">L<\/td><td class=\"has-text-align-center\" data-align=\"center\">29.92-37.80<\/td><td class=\"has-text-align-center\" data-align=\"center\">29.92-39.37<\/td><td class=\"has-text-align-center\" data-align=\"center\">27.56-39.37<\/td><td class=\"has-text-align-center\" data-align=\"center\">8.86<\/td><\/tr><\/tbody><\/table><\/figure>","protected":false},"excerpt":{"rendered":"<p>Betreten Sie mit uns eine Welt voller Opulenz <strong>Feder-Dessous-Set<\/strong>, mit schwarzen Netz- und Spitzenn\u00e4hten, verziert mit einzigartigen schwarzen Federdekorationen an den Schultergurten und am G\u00fcrtel.<\/p>","protected":false},"featured_media":48286,"template":"","meta":[],"product_brand":[],"product_cat":[368,369,367],"product_tag":[507,861,448,875,524,972],"class_list":{"0":"post-48297","1":"product","2":"type-product","3":"status-publish","4":"has-post-thumbnail","6":"product_cat-bra-panty-set","7":"product_cat-wholesale-lace-bra-and-panty-sets","8":"product_cat-sexy-lingerie","9":"product_tag-three-pcs-set","10":"product_tag-brunette-lingerie","11":"product_tag-wholesale-elegant-sexy-lingerie","12":"product_tag-lace-sexy-lingerie","13":"product_tag-metal-lingerie","14":"product_tag-valentines-day-lingerie","15":"pa_color-black","16":"pa_size-wholesale-large-size-women-sexy-lingerie","17":"pa_size-wholesale-medium-size-women-sexy-lingerie","18":"pa_size-wholesale-small-size-sexy-lingerie","20":"first","21":"instock","22":"taxable","23":"shipping-taxable","24":"purchasable","25":"product-type-variable"},"tiered_pricing_type":"fixed","tiered_pricing_fixed_rules":[],"tiered_pricing_product_settings":{"layout":"table","base_unit_name":{"singular":null,"plural":null},"default_variation":null},"tiered_pricing_minimum_quantity":null,"tiered_pricing_roles_data":[],"tiered_pricing_percentage_rules":[],"tiered_pricing_maximum_quantity":null,"tiered_pricing_quantity_step":null,"_links":{"self":[{"href":"https:\/\/gretasexylingerie.com\/de\/wp-json\/wp\/v2\/product\/48297","targetHints":{"allow":["GET"]}}],"collection":[{"href":"https:\/\/gretasexylingerie.com\/de\/wp-json\/wp\/v2\/product"}],"about":[{"href":"https:\/\/gretasexylingerie.com\/de\/wp-json\/wp\/v2\/types\/product"}],"wp:featuredmedia":[{"embeddable":true,"href":"https:\/\/gretasexylingerie.com\/de\/wp-json\/wp\/v2\/media\/48286"}],"wp:attachment":[{"href":"https:\/\/gretasexylingerie.com\/de\/wp-json\/wp\/v2\/media?parent=48297"}],"wp:term":[{"taxonomy":"product_brand","embeddable":true,"href":"https:\/\/gretasexylingerie.com\/de\/wp-json\/wp\/v2\/product_brand?post=48297"},{"taxonomy":"product_cat","embeddable":true,"href":"https:\/\/gretasexylingerie.com\/de\/wp-json\/wp\/v2\/product_cat?post=48297"},{"taxonomy":"product_tag","embeddable":true,"href":"https:\/\/gretasexylingerie.com\/de\/wp-json\/wp\/v2\/product_tag?post=48297"}],"curies":[{"name":"wp","href":"https:\/\/api.w.org\/{rel}","templated":true}]}}