{"id":48205,"date":"2024-01-23T21:41:36","date_gmt":"2024-01-23T13:41:36","guid":{"rendered":"https:\/\/gretasexylingerie.com\/?post_type=product&#038;p=48205"},"modified":"2024-04-04T15:03:33","modified_gmt":"2024-04-04T07:03:33","slug":"groshandels-dessous-set-aus-lila-und-rosa-floraler-spitze-mit-strumpfband","status":"publish","type":"product","link":"https:\/\/gretasexylingerie.com\/de\/products\/wholesale-purple-and-pink-floral-lace-garter-lingerie-set\/","title":{"rendered":"Gro\u00dfhandels-Dessous-Set aus lila und rosa Blumenspitze mit Strumpfband"},"content":{"rendered":"<p><strong>High-End-Stickkunst im Blumenhandwerk<\/strong>: Das Set verf\u00fcgt \u00fcber exquisite Blumenstickereien und zeugt von handwerklichem K\u00f6nnen. Diese aufwendigen Details verleihen ihm einen luxuri\u00f6sen Touch und machen es zu einem herausragenden St\u00fcck in jedem Raum <strong>Dessous-Set mit floraler Spitze, B\u00fcgel und Strumpfhaltern<\/strong> Sammlung.<\/p>\n\n\n\n<p><strong>Seidenr\u00fcschendekoration<\/strong>: Seidenr\u00fcschen schm\u00fccken das Set elegant und verleihen ihm Eleganz und Weiblichkeit. Dieses zarte Merkmal wertet die Gesamt\u00e4sthetik auf und spricht diejenigen an, die eine Mischung aus Luxus und Eleganz in ihrer Unterw\u00e4sche sch\u00e4tzen.<\/p>\n\n\n\n<p><strong>Hellviolette und rosa Palette<\/strong>: Das sanfte und romantische Farbschema aus hellem Lila und Rosa bietet eine erfrischende und trendige Alternative zu traditionellen Dessous-Farben. Diese Palette ist perfekt f\u00fcr Kunden, die etwas Einzigartiges und Modisches in ihrem Schmuckst\u00fcck suchen <strong>Set aus rosafarbenem BH und Hose<\/strong> Auswahlen.<\/p>\n\n\n\n<p><strong>Vielseitige Gr\u00f6\u00dfenauswahl<\/strong>: Dieses Set ist f\u00fcr eine Vielzahl von K\u00f6rpertypen geeignet und in den Gr\u00f6\u00dfen S, M und L erh\u00e4ltlich, um eine perfekte Passform und Komfort f\u00fcr eine vielf\u00e4ltige Kundschaft zu gew\u00e4hrleisten.<\/p>\n\n\n\n<p><strong>Perfekt f\u00fcr besondere Anl\u00e4sse<\/strong>: Dieses Dessous-Set ist mit seiner Kombination aus hochwertiger Stickerei und Seidenr\u00fcschen eine ausgezeichnete Wahl f\u00fcr besondere Anl\u00e4sse. Es ist ideal f\u00fcr alle, die ihrer Dessous-Garderobe einen Hauch von Luxus und Raffinesse verleihen m\u00f6chten.<\/p>\n\n\n\n<p>Laden Sie Ihre Kunden ein, den Reiz unseres Strumpfhalter-Dessous-Sets aus lila und rosa floraler Spitze zu erleben. Sein exquisites Design und die Liebe zum Detail machen es zu einem Muss f\u00fcr jede hochwertige Dessous-Kollektion. Bestellen Sie jetzt und bieten Sie Ihren Kunden eine Mischung aus Luxus, Stil und Komfort!<\/p>\n\n\n\n<figure class=\"wp-block-table\"><table><tbody><tr><td class=\"has-text-align-center\" data-align=\"center\" colspan=\"6\"><strong>Gr\u00f6\u00dfentabelle (CM)<\/strong><\/td><\/tr><tr><td class=\"has-text-align-center\" data-align=\"center\"><strong>Gr\u00f6\u00dfe<\/strong><\/td><td class=\"has-text-align-center\" data-align=\"center\"><strong>Unterbrust (cm)<\/strong><\/td><td class=\"has-text-align-center\" data-align=\"center\"><strong>Unterbrust (in)<\/strong><\/td><td class=\"has-text-align-center\" data-align=\"center\"><strong>H\u00f6schentaille (cm)<\/strong><\/td><td class=\"has-text-align-center\" data-align=\"center\"><strong>Taille (cm)<\/strong><\/td><td class=\"has-text-align-center\" data-align=\"center\"><strong>Hosenl\u00e4nge (cm)<\/strong><\/td><\/tr><tr><td class=\"has-text-align-center\" data-align=\"center\">S<\/td><td class=\"has-text-align-center\" data-align=\"center\">20<\/td><td class=\"has-text-align-center\" data-align=\"center\">64-74<\/td><td class=\"has-text-align-center\" data-align=\"center\">62-94<\/td><td class=\"has-text-align-center\" data-align=\"center\">60-70<\/td><td class=\"has-text-align-center\" data-align=\"center\">21<\/td><\/tr><tr><td class=\"has-text-align-center\" data-align=\"center\">M<\/td><td class=\"has-text-align-center\" data-align=\"center\">21<\/td><td class=\"has-text-align-center\" data-align=\"center\">68-78<\/td><td class=\"has-text-align-center\" data-align=\"center\">66-98<\/td><td class=\"has-text-align-center\" data-align=\"center\">64-74<\/td><td class=\"has-text-align-center\" data-align=\"center\">22<\/td><\/tr><tr><td class=\"has-text-align-center\" data-align=\"center\">L<\/td><td class=\"has-text-align-center\" data-align=\"center\">22<\/td><td class=\"has-text-align-center\" data-align=\"center\">72-82<\/td><td class=\"has-text-align-center\" data-align=\"center\">70-102<\/td><td class=\"has-text-align-center\" data-align=\"center\">68-78<\/td><td class=\"has-text-align-center\" data-align=\"center\">23<\/td><\/tr><tr><td class=\"has-text-align-center\" data-align=\"center\" colspan=\"6\"><strong>Gr\u00f6\u00dfentabelle (Zoll)<\/strong><\/td><\/tr><tr><td class=\"has-text-align-center\" data-align=\"center\"><strong>Gr\u00f6\u00dfe<\/strong><\/td><td class=\"has-text-align-center\" data-align=\"center\"><strong>L\u00e4nge (Zoll)<\/strong><\/td><td class=\"has-text-align-center\" data-align=\"center\"><strong>Unter der Brust (in)<\/strong><\/td><td class=\"has-text-align-center\" data-align=\"center\"><strong>H\u00f6schentaille (in)<\/strong><\/td><td class=\"has-text-align-center\" data-align=\"center\"><strong>Taille (in)<\/strong><\/td><td class=\"has-text-align-center\" data-align=\"center\"><strong>Hosenl\u00e4nge (in)<\/strong><\/td><\/tr><tr><td class=\"has-text-align-center\" data-align=\"center\">S<\/td><td class=\"has-text-align-center\" data-align=\"center\">7.87<\/td><td class=\"has-text-align-center\" data-align=\"center\">25.20-29.13<\/td><td class=\"has-text-align-center\" data-align=\"center\">24.41-37.01<\/td><td class=\"has-text-align-center\" data-align=\"center\">23.62-27.56<\/td><td class=\"has-text-align-center\" data-align=\"center\">8.27<\/td><\/tr><tr><td class=\"has-text-align-center\" data-align=\"center\">M<\/td><td class=\"has-text-align-center\" data-align=\"center\">8.27<\/td><td class=\"has-text-align-center\" data-align=\"center\">26.77-30.71<\/td><td class=\"has-text-align-center\" data-align=\"center\">25.98-38.58<\/td><td class=\"has-text-align-center\" data-align=\"center\">25.20-29.13<\/td><td class=\"has-text-align-center\" data-align=\"center\">8.66<\/td><\/tr><tr><td class=\"has-text-align-center\" data-align=\"center\">L<\/td><td class=\"has-text-align-center\" data-align=\"center\">8.66<\/td><td class=\"has-text-align-center\" data-align=\"center\">28.35-32.28<\/td><td class=\"has-text-align-center\" data-align=\"center\">27.56-40.16<\/td><td class=\"has-text-align-center\" data-align=\"center\">26.77-30.71<\/td><td class=\"has-text-align-center\" data-align=\"center\">9.06<\/td><\/tr><\/tbody><\/table><\/figure>","protected":false},"excerpt":{"rendered":"<p>Erfreuen Sie sich an der Eleganz unseres <strong>BH-H\u00f6schen in lila Farbe<\/strong> Set, verziert mit hochwertiger Blumenstickerei und Seidenr\u00fcschendekorationen. Dieses hellviolette und rosa Set ist ein Beweis f\u00fcr luxuri\u00f6sen Stil.<\/p>","protected":false},"featured_media":48187,"template":"","meta":[],"product_brand":[],"product_cat":[368,369,367],"product_tag":[452,510,880,864],"class_list":{"0":"post-48205","1":"product","2":"type-product","3":"status-publish","4":"has-post-thumbnail","6":"product_cat-bra-panty-set","7":"product_cat-wholesale-lace-bra-and-panty-sets","8":"product_cat-sexy-lingerie","9":"product_tag-wholesale-boudoir-lingerie","10":"product_tag-ruffles-lingerie","11":"product_tag-sexy-2-piece-lingerie","12":"product_tag-sexy-petite-lingerie","13":"pa_color-light-purple","14":"pa_color-pink-women-sexy-lingerie","15":"pa_size-wholesale-large-size-women-sexy-lingerie","16":"pa_size-wholesale-medium-size-women-sexy-lingerie","17":"pa_size-wholesale-small-size-sexy-lingerie","19":"first","20":"instock","21":"taxable","22":"shipping-taxable","23":"purchasable","24":"product-type-variable"},"tiered_pricing_type":"fixed","tiered_pricing_fixed_rules":[],"tiered_pricing_product_settings":{"layout":"table","base_unit_name":{"singular":null,"plural":null},"default_variation":null},"tiered_pricing_minimum_quantity":null,"tiered_pricing_roles_data":[],"tiered_pricing_percentage_rules":[],"tiered_pricing_maximum_quantity":null,"tiered_pricing_quantity_step":null,"_links":{"self":[{"href":"https:\/\/gretasexylingerie.com\/de\/wp-json\/wp\/v2\/product\/48205","targetHints":{"allow":["GET"]}}],"collection":[{"href":"https:\/\/gretasexylingerie.com\/de\/wp-json\/wp\/v2\/product"}],"about":[{"href":"https:\/\/gretasexylingerie.com\/de\/wp-json\/wp\/v2\/types\/product"}],"wp:featuredmedia":[{"embeddable":true,"href":"https:\/\/gretasexylingerie.com\/de\/wp-json\/wp\/v2\/media\/48187"}],"wp:attachment":[{"href":"https:\/\/gretasexylingerie.com\/de\/wp-json\/wp\/v2\/media?parent=48205"}],"wp:term":[{"taxonomy":"product_brand","embeddable":true,"href":"https:\/\/gretasexylingerie.com\/de\/wp-json\/wp\/v2\/product_brand?post=48205"},{"taxonomy":"product_cat","embeddable":true,"href":"https:\/\/gretasexylingerie.com\/de\/wp-json\/wp\/v2\/product_cat?post=48205"},{"taxonomy":"product_tag","embeddable":true,"href":"https:\/\/gretasexylingerie.com\/de\/wp-json\/wp\/v2\/product_tag?post=48205"}],"curies":[{"name":"wp","href":"https:\/\/api.w.org\/{rel}","templated":true}]}}