{"id":48134,"date":"2024-01-23T21:31:11","date_gmt":"2024-01-23T13:31:11","guid":{"rendered":"https:\/\/gretasexylingerie.com\/?post_type=product&#038;p=48134"},"modified":"2024-02-20T12:41:33","modified_gmt":"2024-02-20T04:41:33","slug":"groshandel-mit-zebramuster-korsettoberteil","status":"publish","type":"product","link":"https:\/\/gretasexylingerie.com\/de\/products\/wholesale-zebra-print-corset-top\/","title":{"rendered":"Gro\u00dfhandels-Korsettoberteil mit Zebramuster und schwarzen Spitzentr\u00e4gern"},"content":{"rendered":"<p><strong>Auff\u00e4lliges Zebramuster<\/strong>: Das schwarz-wei\u00dfe Zebramuster dieses Bustier-Anzugs sorgt f\u00fcr einen gewagten und exotischen Look, perfekt, um ein Statement zu setzen. Dieses auff\u00e4llige Design ist ideal f\u00fcr alle, die ihrem Zuhause einen Hauch von Wildnis verleihen m\u00f6chten <strong>bequeme Korsettoberteile<\/strong> Sammlung.<\/p>\n\n\n\n<p><strong>Fischgr\u00e4tenmuster-Unterst\u00fctzung und -Verst\u00e4rkung<\/strong>: Dieses Korsett-Oberteil ist mit Fischgr\u00e4ten-Unterst\u00fctzung und -Verst\u00e4rkung ausgestattet und bietet sowohl Struktur als auch Komfort. Das Design sorgt f\u00fcr eine schmeichelhafte Passform bei gleichzeitiger Bewegungsfreiheit und macht es zu einer praktischen Wahl f\u00fcr l\u00e4ngeres Tragen.<\/p>\n\n\n\n<p><strong>Angenehmer Baumwollanteil<\/strong>: Die Einbeziehung von bequemem Baumwollmaterial in die Stoffmischung verbessert die allgemeine Tragbarkeit des Korsetts. Dieses Feature ist besonders attraktiv f\u00fcr Kunden, die Wert auf Komfort legen, ohne Kompromisse beim Stil einzugehen.<\/p>\n\n\n\n<p><strong>Schwarzes Spitzenkorsett mit Tr\u00e4gern<\/strong>: Das mit schwarzer Spitze und Tr\u00e4gern akzentuierte Korsett-Oberteil verleiht einen Hauch von Eleganz und Raffinesse. Die Spitzendetails bilden einen zarten Kontrast zum auff\u00e4lligen Zebramuster und sorgen f\u00fcr einen ausgewogenen und stilvollen Look.<\/p>\n\n\n\n<p><strong>Vielseitige Gr\u00f6\u00dfenauswahl<\/strong>: Dieser Bustier-Anzug ist in den Gr\u00f6\u00dfen S, M und L erh\u00e4ltlich und eignet sich f\u00fcr eine Vielzahl von K\u00f6rpertypen und gew\u00e4hrleistet eine perfekte Passform f\u00fcr einen breiten Kundenstamm.<\/p>\n\n\n\n<p><strong>Perfekt f\u00fcr verschiedene Anl\u00e4sse<\/strong>: Ob f\u00fcr einen Abend, einen besonderen Anlass oder als einzigartiges Mode-Statement, dieses Korsett-Oberteil mit Zebramuster ist vielseitig genug, um zu verschiedenen Anl\u00e4ssen zu passen, was es zu einer wertvollen Erg\u00e4nzung f\u00fcr jede Dessous- oder Modekollektion macht.<\/p>\n\n\n\n<figure class=\"wp-block-table\"><table><tbody><tr><td class=\"has-text-align-center\" data-align=\"center\" colspan=\"6\"><strong>Gr\u00f6\u00dfentabelle (CM)<\/strong><\/td><\/tr><tr><td class=\"has-text-align-center\" data-align=\"center\"><strong>Gr\u00f6\u00dfe<\/strong><\/td><td class=\"has-text-align-center\" data-align=\"center\"><strong>Unterbrust (cm)<\/strong><\/td><td class=\"has-text-align-center\" data-align=\"center\"><strong>Unterbrustumfang (cm)<\/strong><\/td><td class=\"has-text-align-center\" data-align=\"center\"><strong>H\u00f6schentaille (cm)<\/strong><\/td><td class=\"has-text-align-center\" data-align=\"center\"><strong>Taille (cm)<\/strong><\/td><td class=\"has-text-align-center\" data-align=\"center\"><strong>Hosenl\u00e4nge (cm)<\/strong><\/td><\/tr><tr><td class=\"has-text-align-center\" data-align=\"center\">S<\/td><td class=\"has-text-align-center\" data-align=\"center\">20<\/td><td class=\"has-text-align-center\" data-align=\"center\">64-74<\/td><td class=\"has-text-align-center\" data-align=\"center\">62-94<\/td><td class=\"has-text-align-center\" data-align=\"center\">60-70<\/td><td class=\"has-text-align-center\" data-align=\"center\">21<\/td><\/tr><tr><td class=\"has-text-align-center\" data-align=\"center\">M<\/td><td class=\"has-text-align-center\" data-align=\"center\">21<\/td><td class=\"has-text-align-center\" data-align=\"center\">68-78<\/td><td class=\"has-text-align-center\" data-align=\"center\">66-98<\/td><td class=\"has-text-align-center\" data-align=\"center\">64-74<\/td><td class=\"has-text-align-center\" data-align=\"center\">22<\/td><\/tr><tr><td class=\"has-text-align-center\" data-align=\"center\">L<\/td><td class=\"has-text-align-center\" data-align=\"center\">22<\/td><td class=\"has-text-align-center\" data-align=\"center\">72-82<\/td><td class=\"has-text-align-center\" data-align=\"center\">70-102<\/td><td class=\"has-text-align-center\" data-align=\"center\">68-78<\/td><td class=\"has-text-align-center\" data-align=\"center\">23<\/td><\/tr><tr><td class=\"has-text-align-center\" data-align=\"center\" colspan=\"6\"><strong>Gr\u00f6\u00dfentabelle (Zoll)<\/strong><\/td><\/tr><tr><td class=\"has-text-align-center\" data-align=\"center\"><strong>Gr\u00f6\u00dfe<\/strong><\/td><td class=\"has-text-align-center\" data-align=\"center\"><strong>L\u00e4nge (Zoll)<\/strong><\/td><td class=\"has-text-align-center\" data-align=\"center\"><strong>Unterbrust (in)<\/strong><\/td><td class=\"has-text-align-center\" data-align=\"center\"><strong>H\u00f6schentaille (in)<\/strong><\/td><td class=\"has-text-align-center\" data-align=\"center\"><strong>Taille (in)<\/strong><\/td><td class=\"has-text-align-center\" data-align=\"center\"><strong>Hosenl\u00e4nge (in)<\/strong><\/td><\/tr><tr><td class=\"has-text-align-center\" data-align=\"center\">S<\/td><td class=\"has-text-align-center\" data-align=\"center\">7.87<\/td><td class=\"has-text-align-center\" data-align=\"center\">25.20-29.13<\/td><td class=\"has-text-align-center\" data-align=\"center\">24.41-37.01<\/td><td class=\"has-text-align-center\" data-align=\"center\">23.62-27.56<\/td><td class=\"has-text-align-center\" data-align=\"center\">8.27<\/td><\/tr><tr><td class=\"has-text-align-center\" data-align=\"center\">M<\/td><td class=\"has-text-align-center\" data-align=\"center\">8.27<\/td><td class=\"has-text-align-center\" data-align=\"center\">26.77-30.71<\/td><td class=\"has-text-align-center\" data-align=\"center\">25.98-38.58<\/td><td class=\"has-text-align-center\" data-align=\"center\">25.20-29.13<\/td><td class=\"has-text-align-center\" data-align=\"center\">8.66<\/td><\/tr><tr><td class=\"has-text-align-center\" data-align=\"center\">L<\/td><td class=\"has-text-align-center\" data-align=\"center\">8.66<\/td><td class=\"has-text-align-center\" data-align=\"center\">28.35-32.28<\/td><td class=\"has-text-align-center\" data-align=\"center\">27.56-40.16<\/td><td class=\"has-text-align-center\" data-align=\"center\">26.77-30.71<\/td><td class=\"has-text-align-center\" data-align=\"center\">9.06<\/td><\/tr><\/tbody><\/table><\/figure>","protected":false},"excerpt":{"rendered":"<p>Betreten Sie mit uns die wilde Seite <strong>Korsett-Oberteil mit Zebramuster<\/strong>, ein auff\u00e4lliges Schwarz-Wei\u00df-Design mit Fischgr\u00e4tenmuster. Dieses Set, bestehend aus Bustier und Slip, kombiniert mutigen Stil mit bequemem Baumwollanteil.<\/p>","protected":false},"featured_media":48124,"template":"","meta":[],"product_brand":[],"product_cat":[387,386,367],"product_tag":[880,869,865],"class_list":{"0":"post-48134","1":"product","2":"type-product","3":"status-publish","4":"has-post-thumbnail","6":"product_cat-wholesale-bustier-bra-set","7":"product_cat-sexy-bustiers","8":"product_cat-sexy-lingerie","9":"product_tag-sexy-2-piece-lingerie","10":"product_tag-sexy-animal-print-lingerie","11":"product_tag-sexy-skimpy-lingerie","12":"pa_color-black","13":"pa_size-wholesale-large-size-women-sexy-lingerie","14":"pa_size-wholesale-medium-size-women-sexy-lingerie","15":"pa_size-wholesale-small-size-sexy-lingerie","17":"first","18":"instock","19":"taxable","20":"shipping-taxable","21":"purchasable","22":"product-type-variable"},"tiered_pricing_type":"fixed","tiered_pricing_fixed_rules":[],"tiered_pricing_product_settings":{"layout":"table","base_unit_name":{"singular":null,"plural":null},"default_variation":null},"tiered_pricing_minimum_quantity":null,"tiered_pricing_roles_data":[],"tiered_pricing_percentage_rules":[],"tiered_pricing_maximum_quantity":null,"tiered_pricing_quantity_step":null,"_links":{"self":[{"href":"https:\/\/gretasexylingerie.com\/de\/wp-json\/wp\/v2\/product\/48134","targetHints":{"allow":["GET"]}}],"collection":[{"href":"https:\/\/gretasexylingerie.com\/de\/wp-json\/wp\/v2\/product"}],"about":[{"href":"https:\/\/gretasexylingerie.com\/de\/wp-json\/wp\/v2\/types\/product"}],"wp:featuredmedia":[{"embeddable":true,"href":"https:\/\/gretasexylingerie.com\/de\/wp-json\/wp\/v2\/media\/48124"}],"wp:attachment":[{"href":"https:\/\/gretasexylingerie.com\/de\/wp-json\/wp\/v2\/media?parent=48134"}],"wp:term":[{"taxonomy":"product_brand","embeddable":true,"href":"https:\/\/gretasexylingerie.com\/de\/wp-json\/wp\/v2\/product_brand?post=48134"},{"taxonomy":"product_cat","embeddable":true,"href":"https:\/\/gretasexylingerie.com\/de\/wp-json\/wp\/v2\/product_cat?post=48134"},{"taxonomy":"product_tag","embeddable":true,"href":"https:\/\/gretasexylingerie.com\/de\/wp-json\/wp\/v2\/product_tag?post=48134"}],"curies":[{"name":"wp","href":"https:\/\/api.w.org\/{rel}","templated":true}]}}