{"id":48036,"date":"2024-01-23T10:50:13","date_gmt":"2024-01-23T02:50:13","guid":{"rendered":"https:\/\/gretasexylingerie.com\/?post_type=product&#038;p=48036"},"modified":"2024-02-20T12:50:47","modified_gmt":"2024-02-20T04:50:47","slug":"groshandels-dessous-set-mit-floraler-spitze-und-bugel","status":"publish","type":"product","link":"https:\/\/gretasexylingerie.com\/de\/products\/wholesale-floral-lace-underwire-lingerie-set\/","title":{"rendered":"Gro\u00dfhandel mit Blumenspitze und B\u00fcgel-Dessous-Set"},"content":{"rendered":"<p><strong>Exquisite Blumenspitze<\/strong>: Das Herzst\u00fcck dieses Dessous-Sets ist das aufwendige florale Spitzendesign, das ein Gef\u00fchl von Luxus und Raffinesse ausstrahlt. Dieses zarte Detail spricht diejenigen an, die die klassische Sch\u00f6nheit der Spitze in ihrem Kleid sch\u00e4tzen <strong>Designer-Dessous-Sets<\/strong>, was es zur perfekten Wahl f\u00fcr gehobene Boutiquen macht.<\/p>\n\n\n\n<p><strong>Dreilagiges, gefaltetes Mesh-Tutu<\/strong>: Das dreilagige gefaltete Netz verleiht dem Set eine einzigartige und verspielte Note und verleiht dem Set ein skurriles und dennoch elegantes Flair. Diese Funktion steigert nicht nur die \u00c4sthetik, sondern sorgt auch f\u00fcr einen Hauch von Kreativit\u00e4t und Spa\u00df und macht es zu einem echten Hingucker <strong>3-teiliges Dessous-Set<\/strong> Sammlung.<\/p>\n\n\n\n<p><strong>Lebendige Farboptionen<\/strong>: Mit einer Reihe von Farben, darunter Schwarz, Rot, Wei\u00df und Pink, deckt dieses Set unterschiedliche Geschm\u00e4cker und Vorlieben ab. Jede Farbe verleiht dem Design ihren eigenen Charakter, von klassischer Eleganz bis hin zu k\u00fchner Leidenschaft, sodass f\u00fcr jeden Kunden die perfekte Farbe dabei ist.<\/p>\n\n\n\n<p><strong>B\u00fcgelunterst\u00fctzung<\/strong>: Der B\u00fcgel-BH bietet sowohl Halt als auch eine schmeichelnde Form und macht das Set ebenso funktional wie sch\u00f6n. Diese Funktion wird besonders von Kunden gesch\u00e4tzt, die Dessous suchen, die sowohl Komfort als auch Stil bieten.<\/p>\n\n\n\n<p><strong>Vielseitige Gr\u00f6\u00dfenauswahl<\/strong>: Das in den Gr\u00f6\u00dfen S, M und L erh\u00e4ltliche Set ist f\u00fcr verschiedene K\u00f6rpertypen geeignet und gew\u00e4hrleistet eine perfekte Passform f\u00fcr eine vielf\u00e4ltige Kundschaft.<\/p>\n\n\n\n<p><strong>Perfekt f\u00fcr vielf\u00e4ltige Sammlungen<\/strong>: Dieses Dessous-Set ist mit seiner Kombination aus klassischer Spitze und modernem Tutu-Design eine hervorragende Erg\u00e4nzung f\u00fcr jede Kollektion. Es ist ideal f\u00fcr diejenigen, die ihren Kunden in ihrer Dessous-Auswahl eine Mischung aus traditioneller Eleganz und zeitgen\u00f6ssischer Mode bieten m\u00f6chten.<\/p>\n\n\n\n<p>Laden Sie Ihre Kunden ein, den Reiz unseres Dessous-Sets mit floraler Spitze und B\u00fcgeln zu genie\u00dfen. Sein einzigartiges Design und die Farbpalette machen es zu einem Muss f\u00fcr jede Kollektion, die einen Hauch von Raffinesse und verspielter Eleganz verleihen m\u00f6chte. Bestellen Sie jetzt und bieten Sie Ihren Kunden die perfekte Mischung aus Stil, Komfort und Luxus!<\/p>\n\n\n\n<figure class=\"wp-block-table\"><table><tbody><tr><td class=\"has-text-align-center\" data-align=\"center\" colspan=\"6\"><strong>Gr\u00f6\u00dfentabelle (CM)<\/strong><\/td><\/tr><tr><td class=\"has-text-align-center\" data-align=\"center\"><strong>Gr\u00f6\u00dfe<\/strong><\/td><td class=\"has-text-align-center\" data-align=\"center\"><strong>L\u00e4nge (cm)<\/strong><\/td><td class=\"has-text-align-center\" data-align=\"center\"><strong>Unterbrustumfang (cm)<\/strong><\/td><td class=\"has-text-align-center\" data-align=\"center\"><strong>Hosenbund I (cm)<\/strong><\/td><td class=\"has-text-align-center\" data-align=\"center\"><strong>Kleidl\u00e4nge (cm)<\/strong><\/td><td class=\"has-text-align-center\" data-align=\"center\"><strong>Taille (cm)<\/strong><\/td><\/tr><tr><td class=\"has-text-align-center\" data-align=\"center\">S<\/td><td class=\"has-text-align-center\" data-align=\"center\">13<\/td><td class=\"has-text-align-center\" data-align=\"center\">66-84<\/td><td class=\"has-text-align-center\" data-align=\"center\">60<\/td><td class=\"has-text-align-center\" data-align=\"center\">18<\/td><td class=\"has-text-align-center\" data-align=\"center\">62<\/td><\/tr><tr><td class=\"has-text-align-center\" data-align=\"center\">M<\/td><td class=\"has-text-align-center\" data-align=\"center\">13.5<\/td><td class=\"has-text-align-center\" data-align=\"center\">70-88<\/td><td class=\"has-text-align-center\" data-align=\"center\">64<\/td><td class=\"has-text-align-center\" data-align=\"center\">19<\/td><td class=\"has-text-align-center\" data-align=\"center\">66<\/td><\/tr><tr><td class=\"has-text-align-center\" data-align=\"center\">L<\/td><td class=\"has-text-align-center\" data-align=\"center\">14<\/td><td class=\"has-text-align-center\" data-align=\"center\">74-92<\/td><td class=\"has-text-align-center\" data-align=\"center\">68<\/td><td class=\"has-text-align-center\" data-align=\"center\">20<\/td><td class=\"has-text-align-center\" data-align=\"center\">70<\/td><\/tr><tr><td class=\"has-text-align-center\" data-align=\"center\">XL<\/td><td class=\"has-text-align-center\" data-align=\"center\">14.5<\/td><td class=\"has-text-align-center\" data-align=\"center\">78-96<\/td><td class=\"has-text-align-center\" data-align=\"center\">72<\/td><td class=\"has-text-align-center\" data-align=\"center\">21<\/td><td class=\"has-text-align-center\" data-align=\"center\">74<\/td><\/tr><tr><td class=\"has-text-align-center\" data-align=\"center\" colspan=\"6\"><strong>Gr\u00f6\u00dfentabelle (Zoll)<\/strong><\/td><\/tr><tr><td class=\"has-text-align-center\" data-align=\"center\"><strong>Gr\u00f6\u00dfe<\/strong><\/td><td class=\"has-text-align-center\" data-align=\"center\"><strong>L\u00e4nge (Zoll)<\/strong><\/td><td class=\"has-text-align-center\" data-align=\"center\"><strong>Unter der Brust (in)<\/strong><\/td><td class=\"has-text-align-center\" data-align=\"center\"><strong>Hosen Taille I (in)<\/strong><\/td><td class=\"has-text-align-center\" data-align=\"center\"><strong>Kleiderl\u00e4nge (in)<\/strong><\/td><td class=\"has-text-align-center\" data-align=\"center\"><strong>Taille (in)<\/strong><\/td><\/tr><tr><td class=\"has-text-align-center\" data-align=\"center\">S<\/td><td class=\"has-text-align-center\" data-align=\"center\">5.12<\/td><td class=\"has-text-align-center\" data-align=\"center\">25.98-33.07<\/td><td class=\"has-text-align-center\" data-align=\"center\">23.62<\/td><td class=\"has-text-align-center\" data-align=\"center\">7.09<\/td><td class=\"has-text-align-center\" data-align=\"center\">24.41<\/td><\/tr><tr><td class=\"has-text-align-center\" data-align=\"center\">M<\/td><td class=\"has-text-align-center\" data-align=\"center\">5.31<\/td><td class=\"has-text-align-center\" data-align=\"center\">27.56-34.65<\/td><td class=\"has-text-align-center\" data-align=\"center\">25.20<\/td><td class=\"has-text-align-center\" data-align=\"center\">7.48<\/td><td class=\"has-text-align-center\" data-align=\"center\">25.98<\/td><\/tr><tr><td class=\"has-text-align-center\" data-align=\"center\">L<\/td><td class=\"has-text-align-center\" data-align=\"center\">5.51<\/td><td class=\"has-text-align-center\" data-align=\"center\">29.13-36.22<\/td><td class=\"has-text-align-center\" data-align=\"center\">26.77<\/td><td class=\"has-text-align-center\" data-align=\"center\">7.87<\/td><td class=\"has-text-align-center\" data-align=\"center\">27.56<\/td><\/tr><tr><td class=\"has-text-align-center\" data-align=\"center\">XL<\/td><td class=\"has-text-align-center\" data-align=\"center\">5.71<\/td><td class=\"has-text-align-center\" data-align=\"center\">30.71-37.80<\/td><td class=\"has-text-align-center\" data-align=\"center\">28.35<\/td><td class=\"has-text-align-center\" data-align=\"center\">8.27<\/td><td class=\"has-text-align-center\" data-align=\"center\">29.13<\/td><\/tr><\/tbody><\/table><\/figure>","protected":false},"excerpt":{"rendered":"<p>G\u00f6nnen Sie sich die Raffinesse unseres <strong>Dessous-Set mit floraler Spitze und B\u00fcgel<\/strong>, mit einem dreilagigen gefalteten Netz. Dieses in den Farben Schwarz, Rot, Wei\u00df und Pink erh\u00e4ltliche Set ist eine Mischung aus Eleganz und verspieltem Charme.<\/p>","protected":false},"featured_media":47987,"template":"","meta":[],"product_brand":[],"product_cat":[368,369,367],"product_tag":[507,448,870,864],"class_list":{"0":"post-48036","1":"product","2":"type-product","3":"status-publish","4":"has-post-thumbnail","6":"product_cat-bra-panty-set","7":"product_cat-wholesale-lace-bra-and-panty-sets","8":"product_cat-sexy-lingerie","9":"product_tag-three-pcs-set","10":"product_tag-wholesale-elegant-sexy-lingerie","11":"product_tag-floral-lingerie","12":"product_tag-sexy-petite-lingerie","13":"pa_color-black","14":"pa_color-hot-pink-women-sexy-lingerie","15":"pa_color-red-women-sexy-lingerie","16":"pa_color-white","17":"pa_size-wholesale-large-size-women-sexy-lingerie","18":"pa_size-wholesale-medium-size-women-sexy-lingerie","19":"pa_size-wholesale-small-size-sexy-lingerie","21":"first","22":"instock","23":"taxable","24":"shipping-taxable","25":"purchasable","26":"product-type-variable"},"tiered_pricing_type":"fixed","tiered_pricing_fixed_rules":[],"tiered_pricing_product_settings":{"layout":"table","base_unit_name":{"singular":null,"plural":null},"default_variation":null},"tiered_pricing_minimum_quantity":null,"tiered_pricing_roles_data":[],"tiered_pricing_percentage_rules":[],"tiered_pricing_maximum_quantity":null,"tiered_pricing_quantity_step":null,"_links":{"self":[{"href":"https:\/\/gretasexylingerie.com\/de\/wp-json\/wp\/v2\/product\/48036","targetHints":{"allow":["GET"]}}],"collection":[{"href":"https:\/\/gretasexylingerie.com\/de\/wp-json\/wp\/v2\/product"}],"about":[{"href":"https:\/\/gretasexylingerie.com\/de\/wp-json\/wp\/v2\/types\/product"}],"wp:featuredmedia":[{"embeddable":true,"href":"https:\/\/gretasexylingerie.com\/de\/wp-json\/wp\/v2\/media\/47987"}],"wp:attachment":[{"href":"https:\/\/gretasexylingerie.com\/de\/wp-json\/wp\/v2\/media?parent=48036"}],"wp:term":[{"taxonomy":"product_brand","embeddable":true,"href":"https:\/\/gretasexylingerie.com\/de\/wp-json\/wp\/v2\/product_brand?post=48036"},{"taxonomy":"product_cat","embeddable":true,"href":"https:\/\/gretasexylingerie.com\/de\/wp-json\/wp\/v2\/product_cat?post=48036"},{"taxonomy":"product_tag","embeddable":true,"href":"https:\/\/gretasexylingerie.com\/de\/wp-json\/wp\/v2\/product_tag?post=48036"}],"curies":[{"name":"wp","href":"https:\/\/api.w.org\/{rel}","templated":true}]}}