{"id":47971,"date":"2024-01-23T10:39:04","date_gmt":"2024-01-23T02:39:04","guid":{"rendered":"https:\/\/gretasexylingerie.com\/?post_type=product&#038;p=47971"},"modified":"2024-02-20T12:52:14","modified_gmt":"2024-02-20T04:52:14","slug":"gestreifter-schwarzer-body-im-groshandel-mit-ruckenfreiem-tanga","status":"publish","type":"product","link":"https:\/\/gretasexylingerie.com\/de\/products\/wholesale-striped-black-bodysuit-with-backless-thong\/","title":{"rendered":"Gestreifter schwarzer Body mit r\u00fcckenfreiem Tanga im Gro\u00dfhandel"},"content":{"rendered":"<p><strong>Auff\u00e4lliges Streifendesign<\/strong>: Das Streifenmuster dieses Bodys bietet einen gewagten und modernen Look, perfekt, um ein Statement zu setzen. Die Streifen sorgen f\u00fcr Tiefe und Struktur und machen es zu einem Blickfang in jedem Outfit <strong>schlichter schwarzer Body<\/strong> Sammlung.<\/p>\n\n\n\n<p><strong>Durchsichtige Eleganz<\/strong>: Dieser aus durchsichtigem Material gefertigte Body verf\u00fchrt mit einem Hauch von dem, was sich darunter verbirgt, und schafft eine perfekte Balance zwischen Faszination und Raffinesse. Es ist die ideale Wahl f\u00fcr alle, die eine Mischung aus K\u00fchnheit und Eleganz in ihrer Unterw\u00e4sche sch\u00e4tzen.<\/p>\n\n\n\n<p><strong>Halbbrustschnitt<\/strong>: Das Halbbrust-Design sorgt f\u00fcr einen einzigartigen und modernen Look und bietet eine neue Interpretation klassischer Bodysuit-Stile. Dieses Feature ist besonders attraktiv f\u00fcr Kunden, die Dessous suchen, die innovatives Design mit einem Hauch Sinnlichkeit verbinden.<\/p>\n\n\n\n<p><strong>Offener R\u00fccken mit Strumpfb\u00e4ndern<\/strong>: Das Design mit offenem R\u00fccken sorgt f\u00fcr ein \u00fcberraschendes und verf\u00fchrerisches Element, w\u00e4hrend die Einbeziehung von Strumpfhaltern dem Ganzen einen funktionalen und dennoch stilvollen Aspekt verleiht <strong>r\u00fcckenfreier Tanga-Body<\/strong>. Es ist perfekt f\u00fcr Kunden, die ein St\u00fcck suchen, das sowohl optisch auff\u00e4llig als auch praktisch ist.<\/p>\n\n\n\n<p><strong>Vielseitige Gr\u00f6\u00dfenauswahl<\/strong>: Dieser Body ist in den Gr\u00f6\u00dfen S, M und L erh\u00e4ltlich und eignet sich f\u00fcr eine Vielzahl von K\u00f6rpertypen und gew\u00e4hrleistet eine perfekte Passform f\u00fcr einen breiten Kundenstamm.<\/p>\n\n\n\n<p><strong>Perfekt f\u00fcr verschiedene Anl\u00e4sse<\/strong>: Ob f\u00fcr einen besonderen Abend oder als auff\u00e4lliges Mode-Statement, dieser Body ist vielseitig genug, um zu verschiedenen Anl\u00e4ssen zu passen, was ihn zu einer wertvollen Erg\u00e4nzung jeder Dessous- oder Modekollektion macht.<\/p>\n\n\n\n<p>Lassen Sie sich von unserem schwarz gestreiften Body verf\u00fchren, einer perfekten Kombination aus modernem Stil und klassischer Eleganz. Sein einzigartiges Design und die Liebe zum Detail machen es zu einem Muss f\u00fcr Ihre Sammlung. Bestellen Sie jetzt und bieten Sie Ihren Kunden einen Hauch von Raffinesse und gewagtem Stil!<\/p>\n\n\n\n<figure class=\"wp-block-table\"><table><tbody><tr><td class=\"has-text-align-center\" data-align=\"center\" colspan=\"5\"><strong>Gr\u00f6\u00dfentabelle (CM)<\/strong><\/td><\/tr><tr><td class=\"has-text-align-center\" data-align=\"center\"><strong>Gr\u00f6\u00dfe<\/strong><\/td><td class=\"has-text-align-center\" data-align=\"center\"><strong>L\u00e4nge (cm)<\/strong><\/td><td class=\"has-text-align-center\" data-align=\"center\"><strong>Unterbrust (cm)<\/strong><\/td><td class=\"has-text-align-center\" data-align=\"center\"><strong>Taille (cm)<\/strong><\/td><td class=\"has-text-align-center\" data-align=\"center\"><strong>Hosenl\u00e4nge (cm)<\/strong><\/td><\/tr><tr><td class=\"has-text-align-center\" data-align=\"center\">S<\/td><td class=\"has-text-align-center\" data-align=\"center\">63<\/td><td class=\"has-text-align-center\" data-align=\"center\">62-72<\/td><td class=\"has-text-align-center\" data-align=\"center\">60-70<\/td><td class=\"has-text-align-center\" data-align=\"center\">20<\/td><\/tr><tr><td class=\"has-text-align-center\" data-align=\"center\">M<\/td><td class=\"has-text-align-center\" data-align=\"center\">64<\/td><td class=\"has-text-align-center\" data-align=\"center\">66-76<\/td><td class=\"has-text-align-center\" data-align=\"center\">64-74<\/td><td class=\"has-text-align-center\" data-align=\"center\">21<\/td><\/tr><tr><td class=\"has-text-align-center\" data-align=\"center\">L<\/td><td class=\"has-text-align-center\" data-align=\"center\">65<\/td><td class=\"has-text-align-center\" data-align=\"center\">70-80<\/td><td class=\"has-text-align-center\" data-align=\"center\">68-78<\/td><td class=\"has-text-align-center\" data-align=\"center\">22<\/td><\/tr><tr><td class=\"has-text-align-center\" data-align=\"center\" colspan=\"5\"><strong>Gr\u00f6\u00dfentabelle (Zoll)<\/strong><\/td><\/tr><tr><td class=\"has-text-align-center\" data-align=\"center\"><strong>Gr\u00f6\u00dfe<\/strong><\/td><td class=\"has-text-align-center\" data-align=\"center\"><strong>L\u00e4nge (Zoll)<\/strong><\/td><td class=\"has-text-align-center\" data-align=\"center\"><strong>Unterbrust (in)<\/strong><\/td><td class=\"has-text-align-center\" data-align=\"center\"><strong>Taille (in)<\/strong><\/td><td class=\"has-text-align-center\" data-align=\"center\"><strong>Hosenl\u00e4nge (in)<\/strong><\/td><\/tr><tr><td class=\"has-text-align-center\" data-align=\"center\">S<\/td><td class=\"has-text-align-center\" data-align=\"center\">24.80<\/td><td class=\"has-text-align-center\" data-align=\"center\">24.41-28.35<\/td><td class=\"has-text-align-center\" data-align=\"center\">23.62-27.56<\/td><td class=\"has-text-align-center\" data-align=\"center\">7.87<\/td><\/tr><tr><td class=\"has-text-align-center\" data-align=\"center\">M<\/td><td class=\"has-text-align-center\" data-align=\"center\">25.20<\/td><td class=\"has-text-align-center\" data-align=\"center\">25.98-29.92<\/td><td class=\"has-text-align-center\" data-align=\"center\">25.20-29.13<\/td><td class=\"has-text-align-center\" data-align=\"center\">8.27<\/td><\/tr><tr><td class=\"has-text-align-center\" data-align=\"center\">L<\/td><td class=\"has-text-align-center\" data-align=\"center\">25.59<\/td><td class=\"has-text-align-center\" data-align=\"center\">27.56-31.50<\/td><td class=\"has-text-align-center\" data-align=\"center\">26.77-30.71<\/td><td class=\"has-text-align-center\" data-align=\"center\">8.66<\/td><\/tr><\/tbody><\/table><\/figure>","protected":false},"excerpt":{"rendered":"<p>Tauchen Sie ein in die k\u00fchne Eleganz unseres <strong>gestreifter Body<\/strong>, ein fesselndes Ensemble im durchsichtigen Halbbrust-Design mit offenem R\u00fccken und Strapshaltern in elegantem Schwarz.<\/p>","protected":false},"featured_media":47959,"template":"","meta":[],"product_brand":[],"product_cat":[370,367,373],"product_tag":[861,518,446,864,866,863],"class_list":{"0":"post-47971","1":"product","2":"type-product","3":"status-publish","4":"has-post-thumbnail","6":"product_cat-bodysuit","7":"product_cat-sexy-lingerie","8":"product_cat-wholesale-sexy-mesh-bodysuit","9":"product_tag-brunette-lingerie","10":"product_tag-mesh-lingerie","11":"product_tag-wholesale-sexy-see-through-lingerie","12":"product_tag-sexy-petite-lingerie","13":"product_tag-sexy-romper-lingerie","14":"product_tag-sexy-thong-lingerie","15":"pa_color-black","16":"pa_size-wholesale-large-size-women-sexy-lingerie","17":"pa_size-wholesale-medium-size-women-sexy-lingerie","18":"pa_size-wholesale-small-size-sexy-lingerie","20":"first","21":"instock","22":"taxable","23":"shipping-taxable","24":"purchasable","25":"product-type-variable"},"tiered_pricing_type":"fixed","tiered_pricing_fixed_rules":[],"tiered_pricing_product_settings":{"layout":"table","base_unit_name":{"singular":null,"plural":null},"default_variation":null},"tiered_pricing_minimum_quantity":null,"tiered_pricing_roles_data":[],"tiered_pricing_percentage_rules":[],"tiered_pricing_maximum_quantity":null,"tiered_pricing_quantity_step":null,"_links":{"self":[{"href":"https:\/\/gretasexylingerie.com\/de\/wp-json\/wp\/v2\/product\/47971","targetHints":{"allow":["GET"]}}],"collection":[{"href":"https:\/\/gretasexylingerie.com\/de\/wp-json\/wp\/v2\/product"}],"about":[{"href":"https:\/\/gretasexylingerie.com\/de\/wp-json\/wp\/v2\/types\/product"}],"wp:featuredmedia":[{"embeddable":true,"href":"https:\/\/gretasexylingerie.com\/de\/wp-json\/wp\/v2\/media\/47959"}],"wp:attachment":[{"href":"https:\/\/gretasexylingerie.com\/de\/wp-json\/wp\/v2\/media?parent=47971"}],"wp:term":[{"taxonomy":"product_brand","embeddable":true,"href":"https:\/\/gretasexylingerie.com\/de\/wp-json\/wp\/v2\/product_brand?post=47971"},{"taxonomy":"product_cat","embeddable":true,"href":"https:\/\/gretasexylingerie.com\/de\/wp-json\/wp\/v2\/product_cat?post=47971"},{"taxonomy":"product_tag","embeddable":true,"href":"https:\/\/gretasexylingerie.com\/de\/wp-json\/wp\/v2\/product_tag?post=47971"}],"curies":[{"name":"wp","href":"https:\/\/api.w.org\/{rel}","templated":true}]}}