{"id":47955,"date":"2024-01-23T10:36:52","date_gmt":"2024-01-23T02:36:52","guid":{"rendered":"https:\/\/gretasexylingerie.com\/?post_type=product&#038;p=47955"},"modified":"2024-02-20T12:54:26","modified_gmt":"2024-02-20T04:54:26","slug":"groshandels-dessous-set-mit-lila-blumenstickerei","status":"publish","type":"product","link":"https:\/\/gretasexylingerie.com\/de\/products\/wholesale-lilac-floral-embroidered-lingerie-set\/","title":{"rendered":"Lilafarbenes, mit Blumen besticktes Dessous-Set im Gro\u00dfhandel"},"content":{"rendered":"<p><strong>Lila und gr\u00fcner Kontrast<\/strong>: Die einzigartige Farbpalette dieses Sets kombiniert sanftes Flieder mit leuchtendem Gr\u00fcn und schafft so einen optisch atemberaubenden Kontrast. Diese auff\u00e4llige Kombination ist nicht nur ein echter Hingucker, sondern setzt auch einen Trend in der Dessous-Mode und macht sie zu einem Must-Have f\u00fcr Boutiquen und Gesch\u00e4fte, die etwas Einzigartiges anbieten m\u00f6chten <strong>Blumen-BH-Set<\/strong> Reichweite.<\/p>\n\n\n\n<p><strong>Transparenter Netzstoff<\/strong>: Die Verwendung von transparentem Mesh-Gewebe in diesem Set schafft die perfekte Balance zwischen Faszination und Raffinesse. Es gew\u00e4hrt einen Blick auf die Haut darunter und verleiht dem Gesamtdesign eine sinnliche Note. Diese Eigenschaft spricht besonders Kunden an, die sowohl elegante als auch verf\u00fchrerische Dessous suchen, und macht dieses Set zur ersten Wahl f\u00fcr Sie <strong>neues BH- und H\u00f6schenset<\/strong> Sammlung.<\/p>\n\n\n\n<p><strong>Exquisite Blumenstickerei<\/strong>: Jedes St\u00fcck ist aufwendig mit zarten Blumenmustern bestickt, die dem Design Tiefe und Textur verleihen. Diese detaillierte Handwerkskunst zeugt von Luxus und Exklusivit\u00e4t und spricht Kunden an, die die sch\u00f6nen Dinge im Leben sch\u00e4tzen. Die Blumenstickerei unterstreicht nicht nur die Sch\u00f6nheit des Sets, sondern verleiht ihm auch eine romantische, feminine Note, die bei hochwertigen Dessous sehr gefragt ist.<\/p>\n\n\n\n<p><strong>Gestickte R\u00fcschen<\/strong>: Die Hinzuf\u00fcgung bestickter R\u00fcschen sorgt f\u00fcr ein verspieltes und zugleich raffiniertes Element. Diese R\u00fcschen verleihen den Dessous Volumen und eine haptische Dimension und machen sie zu etwas Besonderem. Dieses Detail ist perfekt f\u00fcr Kunden, die Dessous mit einem einzigartigen Twist lieben und ihnen etwas mehr als nur das Standard-Dessous-Set bieten.<\/p>\n\n\n\n<p><strong>Perfekt f\u00fcr neue Kollektionen<\/strong>: Dieses lila Dessous-Set ist mit seinem modernen Design und den einzigartigen Eigenschaften eine ideale Erg\u00e4nzung f\u00fcr jede neue Kollektion. Es sind nicht nur Dessous; Es ist ein modisches Statement. Es bietet Ihren Kunden etwas Frisches und Modisches und hebt Ihre Kollektion von der Konkurrenz ab.<\/p>\n\n\n\n<p>Laden Sie Ihre Kunden ein, den luxuri\u00f6sen und einzigartigen Reiz unseres lila Dessous-Sets zu genie\u00dfen. Sein exquisites Design und die Liebe zum Detail machen es zu einer herausragenden Erg\u00e4nzung jeder High-End-Dessous-Kollektion. Bestellen Sie jetzt und verleihen Sie Ihren Angeboten einen Hauch von Eleganz und modernem Stil!<\/p>\n\n\n\n<figure class=\"wp-block-table\"><table><tbody><tr><td class=\"has-text-align-center\" data-align=\"center\" colspan=\"6\"><strong>Gr\u00f6\u00dfentabelle (CM)<\/strong><\/td><\/tr><tr><td class=\"has-text-align-center\" data-align=\"center\"><strong>Gr\u00f6\u00dfe<\/strong><\/td><td class=\"has-text-align-center\" data-align=\"center\"><strong>Tassenh\u00f6he (cm)<\/strong><\/td><td class=\"has-text-align-center\" data-align=\"center\"><strong>Unterbrustumfang (cm)<\/strong><\/td><td class=\"has-text-align-center\" data-align=\"center\"><strong>H\u00f6schentaille (cm)<\/strong><\/td><td class=\"has-text-align-center\" data-align=\"center\"><strong>Taille (cm)<\/strong><\/td><td class=\"has-text-align-center\" data-align=\"center\"><strong>Hosenl\u00e4nge (cm)<\/strong><\/td><\/tr><tr><td class=\"has-text-align-center\" data-align=\"center\">S<\/td><td class=\"has-text-align-center\" data-align=\"center\">16<\/td><td class=\"has-text-align-center\" data-align=\"center\">68-88<\/td><td class=\"has-text-align-center\" data-align=\"center\">68-88<\/td><td class=\"has-text-align-center\" data-align=\"center\">62<\/td><td class=\"has-text-align-center\" data-align=\"center\">24<\/td><\/tr><tr><td class=\"has-text-align-center\" data-align=\"center\">M<\/td><td class=\"has-text-align-center\" data-align=\"center\">16.8<\/td><td class=\"has-text-align-center\" data-align=\"center\">73-92<\/td><td class=\"has-text-align-center\" data-align=\"center\">73-92<\/td><td class=\"has-text-align-center\" data-align=\"center\">66<\/td><td class=\"has-text-align-center\" data-align=\"center\">25<\/td><\/tr><tr><td class=\"has-text-align-center\" data-align=\"center\">L<\/td><td class=\"has-text-align-center\" data-align=\"center\">17.6<\/td><td class=\"has-text-align-center\" data-align=\"center\">79-96<\/td><td class=\"has-text-align-center\" data-align=\"center\">79-96<\/td><td class=\"has-text-align-center\" data-align=\"center\">70<\/td><td class=\"has-text-align-center\" data-align=\"center\">26<\/td><\/tr><tr><td class=\"has-text-align-center\" data-align=\"center\" colspan=\"6\"><strong>Gr\u00f6\u00dfentabelle (Zoll)<\/strong><\/td><\/tr><tr><td class=\"has-text-align-center\" data-align=\"center\"><strong>Gr\u00f6\u00dfe<\/strong><\/td><td class=\"has-text-align-center\" data-align=\"center\"><strong>Tassenh\u00f6he (Zoll)<\/strong><\/td><td class=\"has-text-align-center\" data-align=\"center\"><strong>Unter der Brust (in)<\/strong><\/td><td class=\"has-text-align-center\" data-align=\"center\"><strong>H\u00f6schen Taille (Zoll)<\/strong><\/td><td class=\"has-text-align-center\" data-align=\"center\"><strong>Taille (in)<\/strong><\/td><td class=\"has-text-align-center\" data-align=\"center\"><strong>Hosenl\u00e4nge (in)<\/strong><\/td><\/tr><tr><td class=\"has-text-align-center\" data-align=\"center\">S<\/td><td class=\"has-text-align-center\" data-align=\"center\">6.30<\/td><td class=\"has-text-align-center\" data-align=\"center\">26.77-34.65<\/td><td class=\"has-text-align-center\" data-align=\"center\">26.77-34.65<\/td><td class=\"has-text-align-center\" data-align=\"center\">24.41<\/td><td class=\"has-text-align-center\" data-align=\"center\">9.45<\/td><\/tr><tr><td class=\"has-text-align-center\" data-align=\"center\">M<\/td><td class=\"has-text-align-center\" data-align=\"center\">6.61<\/td><td class=\"has-text-align-center\" data-align=\"center\">28.74-36.22<\/td><td class=\"has-text-align-center\" data-align=\"center\">28.74-36.22<\/td><td class=\"has-text-align-center\" data-align=\"center\">25.98<\/td><td class=\"has-text-align-center\" data-align=\"center\">9.84<\/td><\/tr><tr><td class=\"has-text-align-center\" data-align=\"center\">L<\/td><td class=\"has-text-align-center\" data-align=\"center\">6.93<\/td><td class=\"has-text-align-center\" data-align=\"center\">31.10-37.80<\/td><td class=\"has-text-align-center\" data-align=\"center\">31.10-37.80<\/td><td class=\"has-text-align-center\" data-align=\"center\">27.56<\/td><td class=\"has-text-align-center\" data-align=\"center\">10.24<\/td><\/tr><\/tbody><\/table><\/figure>","protected":false},"excerpt":{"rendered":"<p>Entdecken Sie die bezaubernde Sch\u00f6nheit unseres <strong>fliederfarbenes Dessous-Set<\/strong>, ein Meisterwerk aus fliederfarbenen und gr\u00fcnen Kontrasten, gefertigt aus transparentem Netzstoff, verziert mit exquisiter Blumenstickerei.<\/p>","protected":false},"featured_media":47944,"template":"","meta":[],"product_brand":[],"product_cat":[368,367,375],"product_tag":[507,454,870,510,972],"class_list":{"0":"post-47955","1":"product","2":"type-product","3":"status-publish","4":"has-post-thumbnail","6":"product_cat-bra-panty-set","7":"product_cat-sexy-lingerie","8":"product_cat-whoelsale-sheer-bra-and-panty-sets","9":"product_tag-three-pcs-set","10":"product_tag-wholesale-sexy-embroidered-lingerie","11":"product_tag-floral-lingerie","12":"product_tag-ruffles-lingerie","13":"product_tag-valentines-day-lingerie","14":"pa_color-light-purple","15":"pa_size-wholesale-large-size-women-sexy-lingerie","16":"pa_size-wholesale-medium-size-women-sexy-lingerie","17":"pa_size-wholesale-small-size-sexy-lingerie","19":"first","20":"instock","21":"taxable","22":"shipping-taxable","23":"purchasable","24":"product-type-variable"},"tiered_pricing_type":"fixed","tiered_pricing_fixed_rules":[],"tiered_pricing_product_settings":{"layout":"table","base_unit_name":{"singular":null,"plural":null},"default_variation":null},"tiered_pricing_minimum_quantity":null,"tiered_pricing_roles_data":[],"tiered_pricing_percentage_rules":[],"tiered_pricing_maximum_quantity":null,"tiered_pricing_quantity_step":null,"_links":{"self":[{"href":"https:\/\/gretasexylingerie.com\/de\/wp-json\/wp\/v2\/product\/47955","targetHints":{"allow":["GET"]}}],"collection":[{"href":"https:\/\/gretasexylingerie.com\/de\/wp-json\/wp\/v2\/product"}],"about":[{"href":"https:\/\/gretasexylingerie.com\/de\/wp-json\/wp\/v2\/types\/product"}],"wp:featuredmedia":[{"embeddable":true,"href":"https:\/\/gretasexylingerie.com\/de\/wp-json\/wp\/v2\/media\/47944"}],"wp:attachment":[{"href":"https:\/\/gretasexylingerie.com\/de\/wp-json\/wp\/v2\/media?parent=47955"}],"wp:term":[{"taxonomy":"product_brand","embeddable":true,"href":"https:\/\/gretasexylingerie.com\/de\/wp-json\/wp\/v2\/product_brand?post=47955"},{"taxonomy":"product_cat","embeddable":true,"href":"https:\/\/gretasexylingerie.com\/de\/wp-json\/wp\/v2\/product_cat?post=47955"},{"taxonomy":"product_tag","embeddable":true,"href":"https:\/\/gretasexylingerie.com\/de\/wp-json\/wp\/v2\/product_tag?post=47955"}],"curies":[{"name":"wp","href":"https:\/\/api.w.org\/{rel}","templated":true}]}}