{"id":47906,"date":"2024-01-23T10:25:47","date_gmt":"2024-01-23T02:25:47","guid":{"rendered":"https:\/\/gretasexylingerie.com\/?post_type=product&#038;p=47906"},"modified":"2024-02-20T12:59:15","modified_gmt":"2024-02-20T04:59:15","slug":"rosa-korsett-oberteil-mit-netzarmeln-im-groshandel","status":"publish","type":"product","link":"https:\/\/gretasexylingerie.com\/de\/products\/wholesale-pink-corset-top-with-mesh-sleeves\/","title":{"rendered":"Rosa Korsett-Top mit Mesh-\u00c4rmeln im Gro\u00dfhandel"},"content":{"rendered":"<p><strong>Rosa Mesh-Design<\/strong>: Der Bustier-Anzug verf\u00fcgt \u00fcber ein wundersch\u00f6nes rosa Netzgewebe und bietet einen weichen, femininen Reiz, der sowohl verf\u00fchrerisch als auch raffiniert ist.<\/p>\n\n\n\n<p><strong>Wei\u00dfe Randdekoration<\/strong>: Akzentuiert mit einem schicken wei\u00dfen Rand <strong>Korsett-Oberteil mit Netz\u00e4rmeln<\/strong> strahlt eine raffinierte Eleganz aus, perfekt f\u00fcr ein herausragendes Kleidungsst\u00fcck.<\/p>\n\n\n\n<p><strong>Halsring mit Metallkette<\/strong>: Der Einsatz eines Halsrings aus Metallkette verleiht einen Hauch von ausgefallenem Glamour und macht dieses Oberteil zu einer einzigartigen und stilvollen Wahl f\u00fcr modebewusste Kunden.<\/p>\n\n\n\n<p><strong>R\u00fcscheng\u00fcrtel-Akzent<\/strong>: Ein R\u00fcscheng\u00fcrtel sorgt f\u00fcr zus\u00e4tzliche Raffinesse, betont die Silhouette des Korsetts und verleiht ihm eine verspielte und zugleich elegante Note.<\/p>\n\n\n\n<p><strong>Verstellbare BH-Schnalle zum Schn\u00fcren<\/strong>: Die verstellbare BH-Schnalle mit Schn\u00fcrung sorgt f\u00fcr eine perfekte Passform und bietet sowohl Komfort als auch Stil, was ihn zu einer praktischen Wahl f\u00fcr verschiedene K\u00f6rpertypen macht.<\/p>\n\n\n\n<p>Erleben Sie die Mischung aus modernem Stil und klassischer Eleganz mit unserem atemberaubenden rosafarbenen Korsett-Oberteil aus Netzstoff. Sein einzigartiges Design und die Liebe zum Detail machen es zu einem Muss f\u00fcr alle, die ein modisches und dennoch zeitloses St\u00fcck suchen. Bestellen Sie jetzt und f\u00fcgen Sie dieses exquisite Oberteil Ihrer Sammlung hinzu und bieten Sie Ihren Kunden einen Hauch raffinierter Sch\u00f6nheit und zukunftsweisenden Stil!<\/p>\n\n\n\n<figure class=\"wp-block-table\"><table><tbody><tr><td class=\"has-text-align-center\" data-align=\"center\" colspan=\"4\"><strong>Gr\u00f6\u00dfentabelle (CM)<\/strong><\/td><\/tr><tr><td class=\"has-text-align-center\" data-align=\"center\"><strong>Gr\u00f6\u00dfe<\/strong><\/td><td class=\"has-text-align-center\" data-align=\"center\"><strong>L\u00e4nge (cm)<\/strong><\/td><td class=\"has-text-align-center\" data-align=\"center\"><strong>Unterbrustumfang (cm)<\/strong><\/td><td class=\"has-text-align-center\" data-align=\"center\"><strong>Taille (cm)<\/strong><\/td><\/tr><tr><td class=\"has-text-align-center\" data-align=\"center\">S<\/td><td class=\"has-text-align-center\" data-align=\"center\">22<\/td><td class=\"has-text-align-center\" data-align=\"center\">54-82<\/td><td class=\"has-text-align-center\" data-align=\"center\">68-98<\/td><\/tr><tr><td class=\"has-text-align-center\" data-align=\"center\">M<\/td><td class=\"has-text-align-center\" data-align=\"center\">23<\/td><td class=\"has-text-align-center\" data-align=\"center\">58-86<\/td><td class=\"has-text-align-center\" data-align=\"center\">70-102<\/td><\/tr><tr><td class=\"has-text-align-center\" data-align=\"center\">L<\/td><td class=\"has-text-align-center\" data-align=\"center\">24<\/td><td class=\"has-text-align-center\" data-align=\"center\">62-90<\/td><td class=\"has-text-align-center\" data-align=\"center\">74-106<\/td><\/tr><tr><td class=\"has-text-align-center\" data-align=\"center\" colspan=\"4\"><strong>Gr\u00f6\u00dfentabelle (Zoll)<\/strong><\/td><\/tr><tr><td class=\"has-text-align-center\" data-align=\"center\"><strong>Gr\u00f6\u00dfe<\/strong><\/td><td class=\"has-text-align-center\" data-align=\"center\"><strong>L\u00e4nge (Zoll)<\/strong><\/td><td class=\"has-text-align-center\" data-align=\"center\"><strong>Unter der Brust (in)<\/strong><\/td><td class=\"has-text-align-center\" data-align=\"center\"><strong>Taille (in)<\/strong><\/td><\/tr><tr><td class=\"has-text-align-center\" data-align=\"center\">S<\/td><td class=\"has-text-align-center\" data-align=\"center\">8.66<\/td><td class=\"has-text-align-center\" data-align=\"center\">21.26-32.28<\/td><td class=\"has-text-align-center\" data-align=\"center\">26.77-38.58<\/td><\/tr><tr><td class=\"has-text-align-center\" data-align=\"center\">M<\/td><td class=\"has-text-align-center\" data-align=\"center\">9.06<\/td><td class=\"has-text-align-center\" data-align=\"center\">22.83-33.86<\/td><td class=\"has-text-align-center\" data-align=\"center\">27.56-40.16<\/td><\/tr><tr><td class=\"has-text-align-center\" data-align=\"center\">L<\/td><td class=\"has-text-align-center\" data-align=\"center\">9.45<\/td><td class=\"has-text-align-center\" data-align=\"center\">24.41-35.43<\/td><td class=\"has-text-align-center\" data-align=\"center\">29.13-41.73<\/td><\/tr><\/tbody><\/table><\/figure>","protected":false},"excerpt":{"rendered":"<p>Treten Sie mit uns ein in eine Welt voller zartem Charme <strong>Rosa Korsett-Oberteil<\/strong>, verziert mit rosa Mesh und eleganter wei\u00dfer Randverzierung. Das <strong>Mesh-Korsett-Oberteil<\/strong> ist eine Mischung aus Anmut und zeitgen\u00f6ssischem Stil.<\/p>","protected":false},"featured_media":47905,"template":"","meta":[],"product_brand":[],"product_cat":[390,386,367],"product_tag":[505,528,518,524,510,865],"class_list":{"0":"post-47906","1":"product","2":"type-product","3":"status-publish","4":"has-post-thumbnail","6":"product_cat-wholesale-mesh-bustier","7":"product_cat-sexy-bustiers","8":"product_cat-sexy-lingerie","9":"product_tag-5-piece-lingerie-set","10":"product_tag-halter-lingerie","11":"product_tag-mesh-lingerie","12":"product_tag-metal-lingerie","13":"product_tag-ruffles-lingerie","14":"product_tag-sexy-skimpy-lingerie","15":"pa_color-pink-women-sexy-lingerie","16":"pa_size-wholesale-large-size-women-sexy-lingerie","17":"pa_size-wholesale-medium-size-women-sexy-lingerie","18":"pa_size-wholesale-small-size-sexy-lingerie","20":"first","21":"instock","22":"taxable","23":"shipping-taxable","24":"purchasable","25":"product-type-variable"},"tiered_pricing_type":"fixed","tiered_pricing_fixed_rules":[],"tiered_pricing_product_settings":{"layout":"table","base_unit_name":{"singular":null,"plural":null},"default_variation":null},"tiered_pricing_minimum_quantity":null,"tiered_pricing_roles_data":[],"tiered_pricing_percentage_rules":[],"tiered_pricing_maximum_quantity":null,"tiered_pricing_quantity_step":null,"_links":{"self":[{"href":"https:\/\/gretasexylingerie.com\/de\/wp-json\/wp\/v2\/product\/47906","targetHints":{"allow":["GET"]}}],"collection":[{"href":"https:\/\/gretasexylingerie.com\/de\/wp-json\/wp\/v2\/product"}],"about":[{"href":"https:\/\/gretasexylingerie.com\/de\/wp-json\/wp\/v2\/types\/product"}],"wp:featuredmedia":[{"embeddable":true,"href":"https:\/\/gretasexylingerie.com\/de\/wp-json\/wp\/v2\/media\/47905"}],"wp:attachment":[{"href":"https:\/\/gretasexylingerie.com\/de\/wp-json\/wp\/v2\/media?parent=47906"}],"wp:term":[{"taxonomy":"product_brand","embeddable":true,"href":"https:\/\/gretasexylingerie.com\/de\/wp-json\/wp\/v2\/product_brand?post=47906"},{"taxonomy":"product_cat","embeddable":true,"href":"https:\/\/gretasexylingerie.com\/de\/wp-json\/wp\/v2\/product_cat?post=47906"},{"taxonomy":"product_tag","embeddable":true,"href":"https:\/\/gretasexylingerie.com\/de\/wp-json\/wp\/v2\/product_tag?post=47906"}],"curies":[{"name":"wp","href":"https:\/\/api.w.org\/{rel}","templated":true}]}}