{"id":47865,"date":"2024-01-23T10:17:28","date_gmt":"2024-01-23T02:17:28","guid":{"rendered":"https:\/\/gretasexylingerie.com\/?post_type=product&#038;p=47865"},"modified":"2024-04-04T15:00:32","modified_gmt":"2024-04-04T07:00:32","slug":"groshandel-fur-damen-aus-spandex","status":"publish","type":"product","link":"https:\/\/gretasexylingerie.com\/de\/products\/wholesale-spandex-female-bodysuit\/","title":{"rendered":"Gro\u00dfhandel f\u00fcr Damen aus Spandex mit hohlem Design"},"content":{"rendered":"<p><strong>Breiter Riemenstil<\/strong>: Das breite Tr\u00e4gerdesign dieses Bodys bietet sowohl Komfort als auch Halt und ist eine praktische und dennoch stilvolle Wahl f\u00fcr jede modebewusste Veranstaltung.<\/p>\n\n\n\n<p><strong>Hohles Design<\/strong>: Das gewagte hohle Design verleiht dem Ganzen eine provokante Note <strong>Spandex-Body<\/strong>, perfekt f\u00fcr ein mutiges Mode-Statement.<\/p>\n\n\n\n<p><strong>Super sexy Appeal<\/strong>: Ma\u00dfgeschneidert f\u00fcr Mutige und Selbstbewusste ist dieser Body ein Ausdruck der Sinnlichkeit, ideal f\u00fcr Rave-Events oder als herausragendes Kleidungsst\u00fcck.<\/p>\n\n\n\n<p><strong>Neckholder-Design<\/strong>: Dieser Body kombiniert eine moderne Silhouette mit einem klassischen Neckholder und bietet eine einzigartige Mischung aus Stil und Eleganz.<\/p>\n\n\n\n<p><strong>Vielseitige Gr\u00f6\u00dfenauswahl<\/strong>: Erh\u00e4ltlich in den Gr\u00f6\u00dfen S, M, L und in leuchtenden Farben \u2013 Schwarz, Rot und Pink \u2013 richtet es sich an eine vielf\u00e4ltige Kundschaft und gew\u00e4hrleistet eine perfekte Passform f\u00fcr eine Vielzahl von K\u00f6rpertypen.<\/p>\n\n\n\n<p>Betreten Sie die Welt der mutigen Mode mit unserem atemberaubenden Damen-Body. Sein einzigartiges Design und die leuchtenden Farben machen es zu einem Muss f\u00fcr alle, die gerne auffallen. Perfekt f\u00fcr Raves, Partys oder als gewagte Erg\u00e4nzung Ihrer Modekollektion. Bestellen Sie jetzt, um dieses sensationelle St\u00fcck zu Ihrem Sortiment hinzuzuf\u00fcgen!<\/p>\n\n\n\n<figure class=\"wp-block-table\"><table><tbody><tr><td class=\"has-text-align-center\" data-align=\"center\" colspan=\"4\"><strong>Gr\u00f6\u00dfentabelle (CM)<\/strong><\/td><\/tr><tr><td class=\"has-text-align-center\" data-align=\"center\"><strong>Gr\u00f6\u00dfe<\/strong><\/td><td class=\"has-text-align-center\" data-align=\"center\"><strong>L\u00e4nge (cm)<\/strong><\/td><td class=\"has-text-align-center\" data-align=\"center\"><strong>Unterbrustumfang (cm)<\/strong><\/td><td class=\"has-text-align-center\" data-align=\"center\"><strong>Taille (cm)<\/strong><\/td><\/tr><tr><td class=\"has-text-align-center\" data-align=\"center\">S<\/td><td class=\"has-text-align-center\" data-align=\"center\">72<\/td><td class=\"has-text-align-center\" data-align=\"center\">88<\/td><td class=\"has-text-align-center\" data-align=\"center\">64<\/td><\/tr><tr><td class=\"has-text-align-center\" data-align=\"center\">M<\/td><td class=\"has-text-align-center\" data-align=\"center\">74<\/td><td class=\"has-text-align-center\" data-align=\"center\">92<\/td><td class=\"has-text-align-center\" data-align=\"center\">68<\/td><\/tr><tr><td class=\"has-text-align-center\" data-align=\"center\">L<\/td><td class=\"has-text-align-center\" data-align=\"center\">76<\/td><td class=\"has-text-align-center\" data-align=\"center\">96<\/td><td class=\"has-text-align-center\" data-align=\"center\">72<\/td><\/tr><tr><td class=\"has-text-align-center\" data-align=\"center\" colspan=\"4\"><strong>Gr\u00f6\u00dfentabelle (Zoll)<\/strong><\/td><\/tr><tr><td class=\"has-text-align-center\" data-align=\"center\"><strong>Gr\u00f6\u00dfe<\/strong><\/td><td class=\"has-text-align-center\" data-align=\"center\"><strong>L\u00e4nge (Zoll)<\/strong><\/td><td class=\"has-text-align-center\" data-align=\"center\"><strong>Unter der Brust (in)<\/strong><\/td><td class=\"has-text-align-center\" data-align=\"center\"><strong>Taille (in)<\/strong><\/td><\/tr><tr><td class=\"has-text-align-center\" data-align=\"center\">S<\/td><td class=\"has-text-align-center\" data-align=\"center\">28.35<\/td><td class=\"has-text-align-center\" data-align=\"center\">34.65<\/td><td class=\"has-text-align-center\" data-align=\"center\">25.20<\/td><\/tr><tr><td class=\"has-text-align-center\" data-align=\"center\">M<\/td><td class=\"has-text-align-center\" data-align=\"center\">29.13<\/td><td class=\"has-text-align-center\" data-align=\"center\">36.22<\/td><td class=\"has-text-align-center\" data-align=\"center\">26.77<\/td><\/tr><tr><td class=\"has-text-align-center\" data-align=\"center\">L<\/td><td class=\"has-text-align-center\" data-align=\"center\">29.92<\/td><td class=\"has-text-align-center\" data-align=\"center\">37.80<\/td><td class=\"has-text-align-center\" data-align=\"center\">28.35<\/td><\/tr><\/tbody><\/table><\/figure>","protected":false},"excerpt":{"rendered":"<p>Lassen Sie sich von unserem verf\u00fchren <strong>weiblicher Body<\/strong>, eine nahtlose Mischung aus breiten Tr\u00e4gern und hohlem Design. Das <strong>Spandex-Body<\/strong> in Schwarz, Rot und Pink ist die ultimative Wahl f\u00fcr einen super sexy Rave-Look.<\/p>","protected":false},"featured_media":47860,"template":"","meta":[],"product_brand":[],"product_cat":[370,379,367],"product_tag":[528,866,863,447],"class_list":{"0":"post-47865","1":"product","2":"type-product","3":"status-publish","4":"has-post-thumbnail","6":"product_cat-bodysuit","7":"product_cat-wholesale-harness-bodysuit","8":"product_cat-sexy-lingerie","9":"product_tag-halter-lingerie","10":"product_tag-sexy-romper-lingerie","11":"product_tag-sexy-thong-lingerie","12":"product_tag-wholesale-strappy-sexy-lingerie","13":"pa_color-black","14":"pa_size-wholesale-large-size-women-sexy-lingerie","15":"pa_size-wholesale-medium-size-women-sexy-lingerie","16":"pa_size-wholesale-small-size-sexy-lingerie","18":"first","19":"instock","20":"taxable","21":"shipping-taxable","22":"purchasable","23":"product-type-variable"},"tiered_pricing_type":"fixed","tiered_pricing_fixed_rules":[],"tiered_pricing_product_settings":{"layout":"table","base_unit_name":{"singular":null,"plural":null},"default_variation":null},"tiered_pricing_minimum_quantity":null,"tiered_pricing_roles_data":[],"tiered_pricing_percentage_rules":[],"tiered_pricing_maximum_quantity":null,"tiered_pricing_quantity_step":null,"_links":{"self":[{"href":"https:\/\/gretasexylingerie.com\/de\/wp-json\/wp\/v2\/product\/47865","targetHints":{"allow":["GET"]}}],"collection":[{"href":"https:\/\/gretasexylingerie.com\/de\/wp-json\/wp\/v2\/product"}],"about":[{"href":"https:\/\/gretasexylingerie.com\/de\/wp-json\/wp\/v2\/types\/product"}],"wp:featuredmedia":[{"embeddable":true,"href":"https:\/\/gretasexylingerie.com\/de\/wp-json\/wp\/v2\/media\/47860"}],"wp:attachment":[{"href":"https:\/\/gretasexylingerie.com\/de\/wp-json\/wp\/v2\/media?parent=47865"}],"wp:term":[{"taxonomy":"product_brand","embeddable":true,"href":"https:\/\/gretasexylingerie.com\/de\/wp-json\/wp\/v2\/product_brand?post=47865"},{"taxonomy":"product_cat","embeddable":true,"href":"https:\/\/gretasexylingerie.com\/de\/wp-json\/wp\/v2\/product_cat?post=47865"},{"taxonomy":"product_tag","embeddable":true,"href":"https:\/\/gretasexylingerie.com\/de\/wp-json\/wp\/v2\/product_tag?post=47865"}],"curies":[{"name":"wp","href":"https:\/\/api.w.org\/{rel}","templated":true}]}}