{"id":47794,"date":"2024-01-20T22:28:54","date_gmt":"2024-01-20T14:28:54","guid":{"rendered":"https:\/\/gretasexylingerie.com\/?post_type=product&#038;p=47794"},"modified":"2024-02-20T13:08:37","modified_gmt":"2024-02-20T05:08:37","slug":"groshandel-damenhoschen-und-bh-set-aus-schwarzer-und-weiser-spitze","status":"publish","type":"product","link":"https:\/\/gretasexylingerie.com\/de\/products\/wholesale-ladies-panties-and-bra-set-in-black-and-white-lace\/","title":{"rendered":"Damenh\u00f6schen- und BH-Set aus schwarzer und wei\u00dfer Spitze im Gro\u00dfhandel"},"content":{"rendered":"<p><strong>Klassischer Kontrast: <\/strong>Der Schwarz-Wei\u00df-Kontrast darin <strong>Damenh\u00f6schen und BH-Set<\/strong> bietet einen zeitlosen Reiz, perfekt f\u00fcr diejenigen, die sowohl klassische Eleganz als auch zeitgen\u00f6ssisches Design sch\u00e4tzen.<\/p>\n\n\n\n<p><strong>Spitzenr\u00fcschen:<\/strong> Zarte Spitzenr\u00fcschen sorgen f\u00fcr einen Hauch von Raffinesse <strong>BH- und Slip-Sets wei\u00df<\/strong> Kollektion eine exquisite Wahl f\u00fcr Brautmode oder besondere Anl\u00e4sse.<\/p>\n\n\n\n<p><strong>Schleifendekoration: <\/strong>Charmante Schleifendekorationen sorgen f\u00fcr eine s\u00fc\u00dfe, romantische Note, steigern die Attraktivit\u00e4t des Sets und machen es zu einer entz\u00fcckenden Wahl f\u00fcr Ihre Kundschaft.<\/p>\n\n\n\n<p><strong>Vielseitige Eleganz: <\/strong>Dieses Set ist mehr als nur ein Muss f\u00fcr die Braut. Durch sein vielseitiges Design eignet es sich f\u00fcr verschiedene Anl\u00e4sse und spricht eine breite Kundenbasis an.<\/p>\n\n\n\n<p><strong>Komfort trifft auf Stil: <\/strong>Dieses Set wurde f\u00fcr Komfort ohne Kompromisse beim Stil entwickelt und sorgt f\u00fcr eine schmeichelhafte Passform, was es zu einer praktischen und dennoch stilvollen Wahl f\u00fcr allt\u00e4glichen Luxus macht.<\/p>\n\n\n\n<p>Verleihen Sie Ihrer Kollektion einen Hauch zeitloser Eleganz mit unserem schwarz-wei\u00dfen Spitzen-BH-Set. Perfekt f\u00fcr Braut- und Alltagsluxus, entworfen, um zu begeistern und zu beeindrucken. Bestellen Sie jetzt und bieten Sie Ihren Kunden die perfekte Mischung aus Stil und Komfort!<\/p>\n\n\n\n<figure class=\"wp-block-table aligncenter\"><table><tbody><tr><td class=\"has-text-align-center\" data-align=\"center\" colspan=\"7\"><strong>Gr\u00f6\u00dfentabelle (CM)<\/strong><\/td><\/tr><tr><td class=\"has-text-align-center\" data-align=\"center\"><strong>Gr\u00f6\u00dfe<\/strong><\/td><td class=\"has-text-align-center\" data-align=\"center\"><strong>Tassenh\u00f6he (cm)<\/strong><\/td><td class=\"has-text-align-center\" data-align=\"center\"><strong>L\u00e4nge (cm)<\/strong><\/td><td class=\"has-text-align-center\" data-align=\"center\"><strong>Oberbrust (cm)<\/strong><\/td><td class=\"has-text-align-center\" data-align=\"center\"><strong>Unterbrustumfang (cm)<\/strong><\/td><td class=\"has-text-align-center\" data-align=\"center\"><strong>Bund (cm)<\/strong><\/td><td class=\"has-text-align-center\" data-align=\"center\"><strong>Taillenumfang (cm)<\/strong><\/td><\/tr><tr><td class=\"has-text-align-center\" data-align=\"center\">M<\/td><td class=\"has-text-align-center\" data-align=\"center\">13.5<\/td><td class=\"has-text-align-center\" data-align=\"center\">15<\/td><td class=\"has-text-align-center\" data-align=\"center\">64-88<\/td><td class=\"has-text-align-center\" data-align=\"center\">61-88<\/td><td class=\"has-text-align-center\" data-align=\"center\">57-92<\/td><td class=\"has-text-align-center\" data-align=\"center\">61-96<\/td><\/tr><tr><td class=\"has-text-align-center\" data-align=\"center\">M<\/td><td class=\"has-text-align-center\" data-align=\"center\">14.5<\/td><td class=\"has-text-align-center\" data-align=\"center\">16<\/td><td class=\"has-text-align-center\" data-align=\"center\">68-92<\/td><td class=\"has-text-align-center\" data-align=\"center\">65-92<\/td><td class=\"has-text-align-center\" data-align=\"center\">61-96<\/td><td class=\"has-text-align-center\" data-align=\"center\">65-100<\/td><\/tr><tr><td class=\"has-text-align-center\" data-align=\"center\">L<\/td><td class=\"has-text-align-center\" data-align=\"center\">15.5<\/td><td class=\"has-text-align-center\" data-align=\"center\">17<\/td><td class=\"has-text-align-center\" data-align=\"center\">72-96<\/td><td class=\"has-text-align-center\" data-align=\"center\">69-96<\/td><td class=\"has-text-align-center\" data-align=\"center\">65-100<\/td><td class=\"has-text-align-center\" data-align=\"center\">69-104<\/td><\/tr><tr><td class=\"has-text-align-center\" data-align=\"center\" colspan=\"7\"><strong>Gr\u00f6\u00dfentabelle (Zoll)<\/strong><\/td><\/tr><tr><td class=\"has-text-align-center\" data-align=\"center\"><strong>Gr\u00f6\u00dfe<\/strong><\/td><td class=\"has-text-align-center\" data-align=\"center\"><strong>Tassenh\u00f6he (in)<\/strong><\/td><td class=\"has-text-align-center\" data-align=\"center\"><strong>L\u00e4nge (Zoll)<\/strong><\/td><td class=\"has-text-align-center\" data-align=\"center\"><strong>Oberbrust (in)<\/strong><\/td><td class=\"has-text-align-center\" data-align=\"center\"><strong>Unterbrustumfang (in)<\/strong><\/td><td class=\"has-text-align-center\" data-align=\"center\"><strong>Bund (in)<\/strong><\/td><td class=\"has-text-align-center\" data-align=\"center\"><strong>Taillenumfang (in)<\/strong><\/td><\/tr><tr><td class=\"has-text-align-center\" data-align=\"center\">M<\/td><td class=\"has-text-align-center\" data-align=\"center\">5.31<\/td><td class=\"has-text-align-center\" data-align=\"center\">5.91<\/td><td class=\"has-text-align-center\" data-align=\"center\">25.20-34.65<\/td><td class=\"has-text-align-center\" data-align=\"center\">24.02-34.65<\/td><td class=\"has-text-align-center\" data-align=\"center\">22.44-36.22<\/td><td class=\"has-text-align-center\" data-align=\"center\">24.02-37.80<\/td><\/tr><tr><td class=\"has-text-align-center\" data-align=\"center\">M<\/td><td class=\"has-text-align-center\" data-align=\"center\">5.71<\/td><td class=\"has-text-align-center\" data-align=\"center\">6.30<\/td><td class=\"has-text-align-center\" data-align=\"center\">26.77-36.22<\/td><td class=\"has-text-align-center\" data-align=\"center\">25.59-36.22<\/td><td class=\"has-text-align-center\" data-align=\"center\">24.02-37.80<\/td><td class=\"has-text-align-center\" data-align=\"center\">25.59-39.37<\/td><\/tr><tr><td class=\"has-text-align-center\" data-align=\"center\">L<\/td><td class=\"has-text-align-center\" data-align=\"center\">6.10<\/td><td class=\"has-text-align-center\" data-align=\"center\">6.69<\/td><td class=\"has-text-align-center\" data-align=\"center\">28.35-37.80<\/td><td class=\"has-text-align-center\" data-align=\"center\">27.17-37.80<\/td><td class=\"has-text-align-center\" data-align=\"center\">25.59-39.37<\/td><td class=\"has-text-align-center\" data-align=\"center\">27.17-40.94<\/td><\/tr><\/tbody><\/table><\/figure>","protected":false},"excerpt":{"rendered":"<p>Erleben Sie die klassische Eleganz mit unserem <strong>Damenh\u00f6schen und BH-Set<\/strong>, mit auff\u00e4lligem Schwarz-Wei\u00df-Kontrast und zarten Spitzenr\u00fcschen. Das <strong>BH-H\u00f6schen-Set Braut<\/strong> ist eine Mischung aus Tradition und modernem Charme.<\/p>","protected":false},"featured_media":47793,"template":"","meta":[],"product_brand":[],"product_cat":[368,369,367],"product_tag":[868,452,510],"class_list":{"0":"post-47794","1":"product","2":"type-product","3":"status-publish","4":"has-post-thumbnail","6":"product_cat-bra-panty-set","7":"product_cat-wholesale-lace-bra-and-panty-sets","8":"product_cat-sexy-lingerie","9":"product_tag-4-piece-lingerie-set","10":"product_tag-wholesale-boudoir-lingerie","11":"product_tag-ruffles-lingerie","12":"pa_color-black","13":"pa_size-wholesale-large-size-women-sexy-lingerie","14":"pa_size-wholesale-medium-size-women-sexy-lingerie","15":"pa_size-wholesale-small-size-sexy-lingerie","17":"first","18":"instock","19":"taxable","20":"shipping-taxable","21":"purchasable","22":"product-type-variable"},"tiered_pricing_type":"fixed","tiered_pricing_fixed_rules":[],"tiered_pricing_product_settings":{"layout":"table","base_unit_name":{"singular":null,"plural":null},"default_variation":null},"tiered_pricing_minimum_quantity":null,"tiered_pricing_roles_data":[],"tiered_pricing_percentage_rules":[],"tiered_pricing_maximum_quantity":null,"tiered_pricing_quantity_step":null,"_links":{"self":[{"href":"https:\/\/gretasexylingerie.com\/de\/wp-json\/wp\/v2\/product\/47794","targetHints":{"allow":["GET"]}}],"collection":[{"href":"https:\/\/gretasexylingerie.com\/de\/wp-json\/wp\/v2\/product"}],"about":[{"href":"https:\/\/gretasexylingerie.com\/de\/wp-json\/wp\/v2\/types\/product"}],"wp:featuredmedia":[{"embeddable":true,"href":"https:\/\/gretasexylingerie.com\/de\/wp-json\/wp\/v2\/media\/47793"}],"wp:attachment":[{"href":"https:\/\/gretasexylingerie.com\/de\/wp-json\/wp\/v2\/media?parent=47794"}],"wp:term":[{"taxonomy":"product_brand","embeddable":true,"href":"https:\/\/gretasexylingerie.com\/de\/wp-json\/wp\/v2\/product_brand?post=47794"},{"taxonomy":"product_cat","embeddable":true,"href":"https:\/\/gretasexylingerie.com\/de\/wp-json\/wp\/v2\/product_cat?post=47794"},{"taxonomy":"product_tag","embeddable":true,"href":"https:\/\/gretasexylingerie.com\/de\/wp-json\/wp\/v2\/product_tag?post=47794"}],"curies":[{"name":"wp","href":"https:\/\/api.w.org\/{rel}","templated":true}]}}