{"id":46776,"date":"2023-11-21T01:31:21","date_gmt":"2023-11-20T17:31:21","guid":{"rendered":"https:\/\/gretasexylingerie.com\/?post_type=product&#038;p=46776"},"modified":"2024-04-04T16:22:52","modified_gmt":"2024-04-04T08:22:52","slug":"groshandel-mit-strumpfband-bustier-mit-neckholder-und-netzdesign","status":"publish","type":"product","link":"https:\/\/gretasexylingerie.com\/de\/products\/wholesale-garter-bustier-with-halter-neck-and-fishnet-design\/","title":{"rendered":"Strumpfhalter-Bustier mit Neckholder und Netzdesign im Gro\u00dfhandel"},"content":{"rendered":"<ol class=\"wp-block-list\">\n<li><strong>Strumpfband-Bustier<\/strong>: Erleben Sie die perfekte Mischung aus Stil und Verf\u00fchrung mit unserem Straps-Bustier. Es soll Ihrer Figur schmeicheln und Ihrer Dessous-Kollektion einen Hauch gewagter Eleganz verleihen.<\/li>\n\n\n\n<li><strong>Schwarzes Bustier-Set<\/strong>: Dieses Set ist eine zeitlose Erg\u00e4nzung f\u00fcr jede Garderobe und bietet Vielseitigkeit und Stil. Ideal f\u00fcr alle, die klassische Sch\u00f6nheit mit einem modernen Touch sch\u00e4tzen.<\/li>\n\n\n\n<li><strong>Netzmaterial<\/strong>: Beim Netzmaterial dieses Bustier-Sets geht es nicht nur um den Reiz; Es ist ein modisches Statement. Entworfen f\u00fcr den selbstbewussten und stilbewussten Menschen.<\/li>\n\n\n\n<li><strong>Neckholder-Design<\/strong>: Der Neckholder verleiht dem Bustier ein schickes und stilvolles Element und macht es zu einem herausragenden St\u00fcck. Perfekt f\u00fcr alle, die es lieben, Mode mit Sinnlichkeit zu verbinden.<\/li>\n\n\n\n<li><strong>R\u00fcckenfreies Design<\/strong>: Die r\u00fcckenfreie Funktion sorgt f\u00fcr einen zus\u00e4tzlichen Reiz, ideal f\u00fcr besondere Anl\u00e4sse oder wenn Sie sich besonders selbstbewusst und bezaubernd f\u00fchlen m\u00f6chten.<\/li>\n\n\n\n<li><strong>Mesh-Dessous-Set<\/strong>: Dieses Set ist nicht nur optisch ansprechend, sondern auch bequem, was es zu einer guten Wahl f\u00fcr alle macht, die sowohl Wert auf Stil als auch auf Komfort legen.<\/li>\n<\/ol>\n\n\n\n<p>Erweitern Sie Ihre Dessous-Kollektion mit unserem Gro\u00dfhandels-Strumpfband-Bustier-Set. Dieses exquisite St\u00fcck ist ein Beweis f\u00fcr k\u00fchne Eleganz und Komfort. Ideal f\u00fcr alle, die gerne ein Statement setzen, ist es aufgrund seines einzigartigen Designs und der bequemen Passform ein Muss. Bestellen Sie jetzt und zeigen Sie Ihr selbstbewusstes, stilvolles Selbst!<\/p>\n\n\n\n<figure class=\"wp-block-table\"><table><tbody><tr><td colspan=\"7\"><strong>Gr\u00f6\u00dfentabelle (CM)<\/strong><\/td><\/tr><tr><td><strong>Gr\u00f6\u00dfe<\/strong><\/td><td><strong>Oberteill\u00e4nge (cm)<\/strong><\/td><td><strong>Kragen (cm)<\/strong><\/td><td><strong>Unterbrustumfang (cm)<\/strong><\/td><td><strong>Taille (cm)<\/strong><\/td><td><strong>H\u00f6schentaille (cm)<\/strong><\/td><td><strong>Vordere mittlere Taille (cm)<\/strong><\/td><\/tr><tr><td>S<\/td><td>66<\/td><td>35.5<\/td><td>70-86<\/td><td>64-84<\/td><td>62-102<\/td><td>15.5<\/td><\/tr><tr><td>M<\/td><td>67<\/td><td>37<\/td><td>74-90<\/td><td>68-88<\/td><td>66-106<\/td><td>16<\/td><\/tr><tr><td>L<\/td><td>68<\/td><td>38.5<\/td><td>78-94<\/td><td>72-92<\/td><td>70-110<\/td><td>16.5<\/td><\/tr><\/tbody><\/table><\/figure>\n\n\n\n<figure class=\"wp-block-table\"><table><tbody><tr><td colspan=\"7\"><strong>Gr\u00f6\u00dfentabelle (Zoll)<\/strong><\/td><\/tr><tr><td><strong>Gr\u00f6\u00dfe<\/strong><\/td><td><strong>Oberteill\u00e4nge (in)<\/strong><\/td><td><strong>Kragen (in)<\/strong><\/td><td><strong>Unter der Brust (in)<\/strong><\/td><td><strong>Taille (in)<\/strong><\/td><td><strong>H\u00f6schentaille (in)<\/strong><\/td><td><strong>Vordere mittlere Taille (in)<\/strong><\/td><\/tr><tr><td>S<\/td><td>25.98<\/td><td>13.98<\/td><td>27.56-33.86<\/td><td>25.20-33.07<\/td><td>24.41-40.16<\/td><td>6.10<\/td><\/tr><tr><td>M<\/td><td>26.38<\/td><td>14.57<\/td><td>29.13-35.43<\/td><td>26.77-34.65<\/td><td>25.98-41.73<\/td><td>6.30<\/td><\/tr><tr><td>L<\/td><td>26.77<\/td><td>15.16<\/td><td>30.71-37.01<\/td><td>28.35-36.22<\/td><td>27.56-43.31<\/td><td>6.50<\/td><\/tr><\/tbody><\/table><\/figure>","protected":false},"excerpt":{"rendered":"<p>Entdecken Sie den Reiz unseres <strong>Gro\u00dfhandel mit Strumpfband-Bustier-Set<\/strong>, ein atemberaubendes Ensemble, das die K\u00fchnheit von vereint <strong>Netzmaterial<\/strong> mit der Eleganz eines <strong>schwarzes Bustier<\/strong>. Perfekt f\u00fcr diejenigen, die es wagen, aufzufallen.<\/p>","protected":false},"featured_media":46786,"template":"","meta":[],"product_brand":[],"product_cat":[387,390,367],"product_tag":[541,528,518,446],"class_list":{"0":"post-46776","1":"product","2":"type-product","3":"status-publish","4":"has-post-thumbnail","6":"product_cat-wholesale-bustier-bra-set","7":"product_cat-wholesale-mesh-bustier","8":"product_cat-sexy-lingerie","9":"product_tag-fishnet-lingerie","10":"product_tag-halter-lingerie","11":"product_tag-mesh-lingerie","12":"product_tag-wholesale-sexy-see-through-lingerie","13":"pa_color-black","14":"pa_color-blue-women-sexy-lingerie","15":"pa_color-grey","16":"pa_size-wholesale-large-size-women-sexy-lingerie","17":"pa_size-wholesale-medium-size-women-sexy-lingerie","18":"pa_size-wholesale-small-size-sexy-lingerie","20":"first","21":"instock","22":"taxable","23":"shipping-taxable","24":"purchasable","25":"product-type-variable"},"tiered_pricing_type":"fixed","tiered_pricing_fixed_rules":[],"tiered_pricing_product_settings":{"layout":"table","base_unit_name":{"singular":null,"plural":null},"default_variation":null},"tiered_pricing_minimum_quantity":null,"tiered_pricing_roles_data":[],"tiered_pricing_percentage_rules":[],"tiered_pricing_maximum_quantity":null,"tiered_pricing_quantity_step":null,"_links":{"self":[{"href":"https:\/\/gretasexylingerie.com\/de\/wp-json\/wp\/v2\/product\/46776","targetHints":{"allow":["GET"]}}],"collection":[{"href":"https:\/\/gretasexylingerie.com\/de\/wp-json\/wp\/v2\/product"}],"about":[{"href":"https:\/\/gretasexylingerie.com\/de\/wp-json\/wp\/v2\/types\/product"}],"wp:featuredmedia":[{"embeddable":true,"href":"https:\/\/gretasexylingerie.com\/de\/wp-json\/wp\/v2\/media\/46786"}],"wp:attachment":[{"href":"https:\/\/gretasexylingerie.com\/de\/wp-json\/wp\/v2\/media?parent=46776"}],"wp:term":[{"taxonomy":"product_brand","embeddable":true,"href":"https:\/\/gretasexylingerie.com\/de\/wp-json\/wp\/v2\/product_brand?post=46776"},{"taxonomy":"product_cat","embeddable":true,"href":"https:\/\/gretasexylingerie.com\/de\/wp-json\/wp\/v2\/product_cat?post=46776"},{"taxonomy":"product_tag","embeddable":true,"href":"https:\/\/gretasexylingerie.com\/de\/wp-json\/wp\/v2\/product_tag?post=46776"}],"curies":[{"name":"wp","href":"https:\/\/api.w.org\/{rel}","templated":true}]}}