{"id":46760,"date":"2023-11-21T00:45:13","date_gmt":"2023-11-20T16:45:13","guid":{"rendered":"https:\/\/gretasexylingerie.com\/?post_type=product&#038;p=46760"},"modified":"2023-12-13T21:35:58","modified_gmt":"2023-12-13T13:35:58","slug":"eleganter-straps-body-mit-love-spotted-mesh","status":"publish","type":"product","link":"https:\/\/gretasexylingerie.com\/de\/products\/elegant-garter-bodysuit-with-love-spotted-mesh\/","title":{"rendered":"Eleganter Straps-Body mit Love-Spotted-Mesh"},"content":{"rendered":"<ol class=\"wp-block-list\">\n<li><strong>Strumpfband-Body<\/strong>: Unser Straps-Body ist so konzipiert, dass er sowohl Stil als auch Komfort bietet. Sein einteiliges Design sorgt f\u00fcr einen eleganten und nahtlosen Look und macht es zu einem Must-Have f\u00fcr Ihre Dessous-Kollektion.<\/li>\n\n\n\n<li><strong>Brustschleifendekoration<\/strong>: Die zarte Schleife auf der Brust verleiht diesem Body einen Hauch von Weiblichkeit und Eleganz und hebt ihn von den anderen ab. Es ist ein subtiles, aber wirkungsvolles Detail, das den Gesamteindruck steigert.<\/li>\n\n\n\n<li><strong>Liebesfleckiges Netz<\/strong>: Der Netzstoff mit Liebesflecken des Bodys ist sowohl optisch umwerfend als auch angenehm haptisch. Dieses einzigartige Material verleiht dem Design eine verspielte und romantische Note.<\/li>\n\n\n\n<li><strong>Sexy schwarzer Ganzk\u00f6rperanzug<\/strong>: Umfassen Sie Ihre Sinnlichkeit mit diesem sexy schwarzen Ganzk\u00f6rperanzug. Seine Farbe und sein Design machen es vielseitig f\u00fcr verschiedene Anl\u00e4sse, sei es als Intimkleidung oder als auff\u00e4lliges Statement unter Ihrem Outfit.<\/li>\n\n\n\n<li><strong>T\u00fcll-Body mit Mesh-Beinringen<\/strong>: Die Einarbeitung von Beinringen aus T\u00fcll und Mesh verleiht dem klassischen Body eine moderne Note und bietet eine einzigartige Mischung aus Komfort und Stil.<\/li>\n<\/ol>\n\n\n\n<p>G\u00f6nnen Sie sich das luxuri\u00f6se Gef\u00fchl und das raffinierte Design unseres Strumpfband-Bodysuits. Egal, ob Sie Ihrem Abend einen Hauch Romantik verleihen m\u00f6chten oder einfach nur ein stilvolles und bequemes Dessous-Teil suchen, dieser Body wird Sie mit Sicherheit fesseln und verzaubern. Erweitern Sie Ihr Dessous-Angebot mit diesem exquisiten St\u00fcck \u2013 bestellen Sie es noch heute und erleben Sie die perfekte Mischung aus Eleganz und Anziehungskraft!<\/p>\n\n\n\n<figure class=\"wp-block-table\"><table><tbody><tr><td colspan=\"6\"><strong>Gr\u00f6\u00dfentabelle (CM)<\/strong><\/td><\/tr><tr><td><strong>Gr\u00f6\u00dfe<\/strong><\/td><td><strong>L\u00e4nge (cm)<\/strong><\/td><td><strong>Schulter (cm)<\/strong><\/td><td><strong>Unterbrustumfang (cm)<\/strong><\/td><td><strong>Taille (cm)<\/strong><\/td><td><strong>H\u00fcfte (cm)<\/strong><\/td><\/tr><tr><td>S<\/td><td>57<\/td><td>38<\/td><td>66-86<\/td><td>64-96<\/td><td>64<\/td><\/tr><tr><td>M<\/td><td>59<\/td><td>38<\/td><td>70-90<\/td><td>68-100<\/td><td>68<\/td><\/tr><tr><td>L<\/td><td>61<\/td><td>38<\/td><td>74-94<\/td><td>72-104<\/td><td>72<\/td><\/tr><\/tbody><\/table><\/figure>\n\n\n\n<figure class=\"wp-block-table\"><table><tbody><tr><td colspan=\"6\"><strong>Gr\u00f6\u00dfentabelle (Zoll)<\/strong><\/td><\/tr><tr><td><strong>Gr\u00f6\u00dfe<\/strong><\/td><td><strong>L\u00e4nge (Zoll)<\/strong><\/td><td><strong>Schulter (in)<\/strong><\/td><td><strong>Unter der Brust (in)<\/strong><\/td><td><strong>Taille (in)<\/strong><\/td><td><strong>H\u00fcfte (Zoll)<\/strong><\/td><\/tr><tr><td>S<\/td><td>22.44<\/td><td>14.96<\/td><td>25.98-33.86<\/td><td>25.20-37.80<\/td><td>25.20<\/td><\/tr><tr><td>M<\/td><td>23.23<\/td><td>14.96<\/td><td>27.56-35.43<\/td><td>26.77-39.37<\/td><td>26.77<\/td><\/tr><tr><td>L<\/td><td>24.02<\/td><td>14.96<\/td><td>29.13-37.01<\/td><td>28.35-40.94<\/td><td>28.35<\/td><\/tr><\/tbody><\/table><\/figure>","protected":false},"excerpt":{"rendered":"<p>Treten Sie ein in eine Welt voller Eleganz mit unserem Strumpfband-Body, einem einteiligen Wunderwerk, das mit einer bezaubernden Schleife auf der Brust verziert ist. Dieser aus Netzstoff mit Liebesflecken gefertigte und mit Netzbeinringen versehene Body ist der Inbegriff von Anmut und Verf\u00fchrung, perfekt f\u00fcr besondere Momente.<\/p>","protected":false},"featured_media":46775,"template":"","meta":[],"product_brand":[],"product_cat":[370,367,373],"product_tag":[452,448,518],"class_list":{"0":"post-46760","1":"product","2":"type-product","3":"status-publish","4":"has-post-thumbnail","6":"product_cat-bodysuit","7":"product_cat-sexy-lingerie","8":"product_cat-wholesale-sexy-mesh-bodysuit","9":"product_tag-wholesale-boudoir-lingerie","10":"product_tag-wholesale-elegant-sexy-lingerie","11":"product_tag-mesh-lingerie","12":"pa_color-black","13":"pa_size-wholesale-large-size-women-sexy-lingerie","14":"pa_size-wholesale-medium-size-women-sexy-lingerie","15":"pa_size-wholesale-small-size-sexy-lingerie","17":"first","18":"instock","19":"taxable","20":"shipping-taxable","21":"purchasable","22":"product-type-variable"},"tiered_pricing_type":"fixed","tiered_pricing_fixed_rules":[],"tiered_pricing_product_settings":{"layout":"default","base_unit_name":{"singular":null,"plural":null},"default_variation":{}},"tiered_pricing_minimum_quantity":null,"tiered_pricing_roles_data":[],"tiered_pricing_percentage_rules":[],"tiered_pricing_maximum_quantity":null,"tiered_pricing_quantity_step":null,"_links":{"self":[{"href":"https:\/\/gretasexylingerie.com\/de\/wp-json\/wp\/v2\/product\/46760","targetHints":{"allow":["GET"]}}],"collection":[{"href":"https:\/\/gretasexylingerie.com\/de\/wp-json\/wp\/v2\/product"}],"about":[{"href":"https:\/\/gretasexylingerie.com\/de\/wp-json\/wp\/v2\/types\/product"}],"wp:featuredmedia":[{"embeddable":true,"href":"https:\/\/gretasexylingerie.com\/de\/wp-json\/wp\/v2\/media\/46775"}],"wp:attachment":[{"href":"https:\/\/gretasexylingerie.com\/de\/wp-json\/wp\/v2\/media?parent=46760"}],"wp:term":[{"taxonomy":"product_brand","embeddable":true,"href":"https:\/\/gretasexylingerie.com\/de\/wp-json\/wp\/v2\/product_brand?post=46760"},{"taxonomy":"product_cat","embeddable":true,"href":"https:\/\/gretasexylingerie.com\/de\/wp-json\/wp\/v2\/product_cat?post=46760"},{"taxonomy":"product_tag","embeddable":true,"href":"https:\/\/gretasexylingerie.com\/de\/wp-json\/wp\/v2\/product_tag?post=46760"}],"curies":[{"name":"wp","href":"https:\/\/api.w.org\/{rel}","templated":true}]}}