{"id":46096,"date":"2023-10-23T00:31:26","date_gmt":"2023-10-22T16:31:26","guid":{"rendered":"https:\/\/gretasexylingerie.com\/?post_type=product&#038;p=46096"},"modified":"2023-10-23T00:33:03","modified_gmt":"2023-10-22T16:33:03","slug":"groshandel-sexy-schwarze-dienstmadchenuniform-mit-weisen-ruschen","status":"publish","type":"product","link":"https:\/\/gretasexylingerie.com\/de\/products\/wholesale-sexy-black-maid-uniform-with-white-ruffles\/","title":{"rendered":"Gro\u00dfhandel Sexy schwarze Dienstm\u00e4dchenuniform mit wei\u00dfen R\u00fcschen"},"content":{"rendered":"<ol class=\"wp-block-list\">\n<li>Bereit f\u00fcr den Nachtclub: Unsere schwarze Dienstm\u00e4dchenuniform ist ma\u00dfgeschneidert f\u00fcr die moderne Frau, die ein Statement setzen m\u00f6chte. Das sexy franz\u00f6sische Dienstm\u00e4dchen-Design kombiniert klassische Serviceelemente mit einem Hauch von modernem Nachtclub-Charme und macht es zur ersten Wahl f\u00fcr alle, die eine Mischung aus Service und Verf\u00fchrung suchen.<\/li>\n\n\n\n<li>Wei\u00dfe Internet-Promi-R\u00fcschen: Die wei\u00dfen R\u00fcschen, inspiriert von Internet-Promi-Trends, bieten einen Hauch von verspieltem Charme und heben es von traditionellen Dienstm\u00e4dchen-Outfits ab. Sein aufwendiges Design sorgt f\u00fcr einen herausragenden Reiz f\u00fcr besondere Momente.<\/li>\n\n\n\n<li>Transparentes tiefes V-Design: Das tiefe V-Design verleiht einen Hauch verf\u00fchrerischer Eleganz, f\u00e4ngt die Essenz des klassischen Dienstm\u00e4dchen-Looks ein und verleiht ihm gleichzeitig einen modernen Touch.<\/li>\n\n\n\n<li>Kurzer Rock, der das Ges\u00e4\u00df freilegt: Das kurze Rockdesign, erg\u00e4nzt durch die Funktion, die das Ges\u00e4\u00df freilegt, bietet Komfort und Stil und sorgt daf\u00fcr, dass sich die Tr\u00e4gerin selbstbewusst und verf\u00fchrerisch f\u00fchlt.<\/li>\n\n\n\n<li>Komplettes Ensemble: Vom charakteristischen Rock und H\u00f6schen bis hin zur erg\u00e4nzenden Sch\u00fcrze, dem Stirnband, dem Kragen, den Handschuhen und dem Federstab erg\u00e4nzt jedes Teil dieses Sets das Gesamtbild und bietet Kunden ein umfassendes Rollenspielerlebnis.<\/li>\n<\/ol>\n\n\n\n<p>Erweitern Sie Ihre Einzelhandelskollektion mit unserem sexy Haush\u00e4lterin-Kost\u00fcm, das klassische Eleganz mit modernen Materialien verbindet. Tauchen Sie mit diesem Ensemble in die Welt sexy Putz-Outfits ein. Kontaktieren Sie uns f\u00fcr Gro\u00dfhandelsanfragen und erweitern Sie Ihr Sortiment.<\/p>","protected":false},"excerpt":{"rendered":"<p>Treten Sie mit unserer schwarzen Dienstm\u00e4dchenuniform ins Rampenlicht, perfekt f\u00fcr Nachtclubveranstaltungen und Mottopartys. Dieses Outfit ist mit wei\u00dfen R\u00fcschen von Internet-Prominenten und einem transparenten, tiefen V-Design verziert und der Inbegriff sinnlicher Eleganz. Tauchen Sie ein in eine Geschichte voller Service, Verlockung und verspieltem Charme.<\/p>","protected":false},"featured_media":46104,"template":"","meta":[],"product_brand":[],"product_cat":[974],"product_tag":[989],"class_list":{"0":"post-46096","1":"product","2":"type-product","3":"status-publish","4":"has-post-thumbnail","6":"product_cat-wholesale-sexy-costumes","7":"product_tag-nurse-costume","8":"pa_color-black","9":"pa_size-free","11":"first","12":"instock","13":"taxable","14":"shipping-taxable","15":"purchasable","16":"product-type-variable"},"tiered_pricing_type":"fixed","tiered_pricing_fixed_rules":[],"tiered_pricing_product_settings":{"layout":"default","base_unit_name":{"singular":null,"plural":null},"default_variation":{}},"tiered_pricing_minimum_quantity":null,"tiered_pricing_roles_data":[],"tiered_pricing_percentage_rules":[],"tiered_pricing_maximum_quantity":null,"tiered_pricing_quantity_step":null,"_links":{"self":[{"href":"https:\/\/gretasexylingerie.com\/de\/wp-json\/wp\/v2\/product\/46096","targetHints":{"allow":["GET"]}}],"collection":[{"href":"https:\/\/gretasexylingerie.com\/de\/wp-json\/wp\/v2\/product"}],"about":[{"href":"https:\/\/gretasexylingerie.com\/de\/wp-json\/wp\/v2\/types\/product"}],"wp:featuredmedia":[{"embeddable":true,"href":"https:\/\/gretasexylingerie.com\/de\/wp-json\/wp\/v2\/media\/46104"}],"wp:attachment":[{"href":"https:\/\/gretasexylingerie.com\/de\/wp-json\/wp\/v2\/media?parent=46096"}],"wp:term":[{"taxonomy":"product_brand","embeddable":true,"href":"https:\/\/gretasexylingerie.com\/de\/wp-json\/wp\/v2\/product_brand?post=46096"},{"taxonomy":"product_cat","embeddable":true,"href":"https:\/\/gretasexylingerie.com\/de\/wp-json\/wp\/v2\/product_cat?post=46096"},{"taxonomy":"product_tag","embeddable":true,"href":"https:\/\/gretasexylingerie.com\/de\/wp-json\/wp\/v2\/product_tag?post=46096"}],"curies":[{"name":"wp","href":"https:\/\/api.w.org\/{rel}","templated":true}]}}