{"id":45931,"date":"2023-10-19T00:08:57","date_gmt":"2023-10-18T16:08:57","guid":{"rendered":"https:\/\/gretasexylingerie.com\/?post_type=product&#038;p=45931"},"modified":"2023-10-19T00:10:23","modified_gmt":"2023-10-18T16:10:23","slug":"groshandels-halloween-armee-tarnkostum","status":"publish","type":"product","link":"https:\/\/gretasexylingerie.com\/de\/products\/wholesale-halloween-army-camouflage-costume\/","title":{"rendered":"Gro\u00dfhandels-Halloween-Armee-Tarnkost\u00fcm mit transparentem Netz"},"content":{"rendered":"<ol class=\"wp-block-list\">\n<li>Milit\u00e4rischer Reiz mit dem gewissen Etwas: Das Army-Camouflage-Thema f\u00e4ngt die Essenz des milit\u00e4rischen Reizes mit einem sinnlichen Twist ein und macht es zu einer herausragenden Wahl f\u00fcr Halloween-Enthusiasten. Das Camouflage-Design sorgt f\u00fcr einen dauerhaften Reiz in Ihrer Einzelhandelskollektion und l\u00e4dt zu einer Erz\u00e4hlung von St\u00e4rke und Verf\u00fchrung ein.<\/li>\n\n\n\n<li>Sinnliches transparentes Mesh-Design: Das transparente Mesh bietet einen einzigartigen und faszinierenden Look und verleiht dem klassischen Milit\u00e4rthema einen Hauch moderner Sinnlichkeit. Es ist eine ausgezeichnete Wahl f\u00fcr Einzelh\u00e4ndler, die ein vielf\u00e4ltiges Sortiment an fantasievoller Kleidung anbieten m\u00f6chten.<\/li>\n\n\n\n<li>Einzigartige bestickte Augenmaske: Die mit Tarnmuster bestickte Knutschfleck-Augenmaske zeichnet dieses Kost\u00fcm aus, verleiht ihm eine unverwechselbare Note und wertet das Gesamtbild auf.<\/li>\n\n\n\n<li>Umfangreiches Zubeh\u00f6rset: Vom charakteristischen Hut und den Str\u00fcmpfen bis hin zum stilvollen H\u00fcftrock und H\u00f6schen wurde jedes Accessoire in diesem Set sorgf\u00e4ltig ausgew\u00e4hlt, um das Gesamtbild zu erg\u00e4nzen und den Kunden ein umfassendes Kost\u00fcmerlebnis zu bieten.<\/li>\n\n\n\n<li>Bereit f\u00fcr den Gro\u00dfhandel: Dieses Armee-Tarnkost\u00fcm wurde f\u00fcr den Gro\u00dfhandel ma\u00dfgeschneidert und ist darauf vorbereitet, ein meistverkaufter Artikel in Ihrer Einzelhandelskollektion zu werden. Es ist mehr als nur ein Kost\u00fcm; Es verk\u00f6rpert Fantasie und ma\u00dfgebliche Erkundung.<\/li>\n<\/ol>\n\n\n\n<p>Erweitern Sie Ihre Einzelhandelskollektion mit unserem Armee-Tarnkost\u00fcm im Gro\u00dfhandel, einer perfekten Mischung aus milit\u00e4rischem Charme und Halloween-Festlichkeit. Es ist eine ideale Wahl f\u00fcr Einzelh\u00e4ndler, die ein vielf\u00e4ltiges und fantasievolles Bekleidungssortiment anbieten. Kontaktieren Sie uns f\u00fcr Gro\u00dfhandelsanfragen und verleihen Sie Ihrem Sortiment in dieser festlichen Jahreszeit einen Hauch von St\u00e4rke und Reiz.<\/p>","protected":false},"excerpt":{"rendered":"<p>Tauchen Sie ein in festliche Stimmung mit unserem Gro\u00dfhandels-Armee-Tarnkost\u00fcm f\u00fcr Halloween. Dieses Ensemble besteht aus transparentem Netzstoff und wird durch eine mit Tarnmuster bestickte Knutschfleck-Augenmaske erg\u00e4nzt. Es ist die erste Wahl f\u00fcr Einzelh\u00e4ndler, die eine Mischung aus milit\u00e4rischem Charme und zeitgen\u00f6ssischer Sinnlichkeit bieten m\u00f6chten.<\/p>","protected":false},"featured_media":45936,"template":"","meta":[],"product_brand":[],"product_cat":[974],"product_tag":[978],"class_list":{"0":"post-45931","1":"product","2":"type-product","3":"status-publish","4":"has-post-thumbnail","6":"product_cat-wholesale-sexy-costumes","7":"product_tag-policewoman-costume","8":"pa_color-camouflage","9":"pa_size-free","11":"first","12":"instock","13":"taxable","14":"shipping-taxable","15":"purchasable","16":"product-type-variable"},"tiered_pricing_type":"fixed","tiered_pricing_fixed_rules":[],"tiered_pricing_product_settings":{"layout":"default","base_unit_name":{"singular":null,"plural":null},"default_variation":{}},"tiered_pricing_minimum_quantity":null,"tiered_pricing_roles_data":[],"tiered_pricing_percentage_rules":[],"tiered_pricing_maximum_quantity":null,"tiered_pricing_quantity_step":null,"_links":{"self":[{"href":"https:\/\/gretasexylingerie.com\/de\/wp-json\/wp\/v2\/product\/45931","targetHints":{"allow":["GET"]}}],"collection":[{"href":"https:\/\/gretasexylingerie.com\/de\/wp-json\/wp\/v2\/product"}],"about":[{"href":"https:\/\/gretasexylingerie.com\/de\/wp-json\/wp\/v2\/types\/product"}],"wp:featuredmedia":[{"embeddable":true,"href":"https:\/\/gretasexylingerie.com\/de\/wp-json\/wp\/v2\/media\/45936"}],"wp:attachment":[{"href":"https:\/\/gretasexylingerie.com\/de\/wp-json\/wp\/v2\/media?parent=45931"}],"wp:term":[{"taxonomy":"product_brand","embeddable":true,"href":"https:\/\/gretasexylingerie.com\/de\/wp-json\/wp\/v2\/product_brand?post=45931"},{"taxonomy":"product_cat","embeddable":true,"href":"https:\/\/gretasexylingerie.com\/de\/wp-json\/wp\/v2\/product_cat?post=45931"},{"taxonomy":"product_tag","embeddable":true,"href":"https:\/\/gretasexylingerie.com\/de\/wp-json\/wp\/v2\/product_tag?post=45931"}],"curies":[{"name":"wp","href":"https:\/\/api.w.org\/{rel}","templated":true}]}}