{"id":45921,"date":"2023-10-18T23:33:33","date_gmt":"2023-10-18T15:33:33","guid":{"rendered":"https:\/\/gretasexylingerie.com\/?post_type=product&#038;p=45921"},"modified":"2023-10-18T23:34:36","modified_gmt":"2023-10-18T15:34:36","slug":"groshandel-suses-sexy-rotes-krankenschwesterkostum","status":"publish","type":"product","link":"https:\/\/gretasexylingerie.com\/de\/products\/wholesale-cute-sexy-red-nurse-costume\/","title":{"rendered":"Gro\u00dfhandelss\u00fc\u00dfes sexy rotes Krankenschwester-Kost\u00fcm f\u00fcr Halloween Cosplay"},"content":{"rendered":"<ol class=\"wp-block-list\">\n<li>Festlicher medizinischer Charme: Das Thema \u201eSexy Red Nurse\u201c f\u00e4ngt die Essenz der medizinischen Faszination mit einem festlichen Touch ein und macht es zu einer fesselnden Wahl f\u00fcr Halloween-Enthusiasten. Das leuchtend rote Design sorgt f\u00fcr einen dauerhaften Reiz in Ihrer Einzelhandelskollektion und l\u00e4dt zu einer Erz\u00e4hlung von F\u00fcrsorge und Flirt ein.<\/li>\n\n\n\n<li>Elegante wei\u00dfe Spitzendetails: Die wei\u00dfe transparente Spitze auf beiden Seiten des h\u00fcftbedeckenden Rocks verleiht dem Kost\u00fcm einen Hauch von Eleganz und Weiblichkeit. Es ist eine ausgezeichnete Wahl f\u00fcr Einzelh\u00e4ndler, die ein vielf\u00e4ltiges Sortiment an fantasievoller Kleidung anbieten m\u00f6chten.<\/li>\n\n\n\n<li>Umfangreiches Zubeh\u00f6r-Ensemble: Vom charakteristischen Stirnband und Ohrh\u00f6rer bis hin zu den stilvollen Handschuhen und der Sch\u00fcrze wurde jedes Zubeh\u00f6r in diesem Set sorgf\u00e4ltig ausgew\u00e4hlt, um das Gesamtbild zu verbessern und den Kunden ein umfassendes Kost\u00fcmerlebnis zu bieten.<\/li>\n\n\n\n<li>Hochwertige Handwerkskunst: Die Liebe zum Detail zeigt sich in jedem Aspekt dieses Kost\u00fcms, von der Verwendung hochwertiger Materialien bis hin zu Netzstr\u00fcmpfen und Hosentr\u00e4gern, die f\u00fcr eine bequeme Passform und ein poliertes Finish sorgen.<\/li>\n\n\n\n<li>Bereit f\u00fcr den Gro\u00dfhandel: Dieses sexy rote Krankenschwester-Kost\u00fcm wurde f\u00fcr den Gro\u00dfhandel ma\u00dfgeschneidert und ist darauf vorbereitet, ein meistverkaufter Artikel in Ihrer Einzelhandelskollektion zu werden. Es ist mehr als nur ein Kost\u00fcm; es verk\u00f6rpert Fantasie und spielerische Erkundung.<\/li>\n<\/ol>\n\n\n\n<p>Erweitern Sie Ihre Einzelhandelskollektion mit unserem Sexy Red Nurse-Kost\u00fcm im Gro\u00dfhandel, einer perfekten Mischung aus medizinischem Charme und Halloween-Festlichkeit. Es ist eine ideale Wahl f\u00fcr Einzelh\u00e4ndler, die ein vielf\u00e4ltiges und fantasievolles Bekleidungssortiment anbieten. Kontaktieren Sie uns f\u00fcr Gro\u00dfhandelsanfragen und verleihen Sie Ihrem Sortiment in dieser festlichen Jahreszeit eine Portion Pflege und Charme.<\/p>","protected":false},"excerpt":{"rendered":"<p>Genie\u00dfen Sie den festlichen Reiz mit unserem Gro\u00dfhandelskost\u00fcm \u201eSexy Rote Krankenschwester\u201c f\u00fcr Halloween. Dieses Ensemble besteht aus einem h\u00fcftbedeckenden Rock, der mit wei\u00dfer, transparenter Spitze verziert ist, und wird durch eine Reihe passender Accessoires erg\u00e4nzt. Eine Top-Wahl f\u00fcr Einzelh\u00e4ndler, die eine Mischung aus medizinischem Charme und verspielter Sinnlichkeit bieten m\u00f6chten.<\/p>","protected":false},"featured_media":45929,"template":"","meta":[],"product_brand":[],"product_cat":[974],"product_tag":[984,989],"class_list":{"0":"post-45921","1":"product","2":"type-product","3":"status-publish","4":"has-post-thumbnail","6":"product_cat-wholesale-sexy-costumes","7":"product_tag-halloween-costumes","8":"product_tag-nurse-costume","9":"pa_color-red-women-sexy-lingerie","10":"pa_size-free","12":"first","13":"instock","14":"taxable","15":"shipping-taxable","16":"purchasable","17":"product-type-variable"},"tiered_pricing_type":"fixed","tiered_pricing_fixed_rules":[],"tiered_pricing_product_settings":{"layout":"default","base_unit_name":{"singular":null,"plural":null},"default_variation":{}},"tiered_pricing_minimum_quantity":null,"tiered_pricing_roles_data":[],"tiered_pricing_percentage_rules":[],"tiered_pricing_maximum_quantity":null,"tiered_pricing_quantity_step":null,"_links":{"self":[{"href":"https:\/\/gretasexylingerie.com\/de\/wp-json\/wp\/v2\/product\/45921","targetHints":{"allow":["GET"]}}],"collection":[{"href":"https:\/\/gretasexylingerie.com\/de\/wp-json\/wp\/v2\/product"}],"about":[{"href":"https:\/\/gretasexylingerie.com\/de\/wp-json\/wp\/v2\/types\/product"}],"wp:featuredmedia":[{"embeddable":true,"href":"https:\/\/gretasexylingerie.com\/de\/wp-json\/wp\/v2\/media\/45929"}],"wp:attachment":[{"href":"https:\/\/gretasexylingerie.com\/de\/wp-json\/wp\/v2\/media?parent=45921"}],"wp:term":[{"taxonomy":"product_brand","embeddable":true,"href":"https:\/\/gretasexylingerie.com\/de\/wp-json\/wp\/v2\/product_brand?post=45921"},{"taxonomy":"product_cat","embeddable":true,"href":"https:\/\/gretasexylingerie.com\/de\/wp-json\/wp\/v2\/product_cat?post=45921"},{"taxonomy":"product_tag","embeddable":true,"href":"https:\/\/gretasexylingerie.com\/de\/wp-json\/wp\/v2\/product_tag?post=45921"}],"curies":[{"name":"wp","href":"https:\/\/api.w.org\/{rel}","templated":true}]}}