{"id":45900,"date":"2023-10-18T22:34:21","date_gmt":"2023-10-18T14:34:21","guid":{"rendered":"https:\/\/gretasexylingerie.com\/?post_type=product&#038;p=45900"},"modified":"2023-12-09T15:54:31","modified_gmt":"2023-12-09T07:54:31","slug":"groshandel-halloween-cosplay-dienstmadchen-anzug","status":"publish","type":"product","link":"https:\/\/gretasexylingerie.com\/de\/products\/wholesale-halloween-cosplay-maid-suit\/","title":{"rendered":"Durchsichtiges Halloween-Cosplay-Dienstm\u00e4dchenanzug-Ensemble mit Zubeh\u00f6r im Gro\u00dfhandel"},"content":{"rendered":"<ol class=\"wp-block-list\">\n<li>Klassischer Dienstm\u00e4dchen-Charm: Das Thema \u201eSexy Dienstm\u00e4dchen\u201c f\u00e4ngt die Essenz des klassischen Reizes mit einer sinnlichen Wendung ein und macht es zu einer fesselnden Wahl f\u00fcr Halloween-Enthusiasten. Das Design sorgt f\u00fcr einen dauerhaften Reiz in Ihrer Einzelhandelskollektion und l\u00e4dt zu einer Erz\u00e4hlung von Service und Verf\u00fchrung ein.<\/li>\n\n\n\n<li>Sinnliches, durchsichtiges Mesh-Design: Das durchsichtige Mesh-Design bietet einen einzigartigen und faszinierenden Look und verleiht dem zeitlosen Dienstm\u00e4dchen-Thema einen Hauch moderner Sinnlichkeit. Es ist eine ausgezeichnete Wahl f\u00fcr Einzelh\u00e4ndler, die ein vielf\u00e4ltiges Sortiment an fantasievoller Kleidung anbieten m\u00f6chten.<\/li>\n\n\n\n<li>Komplettes Cosplay-Ensemble: Vom pr\u00e4genden Stirnband und der Halsverzierung bis zum verspielten Federstab und der Tanga-Hose wurde jedes Accessoire in diesem Set sorgf\u00e4ltig ausgew\u00e4hlt, um das Gesamtbild zu verbessern und den Kunden ein komplettes Kost\u00fcmerlebnis zu bieten.<\/li>\n\n\n\n<li>Hochwertige Materialien: Das mit Liebe zum Detail gefertigte hochwertige Netzgewebe sorgt f\u00fcr eine bequeme Passform und ein elegantes Finish, macht dieses Kost\u00fcm zu etwas Besonderem und bietet ein luxuri\u00f6ses Gef\u00fchl.<\/li>\n\n\n\n<li>Bereit f\u00fcr den Gro\u00dfhandel: Dieser sexy Dienstm\u00e4dchenanzug wurde f\u00fcr den Gro\u00dfhandel ma\u00dfgeschneidert und ist darauf vorbereitet, ein meistverkaufter Artikel in Ihrer Einzelhandelskollektion zu werden. Es ist mehr als nur ein Kost\u00fcm; es verk\u00f6rpert Fantasie und spielerische Erkundung.<\/li>\n<\/ol>\n\n\n\n<p>Erweitern Sie Ihre Einzelhandelskollektion mit unserem Gro\u00dfhandels-Sexy-Dienstm\u00e4dchenanzug, einer perfekten Mischung aus klassischem Charme und moderner Sinnlichkeit. Es ist eine ideale Wahl f\u00fcr Einzelh\u00e4ndler, die ein vielf\u00e4ltiges und fantasievolles Bekleidungssortiment anbieten. Kontaktieren Sie uns f\u00fcr Gro\u00dfhandelsanfragen und verleihen Sie Ihrem Sortiment an Halloween einen Hauch von Service und Charme.<\/p>","protected":false},"excerpt":{"rendered":"<p>Tauchen Sie ein in eine Welt voller Verf\u00fchrungen mit unserem Gro\u00dfhandels-Sexy-Dienstm\u00e4dchen-Anzug f\u00fcr Halloween. Dieses Ensemble mit durchsichtigem Mesh-Design wird mit einer Reihe erg\u00e4nzender Accessoires kombiniert. Eine Top-Wahl f\u00fcr Einzelh\u00e4ndler, die eine Mischung aus klassischem Charme und zeitgen\u00f6ssischer Sinnlichkeit bieten m\u00f6chten.<\/p>\n<p>https:\/\/youtube.com\/shorts\/zhmJ0CHsE6k<\/p>","protected":false},"featured_media":45909,"template":"","meta":[],"product_brand":[],"product_cat":[974],"product_tag":[980],"class_list":{"0":"post-45900","1":"product","2":"type-product","3":"status-publish","4":"has-post-thumbnail","6":"product_cat-wholesale-sexy-costumes","7":"product_tag-maid-costumes","8":"pa_color-black","9":"pa_size-free","11":"first","12":"instock","13":"taxable","14":"shipping-taxable","15":"purchasable","16":"product-type-variable"},"tiered_pricing_type":"fixed","tiered_pricing_fixed_rules":[],"tiered_pricing_product_settings":{"layout":"default","base_unit_name":{"singular":null,"plural":null},"default_variation":{}},"tiered_pricing_minimum_quantity":null,"tiered_pricing_roles_data":[],"tiered_pricing_percentage_rules":[],"tiered_pricing_maximum_quantity":null,"tiered_pricing_quantity_step":null,"_links":{"self":[{"href":"https:\/\/gretasexylingerie.com\/de\/wp-json\/wp\/v2\/product\/45900","targetHints":{"allow":["GET"]}}],"collection":[{"href":"https:\/\/gretasexylingerie.com\/de\/wp-json\/wp\/v2\/product"}],"about":[{"href":"https:\/\/gretasexylingerie.com\/de\/wp-json\/wp\/v2\/types\/product"}],"wp:featuredmedia":[{"embeddable":true,"href":"https:\/\/gretasexylingerie.com\/de\/wp-json\/wp\/v2\/media\/45909"}],"wp:attachment":[{"href":"https:\/\/gretasexylingerie.com\/de\/wp-json\/wp\/v2\/media?parent=45900"}],"wp:term":[{"taxonomy":"product_brand","embeddable":true,"href":"https:\/\/gretasexylingerie.com\/de\/wp-json\/wp\/v2\/product_brand?post=45900"},{"taxonomy":"product_cat","embeddable":true,"href":"https:\/\/gretasexylingerie.com\/de\/wp-json\/wp\/v2\/product_cat?post=45900"},{"taxonomy":"product_tag","embeddable":true,"href":"https:\/\/gretasexylingerie.com\/de\/wp-json\/wp\/v2\/product_tag?post=45900"}],"curies":[{"name":"wp","href":"https:\/\/api.w.org\/{rel}","templated":true}]}}