{"id":45869,"date":"2023-10-18T21:32:50","date_gmt":"2023-10-18T13:32:50","guid":{"rendered":"https:\/\/gretasexylingerie.com\/?post_type=product&#038;p=45869"},"modified":"2023-10-18T21:34:00","modified_gmt":"2023-10-18T13:34:00","slug":"groshandel-mit-haschen-body-aus-lackleder-und-tiefem-v-ausschnitt-mit-reisverschluss","status":"publish","type":"product","link":"https:\/\/gretasexylingerie.com\/de\/products\/wholesale-patent-leather-bunny-bodysuit-with-zippered-deep-v\/","title":{"rendered":"Hasen-Bodysuit aus Lackleder mit tiefem V-Ausschnitt und Rei\u00dfverschluss im Gro\u00dfhandel"},"content":{"rendered":"<ol class=\"wp-block-list\">\n<li>Verspielter H\u00e4schen-Charm: Das H\u00e4schen-Bodysuit-Thema f\u00e4ngt einen verspielten Reiz ein. Es ist eine herausragende Wahl f\u00fcr diejenigen, die in ein Fantasy-Reich eintauchen m\u00f6chten. Das Lacklederdesign sorgt f\u00fcr einen dauerhaften Reiz in Ihrer Einzelhandelskollektion und l\u00e4dt zu einer Erz\u00e4hlung voller Spa\u00df und Flirt ein.<\/li>\n\n\n\n<li>Schw\u00fcles tiefes V mit Rei\u00dfverschluss: Das tiefe V-Design mit Rei\u00dfverschluss bietet einen einzigartigen und faszinierenden Look und verleiht dem verspielten Hasenthema einen Hauch von Sinnlichkeit. Es ist eine ausgezeichnete Wahl f\u00fcr Einzelh\u00e4ndler, die ein vielf\u00e4ltiges Sortiment an fantasievoller Kleidung anbieten m\u00f6chten.<\/li>\n\n\n\n<li>Komplettes Ensemble: Gepaart mit einem pr\u00e4genden Hasen-Stirnband und einer Krawatte bietet dieses Set Kunden einen kompletten Look und stellt sicher, dass sie alles haben, was sie f\u00fcr eine vollst\u00e4ndige Hasen-Verwandlung ben\u00f6tigen.<\/li>\n\n\n\n<li>Hochwertiges Lackleder: Das Lackleder verleiht dem Body ein gl\u00e4nzendes und elegantes Finish, das dieses Kost\u00fcm auszeichnet und ein luxuri\u00f6ses Gef\u00fchl vermittelt.<\/li>\n\n\n\n<li>Bereit f\u00fcr den Gro\u00dfhandel: Dieser Hasen-Body aus Lackleder wurde f\u00fcr den Gro\u00dfhandel ma\u00dfgeschneidert und ist darauf vorbereitet, ein meistverkaufter Artikel in Ihrer Einzelhandelskollektion zu werden. Es ist mehr als nur ein Kost\u00fcm; Es ist eine Einladung in ein Reich der Fantasie und spielerischen Erkundung.<\/li>\n<\/ol>\n\n\n\n<p>Erweitern Sie Ihre Einzelhandelskollektion mit unserem Gro\u00dfhandels-Lackleder-Bunny-Body, einer perfekten Mischung aus verspieltem Charme und moderner Sinnlichkeit. Es ist eine ideale Wahl f\u00fcr Einzelh\u00e4ndler, die ein vielf\u00e4ltiges und fantasievolles Bekleidungssortiment anbieten. Kontaktieren Sie uns f\u00fcr Gro\u00dfhandelsanfragen und verleihen Sie Ihrem Sortiment einen Hauch von Hopfen und Charme.\u201c<\/p>","protected":false},"excerpt":{"rendered":"<p>Lassen Sie sich von unserem Gro\u00dfhandel aus Lackleder-Hasen-Body verf\u00fchren. Dieses Ensemble verf\u00fcgt \u00fcber ein tiefes V-Design mit Rei\u00dfverschluss und wird durch ein Hasenstirnband und eine Krawatte erg\u00e4nzt. Eine erstklassige Auswahl f\u00fcr Einzelh\u00e4ndler, die eine Mischung aus verspieltem Charme und zeitgen\u00f6ssischer Sinnlichkeit bieten m\u00f6chten.<\/p>","protected":false},"featured_media":45876,"template":"","meta":[],"product_brand":[],"product_cat":[974],"product_tag":[1001],"class_list":{"0":"post-45869","1":"product","2":"type-product","3":"status-publish","4":"has-post-thumbnail","6":"product_cat-wholesale-sexy-costumes","7":"product_tag-bunny-costumes","8":"pa_color-black","9":"pa_size-free","11":"first","12":"instock","13":"taxable","14":"shipping-taxable","15":"purchasable","16":"product-type-variable"},"tiered_pricing_type":"fixed","tiered_pricing_fixed_rules":[],"tiered_pricing_product_settings":{"layout":"default","base_unit_name":{"singular":null,"plural":null},"default_variation":{}},"tiered_pricing_minimum_quantity":null,"tiered_pricing_roles_data":[],"tiered_pricing_percentage_rules":[],"tiered_pricing_maximum_quantity":null,"tiered_pricing_quantity_step":null,"_links":{"self":[{"href":"https:\/\/gretasexylingerie.com\/de\/wp-json\/wp\/v2\/product\/45869","targetHints":{"allow":["GET"]}}],"collection":[{"href":"https:\/\/gretasexylingerie.com\/de\/wp-json\/wp\/v2\/product"}],"about":[{"href":"https:\/\/gretasexylingerie.com\/de\/wp-json\/wp\/v2\/types\/product"}],"wp:featuredmedia":[{"embeddable":true,"href":"https:\/\/gretasexylingerie.com\/de\/wp-json\/wp\/v2\/media\/45876"}],"wp:attachment":[{"href":"https:\/\/gretasexylingerie.com\/de\/wp-json\/wp\/v2\/media?parent=45869"}],"wp:term":[{"taxonomy":"product_brand","embeddable":true,"href":"https:\/\/gretasexylingerie.com\/de\/wp-json\/wp\/v2\/product_brand?post=45869"},{"taxonomy":"product_cat","embeddable":true,"href":"https:\/\/gretasexylingerie.com\/de\/wp-json\/wp\/v2\/product_cat?post=45869"},{"taxonomy":"product_tag","embeddable":true,"href":"https:\/\/gretasexylingerie.com\/de\/wp-json\/wp\/v2\/product_tag?post=45869"}],"curies":[{"name":"wp","href":"https:\/\/api.w.org\/{rel}","templated":true}]}}