{"id":45841,"date":"2023-10-18T00:35:59","date_gmt":"2023-10-17T16:35:59","guid":{"rendered":"https:\/\/gretasexylingerie.com\/?post_type=product&#038;p=45841"},"modified":"2023-10-18T00:37:10","modified_gmt":"2023-10-17T16:37:10","slug":"groshandel-sexy-polizistin-halloween-body-mit-zubehor-set","status":"publish","type":"product","link":"https:\/\/gretasexylingerie.com\/de\/products\/wholesale-sexy-policewoman-halloween-bodysuit-with-accessory-set\/","title":{"rendered":"Sexy Polizistin-Halloween-Body mit Zubeh\u00f6r-Set im Gro\u00dfhandel"},"content":{"rendered":"<ol class=\"wp-block-list\">\n<li>Autorit\u00e4rer Charme: Das Thema \u201eSexy Polizistin\u201c f\u00e4ngt einen autorit\u00e4ren Reiz ein und macht es zu einer herausragenden Wahl f\u00fcr diejenigen, die Aufmerksamkeit suchen. Das Design sorgt f\u00fcr einen dauerhaften Reiz in Ihrer Einzelhandelskollektion und l\u00e4dt zu einer Erz\u00e4hlung von Kraft und spielerischer Erkundung ein.<\/li>\n\n\n\n<li>Detailliertes Body-Design: Der lang\u00e4rmelige Body mit tiefem V-Rei\u00dfverschluss bietet einen einzigartigen und faszinierenden Look. Es ist eine ausgezeichnete Wahl f\u00fcr Einzelh\u00e4ndler, die ein vielf\u00e4ltiges Sortiment an fantasievoller Kleidung anbieten m\u00f6chten.<\/li>\n\n\n\n<li>Umfangreiches Zubeh\u00f6rset: Von der markanten Polizeim\u00fctze und den Handschellen bis hin zur stilvollen Sonnenbrille und den Netzstr\u00fcmpfen wurde jedes Accessoire in diesem Set sorgf\u00e4ltig ausgew\u00e4hlt, um den Gesamteindruck zu verbessern und den Kunden ein komplettes Kost\u00fcmerlebnis zu bieten.<\/li>\n\n\n\n<li>Vielseitiges Ensemble: G\u00fcrtel-Hosentr\u00e4ger verleihen dem Ensemble einen Hauch von Vielseitigkeit, heben dieses Kost\u00fcm von anderen ab und bieten zahlreiche Styling-Optionen.<\/li>\n\n\n\n<li>Bereit f\u00fcr den Gro\u00dfhandel: Diese sexy Polizistin-Uniform wurde f\u00fcr den Gro\u00dfhandel ma\u00dfgeschneidert und ist darauf vorbereitet, ein meistverkaufter Artikel in Ihrer Einzelhandelskollektion zu werden. Es ist mehr als nur ein Kost\u00fcm; es verk\u00f6rpert Fantasie und spielerische Erkundung.<\/li>\n<\/ol>\n\n\n\n<p>Erweitern Sie Ihre Einzelhandelskollektion mit unserer Gro\u00dfhandelsuniform f\u00fcr sexy Polizistinnen, einer perfekten Mischung aus ma\u00dfgeblichem Charme und moderner Sinnlichkeit. Es ist eine ideale Wahl f\u00fcr Einzelh\u00e4ndler, die ein vielf\u00e4ltiges und fantasievolles Bekleidungssortiment anbieten. Kontaktieren Sie uns f\u00fcr Gro\u00dfhandelsanfragen und bringen Sie an diesem Halloween einen Hauch von Gesetz und Charme in Ihr Sortiment.<\/p>","protected":false},"excerpt":{"rendered":"<p>St\u00e4rken Sie Ihre Faszination mit unserer sexy Polizistinnen-Uniform f\u00fcr Halloween im Gro\u00dfhandel. Dieses lang\u00e4rmlige Body-Ensemble mit tiefem V-Rei\u00dfverschluss wird mit verschiedenen Accessoires geliefert, von einer Polizeim\u00fctze bis hin zu Handschellen. Eine erstklassige Auswahl f\u00fcr Einzelh\u00e4ndler, die eine Mischung aus ma\u00dfgeblichem Charme und zeitgen\u00f6ssischer Sinnlichkeit bieten m\u00f6chten.<\/p>","protected":false},"featured_media":45846,"template":"","meta":[],"product_brand":[],"product_cat":[974],"product_tag":[978],"class_list":{"0":"post-45841","1":"product","2":"type-product","3":"status-publish","4":"has-post-thumbnail","6":"product_cat-wholesale-sexy-costumes","7":"product_tag-policewoman-costume","8":"pa_color-black","9":"pa_size-free","11":"first","12":"instock","13":"taxable","14":"shipping-taxable","15":"purchasable","16":"product-type-variable"},"tiered_pricing_type":"fixed","tiered_pricing_fixed_rules":[],"tiered_pricing_product_settings":{"layout":"default","base_unit_name":{"singular":null,"plural":null},"default_variation":{}},"tiered_pricing_minimum_quantity":null,"tiered_pricing_roles_data":[],"tiered_pricing_percentage_rules":[],"tiered_pricing_maximum_quantity":null,"tiered_pricing_quantity_step":null,"_links":{"self":[{"href":"https:\/\/gretasexylingerie.com\/de\/wp-json\/wp\/v2\/product\/45841","targetHints":{"allow":["GET"]}}],"collection":[{"href":"https:\/\/gretasexylingerie.com\/de\/wp-json\/wp\/v2\/product"}],"about":[{"href":"https:\/\/gretasexylingerie.com\/de\/wp-json\/wp\/v2\/types\/product"}],"wp:featuredmedia":[{"embeddable":true,"href":"https:\/\/gretasexylingerie.com\/de\/wp-json\/wp\/v2\/media\/45846"}],"wp:attachment":[{"href":"https:\/\/gretasexylingerie.com\/de\/wp-json\/wp\/v2\/media?parent=45841"}],"wp:term":[{"taxonomy":"product_brand","embeddable":true,"href":"https:\/\/gretasexylingerie.com\/de\/wp-json\/wp\/v2\/product_brand?post=45841"},{"taxonomy":"product_cat","embeddable":true,"href":"https:\/\/gretasexylingerie.com\/de\/wp-json\/wp\/v2\/product_cat?post=45841"},{"taxonomy":"product_tag","embeddable":true,"href":"https:\/\/gretasexylingerie.com\/de\/wp-json\/wp\/v2\/product_tag?post=45841"}],"curies":[{"name":"wp","href":"https:\/\/api.w.org\/{rel}","templated":true}]}}