{"id":45826,"date":"2023-10-18T00:16:08","date_gmt":"2023-10-17T16:16:08","guid":{"rendered":"https:\/\/gretasexylingerie.com\/?post_type=product&#038;p=45826"},"modified":"2023-11-14T20:52:11","modified_gmt":"2023-11-14T12:52:11","slug":"sexy-krankenschwesterkostum-fur-halloween-im-groshandel-mit-komplettem-zubehorset","status":"publish","type":"product","link":"https:\/\/gretasexylingerie.com\/de\/products\/wholesale-sexy-nurse-costume-for-halloween-with-complete-accessory-set\/","title":{"rendered":"Sexy Krankenschwesterkost\u00fcm f\u00fcr Halloween im Gro\u00dfhandel mit komplettem Zubeh\u00f6rset"},"content":{"rendered":"<ol class=\"wp-block-list\">\n<li>Medizinischer Charme mit einer Wendung: Das Thema \u201eSexy Nurse\u201c f\u00e4ngt einen medizinischen Reiz mit einer sinnlichen Wendung ein und macht es zu einer fesselnden Wahl f\u00fcr Halloween-Enthusiasten. Die zweifarbigen Optionen sorgen f\u00fcr Vielseitigkeit und eine dauerhafte Attraktivit\u00e4t Ihrer Einzelhandelskollektion.<\/li>\n\n\n\n<li>Umfangreiches Zubeh\u00f6rset: Vom pr\u00e4genden Stirnband und Ohrh\u00f6rer bis hin zu den verf\u00fchrerischen Netzstr\u00fcmpfen und Handschuhen wurde jedes Accessoire in diesem Set sorgf\u00e4ltig ausgew\u00e4hlt, um das Gesamtbild zu verbessern und den Kunden ein umfassendes Kost\u00fcmerlebnis zu bieten.<\/li>\n\n\n\n<li>Vielseitige Farboptionen: Kunden k\u00f6nnen ihren bevorzugten Stil sowohl mit Schwarz- als auch mit Wei\u00dfoptionen w\u00e4hlen, was eine breitere Attraktivit\u00e4t und ein h\u00f6heres Verkaufspotenzial im Einzelhandel gew\u00e4hrleistet.<\/li>\n\n\n\n<li>Detailliertes Ensemble: Die Einbeziehung von Strumpfb\u00e4ndern, Riemen und einem G\u00fcrtel verleiht dem Ensemble Tiefe, hebt dieses Kost\u00fcm von anderen ab und bietet mehrere Styling-Optionen.<\/li>\n\n\n\n<li>Bereit f\u00fcr den Gro\u00dfhandel: Dieses sexy Krankenschwesterkost\u00fcm wurde f\u00fcr den Gro\u00dfhandel ma\u00dfgeschneidert und ist darauf vorbereitet, ein meistverkaufter Artikel in Ihrer Einzelhandelskollektion zu werden. Es ist mehr als nur ein Kost\u00fcm; es verk\u00f6rpert Fantasie und spielerische Erkundung.<\/li>\n<\/ol>\n\n\n\n<p>Erweitern Sie Ihre Einzelhandelskollektion mit unserem Gro\u00dfhandels-Sexy-Krankenschwesterkost\u00fcm, einer perfekten Mischung aus medizinischem Charme und moderner Sinnlichkeit. Es ist eine ideale Wahl f\u00fcr Einzelh\u00e4ndler, die ein vielf\u00e4ltiges und fantasievolles Bekleidungssortiment anbieten. Kontaktieren Sie uns f\u00fcr Gro\u00dfhandelsanfragen und verleihen Sie Ihrem Sortiment an Halloween eine Portion Faszination.<\/p>\n\n\n\n<figure class=\"wp-block-embed is-type-video is-provider-youtube wp-block-embed-youtube wp-embed-aspect-4-3 wp-has-aspect-ratio\"><div class=\"wp-block-embed__wrapper\">\n<div class=\"video-container\"><iframe title=\"Sexy Krankenschwesterkost\u00fcm f\u00fcr Halloween im Gro\u00dfhandel mit komplettem Zubeh\u00f6rset\" width=\"1170\" height=\"878\" src=\"https:\/\/www.youtube.com\/embed\/-IC-flWHxrg?feature=oembed\" frameborder=\"0\" allow=\"accelerometer; autoplay; clipboard-write; encrypted-media; gyroscope; picture-in-picture; web-share\" allowfullscreen><\/iframe><\/div>\n<\/div><\/figure>","protected":false},"excerpt":{"rendered":"<p>Lassen Sie den Reiz mit unserem Gro\u00dfhandels-Sexy-Krankenschwester-Kost\u00fcm f\u00fcr Halloween wieder aufleben. Dieses Ensemble ist sowohl in Schwarz als auch in Wei\u00df erh\u00e4ltlich und umfasst einen H\u00fcftrock, einen BH und jede Menge Accessoires. Eine erstklassige Auswahl f\u00fcr Einzelh\u00e4ndler, die eine Mischung aus medizinischem Charme und zeitgen\u00f6ssischer Sinnlichkeit bieten m\u00f6chten.<\/p>\n<p><iframe width=\"840\" height=\"630\" src=\"https:\/\/www.youtube.com\/embed\/-IC-flWHxrg\" title=\"Sexy Krankenschwesterkost\u00fcm f\u00fcr Halloween im Gro\u00dfhandel mit komplettem Zubeh\u00f6rset\" frameborder=\"0\" allow=\"accelerometer; autoplay; clipboard-write; encrypted-media; gyroscope; picture-in-picture; web-share\" allowfullscreen><\/iframe><\/p>","protected":false},"featured_media":45837,"template":"","meta":[],"product_brand":[],"product_cat":[974],"product_tag":[984,989],"class_list":{"0":"post-45826","1":"product","2":"type-product","3":"status-publish","4":"has-post-thumbnail","6":"product_cat-wholesale-sexy-costumes","7":"product_tag-halloween-costumes","8":"product_tag-nurse-costume","9":"pa_color-black","10":"pa_color-white","11":"pa_size-free","13":"first","14":"instock","15":"taxable","16":"shipping-taxable","17":"purchasable","18":"product-type-variable"},"tiered_pricing_type":"fixed","tiered_pricing_fixed_rules":[],"tiered_pricing_product_settings":{"layout":"default","base_unit_name":{"singular":null,"plural":null},"default_variation":{}},"tiered_pricing_minimum_quantity":null,"tiered_pricing_roles_data":[],"tiered_pricing_percentage_rules":[],"tiered_pricing_maximum_quantity":null,"tiered_pricing_quantity_step":null,"_links":{"self":[{"href":"https:\/\/gretasexylingerie.com\/de\/wp-json\/wp\/v2\/product\/45826","targetHints":{"allow":["GET"]}}],"collection":[{"href":"https:\/\/gretasexylingerie.com\/de\/wp-json\/wp\/v2\/product"}],"about":[{"href":"https:\/\/gretasexylingerie.com\/de\/wp-json\/wp\/v2\/types\/product"}],"wp:featuredmedia":[{"embeddable":true,"href":"https:\/\/gretasexylingerie.com\/de\/wp-json\/wp\/v2\/media\/45837"}],"wp:attachment":[{"href":"https:\/\/gretasexylingerie.com\/de\/wp-json\/wp\/v2\/media?parent=45826"}],"wp:term":[{"taxonomy":"product_brand","embeddable":true,"href":"https:\/\/gretasexylingerie.com\/de\/wp-json\/wp\/v2\/product_brand?post=45826"},{"taxonomy":"product_cat","embeddable":true,"href":"https:\/\/gretasexylingerie.com\/de\/wp-json\/wp\/v2\/product_cat?post=45826"},{"taxonomy":"product_tag","embeddable":true,"href":"https:\/\/gretasexylingerie.com\/de\/wp-json\/wp\/v2\/product_tag?post=45826"}],"curies":[{"name":"wp","href":"https:\/\/api.w.org\/{rel}","templated":true}]}}