{"id":45806,"date":"2023-10-17T23:33:14","date_gmt":"2023-10-17T15:33:14","guid":{"rendered":"https:\/\/gretasexylingerie.com\/?post_type=product&#038;p=45806"},"modified":"2023-10-17T23:34:29","modified_gmt":"2023-10-17T15:34:29","slug":"groshandels-halloween-sexy-nonnenkostum-mit-offenem-bh-design","status":"publish","type":"product","link":"https:\/\/gretasexylingerie.com\/de\/products\/wholesale-halloween-sexy-nun-costume-with-open-bra-design\/","title":{"rendered":"Sexy Nonnenkost\u00fcm f\u00fcr Halloween im Gro\u00dfhandel mit offenem BH-Design"},"content":{"rendered":"<ol class=\"wp-block-list\">\n<li>Heilige Anziehungskraft: Das Nonnenthema f\u00e4ngt eine heilige Anziehungskraft ein und macht es zu einer einzigartigen Wahl f\u00fcr diejenigen, die eine Mischung aus Ehrfurcht und Sinnlichkeit suchen. Das Design sorgt f\u00fcr einen dauerhaften Reiz in Ihrer Einzelhandelskollektion und l\u00e4dt zu einer Erz\u00e4hlung g\u00f6ttlicher Fantasie und spielerischer Erkundung ein.<\/li>\n\n\n\n<li>Sinnliches offenes BH-Design: Das offene BH-Design verleiht dem traditionellen Nonnenthema eine moderne Note und bietet einen einzigartigen und faszinierenden Look. Es ist eine ausgezeichnete Wahl f\u00fcr Einzelh\u00e4ndler, die ein vielf\u00e4ltiges Sortiment an fantasievoller Kleidung anbieten m\u00f6chten.<\/li>\n\n\n\n<li>Komplettes Ensemble: Jedes Teil in diesem Set wurde sorgf\u00e4ltig entworfen, um das Gesamtbild zu erg\u00e4nzen, vom bescheidenen Schleier bis zu den markanten \u00c4rmeln. Das Ensemble stellt sicher, dass Kunden alles haben, was sie f\u00fcr einen heiligen Look ben\u00f6tigen.<\/li>\n\n\n\n<li>Bereit f\u00fcr Halloween: Dieses Sexy-Nonnen-Kost\u00fcm wurde speziell f\u00fcr Halloween-Cosplay entwickelt und l\u00e4dt Endverbraucher ein, in ihre Fantasien einzutauchen. Es ist eine ausgezeichnete Wahl f\u00fcr Einzelh\u00e4ndler, die abwechslungsreiche, fantasievolle Kleidung f\u00fcr die gruselige Jahreszeit anbieten m\u00f6chten.<\/li>\n\n\n\n<li>Bereit f\u00fcr den Gro\u00dfhandel: Mit dem Fokus auf den Gro\u00dfhandel ist dieses sexy Nonne-Halloween-Cosplay bereit, ein Verkaufsschlager in Ihrer Einzelhandelskollektion zu werden. Es ist mehr als nur ein Kost\u00fcm; Es ist eine Einladung in ein Reich der Fantasie und spielerischen Erkundung.<\/li>\n<\/ol>\n\n\n\n<p>Erweitern Sie Ihre Einzelhandelskollektion mit unserem Gro\u00dfhandels-Sexy-Nonnen-Halloween-Cosplay, einer perfekten Mischung aus heiligem Charme und moderner Sinnlichkeit. Es ist eine ideale Wahl f\u00fcr Einzelh\u00e4ndler, die ein vielf\u00e4ltiges und fantasievolles Bekleidungssortiment anbieten. Kontaktieren Sie uns f\u00fcr Gro\u00dfhandelsanfragen und verleihen Sie Ihrem Sortiment an diesem Halloween einen Hauch g\u00f6ttlicher Eleganz.<\/p>","protected":false},"excerpt":{"rendered":"<p>Tauchen Sie ein in die g\u00f6ttliche Versuchung mit unserem Gro\u00dfhandels-Sexy-Nonnen-Halloween-Cosplay. Dieses Ensemble mit offenem BH-Design wird durch einen Rock, einen Schleier und \u00c4rmel vervollst\u00e4ndigt. Eine erstklassige Auswahl f\u00fcr Einzelh\u00e4ndler, die eine Mischung aus heiliger Anziehungskraft und zeitgen\u00f6ssischer Sinnlichkeit bieten m\u00f6chten.<\/p>","protected":false},"featured_media":45811,"template":"","meta":[],"product_brand":[],"product_cat":[974],"product_tag":[992],"class_list":{"0":"post-45806","1":"product","2":"type-product","3":"status-publish","4":"has-post-thumbnail","6":"product_cat-wholesale-sexy-costumes","7":"product_tag-nun-costume","8":"pa_color-black","9":"pa_size-free","11":"first","12":"instock","13":"taxable","14":"shipping-taxable","15":"purchasable","16":"product-type-variable"},"tiered_pricing_type":"fixed","tiered_pricing_fixed_rules":[],"tiered_pricing_product_settings":{"layout":"default","base_unit_name":{"singular":null,"plural":null},"default_variation":{}},"tiered_pricing_minimum_quantity":null,"tiered_pricing_roles_data":[],"tiered_pricing_percentage_rules":[],"tiered_pricing_maximum_quantity":null,"tiered_pricing_quantity_step":null,"_links":{"self":[{"href":"https:\/\/gretasexylingerie.com\/de\/wp-json\/wp\/v2\/product\/45806","targetHints":{"allow":["GET"]}}],"collection":[{"href":"https:\/\/gretasexylingerie.com\/de\/wp-json\/wp\/v2\/product"}],"about":[{"href":"https:\/\/gretasexylingerie.com\/de\/wp-json\/wp\/v2\/types\/product"}],"wp:featuredmedia":[{"embeddable":true,"href":"https:\/\/gretasexylingerie.com\/de\/wp-json\/wp\/v2\/media\/45811"}],"wp:attachment":[{"href":"https:\/\/gretasexylingerie.com\/de\/wp-json\/wp\/v2\/media?parent=45806"}],"wp:term":[{"taxonomy":"product_brand","embeddable":true,"href":"https:\/\/gretasexylingerie.com\/de\/wp-json\/wp\/v2\/product_brand?post=45806"},{"taxonomy":"product_cat","embeddable":true,"href":"https:\/\/gretasexylingerie.com\/de\/wp-json\/wp\/v2\/product_cat?post=45806"},{"taxonomy":"product_tag","embeddable":true,"href":"https:\/\/gretasexylingerie.com\/de\/wp-json\/wp\/v2\/product_tag?post=45806"}],"curies":[{"name":"wp","href":"https:\/\/api.w.org\/{rel}","templated":true}]}}