{"id":45743,"date":"2023-10-17T00:41:03","date_gmt":"2023-10-16T16:41:03","guid":{"rendered":"https:\/\/gretasexylingerie.com\/?post_type=product&#038;p=45743"},"modified":"2023-10-17T00:42:12","modified_gmt":"2023-10-16T16:42:12","slug":"sexy-polizistin-kostum-mit-kunstleder-set-im-groshandel","status":"publish","type":"product","link":"https:\/\/gretasexylingerie.com\/de\/products\/wholesale-sexy-policewoman-costume-with-imitation-leather-set\/","title":{"rendered":"Sexy Polizistin-Kost\u00fcm mit Kunstleder-Set im Gro\u00dfhandel"},"content":{"rendered":"<ol class=\"wp-block-list\">\n<li>Autorit\u00e4tsausstrahlung: Das Thema \u201ePolizistin\u201c f\u00e4ngt eine Autorit\u00e4tsausstrahlung ein und ist daher eine herausragende Wahl f\u00fcr diejenigen, die eine Aussage machen m\u00f6chten. Das Design sorgt f\u00fcr einen dauerhaften Reiz in Ihrer Einzelhandelskollektion und l\u00e4dt zu einer Erz\u00e4hlung von Kraft und spielerischer Erkundung ein.<\/li>\n\n\n\n<li>Luxuri\u00f6ses Kunstleder: Das Material aus Kunstleder verleiht einen Hauch von Luxus und bietet eine schmeichelhafte Silhouette, was es zu einer begehrten Wahl f\u00fcr eine Vielzahl von Kunden macht. Es ist eine ausgezeichnete Wahl f\u00fcr Einzelh\u00e4ndler, die ein vielf\u00e4ltiges Sortiment an fantasievoller Kleidung anbieten m\u00f6chten.<\/li>\n\n\n\n<li>Komplettes Ensemble: Jedes Teil dieses Sets wurde sorgf\u00e4ltig entworfen, um das Gesamtbild zu erg\u00e4nzen, von der M\u00fctze bis zu den Handschuhen. Es ist ein herausragendes Merkmal, das sicherstellt, dass Kunden alles haben, was sie f\u00fcr einen kompletten Look ben\u00f6tigen.<\/li>\n\n\n\n<li>Bereit f\u00fcr Nachtclub-Auftritte: Dieses sexy Polizistin-Kost\u00fcm wurde speziell f\u00fcr Nachtclub-Auftritte entwickelt und l\u00e4dt Endverbraucher ein, in ihre Fantasien einzutauchen. Es ist eine ausgezeichnete Wahl f\u00fcr Einzelh\u00e4ndler, die abwechslungsreiche, fantasievolle Kleidung f\u00fcr das Nachtleben anbieten m\u00f6chten.<\/li>\n\n\n\n<li>Bereit f\u00fcr den Gro\u00dfhandel: Da der Schwerpunkt auf dem Gro\u00dfhandel liegt, ist dieses sexy Polizistin-Kost\u00fcm bereit, ein Verkaufsschlager in Ihrer Einzelhandelskollektion zu werden. Es ist mehr als nur ein Kost\u00fcm; Es ist eine Einladung in ein Reich der Fantasie und spielerischen Erkundung.<\/li>\n<\/ol>\n\n\n\n<p>Erweitern Sie Ihre Einzelhandelskollektion mit unserem sexy Polizistinnen-Kost\u00fcm im Gro\u00dfhandel, einer perfekten Mischung aus ma\u00dfgeblichem Charme und moderner Eleganz. Es ist eine ideale Wahl f\u00fcr Einzelh\u00e4ndler, die ein vielf\u00e4ltiges und fantasievolles Bekleidungssortiment anbieten. Kontaktieren Sie uns f\u00fcr Gro\u00dfhandelsanfragen und verleihen Sie Ihrem Sortiment noch heute einen Hauch beeindruckender Eleganz.<\/p>","protected":false},"excerpt":{"rendered":"<p>Erregen Sie Aufmerksamkeit mit unserem Gro\u00dfhandels-Sexy-Polizistin-Kost\u00fcm. Dieses aus Kunstleder gefertigte Komplettset besteht aus Hut, Halsring, Handschuhen, Rock und Oberteil und ist somit das perfekte Ensemble f\u00fcr Nachtclubauftritte. Eine erstklassige Auswahl f\u00fcr Einzelh\u00e4ndler, die eine Mischung aus verbindlichem Charme und zeitgen\u00f6ssischer Eleganz bieten m\u00f6chten.<\/p>","protected":false},"featured_media":45751,"template":"","meta":[],"product_brand":[],"product_cat":[974],"product_tag":[978],"class_list":{"0":"post-45743","1":"product","2":"type-product","3":"status-publish","4":"has-post-thumbnail","6":"product_cat-wholesale-sexy-costumes","7":"product_tag-policewoman-costume","8":"pa_color-black","9":"pa_size-free","11":"first","12":"instock","13":"taxable","14":"shipping-taxable","15":"purchasable","16":"product-type-variable"},"tiered_pricing_type":"fixed","tiered_pricing_fixed_rules":[],"tiered_pricing_product_settings":{"layout":"default","base_unit_name":{"singular":null,"plural":null},"default_variation":{}},"tiered_pricing_minimum_quantity":null,"tiered_pricing_roles_data":[],"tiered_pricing_percentage_rules":[],"tiered_pricing_maximum_quantity":null,"tiered_pricing_quantity_step":null,"_links":{"self":[{"href":"https:\/\/gretasexylingerie.com\/de\/wp-json\/wp\/v2\/product\/45743","targetHints":{"allow":["GET"]}}],"collection":[{"href":"https:\/\/gretasexylingerie.com\/de\/wp-json\/wp\/v2\/product"}],"about":[{"href":"https:\/\/gretasexylingerie.com\/de\/wp-json\/wp\/v2\/types\/product"}],"wp:featuredmedia":[{"embeddable":true,"href":"https:\/\/gretasexylingerie.com\/de\/wp-json\/wp\/v2\/media\/45751"}],"wp:attachment":[{"href":"https:\/\/gretasexylingerie.com\/de\/wp-json\/wp\/v2\/media?parent=45743"}],"wp:term":[{"taxonomy":"product_brand","embeddable":true,"href":"https:\/\/gretasexylingerie.com\/de\/wp-json\/wp\/v2\/product_brand?post=45743"},{"taxonomy":"product_cat","embeddable":true,"href":"https:\/\/gretasexylingerie.com\/de\/wp-json\/wp\/v2\/product_cat?post=45743"},{"taxonomy":"product_tag","embeddable":true,"href":"https:\/\/gretasexylingerie.com\/de\/wp-json\/wp\/v2\/product_tag?post=45743"}],"curies":[{"name":"wp","href":"https:\/\/api.w.org\/{rel}","templated":true}]}}