{"id":45734,"date":"2023-10-17T00:09:39","date_gmt":"2023-10-16T16:09:39","guid":{"rendered":"https:\/\/gretasexylingerie.com\/?post_type=product&#038;p=45734"},"modified":"2023-10-17T00:17:08","modified_gmt":"2023-10-16T16:17:08","slug":"groshandel-sexy-schwarzer-mesh-body-mit-rotem-bindungsstil","status":"publish","type":"product","link":"https:\/\/gretasexylingerie.com\/de\/products\/wholesale-sexy-black-mesh-bodysuit-with-red-binding-style\/","title":{"rendered":"Gro\u00dfhandel Sexy schwarzer Mesh-Body mit rotem Bindungsstil"},"content":{"rendered":"<ol class=\"wp-block-list\">\n<li>Geheimnisvoller Charme: Der Bindungsstil f\u00e4ngt einen geheimnisvollen Reiz ein und macht ihn zu einer fesselnden Wahl f\u00fcr alle, die einen ausgefallenen Look suchen. Das Design sorgt f\u00fcr einen dauerhaften Reiz in Ihrer Einzelhandelskollektion und l\u00e4dt zu einer geheimnisvollen Erz\u00e4hlung und spielerischen Erkundung ein.<\/li>\n\n\n\n<li>Sinnliches schwarzes Mesh-Design: Das schwarze Mesh verleiht nicht nur einen modernen Touch, sondern bietet auch eine schmeichelhafte Silhouette, was es f\u00fcr viele Kunden zu einer begehrten Wahl macht. Es ist eine ausgezeichnete Wahl f\u00fcr Einzelh\u00e4ndler, die ein vielf\u00e4ltiges Sortiment an fantasievoller Kleidung anbieten m\u00f6chten.<\/li>\n\n\n\n<li>Edgy Red Binding Rope: Das rote Bindeseil verleiht dem Ensemble eine k\u00fchne Note und unterstreicht das zentrale Thema. Es ist ein herausragendes Merkmal, das diesen Body auszeichnet und ihn zu einer einzigartigen Erg\u00e4nzung Ihrer Einzelhandelskollektion macht.<\/li>\n\n\n\n<li>Verf\u00fchrerisches Kopfschmuck-Zubeh\u00f6r: Der mitgelieferte sexy Kopfschmuck erg\u00e4nzt den Body und verleiht ihm eine zus\u00e4tzliche Verlockungsschicht. Dieses einzigartige Merkmal zeichnet dieses Kost\u00fcm aus und macht es zu einer fantastischen Erg\u00e4nzung Ihrer Einzelhandelskollektion.<\/li>\n\n\n\n<li>Bereit f\u00fcr den Gro\u00dfhandel: Da wir uns auf den Gro\u00dfhandel konzentrieren, ist dieser sexy schwarze Mesh-Body bereit, ein Verkaufsschlager in Ihrer Einzelhandelskollektion zu werden. Es ist mehr als nur ein Kost\u00fcm; Es ist eine Einladung in ein Reich der Fantasie und spielerischen Erkundung.<\/li>\n<\/ol>\n\n\n\n<p>Erweitern Sie Ihre Einzelhandelskollektion mit unserem Sexy Black Mesh Bodysuit im Gro\u00dfhandel, einer perfekten Mischung aus geheimnisvollem Charme und moderner Eleganz. Es ist eine ideale Wahl f\u00fcr Einzelh\u00e4ndler, die ein vielf\u00e4ltiges und fantasievolles Bekleidungssortiment anbieten. Kontaktieren Sie uns f\u00fcr Gro\u00dfhandelsanfragen und verleihen Sie Ihrem Sortiment noch heute einen Hauch von kantiger Eleganz.<\/p>","protected":false},"excerpt":{"rendered":"<p>Tauchen Sie ein in die Faszination mit unserem sexy schwarzen Mesh-Body im Gro\u00dfhandel. Im Bindestil mit rotem Bindeseil gestaltet und von einem sexy Kopfschmuck begleitet, verk\u00f6rpert dieser Body eine Mischung aus geheimnisvollem Charme und moderner Sinnlichkeit. Eine erstklassige Auswahl f\u00fcr Einzelh\u00e4ndler, die eine Kombination aus ausgefallenem Charme und zeitgen\u00f6ssischer Eleganz bieten m\u00f6chten.<\/p>","protected":false},"featured_media":45742,"template":"","meta":[],"product_brand":[],"product_cat":[370,367,373],"product_tag":[],"class_list":{"0":"post-45734","1":"product","2":"type-product","3":"status-publish","4":"has-post-thumbnail","6":"product_cat-bodysuit","7":"product_cat-sexy-lingerie","8":"product_cat-wholesale-sexy-mesh-bodysuit","9":"pa_color-black","10":"pa_size-free","12":"first","13":"instock","14":"taxable","15":"shipping-taxable","16":"purchasable","17":"product-type-variable"},"tiered_pricing_type":"fixed","tiered_pricing_fixed_rules":[],"tiered_pricing_product_settings":{"layout":"default","base_unit_name":{"singular":null,"plural":null},"default_variation":{}},"tiered_pricing_minimum_quantity":null,"tiered_pricing_roles_data":[],"tiered_pricing_percentage_rules":[],"tiered_pricing_maximum_quantity":null,"tiered_pricing_quantity_step":null,"_links":{"self":[{"href":"https:\/\/gretasexylingerie.com\/de\/wp-json\/wp\/v2\/product\/45734","targetHints":{"allow":["GET"]}}],"collection":[{"href":"https:\/\/gretasexylingerie.com\/de\/wp-json\/wp\/v2\/product"}],"about":[{"href":"https:\/\/gretasexylingerie.com\/de\/wp-json\/wp\/v2\/types\/product"}],"wp:featuredmedia":[{"embeddable":true,"href":"https:\/\/gretasexylingerie.com\/de\/wp-json\/wp\/v2\/media\/45742"}],"wp:attachment":[{"href":"https:\/\/gretasexylingerie.com\/de\/wp-json\/wp\/v2\/media?parent=45734"}],"wp:term":[{"taxonomy":"product_brand","embeddable":true,"href":"https:\/\/gretasexylingerie.com\/de\/wp-json\/wp\/v2\/product_brand?post=45734"},{"taxonomy":"product_cat","embeddable":true,"href":"https:\/\/gretasexylingerie.com\/de\/wp-json\/wp\/v2\/product_cat?post=45734"},{"taxonomy":"product_tag","embeddable":true,"href":"https:\/\/gretasexylingerie.com\/de\/wp-json\/wp\/v2\/product_tag?post=45734"}],"curies":[{"name":"wp","href":"https:\/\/api.w.org\/{rel}","templated":true}]}}