{"id":45725,"date":"2023-10-16T23:55:47","date_gmt":"2023-10-16T15:55:47","guid":{"rendered":"https:\/\/gretasexylingerie.com\/?post_type=product&#038;p=45725"},"modified":"2023-10-16T23:56:08","modified_gmt":"2023-10-16T15:56:08","slug":"groshandel-sexy-weihnachtskostum-bh-set-mit-geweih-kopfschmuck","status":"publish","type":"product","link":"https:\/\/gretasexylingerie.com\/de\/products\/wholesale-sexy-christmas-costume-bra-set-with-antler-headdress\/","title":{"rendered":"Sexy Weihnachtskost\u00fcm-BH-Set mit Geweih-Kopfschmuck im Gro\u00dfhandel"},"content":{"rendered":"<ol class=\"wp-block-list\">\n<li>Festlicher Feiertagszauber: Das Weihnachtsthema f\u00e4ngt einen festlichen Feiertagszauber ein und macht es zu einer entz\u00fcckenden Wahl f\u00fcr alle, die stilvoll feiern m\u00f6chten. Die verspielte \u00c4sthetik sorgt f\u00fcr einen dauerhaften Reiz in Ihrer Einzelhandelskollektion und l\u00e4dt zu einer Erz\u00e4hlung von Urlaubsphantasie und aktiver Erkundung ein.<\/li>\n\n\n\n<li>Sinnliches wei\u00dfes Pl\u00fcschdesign: Der wei\u00dfe Pl\u00fcsch sorgt f\u00fcr eine weiche Haptik und bietet eine schmeichelnde Silhouette, was ihn zu einer begehrten Wahl f\u00fcr eine Vielzahl von Kunden macht. Es ist eine ausgezeichnete Wahl f\u00fcr Einzelh\u00e4ndler, die ein vielf\u00e4ltiges Sortiment an fantasievoller Kleidung anbieten m\u00f6chten.<\/li>\n\n\n\n<li>Einzigartiger Geweih-Kopfschmuck: Der Geweih-Kopfschmuck verleiht dem Ensemble eine einzigartige Note und unterstreicht das Weihnachtsthema. Dieses herausragende Merkmal zeichnet dieses Kost\u00fcm aus und macht es zu einer fantastischen Erg\u00e4nzung Ihrer Einzelhandelskollektion.<\/li>\n\n\n\n<li>Lebendiger, farbenfroher Besatz: Der farbenfrohe Besatz verleiht dem Ensemble eine festliche Note und unterstreicht die Urlaubsstimmung. Dieses einzigartige Merkmal zeichnet dieses Kost\u00fcm aus und macht es zu einer fantastischen Erg\u00e4nzung Ihrer Einzelhandelskollektion.<\/li>\n\n\n\n<li>Bereit f\u00fcr den Gro\u00dfhandel: Da der Schwerpunkt auf dem Gro\u00dfhandel liegt, ist dieses sexy Weihnachtskost\u00fcm-BH-Set bereit, ein Verkaufsschlager in Ihrer Einzelhandelskollektion zu werden. Es ist mehr als nur ein Kost\u00fcm; Es ist eine Einladung in ein Reich der Fantasie und spielerischen Erkundung.<\/li>\n<\/ol>\n\n\n\n<p>Erweitern Sie Ihre Einzelhandelskollektion mit unserem Gro\u00dfhandels-Sexy-Weihnachtskost\u00fcm-BH-Set, einer perfekten Mischung aus festlichem Charme und moderner Eleganz. Es ist eine ideale Wahl f\u00fcr Einzelh\u00e4ndler, die ein vielf\u00e4ltiges und fantasievolles Bekleidungssortiment anbieten. Kontaktieren Sie uns f\u00fcr Gro\u00dfhandelsanfragen und verleihen Sie Ihrem Sortiment noch heute einen Hauch festlicher Eleganz.<\/p>","protected":false},"excerpt":{"rendered":"<p>Kommen Sie mit unserem Gro\u00dfhandels-Sexy-Weihnachtskost\u00fcm-BH-Set in festliche Stimmung. Dieses mit wei\u00dfem Pl\u00fcsch, einem Geweih-Kopfschmuck und farbenfrohen Verzierungen verzierte Set verk\u00f6rpert Urlaubszauber und moderne Sinnlichkeit. Eine erstklassige Auswahl f\u00fcr Einzelh\u00e4ndler, die eine Mischung aus festlichem Charme und zeitgen\u00f6ssischer Eleganz bieten m\u00f6chten.<\/p>","protected":false},"featured_media":45733,"template":"","meta":[],"product_brand":[],"product_cat":[368,974,367],"product_tag":[964,984],"class_list":{"0":"post-45725","1":"product","2":"type-product","3":"status-publish","4":"has-post-thumbnail","6":"product_cat-bra-panty-set","7":"product_cat-wholesale-sexy-costumes","8":"product_cat-sexy-lingerie","9":"product_tag-christmas-lingerie","10":"product_tag-halloween-costumes","11":"pa_color-white","12":"pa_size-free","14":"first","15":"instock","16":"taxable","17":"shipping-taxable","18":"purchasable","19":"product-type-variable"},"tiered_pricing_type":"fixed","tiered_pricing_fixed_rules":[],"tiered_pricing_product_settings":{"layout":"default","base_unit_name":{"singular":null,"plural":null},"default_variation":null},"tiered_pricing_minimum_quantity":null,"tiered_pricing_roles_data":[],"tiered_pricing_percentage_rules":[],"tiered_pricing_maximum_quantity":null,"tiered_pricing_quantity_step":null,"_links":{"self":[{"href":"https:\/\/gretasexylingerie.com\/de\/wp-json\/wp\/v2\/product\/45725","targetHints":{"allow":["GET"]}}],"collection":[{"href":"https:\/\/gretasexylingerie.com\/de\/wp-json\/wp\/v2\/product"}],"about":[{"href":"https:\/\/gretasexylingerie.com\/de\/wp-json\/wp\/v2\/types\/product"}],"wp:featuredmedia":[{"embeddable":true,"href":"https:\/\/gretasexylingerie.com\/de\/wp-json\/wp\/v2\/media\/45733"}],"wp:attachment":[{"href":"https:\/\/gretasexylingerie.com\/de\/wp-json\/wp\/v2\/media?parent=45725"}],"wp:term":[{"taxonomy":"product_brand","embeddable":true,"href":"https:\/\/gretasexylingerie.com\/de\/wp-json\/wp\/v2\/product_brand?post=45725"},{"taxonomy":"product_cat","embeddable":true,"href":"https:\/\/gretasexylingerie.com\/de\/wp-json\/wp\/v2\/product_cat?post=45725"},{"taxonomy":"product_tag","embeddable":true,"href":"https:\/\/gretasexylingerie.com\/de\/wp-json\/wp\/v2\/product_tag?post=45725"}],"curies":[{"name":"wp","href":"https:\/\/api.w.org\/{rel}","templated":true}]}}