{"id":45702,"date":"2023-10-16T22:42:48","date_gmt":"2023-10-16T14:42:48","guid":{"rendered":"https:\/\/gretasexylingerie.com\/?post_type=product&#038;p=45702"},"modified":"2023-10-16T22:44:00","modified_gmt":"2023-10-16T14:44:00","slug":"groshandel-sexy-bar-kostume-im-metal-rock-stil","status":"publish","type":"product","link":"https:\/\/gretasexylingerie.com\/de\/products\/wholesale-sexy-metal-rock-style-bar-costumes-set\/","title":{"rendered":"Sexy Bar-Kost\u00fcme im Metal-Rock-Stil im Gro\u00dfhandel"},"content":{"rendered":"<ol class=\"wp-block-list\">\n<li>Rebellisches Heavy-Metal-Thema: Der Heavy-Metal-Rock-Stil bietet eine auff\u00e4llige visuelle \u00c4sthetik mit k\u00fchner, trotziger \u00c4sthetik und ist damit eine aufregende Option f\u00fcr abenteuerlustige Seelen. Diese auff\u00e4lligen Designs setzen in Ihrer Einzelhandelskollektion ein eindrucksvolles Zeichen f\u00fcr rebellischen Charme und verspieltes Entdecken.<\/li>\n\n\n\n<li>Sinnliche Leder- und Metallketten: Leder- und Metallketten sorgen f\u00fcr Modernit\u00e4t und Schmeichelei und sind daher bei Kunden unterschiedlichen Alters und Geschlechts beliebt. Einzelh\u00e4ndler, die ihre Produktauswahl diversifizieren m\u00f6chten, k\u00f6nnen davon profitieren, diese Teile als Teil eines vielseitigen Sortiments anzubieten.<\/li>\n\n\n\n<li>Bereit f\u00fcr Auftritte in Nachtclubs und Bars: Dieses sexy Kost\u00fcm wurde f\u00fcr Auftritte in Nachtclubs und Bars entwickelt und ermutigt Verbraucher, ihren Fantasien freien Lauf zu lassen. Eine ausgezeichnete Wahl f\u00fcr Einzelh\u00e4ndler, die fantasievolle Kleidung f\u00fcr das Nachtleben anbieten m\u00f6chten!<\/li>\n\n\n\n<li>Ausgefallenes BH- und H\u00f6schen-Set: Dieses BH- und H\u00f6schen-Set verleiht jedem Ensemble eine ausgefallene Note, unterstreicht das Heavy-Metal-Thema und hebt dieses Kost\u00fcm von anderen in Ihrer Einzelhandelskollektion ab. Es ist ein fantastisches Einzelhandelsobjekt.<\/li>\n\n\n\n<li>Gro\u00dfhandelsf\u00e4hig: Diese sexy Nachtclub-Dessous wurden speziell f\u00fcr den Gro\u00dfhandel entwickelt und k\u00f6nnen sofort zu einem Bestseller in Ihrer Einzelhandelskollektion werden. Dieses St\u00fcck ist mehr als nur ein Outfit, es \u00f6ffnet die T\u00fcren zu einer fantasievollen Welt voller Fantasie und spielerischer Erkundung.<\/li>\n<\/ol>\n\n\n\n<p>Erweitern Sie Ihre Einzelhandelskollektion mit Gro\u00dfhandels-Sexy-Nachtclub-Dessous von uns \u2013 eine exquisite Kombination aus rebellischem Charme und zeitgen\u00f6ssischer Eleganz! Ideal f\u00fcr Einzelh\u00e4ndler, die ihren Kunden ein vielseitiges und fantasievolles Bekleidungssortiment bieten m\u00f6chten. F\u00fcr Gro\u00dfhandelsanfragen kontaktieren Sie uns und bringen Sie noch heute etwas edle Eleganz in Ihre Kollektion.<\/p>","protected":false},"excerpt":{"rendered":"<p>Entfesseln Sie Ihren rebellischen Reiz mit unserer Gro\u00dfhandels-Sexy-Nachtclub-Dessous. Dieser Heavy-Metal-Rock-Stil eignet sich perfekt f\u00fcr Bar-Kost\u00fcme und verf\u00fcgt \u00fcber BH- und H\u00f6schensets aus Leder und Metallketten mit rebellischem Charme und zeitgen\u00f6ssischer Sinnlichkeit, verk\u00f6rpert durch Lederb\u00e4nder und Metallketten \u2013 die perfekte Mischung aus Rebellion und moderner Sinnlichkeit!<\/p>","protected":false},"featured_media":45708,"template":"","meta":[],"product_brand":[],"product_cat":[368,367,376],"product_tag":[],"class_list":{"0":"post-45702","1":"product","2":"type-product","3":"status-publish","4":"has-post-thumbnail","6":"product_cat-bra-panty-set","7":"product_cat-sexy-lingerie","8":"product_cat-wholesale-ultra-sexy-bra-panty-set","9":"pa_color-black","10":"pa_size-free","12":"first","13":"instock","14":"taxable","15":"shipping-taxable","16":"purchasable","17":"product-type-variable"},"tiered_pricing_type":"fixed","tiered_pricing_fixed_rules":[],"tiered_pricing_product_settings":{"layout":"default","base_unit_name":{"singular":null,"plural":null},"default_variation":{}},"tiered_pricing_minimum_quantity":null,"tiered_pricing_roles_data":[],"tiered_pricing_percentage_rules":[],"tiered_pricing_maximum_quantity":null,"tiered_pricing_quantity_step":null,"_links":{"self":[{"href":"https:\/\/gretasexylingerie.com\/de\/wp-json\/wp\/v2\/product\/45702","targetHints":{"allow":["GET"]}}],"collection":[{"href":"https:\/\/gretasexylingerie.com\/de\/wp-json\/wp\/v2\/product"}],"about":[{"href":"https:\/\/gretasexylingerie.com\/de\/wp-json\/wp\/v2\/types\/product"}],"wp:featuredmedia":[{"embeddable":true,"href":"https:\/\/gretasexylingerie.com\/de\/wp-json\/wp\/v2\/media\/45708"}],"wp:attachment":[{"href":"https:\/\/gretasexylingerie.com\/de\/wp-json\/wp\/v2\/media?parent=45702"}],"wp:term":[{"taxonomy":"product_brand","embeddable":true,"href":"https:\/\/gretasexylingerie.com\/de\/wp-json\/wp\/v2\/product_brand?post=45702"},{"taxonomy":"product_cat","embeddable":true,"href":"https:\/\/gretasexylingerie.com\/de\/wp-json\/wp\/v2\/product_cat?post=45702"},{"taxonomy":"product_tag","embeddable":true,"href":"https:\/\/gretasexylingerie.com\/de\/wp-json\/wp\/v2\/product_tag?post=45702"}],"curies":[{"name":"wp","href":"https:\/\/api.w.org\/{rel}","templated":true}]}}