{"id":45691,"date":"2023-10-16T22:27:01","date_gmt":"2023-10-16T14:27:01","guid":{"rendered":"https:\/\/gretasexylingerie.com\/?post_type=product&#038;p=45691"},"modified":"2023-10-16T22:28:29","modified_gmt":"2023-10-16T14:28:29","slug":"groshandel-sexy-versuchung-ruckenfreier-weiser-body","status":"publish","type":"product","link":"https:\/\/gretasexylingerie.com\/de\/products\/wholesale-sexy-temptation-backless-white-bodysuit\/","title":{"rendered":"Gro\u00dfhandel Sexy Temptation R\u00fcckenfreier wei\u00dfer Body"},"content":{"rendered":"<ol class=\"wp-block-list\">\n<li>Klassische wei\u00dfe Eleganz: Wei\u00dfe Farbschemata fangen klassische Eleganz ein und machen sie zu einer zeitlosen Wahl f\u00fcr Kunden, die hochwertiges Design sch\u00e4tzen. Ihre klare \u00c4sthetik sorgt f\u00fcr dauerhafte Attraktivit\u00e4t der Einzelhandelskollektionen und schafft gleichzeitig eine Geschichte von Reinheit und moderner Raffinesse.<\/li>\n\n\n\n<li>Sexy durchsichtiger Reiz: Dieses durchsichtige Design sorgt f\u00fcr Modernit\u00e4t und schmeichelt den meisten K\u00f6rpertypen \u2013 was es f\u00fcr Kunden aller Alters- und Gr\u00f6\u00dfenklassen attraktiv macht. Da Einzelh\u00e4ndler darauf bedacht sind, vielf\u00e4ltige Angebote f\u00fcr die Kleidungsbed\u00fcrfnisse ihrer Kunden anzubieten, kann dieser durchsichtige Look f\u00fcr jede Menge Abwechslung sorgen!<\/li>\n\n\n\n<li>Elastisches Bandmaterial: Unser elastisches Bandmaterial sorgt f\u00fcr eine bequeme und dennoch sexy Passform und zeigt unser Engagement, Gro\u00dfhandelsprodukte anzubieten, ohne Kompromisse bei Qualit\u00e4t oder Komfort einzugehen.<\/li>\n\n\n\n<li>R\u00fcckenfreies Neckholder-Design: Das r\u00fcckenfreie Neckholder-Design dieses Bodys strahlt moderne Eleganz aus und bleibt gleichzeitig sinnlich, was ihn zu einem herausragenden Element in Ihrer Einzelhandelskollektion macht.<\/li>\n\n\n\n<li>Bereit f\u00fcr den Gro\u00dfhandel: Der wei\u00dfe Body wurde speziell f\u00fcr den Gro\u00dfhandel entwickelt und darf in keiner Einzelhandelskollektion fehlen. Dieser Body ist mehr als nur ein Kost\u00fcm, er bietet Zugang zu einer fantasievollen Welt voller magischer und unterhaltsamer Entdeckungen!<\/li>\n<\/ol>\n\n\n\n<p>Setzen Sie mit unserem wei\u00dfen Gro\u00dfhandels-Body, einer exquisiten Kombination aus klassischem Charme und moderner Raffinesse, ein wirkungsvolles Statement in Ihrer Einzelhandelskollektion. Perfekt f\u00fcr Einzelh\u00e4ndler, die eine vielf\u00e4ltige Auswahl an Bekleidung anbieten m\u00f6chten. Kontaktieren Sie uns noch heute f\u00fcr alle Gro\u00dfhandelsanfragen f\u00fcr zus\u00e4tzliche verspielte Eleganz in Ihrem Sortiment.<\/p>","protected":false},"excerpt":{"rendered":"<p>Unsere wei\u00dfen Bodysuits im Gro\u00dfhandel eignen sich perfekt f\u00fcr Einzelh\u00e4ndler, die klassischen Charme und moderne Sinnlichkeit in einer Produktlinie vereinen m\u00f6chten. Sein verf\u00fchrerisches durchsichtiges Material passt gut zu elastischem Bandmaterial und r\u00fcckenfreiem Neckholder-Design f\u00fcr einen modernen Look und sorgt f\u00fcr ein unvergessliches Einkaufserlebnis.<\/p>","protected":false},"featured_media":45700,"template":"","meta":[],"product_brand":[],"product_cat":[370,379,367],"product_tag":[],"class_list":{"0":"post-45691","1":"product","2":"type-product","3":"status-publish","4":"has-post-thumbnail","6":"product_cat-bodysuit","7":"product_cat-wholesale-harness-bodysuit","8":"product_cat-sexy-lingerie","9":"pa_color-white","10":"pa_size-free","12":"first","13":"instock","14":"taxable","15":"shipping-taxable","16":"purchasable","17":"product-type-variable"},"tiered_pricing_type":"fixed","tiered_pricing_fixed_rules":[],"tiered_pricing_product_settings":{"layout":"default","base_unit_name":{"singular":null,"plural":null},"default_variation":{}},"tiered_pricing_minimum_quantity":null,"tiered_pricing_roles_data":[],"tiered_pricing_percentage_rules":[],"tiered_pricing_maximum_quantity":null,"tiered_pricing_quantity_step":null,"_links":{"self":[{"href":"https:\/\/gretasexylingerie.com\/de\/wp-json\/wp\/v2\/product\/45691","targetHints":{"allow":["GET"]}}],"collection":[{"href":"https:\/\/gretasexylingerie.com\/de\/wp-json\/wp\/v2\/product"}],"about":[{"href":"https:\/\/gretasexylingerie.com\/de\/wp-json\/wp\/v2\/types\/product"}],"wp:featuredmedia":[{"embeddable":true,"href":"https:\/\/gretasexylingerie.com\/de\/wp-json\/wp\/v2\/media\/45700"}],"wp:attachment":[{"href":"https:\/\/gretasexylingerie.com\/de\/wp-json\/wp\/v2\/media?parent=45691"}],"wp:term":[{"taxonomy":"product_brand","embeddable":true,"href":"https:\/\/gretasexylingerie.com\/de\/wp-json\/wp\/v2\/product_brand?post=45691"},{"taxonomy":"product_cat","embeddable":true,"href":"https:\/\/gretasexylingerie.com\/de\/wp-json\/wp\/v2\/product_cat?post=45691"},{"taxonomy":"product_tag","embeddable":true,"href":"https:\/\/gretasexylingerie.com\/de\/wp-json\/wp\/v2\/product_tag?post=45691"}],"curies":[{"name":"wp","href":"https:\/\/api.w.org\/{rel}","templated":true}]}}