{"id":45656,"date":"2023-10-16T21:42:06","date_gmt":"2023-10-16T13:42:06","guid":{"rendered":"https:\/\/gretasexylingerie.com\/?post_type=product&#038;p=45656"},"modified":"2023-10-16T21:43:33","modified_gmt":"2023-10-16T13:43:33","slug":"sexy-krankenschwesterkostum-im-groshandel-fur-nachtclubauftritte","status":"publish","type":"product","link":"https:\/\/gretasexylingerie.com\/de\/products\/wholesale-sexy-nurse-costume-for-nightclub-performances\/","title":{"rendered":"Sexy Krankenschwester-Kost\u00fcm f\u00fcr Nachtclub-Auftritte im Gro\u00dfhandel"},"content":{"rendered":"<ol class=\"wp-block-list\">\n<li>Medizinischer Charme: Die Themen von Krankenschwesterkost\u00fcmen strahlen medizinische Eleganz aus und wecken das Interesse jedes Abenteurers. Ihre attraktive \u00c4sthetik sorgt f\u00fcr dauerhafte Anziehungskraft in den Einzelhandelskollektionen, inspiriert zu Geschichten medizinischer Fantasie und regt gleichzeitig zum spielerischen Entdecken an!<\/li>\n\n\n\n<li>Hei\u00dfes Lackledermaterial: Lackleder verleiht nicht nur einen eklektischen, modernen Touch, sondern schmeichelt auch Kunden jeden K\u00f6rpertyps \u2013 eine hervorragende Option f\u00fcr Einzelh\u00e4ndler, die ihren Kunden einzigartige Bekleidungsoptionen anbieten.<\/li>\n\n\n\n<li>Bereit f\u00fcr den Auftritt: Dieses verf\u00fchrerische Kost\u00fcm wurde speziell f\u00fcr Auftritte in Nachtclubs und Bars entwickelt und l\u00e4dt Verbraucher dazu ein, ihren Fantasien freien Lauf zu lassen. F\u00fcr Einzelh\u00e4ndler, die abwechslungsreiche Kleidung f\u00fcr das Nachtleben anbieten m\u00f6chten, ist dies die ideale Produktauswahl.<\/li>\n\n\n\n<li>Eleganter wei\u00dfer Spitzenbesatz: Der elegante wei\u00dfe Spitzenbesatz verleiht diesem Kost\u00fcm Raffinesse, unterstreicht sein medizinisches Thema und macht es zu einem echten Hingucker in den Einzelhandelskollektionen. Es macht dieses St\u00fcck wirklich einzigartig!<\/li>\n\n\n\n<li>Bereit f\u00fcr den Gro\u00dfhandel: Mit Blick auf den Gro\u00dfhandel ist dieses sexy Krankenschwesterkost\u00fcm bereit, einer der Starartikel in Ihrer Einzelhandelskollektion zu werden. Dieser Artikel ist mehr als nur ein Kost\u00fcm, er er\u00f6ffnet eine Welt voller Fantasie und spielerischer Erkundung!<\/li>\n<\/ol>\n\n\n\n<p>Erweitern Sie Ihre Einzelhandelskollektion mit unserem sexy Krankenschwesterkost\u00fcm im Gro\u00dfhandel, der idealen Kombination aus medizinischem Charme und moderner Eleganz. Perfekt f\u00fcr Einzelh\u00e4ndler, die ein vielseitiges und vielf\u00e4ltiges Bekleidungssortiment anbieten m\u00f6chten. Kontaktieren Sie uns jetzt f\u00fcr Gro\u00dfhandelsanfragen und verleihen Sie Ihrer Mischung noch heute verspielte Eleganz.<\/p>","protected":false},"excerpt":{"rendered":"<p>Verleihen Sie Ihrem sexy Krankenschwester-Kost\u00fcm im Gro\u00dfhandel etwas Faszination! Dieses aus Lackleder gefertigte, mit wei\u00dfem Spitzenbesatz verzierte Krankenschwester-Outfit im Gro\u00dfhandel ist ein unvergessliches Statement f\u00fcr einen Nachtclub- und Bar-Auftritt \u00fcber medizinischen Charme und moderne Sinnlichkeit. Eine hervorragende Option f\u00fcr Einzelh\u00e4ndler, die sowohl verspielte Professionalit\u00e4t als auch moderne Eleganz bieten m\u00f6chten!<\/p>","protected":false},"featured_media":45662,"template":"","meta":[],"product_brand":[],"product_cat":[974],"product_tag":[989],"class_list":{"0":"post-45656","1":"product","2":"type-product","3":"status-publish","4":"has-post-thumbnail","6":"product_cat-wholesale-sexy-costumes","7":"product_tag-nurse-costume","8":"pa_color-red-women-sexy-lingerie","9":"pa_size-free","11":"first","12":"instock","13":"taxable","14":"shipping-taxable","15":"purchasable","16":"product-type-variable"},"tiered_pricing_type":"fixed","tiered_pricing_fixed_rules":[],"tiered_pricing_product_settings":{"layout":"default","base_unit_name":{"singular":null,"plural":null},"default_variation":{}},"tiered_pricing_minimum_quantity":null,"tiered_pricing_roles_data":[],"tiered_pricing_percentage_rules":[],"tiered_pricing_maximum_quantity":null,"tiered_pricing_quantity_step":null,"_links":{"self":[{"href":"https:\/\/gretasexylingerie.com\/de\/wp-json\/wp\/v2\/product\/45656","targetHints":{"allow":["GET"]}}],"collection":[{"href":"https:\/\/gretasexylingerie.com\/de\/wp-json\/wp\/v2\/product"}],"about":[{"href":"https:\/\/gretasexylingerie.com\/de\/wp-json\/wp\/v2\/types\/product"}],"wp:featuredmedia":[{"embeddable":true,"href":"https:\/\/gretasexylingerie.com\/de\/wp-json\/wp\/v2\/media\/45662"}],"wp:attachment":[{"href":"https:\/\/gretasexylingerie.com\/de\/wp-json\/wp\/v2\/media?parent=45656"}],"wp:term":[{"taxonomy":"product_brand","embeddable":true,"href":"https:\/\/gretasexylingerie.com\/de\/wp-json\/wp\/v2\/product_brand?post=45656"},{"taxonomy":"product_cat","embeddable":true,"href":"https:\/\/gretasexylingerie.com\/de\/wp-json\/wp\/v2\/product_cat?post=45656"},{"taxonomy":"product_tag","embeddable":true,"href":"https:\/\/gretasexylingerie.com\/de\/wp-json\/wp\/v2\/product_tag?post=45656"}],"curies":[{"name":"wp","href":"https:\/\/api.w.org\/{rel}","templated":true}]}}