{"id":45646,"date":"2023-10-16T00:36:44","date_gmt":"2023-10-15T16:36:44","guid":{"rendered":"https:\/\/gretasexylingerie.com\/?post_type=product&#038;p=45646"},"modified":"2023-10-16T00:38:19","modified_gmt":"2023-10-15T16:38:19","slug":"groshandel-polizistin-sexy-kostum-nachtclub-set","status":"publish","type":"product","link":"https:\/\/gretasexylingerie.com\/de\/products\/wholesale-policewoman-sexy-costume-nightclub-set\/","title":{"rendered":"Sexy Polizistin-Kost\u00fcm-Nachtclub-Set im Gro\u00dfhandel"},"content":{"rendered":"<ol class=\"wp-block-list\">\n<li>Motiv \u201eAutorit\u00e4re Polizistin\u201c: Der autorit\u00e4re Reiz der Motive \u201ePolizistin\u201c macht sie zur idealen Wahl f\u00fcr Abenteuerlustige. Die verspielte \u00c4sthetik sorgt f\u00fcr einen dauerhaften Reiz in Ihrer Einzelhandelskollektion und l\u00e4dt zu einer Atmosph\u00e4re von autorit\u00e4rem Charme gepaart mit spielerischer Erkundung ein.<\/li>\n\n\n\n<li>Sinnliches schwarzes Kunstleder: Schwarzes Kunstleder verleiht jedem Outfit Modernit\u00e4t und bietet gleichzeitig eine schmeichelhafte Silhouette, was es zu einer beliebten Wahl bei Kunden unterschiedlichen Alters und Typs macht. Einzelh\u00e4ndler, die innovative Kleidung anbieten, sollten dar\u00fcber nachdenken, ihrem Kundenstamm diese zeitlose Option anzubieten.<\/li>\n\n\n\n<li>Bereit f\u00fcr Nachtclub-Auftritte: Dieses verf\u00fchrerische Kost\u00fcm wurde speziell f\u00fcr Nachtclub-Auftritte entwickelt und erm\u00f6glicht es Endverbrauchern, ihrer Fantasie freien Lauf zu lassen. Eine ausgezeichnete Option f\u00fcr Einzelh\u00e4ndler, die dem Nachtleben fantasievolle Kleidung anbieten m\u00f6chten.<\/li>\n\n\n\n<li>Wildes BH- und H\u00f6schen-Set: Ein wildes BH- und H\u00f6schen-Set verleiht einem ansonsten schlichten Ensemble einen Blickfang, verst\u00e4rkt dessen ma\u00dfgebliches Thema und macht es zu einem hervorragenden Einzelhandelsartikel in Ihrer Sammlung. Es macht dieses Kost\u00fcm wirklich einzigartig!<\/li>\n\n\n\n<li>Silberne dekorative Bord\u00fcre mit f\u00fcnfzackigem Stern: Die dekorative Bord\u00fcre mit silbernem Stern verleiht Kost\u00fcmen ein Gef\u00fchl von Klasse und Vornehmheit und macht dieses St\u00fcck zu einem Blickfang in Ihrer Einzelhandelskollektion.<\/li>\n\n\n\n<li>Bereit f\u00fcr den Einzelhandel: Da der Schwerpunkt auf dem Gro\u00dfhandel liegt, wird dieses sexy Polizistin-Kost\u00fcm mit Sicherheit ein Hit in Ihrer Einzelhandelskollektion. Mehr als nur ein Outfit; Dieses Kost\u00fcm \u00f6ffnet die T\u00fcren zu einer immersiven Welt voller Fantasie und spielerischer Erkundung!<\/li>\n<\/ol>\n\n\n\n<p>Erweitern Sie Ihre Einzelhandelskollektion mit unserem Gro\u00dfhandels-Sexy-Kost\u00fcm f\u00fcr Polizistin, der perfekten Mischung aus souver\u00e4nem Charme und zeitgen\u00f6ssischer Raffinesse. Es ist eine hervorragende Option f\u00fcr Einzelh\u00e4ndler, die ein umfangreiches und vielf\u00e4ltiges Sortiment an Bekleidung anbieten m\u00f6chten. Kontaktieren Sie uns noch heute f\u00fcr Gro\u00dfhandelsanfragen, damit wir Ihrem Sortiment verspielte Eleganz verleihen k\u00f6nnen.<\/p>","protected":false},"excerpt":{"rendered":"<p>St\u00e4rken Sie Ihre Faszination mit unserem sexy Polizistin-Kost\u00fcm im Gro\u00dfhandel! Das Set aus schwarzem Kunstleder ist ideal f\u00fcr Nachtclub-Auftritte und besticht durch seinen k\u00fchnen Charme, der mit seinem silbernen Stern-Dekorrand wilden Charme verspr\u00fcht \u2013 ideal f\u00fcr Einzelh\u00e4ndler, die ihren Kunden sowohl souver\u00e4nen Charme als auch moderne Sinnlichkeit bieten m\u00f6chten.<\/p>","protected":false},"featured_media":45651,"template":"","meta":[],"product_brand":[],"product_cat":[974],"product_tag":[978],"class_list":{"0":"post-45646","1":"product","2":"type-product","3":"status-publish","4":"has-post-thumbnail","6":"product_cat-wholesale-sexy-costumes","7":"product_tag-policewoman-costume","8":"pa_color-black","9":"pa_size-free","11":"first","12":"instock","13":"taxable","14":"shipping-taxable","15":"purchasable","16":"product-type-variable"},"tiered_pricing_type":"fixed","tiered_pricing_fixed_rules":[],"tiered_pricing_product_settings":{"layout":"default","base_unit_name":{"singular":null,"plural":null},"default_variation":{}},"tiered_pricing_minimum_quantity":null,"tiered_pricing_roles_data":[],"tiered_pricing_percentage_rules":[],"tiered_pricing_maximum_quantity":null,"tiered_pricing_quantity_step":null,"_links":{"self":[{"href":"https:\/\/gretasexylingerie.com\/de\/wp-json\/wp\/v2\/product\/45646","targetHints":{"allow":["GET"]}}],"collection":[{"href":"https:\/\/gretasexylingerie.com\/de\/wp-json\/wp\/v2\/product"}],"about":[{"href":"https:\/\/gretasexylingerie.com\/de\/wp-json\/wp\/v2\/types\/product"}],"wp:featuredmedia":[{"embeddable":true,"href":"https:\/\/gretasexylingerie.com\/de\/wp-json\/wp\/v2\/media\/45651"}],"wp:attachment":[{"href":"https:\/\/gretasexylingerie.com\/de\/wp-json\/wp\/v2\/media?parent=45646"}],"wp:term":[{"taxonomy":"product_brand","embeddable":true,"href":"https:\/\/gretasexylingerie.com\/de\/wp-json\/wp\/v2\/product_brand?post=45646"},{"taxonomy":"product_cat","embeddable":true,"href":"https:\/\/gretasexylingerie.com\/de\/wp-json\/wp\/v2\/product_cat?post=45646"},{"taxonomy":"product_tag","embeddable":true,"href":"https:\/\/gretasexylingerie.com\/de\/wp-json\/wp\/v2\/product_tag?post=45646"}],"curies":[{"name":"wp","href":"https:\/\/api.w.org\/{rel}","templated":true}]}}