{"id":45535,"date":"2023-10-13T23:44:44","date_gmt":"2023-10-13T15:44:44","guid":{"rendered":"https:\/\/gretasexylingerie.com\/?post_type=product&#038;p=45535"},"modified":"2023-10-13T23:47:54","modified_gmt":"2023-10-13T15:47:54","slug":"groshandel-sexy-cheerleader-zweiteiliges-dessous-set","status":"publish","type":"product","link":"https:\/\/gretasexylingerie.com\/de\/products\/wholesale-sexy-cheerleader-two-piece-lingerie-set\/","title":{"rendered":"Sexy Cheerleader-Zweiteiler-Dessous-Set im Gro\u00dfhandel"},"content":{"rendered":"<ol class=\"wp-block-list\">\n<li>Jugendlicher Cheerleader-Anh\u00e4nger: Dieses ikonische Cheerleader-Design f\u00e4ngt einen energiegeladenen Geist ein und macht es zu einer aufregenden Option f\u00fcr abenteuerlustige Geister. Die skurrile \u00c4sthetik sorgt daf\u00fcr, dass es in Ihrer Einzelhandelskollektion \u00fcber Jahre hinweg attraktiv bleibt.<\/li>\n\n\n\n<li>Sinnliche \u00e4rmellose Dessous: Der sinnlich verf\u00fchrerische Look und der Komfort, den dieses Set bietet, machen es zur perfekten Wahl f\u00fcr Kunden mit unterschiedlichem Hintergrund, sodass dieser Artikel in Ihrer Einzelhandelskollektion hervorsticht und ein \u00fcberzeugendes Einzelhandelsangebot darstellt.<\/li>\n\n\n\n<li>Komplettes zweiteiliges Set: Dieses umfassende zweiteilige Set bietet den kompletten Look f\u00fcr jeden verspielten Anlass und verbessert das Einkaufserlebnis f\u00fcr abenteuerlustige Seelen. H\u00e4ndler, die komplette Ensembles anbieten m\u00f6chten, finden hier L\u00f6sungen aus einer Hand.<\/li>\n\n\n\n<li>Hochwertige Handwerkskunst: Unsere erstklassige Handwerkskunst garantiert eine bequeme Passform und beh\u00e4lt gleichzeitig ihren verf\u00fchrerischen Reiz bei. Dies ist Teil unseres Versprechens, Gro\u00dfhandelsprodukte anzubieten, ohne Kompromisse bei Komfort oder Qualit\u00e4t einzugehen.<\/li>\n\n\n\n<li>Bereit f\u00fcr den Gro\u00dfhandel: Da der Schwerpunkt auf dem Gro\u00dfhandel liegt, ist dieses Cheerleader-JK-Kost\u00fcmset bereit, ein Verkaufsschlager in Ihrer Einzelhandelskollektion zu werden. Mehr als nur ein Outfit; Dieses Kost\u00fcm er\u00f6ffnet eine ganze Welt voller Wunder und Spiele!<\/li>\n<\/ol>\n\n\n\n<p>F\u00fcgen Sie unser Sexy Cheerleader JK-Kost\u00fcmset im Gro\u00dfhandel zu Ihrer Einzelhandelskollektion hinzu, um eine exquisite Kombination aus jugendlichem Charme und sinnlicher Anziehungskraft zu erhalten, die sich ideal f\u00fcr die Erweiterung und Diversifizierung des Bekleidungsangebots im Gesch\u00e4ft eignet. Kontaktieren Sie uns noch heute f\u00fcr Gro\u00dfhandelsanfragen und verleihen Sie Ihrem Sortiment verspielte Eleganz.<\/p>\n\n\n\n<figure class=\"wp-block-table is-style-stripes\"><table class=\"has-fixed-layout\"><tbody><tr><td>Standortdiagramm (CM)<\/td><td><\/td><td><\/td><td><\/td><\/tr><tr><td>Gr\u00f6\u00dfe<\/td><td>L\u00e4nge<\/td><td>Untere Brust<\/td><td>Taille<\/td><\/tr><tr><td>S<\/td><td>63<\/td><td>86-90<\/td><td>61-65<\/td><\/tr><tr><td>M<\/td><td>64<\/td><td>90-94<\/td><td>65-69<\/td><\/tr><tr><td>L<\/td><td>65<\/td><td>94-98<\/td><td>69-73<\/td><\/tr><tr><td>XL<\/td><td>66<\/td><td>98-102<\/td><td>73-77<\/td><\/tr><tr><td>Seitendiagramm (Zoll)<\/td><td><\/td><td><\/td><td><\/td><\/tr><tr><td>Gr\u00f6\u00dfe<\/td><td>L\u00e4nge<\/td><td>Untere Brust<\/td><td>Taille<\/td><\/tr><tr><td>S<\/td><td>24.8<\/td><td>33.86-35.43<\/td><td>24.02-25.59<\/td><\/tr><tr><td>M<\/td><td>25.2<\/td><td>35.43-37.01<\/td><td>25.59-27.17<\/td><\/tr><tr><td>L<\/td><td>25.59<\/td><td>37.01-38.58<\/td><td>27.17-28.74<\/td><\/tr><tr><td>XL<\/td><td>25.98<\/td><td>38.58-40.16<\/td><td>28.74-30.31<\/td><\/tr><\/tbody><\/table><\/figure>","protected":false},"excerpt":{"rendered":"<p>Entfesseln Sie jugendliche Anziehungskraft mit unserem sexy karierten JK-Kost\u00fcmset im Gro\u00dfhandel! Der verf\u00fchrerische Faltenrock l\u00e4sst sich perfekt mit dem passenden BH und den Str\u00fcmpfen kombinieren und l\u00e4sst sich leicht ausziehen, was dieses Set zur idealen Wahl f\u00fcr abenteuerliche Abende macht. Eine gro\u00dfartige Wahl f\u00fcr Einzelh\u00e4ndler, die sowohl Fantasie als auch Zug\u00e4nglichkeit bieten m\u00f6chten!<\/p>","protected":false},"featured_media":45542,"template":"","meta":[],"product_brand":[],"product_cat":[974],"product_tag":[976],"class_list":{"0":"post-45535","1":"product","2":"type-product","3":"status-publish","4":"has-post-thumbnail","6":"product_cat-wholesale-sexy-costumes","7":"product_tag-schoolgirl-costumes","8":"pa_color-red-women-sexy-lingerie","9":"pa_size-wholesale-large-size-women-sexy-lingerie","10":"pa_size-wholesale-medium-size-women-sexy-lingerie","11":"pa_size-wholesale-small-size-sexy-lingerie","12":"pa_size-wholesale-extra-large-sexy-lingerie","14":"first","15":"instock","16":"taxable","17":"shipping-taxable","18":"purchasable","19":"product-type-variable"},"tiered_pricing_type":"fixed","tiered_pricing_fixed_rules":[],"tiered_pricing_product_settings":{"layout":"default","base_unit_name":{"singular":null,"plural":null},"default_variation":{}},"tiered_pricing_minimum_quantity":null,"tiered_pricing_roles_data":[],"tiered_pricing_percentage_rules":[],"tiered_pricing_maximum_quantity":null,"tiered_pricing_quantity_step":null,"_links":{"self":[{"href":"https:\/\/gretasexylingerie.com\/de\/wp-json\/wp\/v2\/product\/45535","targetHints":{"allow":["GET"]}}],"collection":[{"href":"https:\/\/gretasexylingerie.com\/de\/wp-json\/wp\/v2\/product"}],"about":[{"href":"https:\/\/gretasexylingerie.com\/de\/wp-json\/wp\/v2\/types\/product"}],"wp:featuredmedia":[{"embeddable":true,"href":"https:\/\/gretasexylingerie.com\/de\/wp-json\/wp\/v2\/media\/45542"}],"wp:attachment":[{"href":"https:\/\/gretasexylingerie.com\/de\/wp-json\/wp\/v2\/media?parent=45535"}],"wp:term":[{"taxonomy":"product_brand","embeddable":true,"href":"https:\/\/gretasexylingerie.com\/de\/wp-json\/wp\/v2\/product_brand?post=45535"},{"taxonomy":"product_cat","embeddable":true,"href":"https:\/\/gretasexylingerie.com\/de\/wp-json\/wp\/v2\/product_cat?post=45535"},{"taxonomy":"product_tag","embeddable":true,"href":"https:\/\/gretasexylingerie.com\/de\/wp-json\/wp\/v2\/product_tag?post=45535"}],"curies":[{"name":"wp","href":"https:\/\/api.w.org\/{rel}","templated":true}]}}