{"id":45506,"date":"2023-10-13T23:11:59","date_gmt":"2023-10-13T15:11:59","guid":{"rendered":"https:\/\/gretasexylingerie.com\/?post_type=product&#038;p=45506"},"modified":"2023-10-13T23:15:44","modified_gmt":"2023-10-13T15:15:44","slug":"groshandel-transparentes-mesh-dienstmadchen-outfit-hosentragerkleid","status":"publish","type":"product","link":"https:\/\/gretasexylingerie.com\/de\/products\/wholesale-transparent-mesh-maid-outfit-suspender-dress\/","title":{"rendered":"Transparentes Mesh-Dienstm\u00e4dchen-Outfit-Hosentr\u00e4gerkleid im Gro\u00dfhandel"},"content":{"rendered":"<ol class=\"wp-block-list\">\n<li>Design f\u00fcr Unschuld und doch Faszination: Unser Dienstm\u00e4dchen-Outfit wurde sorgf\u00e4ltig entworfen, um Unschuld auszustrahlen und gleichzeitig Kunden, die spielerische Fantasien ausleben m\u00f6chten, verf\u00fchrerisch zu verf\u00fchren. Die Kombination aus transparentem Mesh und wei\u00dfer Spitze sorgt f\u00fcr verlockende Einblicke und wird den Kunden mit Sicherheit ein unvergessliches Erlebnis bereiten!<\/li>\n\n\n\n<li>Elegante wei\u00dfe Spitzendetails: Die wei\u00dfen Spitzendetails an diesem Strapskleid verleihen diesem Kleid einen Hauch von Eleganz und Raffinesse und heben dieses Outfit als Teil Ihrer Einzelhandelskollektion hervor.<\/li>\n\n\n\n<li>Hochwertiges transparentes Netz: Dieses Outfit ist aus hochwertigem transparentem Netz gefertigt und sorgt f\u00fcr maximalen Komfort, ohne Kompromisse bei der sexy Ausstrahlung einzugehen. Unser Engagement, Gro\u00dfhandelsprodukte anzubieten, die keine Kompromisse bei Qualit\u00e4t und Komfort eingehen, kommt zum Ausdruck!<\/li>\n\n\n\n<li>Vielseitiges Rollenspiel-Outfit: Dieses Dienstm\u00e4dchen-Outfit eignet sich ideal f\u00fcr Themenveranstaltungen oder private Rollenspiel-Abenteuer. Es passt sich verschiedenen Spielszenarien an und bietet Einzelh\u00e4ndlern eine hervorragende Auswahl an fantasievollen Kleidungsoptionen.<\/li>\n\n\n\n<li>Bereit f\u00fcr den Gro\u00dfhandel: Als Gro\u00dfhandelsangebot ist dieses Dienstm\u00e4dchen-Outfit bereit, ein Verkaufsschlager in Ihrer Einzelhandelskollektion zu werden. Mehr als nur ein gew\u00f6hnliches Kost\u00fcm; Dieses Ensemble bietet die M\u00f6glichkeit f\u00fcr Spa\u00df und Abenteuer!<\/li>\n<\/ol>\n\n\n\n<p>Erweitern Sie Ihre Einzelhandelskollektion mit unserem Wholesale Transparent Mesh Maid Outfit und f\u00fcgen Sie ein einladendes St\u00fcck mit verspielter Eleganz hinzu! Geeignet f\u00fcr Gro\u00dfhandelsanfragen. Kontaktieren Sie uns und f\u00fcgen Sie diese sch\u00f6ne Erg\u00e4nzung noch heute hinzu.<\/p>\n\n\n\n<figure class=\"wp-block-table is-style-stripes\"><table class=\"has-fixed-layout\"><tbody><tr><td>Standortdiagramm (CM)<\/td><td><\/td><td><\/td><td><\/td><\/tr><tr><td>Gr\u00f6\u00dfe<\/td><td>L\u00e4nge<\/td><td>Untere Brust<\/td><td>Taille<\/td><\/tr><tr><td>S<\/td><td>63<\/td><td>86-90<\/td><td>61-65<\/td><\/tr><tr><td>M<\/td><td>64<\/td><td>90-94<\/td><td>65-69<\/td><\/tr><tr><td>L<\/td><td>65<\/td><td>94-98<\/td><td>69-73<\/td><\/tr><tr><td>XL<\/td><td>66<\/td><td>98-102<\/td><td>73-77<\/td><\/tr><tr><td>Seitendiagramm (Zoll)<\/td><td><\/td><td><\/td><td><\/td><\/tr><tr><td>Gr\u00f6\u00dfe<\/td><td>L\u00e4nge<\/td><td>Untere Brust<\/td><td>Taille<\/td><\/tr><tr><td>S<\/td><td>24.8<\/td><td>33.86-35.43<\/td><td>24.02-25.59<\/td><\/tr><tr><td>M<\/td><td>25.2<\/td><td>35.43-37.01<\/td><td>25.59-27.17<\/td><\/tr><tr><td>L<\/td><td>25.59<\/td><td>37.01-38.58<\/td><td>27.17-28.74<\/td><\/tr><tr><td>XL<\/td><td>25.98<\/td><td>38.58-40.16<\/td><td>28.74-30.31<\/td><\/tr><\/tbody><\/table><\/figure>","protected":false},"excerpt":{"rendered":"<p>Begr\u00fc\u00dfen Sie unser Gro\u00dfhandels-Outfit f\u00fcr Dienstm\u00e4dchen aus transparentem Mesh \u2013 eine Kombination aus Unschuld und Verlockung! Mit seinem wei\u00dfen Spitzen-Strapskleid, das ihm einen Hauch von Eleganz verleiht, ist es das perfekte St\u00fcck f\u00fcr verspielte Abende! Perfekt f\u00fcr Einzelh\u00e4ndler, die etwas anderes anbieten m\u00f6chten!<\/p>","protected":false},"featured_media":45513,"template":"","meta":[],"product_brand":[],"product_cat":[974],"product_tag":[980],"class_list":{"0":"post-45506","1":"product","2":"type-product","3":"status-publish","4":"has-post-thumbnail","6":"product_cat-wholesale-sexy-costumes","7":"product_tag-maid-costumes","8":"pa_color-black","9":"pa_size-wholesale-large-size-women-sexy-lingerie","10":"pa_size-wholesale-medium-size-women-sexy-lingerie","11":"pa_size-wholesale-small-size-sexy-lingerie","12":"pa_size-wholesale-extra-large-sexy-lingerie","14":"first","15":"instock","16":"taxable","17":"shipping-taxable","18":"purchasable","19":"product-type-variable"},"tiered_pricing_type":"fixed","tiered_pricing_fixed_rules":[],"tiered_pricing_product_settings":{"layout":"default","base_unit_name":{"singular":null,"plural":null},"default_variation":{}},"tiered_pricing_minimum_quantity":null,"tiered_pricing_roles_data":[],"tiered_pricing_percentage_rules":[],"tiered_pricing_maximum_quantity":null,"tiered_pricing_quantity_step":null,"_links":{"self":[{"href":"https:\/\/gretasexylingerie.com\/de\/wp-json\/wp\/v2\/product\/45506","targetHints":{"allow":["GET"]}}],"collection":[{"href":"https:\/\/gretasexylingerie.com\/de\/wp-json\/wp\/v2\/product"}],"about":[{"href":"https:\/\/gretasexylingerie.com\/de\/wp-json\/wp\/v2\/types\/product"}],"wp:featuredmedia":[{"embeddable":true,"href":"https:\/\/gretasexylingerie.com\/de\/wp-json\/wp\/v2\/media\/45513"}],"wp:attachment":[{"href":"https:\/\/gretasexylingerie.com\/de\/wp-json\/wp\/v2\/media?parent=45506"}],"wp:term":[{"taxonomy":"product_brand","embeddable":true,"href":"https:\/\/gretasexylingerie.com\/de\/wp-json\/wp\/v2\/product_brand?post=45506"},{"taxonomy":"product_cat","embeddable":true,"href":"https:\/\/gretasexylingerie.com\/de\/wp-json\/wp\/v2\/product_cat?post=45506"},{"taxonomy":"product_tag","embeddable":true,"href":"https:\/\/gretasexylingerie.com\/de\/wp-json\/wp\/v2\/product_tag?post=45506"}],"curies":[{"name":"wp","href":"https:\/\/api.w.org\/{rel}","templated":true}]}}