{"id":45489,"date":"2023-10-13T01:11:57","date_gmt":"2023-10-12T17:11:57","guid":{"rendered":"https:\/\/gretasexylingerie.com\/?post_type=product&#038;p=45489"},"modified":"2023-10-13T01:13:23","modified_gmt":"2023-10-12T17:13:23","slug":"groshandel-sexy-polizistin-kostum-cosplay-damen-anzug","status":"publish","type":"product","link":"https:\/\/gretasexylingerie.com\/de\/products\/wholesale-sexy-policewoman-costume-cosplay-womens-suit\/","title":{"rendered":"Gro\u00dfhandel Sexy Polizistin Kost\u00fcm Cosplay Damenanzug"},"content":{"rendered":"<ol class=\"wp-block-list\">\n<li>\u00dcberzeugender Reiz: Unser verf\u00fchrerisches Polizistin-Kost\u00fcm strahlt \u00fcberragenden Reiz aus und ist somit eine verlockende Option f\u00fcr abenteuerlustige Seelen. Es verk\u00f6rpert eine souver\u00e4ne Aura und sinnliche Anziehungskraft und macht dieses St\u00fcck zu einem echten Hingucker in Ihrer Einzelhandelskollektion.<\/li>\n\n\n\n<li>Ein fesselndes Cosplay-Erlebnis: Dieses Set wurde f\u00fcr ein fesselndes Polizei-Cosplay-Erlebnis entwickelt, das es Endverbrauchern erm\u00f6glicht, ihren Fantasien freien Lauf zu lassen. Es ist eine hervorragende Erg\u00e4nzung f\u00fcr Einzelh\u00e4ndler, die eine Auswahl an Rollenspielkleidung anbieten m\u00f6chten.<\/li>\n\n\n\n<li>Hochwertige Verarbeitung: Unser Engagement f\u00fcr hochwertige Verarbeitung garantiert bequemen Tragekomfort f\u00fcr l\u00e4ngeres Verspieltsein und zeigt unser Engagement, Ihren Kunden nur Waren von h\u00f6chster Qualit\u00e4t anzubieten.<\/li>\n\n\n\n<li>Vielseitiges Styling: Dieses Set bietet vielseitige Styling-Optionen und eignet sich daher f\u00fcr verschiedene Themenveranstaltungen oder private Abenteuer. Einzelh\u00e4ndler, die fantasievolle Bekleidung anbieten m\u00f6chten, k\u00f6nnen von diesem vielf\u00e4ltigen Angebot profitieren.<\/li>\n\n\n\n<li>Bereit f\u00fcr den Gro\u00dfhandel: Mit Blick auf den Gro\u00dfhandel kann dieses sexy Polizistin-Kost\u00fcm im Einzelhandel sofort ausverkauft sein. Mehr als nur ein Kost\u00fcm; Dieses Modest\u00fcck l\u00e4dt den Benutzer ein, in eine Welt voller Fantasie und spielerischer Autorit\u00e4t einzutauchen.<\/li>\n<\/ol>\n\n\n\n<p>F\u00fcgen Sie unser Gro\u00dfhandelskost\u00fcm f\u00fcr sexy Polizistin zu Ihrem Einzelhandelsangebot hinzu und erweitern Sie es mit beeindruckender Ausstrahlung und verspielter Fantasie! Es ist ideal f\u00fcr Einzelh\u00e4ndler, die ihren Kunden vielf\u00e4ltige und fantasievolle Kleidungsoptionen bieten m\u00f6chten. Kontaktieren Sie uns jetzt f\u00fcr Gro\u00dfhandelsanfragen, damit Sie Ihrem Sortiment noch heute gewagte Eleganz hinzuf\u00fcgen k\u00f6nnen.<\/p>\n\n\n\n<figure class=\"wp-block-table is-style-stripes\"><table class=\"has-fixed-layout\"><tbody><tr><td>Standortdiagramm (CM)<\/td><td><\/td><td><\/td><td><\/td><\/tr><tr><td>Gr\u00f6\u00dfe<\/td><td>L\u00e4nge<\/td><td>Untere Brust<\/td><td>Taille<\/td><\/tr><tr><td>M<\/td><td>56<\/td><td>90<\/td><td>68&nbsp;<\/td><\/tr><tr><td>L<\/td><td>56<\/td><td>95<\/td><td>73<\/td><\/tr><tr><td>Seitendiagramm (Zoll)<\/td><td><\/td><td><\/td><td><\/td><\/tr><tr><td>Gr\u00f6\u00dfe<\/td><td>L\u00e4nge<\/td><td>Untere Brust<\/td><td>Taille<\/td><\/tr><tr><td>M<\/td><td>22.05<\/td><td>35.43<\/td><td>26.77<\/td><\/tr><tr><td>L<\/td><td>22.05<\/td><td>37.4<\/td><td>28.74<\/td><\/tr><\/tbody><\/table><\/figure>","protected":false},"excerpt":{"rendered":"<p>Entfesseln Sie eine Welt voller Fantasie mit unserem sexy Polizistin-Kost\u00fcm im Gro\u00dfhandel! Dieser Frauenanzug eignet sich perfekt f\u00fcr Cosplay-Abende und Veranstaltungen mit Polizei-Cosplayern. Er strahlt Autorit\u00e4t aus und bleibt dabei verf\u00fchrerisch. Perfekt f\u00fcr Einzelh\u00e4ndler, die ihre Kollektion mit faszinierender Kleidung erweitern m\u00f6chten!<\/p>","protected":false},"featured_media":45503,"template":"","meta":[],"product_brand":[],"product_cat":[974],"product_tag":[978],"class_list":{"0":"post-45489","1":"product","2":"type-product","3":"status-publish","4":"has-post-thumbnail","6":"product_cat-wholesale-sexy-costumes","7":"product_tag-policewoman-costume","8":"pa_color-black","9":"pa_size-wholesale-large-size-women-sexy-lingerie","10":"pa_size-wholesale-medium-size-women-sexy-lingerie","12":"first","13":"instock","14":"taxable","15":"shipping-taxable","16":"purchasable","17":"product-type-variable"},"tiered_pricing_type":"fixed","tiered_pricing_fixed_rules":[],"tiered_pricing_product_settings":{"layout":"default","base_unit_name":{"singular":null,"plural":null},"default_variation":{}},"tiered_pricing_minimum_quantity":null,"tiered_pricing_roles_data":[],"tiered_pricing_percentage_rules":[],"tiered_pricing_maximum_quantity":null,"tiered_pricing_quantity_step":null,"_links":{"self":[{"href":"https:\/\/gretasexylingerie.com\/de\/wp-json\/wp\/v2\/product\/45489","targetHints":{"allow":["GET"]}}],"collection":[{"href":"https:\/\/gretasexylingerie.com\/de\/wp-json\/wp\/v2\/product"}],"about":[{"href":"https:\/\/gretasexylingerie.com\/de\/wp-json\/wp\/v2\/types\/product"}],"wp:featuredmedia":[{"embeddable":true,"href":"https:\/\/gretasexylingerie.com\/de\/wp-json\/wp\/v2\/media\/45503"}],"wp:attachment":[{"href":"https:\/\/gretasexylingerie.com\/de\/wp-json\/wp\/v2\/media?parent=45489"}],"wp:term":[{"taxonomy":"product_brand","embeddable":true,"href":"https:\/\/gretasexylingerie.com\/de\/wp-json\/wp\/v2\/product_brand?post=45489"},{"taxonomy":"product_cat","embeddable":true,"href":"https:\/\/gretasexylingerie.com\/de\/wp-json\/wp\/v2\/product_cat?post=45489"},{"taxonomy":"product_tag","embeddable":true,"href":"https:\/\/gretasexylingerie.com\/de\/wp-json\/wp\/v2\/product_tag?post=45489"}],"curies":[{"name":"wp","href":"https:\/\/api.w.org\/{rel}","templated":true}]}}