{"id":45440,"date":"2023-09-26T00:24:55","date_gmt":"2023-09-25T16:24:55","guid":{"rendered":"https:\/\/gretasexylingerie.com\/?post_type=product&#038;p=45440"},"modified":"2023-09-26T00:26:02","modified_gmt":"2023-09-25T16:26:02","slug":"schwule-diamant-einteiler-langarmstrumpfe","status":"publish","type":"product","link":"https:\/\/gretasexylingerie.com\/de\/products\/sultry-diamond-one-piece-long-sleeve-stockings\/","title":{"rendered":"Schw\u00fcle Diamant-Einteiler-Langarmstr\u00fcmpfe"},"content":{"rendered":"<p>Exquisite hei\u00dfe Diamanten: Beeindrucken Sie Ihre Kundschaft mit den schillernden hei\u00dfen Diamanten, verleihen Sie den Str\u00fcmpfen eine gehobene Note und heben Sie das Angebot Ihres Gesch\u00e4fts hervor.<br>Verf\u00fchrerische Netzstr\u00fcmpfe: Bieten Sie Ihren Kunden das aufreizende Netzdesign, das die Beine der Tr\u00e4gerin durch eine kurvenbetonte Passform betont und die Nachfrage und Zufriedenheit steigert.<br>Elegante lange \u00c4rmel: Die langen \u00c4rmel verleihen den Str\u00fcmpfen ein zus\u00e4tzliches Ma\u00df an Raffinesse und Reiz und machen sie zu einer vielseitigen Erg\u00e4nzung Ihrer Produktlinie.<br>Praktisches einteiliges Design: Stellen Sie die Kundenzufriedenheit mit dem einfach zu tragenden offenen einteiligen Design sicher, das dem Endbenutzer ein nahtloses und komfortables Erlebnis bietet.<br>Faszinierende Hohlmuster: Erweitern Sie Ihr Produktsortiment mit den einzigartigen und auff\u00e4lligen Hohlmustern, die mit Sicherheit Aufmerksamkeit erregen und den Umsatz Ihres Einzelhandelsgesch\u00e4fts steigern.<\/p>","protected":false},"excerpt":{"rendered":"<p>Erweitern Sie Ihr Inventar mit den Diamond-Encrusted Elegance Stockings \u2013 einem atemberaubenden, offenen, einteiligen Design mit hei\u00dfen Diamanten, sexy Netzstr\u00fcmpfen und verf\u00fchrerischen Hohlmustern.<\/p>","protected":false},"featured_media":45450,"template":"","meta":[],"product_brand":[],"product_cat":[405,404,410],"product_tag":[964,448,446],"class_list":{"0":"post-45440","1":"product","2":"type-product","3":"status-publish","4":"has-post-thumbnail","6":"product_cat-wholesale-bodystocking","7":"product_cat-sexy-stocking","8":"product_cat-wholesale-suspender-bodystocking","9":"product_tag-christmas-lingerie","10":"product_tag-wholesale-elegant-sexy-lingerie","11":"product_tag-wholesale-sexy-see-through-lingerie","12":"pa_color-red-women-sexy-lingerie","13":"pa_size-free","15":"first","16":"instock","17":"taxable","18":"shipping-taxable","19":"purchasable","20":"product-type-variable"},"tiered_pricing_type":"fixed","tiered_pricing_fixed_rules":{"5":"3.69","36":"3.09","101":"2.39"},"tiered_pricing_product_settings":{"layout":"default","base_unit_name":{"singular":null,"plural":null},"default_variation":{}},"tiered_pricing_minimum_quantity":null,"tiered_pricing_roles_data":[],"tiered_pricing_percentage_rules":[],"tiered_pricing_maximum_quantity":null,"tiered_pricing_quantity_step":null,"_links":{"self":[{"href":"https:\/\/gretasexylingerie.com\/de\/wp-json\/wp\/v2\/product\/45440","targetHints":{"allow":["GET"]}}],"collection":[{"href":"https:\/\/gretasexylingerie.com\/de\/wp-json\/wp\/v2\/product"}],"about":[{"href":"https:\/\/gretasexylingerie.com\/de\/wp-json\/wp\/v2\/types\/product"}],"wp:featuredmedia":[{"embeddable":true,"href":"https:\/\/gretasexylingerie.com\/de\/wp-json\/wp\/v2\/media\/45450"}],"wp:attachment":[{"href":"https:\/\/gretasexylingerie.com\/de\/wp-json\/wp\/v2\/media?parent=45440"}],"wp:term":[{"taxonomy":"product_brand","embeddable":true,"href":"https:\/\/gretasexylingerie.com\/de\/wp-json\/wp\/v2\/product_brand?post=45440"},{"taxonomy":"product_cat","embeddable":true,"href":"https:\/\/gretasexylingerie.com\/de\/wp-json\/wp\/v2\/product_cat?post=45440"},{"taxonomy":"product_tag","embeddable":true,"href":"https:\/\/gretasexylingerie.com\/de\/wp-json\/wp\/v2\/product_tag?post=45440"}],"curies":[{"name":"wp","href":"https:\/\/api.w.org\/{rel}","templated":true}]}}