{"id":45384,"date":"2023-09-20T00:27:16","date_gmt":"2023-09-19T16:27:16","guid":{"rendered":"https:\/\/gretasexylingerie.com\/?post_type=product&#038;p=45384"},"modified":"2024-04-04T14:56:20","modified_gmt":"2024-04-04T06:56:20","slug":"groshandelsset-aus-spitzen-und-wimpern-bh-und-hoschen-mit-liebesstickerei","status":"publish","type":"product","link":"https:\/\/gretasexylingerie.com\/de\/products\/wholesale-lace-and-eyelash-bra-and-panty-set-with-love-embroidery\/","title":{"rendered":"Gro\u00dfhandel mit Spitzen- und Wimpern-BH und H\u00f6schenset mit Love-Stickerei"},"content":{"rendered":"<ol class=\"wp-block-list\">\n<li>Unser Love-Stickerei-BH- und Slip-Set besteht aus hochwertigen Materialien und ist ein erstklassiges Produkt in Ihrer Sammlung. Mit eleganten Stickereien, die Romantik und Raffinesse verleihen, wird unser Love-Stickset in jeder Umgebung den Test der Zeit bestehen.<\/li>\n\n\n\n<li>Dieses Set verk\u00f6rpert \u00c4sthetik und Sentimentalit\u00e4t, von seinem verf\u00fchrerischen Spitzen- und Wimperndesign bis hin zur Herzstickerei, die eine r\u00fchrende Nostalgie verleiht und es zu einer bezaubernden Wahl f\u00fcr jede romantische Veranstaltung macht.<\/li>\n\n\n\n<li>Unser Dessous-Set \u201eRomantic Love\u201c mit Stickerei ist ein Beweis f\u00fcr tadellose Handwerkskunst. Mit exquisiten Spitzendetails gepaart mit Wimpernakzenten sorgt dieses Set aus BH und H\u00f6schen f\u00fcr einen auff\u00e4lligen Look und einen wirklich fesselnden Look.<\/li>\n<\/ol>\n\n\n\n<p>Tauchen Sie ein in eine Romanze mit unserem Love-Stickerei-BH- und H\u00f6schenset mit zarter Spitze und Wimpern f\u00fcr zus\u00e4tzliche Romantik. Lassen Sie sich dieses Premiumst\u00fcck f\u00fcr besondere Momente nicht entgehen. Kontaktieren Sie uns jetzt, um Ihre Bestellung aufzugeben oder weitere Fragen zu stellen! Lassen Sie uns gemeinsam jeden bedeutsamen Anlass unvergesslich machen!<\/p>\n\n\n\n<figure class=\"wp-block-table is-style-stripes\"><table class=\"has-fixed-layout\"><tbody><tr><td>Standortdiagramm (CM)<\/td><td><\/td><td><\/td><td><\/td><td><\/td><\/tr><tr><td>Gr\u00f6\u00dfe<\/td><td>L\u00e4nge<\/td><td>Untere Brust<\/td><td>Taille<\/td><td>Taille des Strumpfbandes<\/td><\/tr><tr><td>S<\/td><td>20<\/td><td>66<\/td><td>62<\/td><td>66<\/td><\/tr><tr><td>M<\/td><td>21<\/td><td>70<\/td><td>66&nbsp;<\/td><td>70<\/td><\/tr><tr><td>L<\/td><td>22<\/td><td>74<\/td><td>70<\/td><td>74<\/td><\/tr><tr><td>Seitendiagramm (Zoll)<\/td><td><\/td><td><\/td><td><\/td><td><\/td><\/tr><tr><td>Gr\u00f6\u00dfe<\/td><td>L\u00e4nge<\/td><td>Untere Brust<\/td><td>Taille<\/td><td>Taille des Strumpfbandes<\/td><\/tr><tr><td>S<\/td><td>7.87<\/td><td>25.98<\/td><td>24.41<\/td><td>25.98<\/td><\/tr><tr><td>M<\/td><td>8.27<\/td><td>27.56<\/td><td>25.98<\/td><td>27.56<\/td><\/tr><tr><td>L<\/td><td>8.66<\/td><td>29.13<\/td><td>27.56<\/td><td>29.13<\/td><\/tr><\/tbody><\/table><\/figure>","protected":false},"excerpt":{"rendered":"<p>Feiern Sie die Liebe mit unserem Dessous-Set \u201eRomantic Love\u201c mit Stickerei, komplett mit aufwendiger Spitze und Wimperndetails f\u00fcr zus\u00e4tzlichen Stil, Komfort und Reiz. Eine fantastische M\u00f6glichkeit, diesen romantischen Meilenstein zu feiern.<\/p>","protected":false},"featured_media":45395,"template":"","meta":[],"product_brand":[],"product_cat":[368,367,375],"product_tag":[448,454,518,864,972],"class_list":{"0":"post-45384","1":"product","2":"type-product","3":"status-publish","4":"has-post-thumbnail","6":"product_cat-bra-panty-set","7":"product_cat-sexy-lingerie","8":"product_cat-whoelsale-sheer-bra-and-panty-sets","9":"product_tag-wholesale-elegant-sexy-lingerie","10":"product_tag-wholesale-sexy-embroidered-lingerie","11":"product_tag-mesh-lingerie","12":"product_tag-sexy-petite-lingerie","13":"product_tag-valentines-day-lingerie","14":"pa_color-yellow","15":"pa_size-wholesale-large-size-women-sexy-lingerie","16":"pa_size-wholesale-medium-size-women-sexy-lingerie","17":"pa_size-wholesale-small-size-sexy-lingerie","19":"first","20":"instock","21":"taxable","22":"shipping-taxable","23":"purchasable","24":"product-type-variable"},"tiered_pricing_type":"fixed","tiered_pricing_fixed_rules":[],"tiered_pricing_product_settings":{"layout":"table","base_unit_name":{"singular":null,"plural":null},"default_variation":{}},"tiered_pricing_minimum_quantity":null,"tiered_pricing_roles_data":[],"tiered_pricing_percentage_rules":[],"tiered_pricing_maximum_quantity":null,"tiered_pricing_quantity_step":null,"_links":{"self":[{"href":"https:\/\/gretasexylingerie.com\/de\/wp-json\/wp\/v2\/product\/45384","targetHints":{"allow":["GET"]}}],"collection":[{"href":"https:\/\/gretasexylingerie.com\/de\/wp-json\/wp\/v2\/product"}],"about":[{"href":"https:\/\/gretasexylingerie.com\/de\/wp-json\/wp\/v2\/types\/product"}],"wp:featuredmedia":[{"embeddable":true,"href":"https:\/\/gretasexylingerie.com\/de\/wp-json\/wp\/v2\/media\/45395"}],"wp:attachment":[{"href":"https:\/\/gretasexylingerie.com\/de\/wp-json\/wp\/v2\/media?parent=45384"}],"wp:term":[{"taxonomy":"product_brand","embeddable":true,"href":"https:\/\/gretasexylingerie.com\/de\/wp-json\/wp\/v2\/product_brand?post=45384"},{"taxonomy":"product_cat","embeddable":true,"href":"https:\/\/gretasexylingerie.com\/de\/wp-json\/wp\/v2\/product_cat?post=45384"},{"taxonomy":"product_tag","embeddable":true,"href":"https:\/\/gretasexylingerie.com\/de\/wp-json\/wp\/v2\/product_tag?post=45384"}],"curies":[{"name":"wp","href":"https:\/\/api.w.org\/{rel}","templated":true}]}}