{"id":45336,"date":"2023-09-19T00:08:02","date_gmt":"2023-09-18T16:08:02","guid":{"rendered":"https:\/\/gretasexylingerie.com\/?post_type=product&#038;p=45336"},"modified":"2023-09-19T00:15:28","modified_gmt":"2023-09-18T16:15:28","slug":"groshandel-eleganter-durchsichtiger-sexy-anzug-mit-liebesanhanger","status":"publish","type":"product","link":"https:\/\/gretasexylingerie.com\/de\/products\/wholesaleelegant-see-through-sexy-suit-with-love-pendant\/","title":{"rendered":"Gro\u00dfhandelEleganter durchsichtiger sexy Anzug mit Liebesanh\u00e4nger"},"content":{"rendered":"<ol class=\"wp-block-list\">\n<li>Unser 4er-Set mit sexy BH-Strumpfhaltern aus gesplei\u00dftem Netzstoff aus Leder und Stoff ist eine beeindruckende Kombination aus hochwertigen Materialien, die daf\u00fcr sorgt, dass es sich in jeder Kollektion bew\u00e4hrt. Ausgestattet mit unserem wundersch\u00f6nen Love-Anh\u00e4nger f\u00fcr zus\u00e4tzliche Romantik und Raffinesse.<\/li>\n\n\n\n<li>Dieses Set ist ein Beispiel f\u00fcr Sch\u00f6nheit und Handwerkskunst. Die Kombination aus Leder, Stoff und Mesh ergibt ein auff\u00e4lliges Design. Dar\u00fcber hinaus verleiht der Herzanh\u00e4nger einen Hauch von Nostalgie und macht es zu einem exquisiten St\u00fcck, das sich perfekt f\u00fcr jede Sammlung eignet.<\/li>\n\n\n\n<li>Unser modisches Sexy-Dessous-Set mit Leder-, Stoff- und Mesh-Splei\u00dfen ist eine beeindruckende Innovationsleistung im Design. Mit durchsichtigen Elementen und dem Liebesanh\u00e4nger sorgt dieses vierteilige Set f\u00fcr einen auff\u00e4lligen Look und verzaubert jedes Mal, wenn es getragen wird.<\/li>\n<\/ol>\n\n\n\n<p>Treten Sie ein in eine Welt voller Eleganz und Verlockung mit unserem 4er-Set mit sexy BH-Strumpfb\u00e4ndern aus gesplei\u00dftem Netzstoff aus Leder und Stoff! Nicht irgendein St\u00fcck Unterw\u00e4sche; Dieses Premiumst\u00fcck steht f\u00fcr Stil, Raffinesse und Sentimentalit\u00e4t. Lassen Sie sich das nicht entgehen; Kontaktieren Sie uns jetzt, um es zu bestellen oder sich \u00fcber den Kauf zu erkundigen! Lassen Sie uns gemeinsam Dessous-Mode neu erfinden!<\/p>\n\n\n\n<figure class=\"wp-block-table is-style-stripes\"><table class=\"has-fixed-layout\"><tbody><tr><td>Standortdiagramm (CM)<\/td><td><\/td><td><\/td><td><\/td><td><\/td><\/tr><tr><td>Gr\u00f6\u00dfe<\/td><td>L\u00e4nge<\/td><td>Untere Brust<\/td><td>Taille<\/td><td>Taille des Strumpfbandes<\/td><\/tr><tr><td>S<\/td><td>13<\/td><td>62-88<\/td><td>68-96<\/td><td>61-92<\/td><\/tr><tr><td>M<\/td><td>14<\/td><td>66-92<\/td><td>72-100<\/td><td>65-96<\/td><\/tr><tr><td>L<\/td><td>15<\/td><td>70-96<\/td><td>76-104<\/td><td>69-100<\/td><\/tr><tr><td>Seitendiagramm (Zoll)<\/td><td><\/td><td><\/td><td><\/td><td><\/td><\/tr><tr><td>Gr\u00f6\u00dfe<\/td><td>L\u00e4nge<\/td><td>Untere Brust<\/td><td>Taille<\/td><td>Taille des Strumpfbandes<\/td><\/tr><tr><td>S<\/td><td>5.12<\/td><td>24.41-34.65<\/td><td>26.77-37.80<\/td><td>24.02-36.22<\/td><\/tr><tr><td>M<\/td><td>5.51<\/td><td>25.98-36.22<\/td><td>28.35-39.37<\/td><td>25.59-37.80<\/td><\/tr><tr><td>L<\/td><td>5.91<\/td><td>27.56-37.80<\/td><td>29.92-40.94<\/td><td>27.17-39.37<\/td><\/tr><\/tbody><\/table><\/figure>","protected":false},"excerpt":{"rendered":"<p>Verleihen Sie Ihrer Dessous-Kollektion Eleganz mit unserem eleganten, durchsichtigen Sexy-Anzug mit Liebesanh\u00e4nger und Netzdetails, der jede Dessous-Garderobe aufwertet. Dieses St\u00fcck besteht aus verf\u00fchrerischem Leder und Stoff in Kombination mit der Eleganz eines Liebesanh\u00e4ngers und wird in jeder Dessous-Kollektion mit Sicherheit hervorstechen.<\/p>","protected":false},"featured_media":45346,"template":"","meta":[],"product_brand":[],"product_cat":[368,367,375],"product_tag":[507,448,524,453,972],"class_list":{"0":"post-45336","1":"product","2":"type-product","3":"status-publish","4":"has-post-thumbnail","6":"product_cat-bra-panty-set","7":"product_cat-sexy-lingerie","8":"product_cat-whoelsale-sheer-bra-and-panty-sets","9":"product_tag-three-pcs-set","10":"product_tag-wholesale-elegant-sexy-lingerie","11":"product_tag-metal-lingerie","12":"product_tag-wholesale-sexy-naughty-lingerie","13":"product_tag-valentines-day-lingerie","14":"pa_color-black","15":"pa_size-wholesale-large-size-women-sexy-lingerie","16":"pa_size-wholesale-medium-size-women-sexy-lingerie","17":"pa_size-wholesale-small-size-sexy-lingerie","19":"first","20":"instock","21":"taxable","22":"shipping-taxable","23":"purchasable","24":"product-type-variable"},"tiered_pricing_type":"fixed","tiered_pricing_fixed_rules":[],"tiered_pricing_product_settings":{"layout":"default","base_unit_name":{"singular":null,"plural":null},"default_variation":{}},"tiered_pricing_minimum_quantity":null,"tiered_pricing_roles_data":[],"tiered_pricing_percentage_rules":[],"tiered_pricing_maximum_quantity":null,"tiered_pricing_quantity_step":null,"_links":{"self":[{"href":"https:\/\/gretasexylingerie.com\/de\/wp-json\/wp\/v2\/product\/45336","targetHints":{"allow":["GET"]}}],"collection":[{"href":"https:\/\/gretasexylingerie.com\/de\/wp-json\/wp\/v2\/product"}],"about":[{"href":"https:\/\/gretasexylingerie.com\/de\/wp-json\/wp\/v2\/types\/product"}],"wp:featuredmedia":[{"embeddable":true,"href":"https:\/\/gretasexylingerie.com\/de\/wp-json\/wp\/v2\/media\/45346"}],"wp:attachment":[{"href":"https:\/\/gretasexylingerie.com\/de\/wp-json\/wp\/v2\/media?parent=45336"}],"wp:term":[{"taxonomy":"product_brand","embeddable":true,"href":"https:\/\/gretasexylingerie.com\/de\/wp-json\/wp\/v2\/product_brand?post=45336"},{"taxonomy":"product_cat","embeddable":true,"href":"https:\/\/gretasexylingerie.com\/de\/wp-json\/wp\/v2\/product_cat?post=45336"},{"taxonomy":"product_tag","embeddable":true,"href":"https:\/\/gretasexylingerie.com\/de\/wp-json\/wp\/v2\/product_tag?post=45336"}],"curies":[{"name":"wp","href":"https:\/\/api.w.org\/{rel}","templated":true}]}}