{"id":45179,"date":"2023-09-16T00:39:07","date_gmt":"2023-09-15T16:39:07","guid":{"rendered":"https:\/\/gretasexylingerie.com\/?post_type=product&#038;p=45179"},"modified":"2023-10-22T22:52:41","modified_gmt":"2023-10-22T14:52:41","slug":"sexy-dessous-damen-set-im-neuen-stil-im-groshandel-mit-blumenstickerei","status":"publish","type":"product","link":"https:\/\/gretasexylingerie.com\/de\/products\/wholesale-new-style-sexy-lingerie-womens-set-with-floral-embroidery\/","title":{"rendered":"Gro\u00dfhandelsset der neuen Art-reizvollen W\u00e4sche-Damen mit Blumenstickerei"},"content":{"rendered":"<ol class=\"wp-block-list\">\n<li>Unser Sexy-Dessous-Set f\u00fcr Damen im neuen Stil wurde in sorgf\u00e4ltiger Handarbeit und mit unerm\u00fcdlicher Liebe zum Detail gefertigt. Das Ergebnis ist ein exquisites Produkt f\u00fcr Ihre Sammlung, mit schwerer Handwerkskunst und Blumenstickerei, das die Qualit\u00e4t und Hingabe jedes St\u00fccks in diesem Set unterstreicht.<\/li>\n\n\n\n<li>Das Sexy Fashion Dessous-Set mit Patchwork-Tr\u00e4gern vereint Stil und Komfort perfekt und bietet weiche Spitze auf Ihrer Haut, w\u00e4hrend die aufwendige Stickerei f\u00fcr Eleganz sorgt. Perfekt f\u00fcr alle, die Eleganz und Komfort in einem suchen.<\/li>\n\n\n\n<li>Unser elegantes, besticktes Dessous-Set mit sexy Spitze und Patchwork-Tr\u00e4gern ist ein Beispiel f\u00fcr au\u00dfergew\u00f6hnliche Handwerkskunst. Die Patchwork-Tr\u00e4ger sorgen f\u00fcr einen besonderen Touch und sorgen daf\u00fcr, dass dieses St\u00fcck in jeder Dessous-Kollektion hervorsticht.<\/li>\n<\/ol>\n\n\n\n<p>Tauchen Sie ein in Eleganz und Faszination mit unserem New Style Sexy Dessous-Damenset mit Blumenstickerei. Lassen Sie sich dieses Premiumst\u00fcck nicht entgehen. Kontaktieren Sie uns jetzt f\u00fcr Ihre Bestellung oder f\u00fcr Anfragen \u2013 gemeinsam definieren wir Dessous-Mode neu!<\/p>\n\n\n\n<figure class=\"wp-block-table is-style-stripes\"><table class=\"has-fixed-layout\"><tbody><tr><td>Standortdiagramm (CM)<\/td><td><\/td><td><\/td><td><\/td><td><\/td><\/tr><tr><td>Gr\u00f6\u00dfe<\/td><td>L\u00e4nge<\/td><td>Untere Brust<\/td><td>Taille<\/td><td>Taille des Strumpfbandes<\/td><\/tr><tr><td>S<\/td><td>14<\/td><td>66-92<\/td><td>70-96<\/td><td>64-90<\/td><\/tr><tr><td>M<\/td><td>15<\/td><td>70-96<\/td><td>74-100<\/td><td>68-94<\/td><\/tr><tr><td>L<\/td><td>16<\/td><td>74-100<\/td><td>78-104<\/td><td>72-98<\/td><\/tr><tr><td>Seitendiagramm (Zoll)<\/td><td><\/td><td><\/td><td><\/td><td><\/td><\/tr><tr><td>Gr\u00f6\u00dfe<\/td><td>L\u00e4nge<\/td><td>Untere Brust<\/td><td>Taille<\/td><td>Taille des Strumpfbandes<\/td><\/tr><tr><td>S<\/td><td>5.51<\/td><td>25.98-36.22<\/td><td>27.56-37.80<\/td><td>25.20-35.43<\/td><\/tr><tr><td>M<\/td><td>5.91<\/td><td>27.56-37.80<\/td><td>29.13-39.37<\/td><td>26.77-37.01<\/td><\/tr><tr><td>L<\/td><td>6.3<\/td><td>29.13-39.37<\/td><td>30.71-40.94<\/td><td>28.35-38.58<\/td><\/tr><\/tbody><\/table><\/figure>","protected":false},"excerpt":{"rendered":"<p>Begr\u00fc\u00dfen Sie unser Sexy-Dessous-Damenset im neuen Stil, sorgf\u00e4ltig handgefertigt und mit viel Handwerkskunst ausgestattet und mit Blumenstickereien f\u00fcr einen bezaubernden und fesselnden Look versehen \u2013 ideal f\u00fcr Kunden, die auf der Suche nach der neuesten Dessous-Mode sind! Dieses Set verspricht Raffinesse und verlockende Looks; Dies macht es zu einer hervorragenden Erg\u00e4nzung Ihrer Dessous-Garderobe!<\/p>\n<p>https:\/\/youtu.be\/iB6wQcDs-qg<\/p>","protected":false},"featured_media":45195,"template":"","meta":[],"product_brand":[],"product_cat":[368,367,375],"product_tag":[868,870,446,453,865],"class_list":{"0":"post-45179","1":"product","2":"type-product","3":"status-publish","4":"has-post-thumbnail","6":"product_cat-bra-panty-set","7":"product_cat-sexy-lingerie","8":"product_cat-whoelsale-sheer-bra-and-panty-sets","9":"product_tag-4-piece-lingerie-set","10":"product_tag-floral-lingerie","11":"product_tag-wholesale-sexy-see-through-lingerie","12":"product_tag-wholesale-sexy-naughty-lingerie","13":"product_tag-sexy-skimpy-lingerie","14":"pa_color-light-purple","15":"pa_size-wholesale-large-size-women-sexy-lingerie","16":"pa_size-wholesale-medium-size-women-sexy-lingerie","17":"pa_size-wholesale-small-size-sexy-lingerie","19":"first","20":"instock","21":"taxable","22":"shipping-taxable","23":"purchasable","24":"product-type-variable"},"tiered_pricing_type":"fixed","tiered_pricing_fixed_rules":[],"tiered_pricing_product_settings":{"layout":"default","base_unit_name":{"singular":null,"plural":null},"default_variation":{}},"tiered_pricing_minimum_quantity":null,"tiered_pricing_roles_data":[],"tiered_pricing_percentage_rules":[],"tiered_pricing_maximum_quantity":null,"tiered_pricing_quantity_step":null,"_links":{"self":[{"href":"https:\/\/gretasexylingerie.com\/de\/wp-json\/wp\/v2\/product\/45179","targetHints":{"allow":["GET"]}}],"collection":[{"href":"https:\/\/gretasexylingerie.com\/de\/wp-json\/wp\/v2\/product"}],"about":[{"href":"https:\/\/gretasexylingerie.com\/de\/wp-json\/wp\/v2\/types\/product"}],"wp:featuredmedia":[{"embeddable":true,"href":"https:\/\/gretasexylingerie.com\/de\/wp-json\/wp\/v2\/media\/45195"}],"wp:attachment":[{"href":"https:\/\/gretasexylingerie.com\/de\/wp-json\/wp\/v2\/media?parent=45179"}],"wp:term":[{"taxonomy":"product_brand","embeddable":true,"href":"https:\/\/gretasexylingerie.com\/de\/wp-json\/wp\/v2\/product_brand?post=45179"},{"taxonomy":"product_cat","embeddable":true,"href":"https:\/\/gretasexylingerie.com\/de\/wp-json\/wp\/v2\/product_cat?post=45179"},{"taxonomy":"product_tag","embeddable":true,"href":"https:\/\/gretasexylingerie.com\/de\/wp-json\/wp\/v2\/product_tag?post=45179"}],"curies":[{"name":"wp","href":"https:\/\/api.w.org\/{rel}","templated":true}]}}