{"id":44149,"date":"2023-08-06T22:34:05","date_gmt":"2023-08-06T14:34:05","guid":{"rendered":"https:\/\/gretasexylingerie.com\/?post_type=product&#038;p=44149"},"modified":"2023-10-22T22:49:42","modified_gmt":"2023-10-22T14:49:42","slug":"schwarzes-spitzen-bh-set-mit-uberkreuztem-neckholder","status":"publish","type":"product","link":"https:\/\/gretasexylingerie.com\/de\/products\/black-lace-bra-set-with-crossover-halter-neck\/","title":{"rendered":"Schwarzes Spitzen-BH-Set mit \u00fcberkreuztem Neckholder"},"content":{"rendered":"<ol class=\"wp-block-list\">\n<li>Unser schwarzes Spitzen-BH-Set mit \u00fcberkreuztem Neckholder wurde unter Ber\u00fccksichtigung der neuesten Modetrends entworfen. Der ausgeschnittene BH verleiht einen Hauch von K\u00fchnheit, w\u00e4hrend das transparente Spitzenh\u00f6schen f\u00fcr einen unwiderstehlichen Look sorgt. Dieses Set wird bei Ihren Kunden sicher ein Hit sein.<\/li>\n\n\n\n<li>Das dreiteilige Set mit ausgeschnittenem BH und transparentem Spitzenh\u00f6schen ist stilvoll und bequem. Der \u00fcberkreuzte Neckholder verleiht einen Hauch von Eleganz, w\u00e4hrend die schwarze Spitze f\u00fcr eine individuelle Passform sorgt. Dieses Set ist perfekt f\u00fcr Kunden, die Stil und Komfort in ihren Dessous suchen.<\/li>\n\n\n\n<li>Unser schwarzes Spitzen-BH-, H\u00f6schen- und Strumpfband-Set mit \u00fcberkreuztem Neckholder ist einzigartig im Design und von hoher Qualit\u00e4t. Der ausgeschnittene BH sorgt f\u00fcr einen Hauch von Eleganz, w\u00e4hrend die transparente Spitze f\u00fcr ein luxuri\u00f6ses Tragegef\u00fchl sorgt. Dieses Set wird in jeder Dessous-Kollektion garantiert ein Blickfang sein.<\/li>\n<\/ol>\n\n\n\n<p>Umarmen Sie das Mutige und Sch\u00f6ne mit unserem schwarzen Spitzen-BH-Set, bestehend aus einem \u00fcberkreuzten Neckholder, einem BH mit Ausschnitten und einem durchsichtigen Spitzenh\u00f6schen. Dieses Set ist nicht nur ein Produkt; Es ist ein Stil-Statement, das Ihre Kunden lieben werden. Warten Sie nicht. Kontaktieren Sie uns noch heute, um Ihre Bestellung aufzugeben oder Fragen zu stellen. Lassen Sie uns gemeinsam Dessous-Mode neu definieren!<\/p>\n\n\n\n<figure class=\"wp-block-table\"><table class=\"has-fixed-layout\"><tbody><tr><td>Standortdiagramm (CM)<\/td><td><\/td><td><\/td><td><\/td><td><\/td><\/tr><tr><td>Gr\u00f6\u00dfe<\/td><td>L\u00e4nge<\/td><td>Untere Brust<\/td><td>Taille<\/td><td>Taille des Strumpfbandes<\/td><\/tr><tr><td>S<\/td><td>11.5<\/td><td>66<\/td><td>68<\/td><td>64<\/td><\/tr><tr><td>M<\/td><td>12<\/td><td>70<\/td><td>72<\/td><td>68<\/td><\/tr><tr><td>L<\/td><td>12.5<\/td><td>74<\/td><td>76<\/td><td>72<\/td><\/tr><tr><td>Seitendiagramm (Zoll)<\/td><td><\/td><td><\/td><td><\/td><td><\/td><\/tr><tr><td>Gr\u00f6\u00dfe<\/td><td>L\u00e4nge<\/td><td>Untere Brust<\/td><td>Taille<\/td><td>Taille des Strumpfbandes<\/td><\/tr><tr><td>S<\/td><td>4.53<\/td><td>25.98<\/td><td>26.77<\/td><td>25.2<\/td><\/tr><tr><td>M<\/td><td>4.72<\/td><td>27.56<\/td><td>28.35<\/td><td>26.77<\/td><\/tr><tr><td>L<\/td><td>4.92<\/td><td>29.13<\/td><td>29.92<\/td><td>28.35<\/td><\/tr><\/tbody><\/table><\/figure>","protected":false},"excerpt":{"rendered":"<p>Bieten Sie Ihren Kunden das Beste an Dessous-Mode mit unserem schwarzen Spitzen-BH, H\u00f6schen und Strumpfband-Set mit \u00fcberkreuztem Neckholder. Dieses Set bietet eine perfekte Mischung aus Stil, Komfort und Reiz und ist so konzipiert, dass es in jeder Dessous-Kollektion hervorsticht.<\/p>\n<p>https:\/\/youtu.be\/4EJlKBIFv4k<\/p>","protected":false},"featured_media":44161,"template":"","meta":[],"product_brand":[],"product_cat":[368,369,367,375],"product_tag":[868,870,875,533,865],"class_list":{"0":"post-44149","1":"product","2":"type-product","3":"status-publish","4":"has-post-thumbnail","6":"product_cat-bra-panty-set","7":"product_cat-wholesale-lace-bra-and-panty-sets","8":"product_cat-sexy-lingerie","9":"product_cat-whoelsale-sheer-bra-and-panty-sets","10":"product_tag-4-piece-lingerie-set","11":"product_tag-floral-lingerie","12":"product_tag-lace-sexy-lingerie","13":"product_tag-sexy-cupless-lingerie","14":"product_tag-sexy-skimpy-lingerie","15":"pa_color-black","16":"pa_size-wholesale-large-size-women-sexy-lingerie","17":"pa_size-wholesale-medium-size-women-sexy-lingerie","18":"pa_size-wholesale-small-size-sexy-lingerie","20":"first","21":"instock","22":"taxable","23":"shipping-taxable","24":"purchasable","25":"product-type-variable"},"tiered_pricing_type":"fixed","tiered_pricing_fixed_rules":[],"tiered_pricing_product_settings":{"layout":"default","base_unit_name":{"singular":null,"plural":null},"default_variation":{}},"tiered_pricing_minimum_quantity":null,"tiered_pricing_roles_data":{"default_wholesaler":{"product_id":44149,"role":"default_wholesaler","pricing_type":"flat","regular_price":null,"sale_price":null,"discount":null,"discount_type":"sale_price","tiered_pricing_type":"fixed","percentage_rules":[],"fixed_rules":{"2":"9.39","30":"8.09","500":"7.09"},"minimum":null},"dropshippinger":{"product_id":44149,"role":"dropshippinger","pricing_type":"flat","regular_price":null,"sale_price":null,"discount":null,"discount_type":"sale_price","tiered_pricing_type":"fixed","percentage_rules":[],"fixed_rules":{"1":"11.29","5":"9.39","30":"7.09"},"minimum":null}},"tiered_pricing_percentage_rules":[],"tiered_pricing_maximum_quantity":null,"tiered_pricing_quantity_step":null,"_links":{"self":[{"href":"https:\/\/gretasexylingerie.com\/de\/wp-json\/wp\/v2\/product\/44149","targetHints":{"allow":["GET"]}}],"collection":[{"href":"https:\/\/gretasexylingerie.com\/de\/wp-json\/wp\/v2\/product"}],"about":[{"href":"https:\/\/gretasexylingerie.com\/de\/wp-json\/wp\/v2\/types\/product"}],"wp:featuredmedia":[{"embeddable":true,"href":"https:\/\/gretasexylingerie.com\/de\/wp-json\/wp\/v2\/media\/44161"}],"wp:attachment":[{"href":"https:\/\/gretasexylingerie.com\/de\/wp-json\/wp\/v2\/media?parent=44149"}],"wp:term":[{"taxonomy":"product_brand","embeddable":true,"href":"https:\/\/gretasexylingerie.com\/de\/wp-json\/wp\/v2\/product_brand?post=44149"},{"taxonomy":"product_cat","embeddable":true,"href":"https:\/\/gretasexylingerie.com\/de\/wp-json\/wp\/v2\/product_cat?post=44149"},{"taxonomy":"product_tag","embeddable":true,"href":"https:\/\/gretasexylingerie.com\/de\/wp-json\/wp\/v2\/product_tag?post=44149"}],"curies":[{"name":"wp","href":"https:\/\/api.w.org\/{rel}","templated":true}]}}