{"id":44091,"date":"2023-08-05T00:23:38","date_gmt":"2023-08-04T16:23:38","guid":{"rendered":"https:\/\/gretasexylingerie.com\/?post_type=product&#038;p=44091"},"modified":"2023-10-22T22:47:36","modified_gmt":"2023-10-22T14:47:36","slug":"dreiteiliges-set-aus-tragerlosem-bh-mit-metallkette-und-federtaille","status":"publish","type":"product","link":"https:\/\/gretasexylingerie.com\/de\/products\/cupless-metal-chain-bra-three-piece-set-with-feather-waist\/","title":{"rendered":"Dreiteiliges Set aus b\u00fcgellosem Metallketten-BH mit Federbund"},"content":{"rendered":"<ol class=\"wp-block-list\">\n<li>Unser dreiteiliges BH-Set ohne K\u00f6rbchen mit Metallkette und Federg\u00fcrtel wurde unter Ber\u00fccksichtigung der neuesten Modetrends entworfen. Das transparente Spitzenh\u00f6schen verleiht einen Hauch von Eleganz, w\u00e4hrend das supersexy Design f\u00fcr einen unwiderstehlichen Look sorgt. Dieses Set wird bei Ihren Kunden sicher ein Hit sein.<\/li>\n\n\n\n<li>Das super sexy schwarze dreiteilige BH-Set mit transparentem Spitzenh\u00f6schen ist stilvoll und bequem. Das schalenlose Design sorgt f\u00fcr einen Hauch von K\u00fchnheit, w\u00e4hrend die Metallkette eine individuelle Passform bietet. Dieses Set ist perfekt f\u00fcr Kunden, die Stil und Komfort in ihren Dessous suchen.<\/li>\n\n\n\n<li>Unser k\u00f6rbchenloses Metallketten-BH-Set mit Federg\u00fcrtel und transparentem Spitzenh\u00f6schen ist einzigartig im Design und von hoher Qualit\u00e4t. Das supersexy Design sorgt f\u00fcr einen Hauch von Eleganz, w\u00e4hrend die schwarze Farbe f\u00fcr ein luxuri\u00f6ses Gef\u00fchl sorgt. Dieses Set wird in jeder Dessous-Kollektion garantiert ein Blickfang sein.<\/li>\n<\/ol>\n\n\n\n<p>Umfassen Sie das Mutige und Sch\u00f6ne mit unserem dreiteiligen BH-Set ohne K\u00f6rbchen mit Metallkette, das einen Federg\u00fcrtel, ein durchsichtiges Spitzenh\u00f6schen und ein super sexy Design umfasst. Dieses schwarze Set ist nicht nur ein Produkt; Es ist ein Stil-Statement, das Ihre Kunden lieben werden. Warten Sie nicht; Kontaktieren Sie uns noch heute, um Ihre Bestellung aufzugeben oder Fragen zu stellen. Lassen Sie uns gemeinsam Dessous-Mode neu definieren!<\/p>\n\n\n\n<figure class=\"wp-block-table is-style-stripes\"><table class=\"has-fixed-layout\"><tbody><tr><td>Standortdiagramm (CM)<\/td><td><\/td><td><\/td><td><\/td><td><\/td><\/tr><tr><td>Gr\u00f6\u00dfe<\/td><td>L\u00e4nge<\/td><td>Untere Brust<\/td><td>Taille<\/td><td>Taille des Strumpfbandes<\/td><\/tr><tr><td>S<\/td><td>11.5<\/td><td>66<\/td><td>68<\/td><td>64<\/td><\/tr><tr><td>M<\/td><td>12<\/td><td>70<\/td><td>72<\/td><td>68<\/td><\/tr><tr><td>L<\/td><td>12.5<\/td><td>74<\/td><td>76<\/td><td>72<\/td><\/tr><tr><td>Seitendiagramm (Zoll)<\/td><td><\/td><td><\/td><td><\/td><td><\/td><\/tr><tr><td>Gr\u00f6\u00dfe<\/td><td>L\u00e4nge<\/td><td>Untere Brust<\/td><td>Taille<\/td><td>Taille des Strumpfbandes<\/td><\/tr><tr><td>S<\/td><td>4.53<\/td><td>25.98<\/td><td>26.77<\/td><td>25.2<\/td><\/tr><tr><td>M<\/td><td>4.72<\/td><td>27.56<\/td><td>28.35<\/td><td>26.77<\/td><\/tr><tr><td>L<\/td><td>4.92<\/td><td>29.13<\/td><td>29.92<\/td><td>28.35<\/td><\/tr><\/tbody><\/table><\/figure>","protected":false},"excerpt":{"rendered":"<p>Unser dreiteiliges BH-Set ohne K\u00f6rbchen mit Metallkette und Federg\u00fcrtel ist ein Muss f\u00fcr jeden Dessous-H\u00e4ndler. Dieses Set besteht aus transparenten Spitzenh\u00f6schen und einem super sexy Design, das einen gewagten und verlockenden Look bietet. Perfekt f\u00fcr Kunden, die die neueste Dessous-Mode suchen.<\/p>\n<p>https:\/\/youtu.be\/6Us3taxB0qQ<\/p>","protected":false},"featured_media":44104,"template":"","meta":[],"product_brand":[],"product_cat":[368,380,367,376],"product_tag":[507,861,516,524,446,504],"class_list":{"0":"post-44091","1":"product","2":"type-product","3":"status-publish","4":"has-post-thumbnail","6":"product_cat-bra-panty-set","7":"product_cat-wholesale-harness-bra-and-panty-set","8":"product_cat-sexy-lingerie","9":"product_cat-wholesale-ultra-sexy-bra-panty-set","10":"product_tag-three-pcs-set","11":"product_tag-brunette-lingerie","12":"product_tag-lace-lingerie","13":"product_tag-metal-lingerie","14":"product_tag-wholesale-sexy-see-through-lingerie","15":"product_tag-ultra-sexy","16":"pa_color-black","17":"pa_size-wholesale-large-size-women-sexy-lingerie","18":"pa_size-wholesale-medium-size-women-sexy-lingerie","19":"pa_size-wholesale-small-size-sexy-lingerie","21":"first","22":"instock","23":"taxable","24":"shipping-taxable","25":"purchasable","26":"product-type-variable"},"tiered_pricing_type":"fixed","tiered_pricing_fixed_rules":[],"tiered_pricing_product_settings":{"layout":"default","base_unit_name":{"singular":null,"plural":null},"default_variation":{}},"tiered_pricing_minimum_quantity":null,"tiered_pricing_roles_data":{"default_wholesaler":{"product_id":44091,"role":"default_wholesaler","pricing_type":"flat","regular_price":null,"sale_price":null,"discount":null,"discount_type":"sale_price","tiered_pricing_type":"fixed","percentage_rules":[],"fixed_rules":{"2":"8.89","30":"7.59","500":"6.69"},"minimum":null},"dropshippinger":{"product_id":44091,"role":"dropshippinger","pricing_type":"flat","regular_price":null,"sale_price":10.69,"discount":null,"discount_type":"sale_price","tiered_pricing_type":"fixed","percentage_rules":[],"fixed_rules":{"1":"10.69","5":"8.89","30":"6.69"},"minimum":null}},"tiered_pricing_percentage_rules":[],"tiered_pricing_maximum_quantity":null,"tiered_pricing_quantity_step":null,"_links":{"self":[{"href":"https:\/\/gretasexylingerie.com\/de\/wp-json\/wp\/v2\/product\/44091","targetHints":{"allow":["GET"]}}],"collection":[{"href":"https:\/\/gretasexylingerie.com\/de\/wp-json\/wp\/v2\/product"}],"about":[{"href":"https:\/\/gretasexylingerie.com\/de\/wp-json\/wp\/v2\/types\/product"}],"wp:featuredmedia":[{"embeddable":true,"href":"https:\/\/gretasexylingerie.com\/de\/wp-json\/wp\/v2\/media\/44104"}],"wp:attachment":[{"href":"https:\/\/gretasexylingerie.com\/de\/wp-json\/wp\/v2\/media?parent=44091"}],"wp:term":[{"taxonomy":"product_brand","embeddable":true,"href":"https:\/\/gretasexylingerie.com\/de\/wp-json\/wp\/v2\/product_brand?post=44091"},{"taxonomy":"product_cat","embeddable":true,"href":"https:\/\/gretasexylingerie.com\/de\/wp-json\/wp\/v2\/product_cat?post=44091"},{"taxonomy":"product_tag","embeddable":true,"href":"https:\/\/gretasexylingerie.com\/de\/wp-json\/wp\/v2\/product_tag?post=44091"}],"curies":[{"name":"wp","href":"https:\/\/api.w.org\/{rel}","templated":true}]}}