{"id":44071,"date":"2023-08-04T23:25:21","date_gmt":"2023-08-04T15:25:21","guid":{"rendered":"https:\/\/gretasexylingerie.com\/?post_type=product&#038;p=44071"},"modified":"2023-10-22T22:52:02","modified_gmt":"2023-10-22T14:52:02","slug":"sexy-transparentes-dreiteiliges-unterwascheset-mit-abnehmbarer-vorderseite","status":"publish","type":"product","link":"https:\/\/gretasexylingerie.com\/de\/products\/sexy-transparent-three-piece-underwear-set-with-front-detachable\/","title":{"rendered":"Sexy transparentes dreiteiliges Unterw\u00e4scheset mit abnehmbarer Vorderseite"},"content":{"rendered":"<ol class=\"wp-block-list\">\n<li>Unser dreiteiliges Unterw\u00e4scheset in Rosa-Lila mit bestickter Spitze wurde unter Ber\u00fccksichtigung der neuesten Modetrends entworfen. Der vorne abnehmbare BH sorgt f\u00fcr einen Hauch von Funktionalit\u00e4t, w\u00e4hrend das sexy transparente Design f\u00fcr einen unwiderstehlichen Look sorgt. Dieses Set wird bei Ihren Kunden sicher ein Hit sein.<\/li>\n\n\n\n<li>Das sexy transparente dreiteilige Unterw\u00e4scheset mit abnehmbarem BH vorne ist stilvoll und bequem. Die bestickte Spitze sorgt f\u00fcr einen Hauch von Eleganz, w\u00e4hrend die rosa-lila Farbe f\u00fcr eine individuelle Passform sorgt. Dieses Set ist perfekt f\u00fcr Kunden, die Stil und Komfort in ihren Dessous suchen.<\/li>\n\n\n\n<li>Unser rosa-lila dreiteiliges Unterw\u00e4sche-Set mit sexy transparentem Design ist einzigartig und hochwertig. Der abnehmbare BH vorne sorgt f\u00fcr einen Hauch von Bequemlichkeit, w\u00e4hrend die bestickte Spitze f\u00fcr ein luxuri\u00f6ses Tragegef\u00fchl sorgt. Dieses Set wird in jeder Dessous-Kollektion garantiert ein Blickfang sein.<\/li>\n<\/ol>\n\n\n\n<p>Erleben Sie Eleganz und Faszination mit unserem dreiteiligen Unterw\u00e4sche-Set in Pink-Lila mit bestickter Spitze, einem abnehmbaren BH vorne und einem sexy transparenten Design. Dieses Set ist nicht nur ein Produkt; Es ist ein Stil-Statement, das Ihre Kunden lieben werden. Warten Sie nicht; Kontaktieren Sie uns noch heute, um Ihre Bestellung aufzugeben oder Fragen zu stellen. Lassen Sie uns gemeinsam Dessous-Mode neu definieren!<\/p>\n\n\n\n<figure class=\"wp-block-table is-style-stripes\"><table class=\"has-fixed-layout\"><tbody><tr><td>Standortdiagramm (CM)<\/td><td><\/td><td><\/td><td><\/td><td><\/td><\/tr><tr><td>Gr\u00f6\u00dfe<\/td><td>L\u00e4nge<\/td><td>Untere Brust<\/td><td>Taille<\/td><td>Taille des Strumpfbandes<\/td><\/tr><tr><td>S<\/td><td>13<\/td><td>64<\/td><td>72<\/td><td>62<\/td><\/tr><tr><td>M<\/td><td>14<\/td><td>68<\/td><td>76<\/td><td>64<\/td><\/tr><tr><td>L<\/td><td>15<\/td><td>72<\/td><td>80<\/td><td>68<\/td><\/tr><tr><td>Seitendiagramm (Zoll)<\/td><td><\/td><td><\/td><td><\/td><td><\/td><\/tr><tr><td>Gr\u00f6\u00dfe<\/td><td>L\u00e4nge<\/td><td>Untere Brust<\/td><td>Taille<\/td><td>Taille des Strumpfbandes<\/td><\/tr><tr><td>S<\/td><td>5.12<\/td><td>25.2<\/td><td>28.35<\/td><td>24.41<\/td><\/tr><tr><td>M<\/td><td>5.51<\/td><td>26.77<\/td><td>29.92<\/td><td>25.2<\/td><\/tr><tr><td>L<\/td><td>5.91<\/td><td>28.35<\/td><td>31.5<\/td><td>26.77<\/td><\/tr><\/tbody><\/table><\/figure>","protected":false},"excerpt":{"rendered":"<p>Bleiben Sie dem Dessous-Trend immer einen Schritt voraus mit unserem sexy transparenten dreiteiligen Unterw\u00e4scheset mit abnehmbarem BH vorne. Dieses Set kombiniert den Reiz der rosa-lila Farbe mit der Eleganz bestickter Spitze. Mit exquisiter Handwerkskunst gefertigt, ist es eine atemberaubende Erg\u00e4nzung f\u00fcr jede Dessous-Kollektion.<\/p>\n<p>https:\/\/youtu.be\/TI-1vrz42go<\/p>","protected":false},"featured_media":44089,"template":"","meta":[],"product_brand":[],"product_cat":[368,369,367,375],"product_tag":[507,452,448,446,863],"class_list":{"0":"post-44071","1":"product","2":"type-product","3":"status-publish","4":"has-post-thumbnail","6":"product_cat-bra-panty-set","7":"product_cat-wholesale-lace-bra-and-panty-sets","8":"product_cat-sexy-lingerie","9":"product_cat-whoelsale-sheer-bra-and-panty-sets","10":"product_tag-three-pcs-set","11":"product_tag-wholesale-boudoir-lingerie","12":"product_tag-wholesale-elegant-sexy-lingerie","13":"product_tag-wholesale-sexy-see-through-lingerie","14":"product_tag-sexy-thong-lingerie","15":"pa_color-light-purple","16":"pa_size-wholesale-large-size-women-sexy-lingerie","17":"pa_size-wholesale-medium-size-women-sexy-lingerie","18":"pa_size-wholesale-small-size-sexy-lingerie","20":"first","21":"instock","22":"taxable","23":"shipping-taxable","24":"purchasable","25":"product-type-variable"},"tiered_pricing_type":"fixed","tiered_pricing_fixed_rules":[],"tiered_pricing_product_settings":{"layout":"default","base_unit_name":{"singular":null,"plural":null},"default_variation":{}},"tiered_pricing_minimum_quantity":null,"tiered_pricing_roles_data":{"default_wholesaler":{"product_id":44071,"role":"default_wholesaler","pricing_type":"flat","regular_price":null,"sale_price":null,"discount":null,"discount_type":"sale_price","tiered_pricing_type":"fixed","percentage_rules":[],"fixed_rules":{"2":"9.38","30":"8.09","500":"7.09"},"minimum":null},"dropshippinger":{"product_id":44071,"role":"dropshippinger","pricing_type":"flat","regular_price":null,"sale_price":null,"discount":null,"discount_type":"sale_price","tiered_pricing_type":"fixed","percentage_rules":[],"fixed_rules":{"1":"11.29","5":"9.39","30":"7.09"},"minimum":null}},"tiered_pricing_percentage_rules":[],"tiered_pricing_maximum_quantity":null,"tiered_pricing_quantity_step":null,"_links":{"self":[{"href":"https:\/\/gretasexylingerie.com\/de\/wp-json\/wp\/v2\/product\/44071","targetHints":{"allow":["GET"]}}],"collection":[{"href":"https:\/\/gretasexylingerie.com\/de\/wp-json\/wp\/v2\/product"}],"about":[{"href":"https:\/\/gretasexylingerie.com\/de\/wp-json\/wp\/v2\/types\/product"}],"wp:featuredmedia":[{"embeddable":true,"href":"https:\/\/gretasexylingerie.com\/de\/wp-json\/wp\/v2\/media\/44089"}],"wp:attachment":[{"href":"https:\/\/gretasexylingerie.com\/de\/wp-json\/wp\/v2\/media?parent=44071"}],"wp:term":[{"taxonomy":"product_brand","embeddable":true,"href":"https:\/\/gretasexylingerie.com\/de\/wp-json\/wp\/v2\/product_brand?post=44071"},{"taxonomy":"product_cat","embeddable":true,"href":"https:\/\/gretasexylingerie.com\/de\/wp-json\/wp\/v2\/product_cat?post=44071"},{"taxonomy":"product_tag","embeddable":true,"href":"https:\/\/gretasexylingerie.com\/de\/wp-json\/wp\/v2\/product_tag?post=44071"}],"curies":[{"name":"wp","href":"https:\/\/api.w.org\/{rel}","templated":true}]}}