{"id":43913,"date":"2023-08-01T00:41:36","date_gmt":"2023-07-31T16:41:36","guid":{"rendered":"https:\/\/gretasexylingerie.com\/?post_type=product&#038;p=43913"},"modified":"2024-01-22T12:44:03","modified_gmt":"2024-01-22T04:44:03","slug":"schickes-sexy-dessous-netz-bh-set","status":"publish","type":"product","link":"https:\/\/gretasexylingerie.com\/de\/products\/chic-sexy-lingerie-mesh-bra-set\/","title":{"rendered":"Schickes, sexy Dessous-Set aus Netz-BH und \u00fcberkreuztem, ausgeh\u00f6hltem H\u00f6schen \u2013 Gro\u00dfhandel f\u00fcr Dessous"},"content":{"rendered":"<ol class=\"wp-block-list\">\n<li>Unser schwarzes, durchsichtiges Mesh-BH-Set mit verstellbaren Tr\u00e4gern wurde unter Ber\u00fccksichtigung der neuesten Modetrends entwickelt. Das kreuzf\u00f6rmige H\u00f6schen verleiht einen Hauch von K\u00fchnheit, w\u00e4hrend die verstellbaren Tr\u00e4ger f\u00fcr eine perfekte Passform sorgen. Dieses Set wird bei Ihren Kunden sicher ein Hit sein.<\/li>\n\n\n\n<li>Das Sexy Lingerie Mesh-BH-Set mit Cross Hollow Panty ist stilvoll und bequem. Das schwarze, durchsichtige Netzgewebe sorgt f\u00fcr einen Hauch von Eleganz, w\u00e4hrend die verstellbaren Tr\u00e4ger eine individuelle Passform erm\u00f6glichen. Dieses Set ist perfekt f\u00fcr Kunden, die Stil und Komfort in ihren Dessous suchen.<\/li>\n\n\n\n<li>Unser schwarzes Mesh-BH- und H\u00f6schenset mit verstellbaren Tr\u00e4gern ist einzigartig im Design und von hoher Qualit\u00e4t. Das kreuzweise ausgeh\u00f6hlte H\u00f6schen sorgt f\u00fcr einen Hauch von Eleganz, w\u00e4hrend das durchsichtige Netz einen verlockenden Blick auf das, was sich darunter verbirgt, gew\u00e4hrt. Dieses Set wird in jeder Dessous-Kollektion garantiert ein Blickfang sein.<\/li>\n<\/ol>\n\n\n\n<p>Entfesseln Sie das Mutige und Sch\u00f6ne mit unserem Sexy Lingerie Mesh-BH-Set mit schwarzem, durchsichtigem Mesh, verstellbaren Tr\u00e4gern und einem kreuzf\u00f6rmigen H\u00f6schen. Dieses Set ist nicht nur ein Produkt. Es ist ein Statement f\u00fcr Stil und Charme, das Ihre Kunden lieben werden. Warten Sie nicht. Kontaktieren Sie uns noch heute, um Ihre Bestellung aufzugeben oder Fragen zu stellen. Lassen Sie uns gemeinsam Dessous-Mode neu definieren!<\/p>\n\n\n\n<figure class=\"wp-block-table is-style-stripes\"><table class=\"has-fixed-layout\"><tbody><tr><td colspan=\"5\">Standortdiagramm (CM)<\/td><\/tr><tr><td>Gr\u00f6\u00dfe<\/td><td>L\u00e4nge<\/td><td>Untere Brust<\/td><td>Taille<\/td><td>Hosenl\u00e4nge<\/td><\/tr><tr><td>S<\/td><td>16<\/td><td>60-90<\/td><td>64-96<\/td><td>27<\/td><\/tr><tr><td>M<\/td><td>17<\/td><td>64-94<\/td><td>68-100<\/td><td>28<\/td><\/tr><tr><td>L<\/td><td>18<\/td><td>68-98<\/td><td>73-104<\/td><td>29<\/td><\/tr><tr><td colspan=\"5\">Seitendiagramm (Zoll)<\/td><\/tr><tr><td>Gr\u00f6\u00dfe<\/td><td>L\u00e4nge<\/td><td>Untere Brust<\/td><td>Taille<\/td><td>Hosenl\u00e4nge<\/td><\/tr><tr><td>S<\/td><td>6.3<\/td><td>23.62-35.43<\/td><td>25.20-37.80<\/td><td>10.63<\/td><\/tr><tr><td>M<\/td><td>6.69<\/td><td>25.20-37.01<\/td><td>26.77-39.37<\/td><td>11.02<\/td><\/tr><tr><td>L<\/td><td>7.09<\/td><td>26.77-38.58<\/td><td>28.74-40.94<\/td><td>11.42<\/td><\/tr><\/tbody><\/table><\/figure>","protected":false},"excerpt":{"rendered":"<p>Unser schwarzes, durchsichtiges Mesh-BH-Set mit verstellbaren Tr\u00e4gern ist ein Muss f\u00fcr jeden Dessous-H\u00e4ndler. Dieses Set besteht aus einem kreuzf\u00f6rmigen H\u00f6schen, das einen auff\u00e4lligen und verlockenden Look bietet. Perfekt f\u00fcr Kunden, die die neueste Dessous-Mode suchen.<\/p>\n<p>https:\/\/www.youtube.com\/watch?v=PpusBlqyOKE<\/p>","protected":false},"featured_media":43923,"template":"","meta":[],"product_brand":[],"product_cat":[368,367,375],"product_tag":[861,518,446,880,865],"class_list":{"0":"post-43913","1":"product","2":"type-product","3":"status-publish","4":"has-post-thumbnail","6":"product_cat-bra-panty-set","7":"product_cat-sexy-lingerie","8":"product_cat-whoelsale-sheer-bra-and-panty-sets","9":"product_tag-brunette-lingerie","10":"product_tag-mesh-lingerie","11":"product_tag-wholesale-sexy-see-through-lingerie","12":"product_tag-sexy-2-piece-lingerie","13":"product_tag-sexy-skimpy-lingerie","14":"pa_color-black","15":"pa_size-wholesale-large-size-women-sexy-lingerie","16":"pa_size-wholesale-medium-size-women-sexy-lingerie","17":"pa_size-wholesale-small-size-sexy-lingerie","19":"first","20":"instock","21":"taxable","22":"shipping-taxable","23":"purchasable","24":"product-type-variable"},"tiered_pricing_type":"fixed","tiered_pricing_fixed_rules":[],"tiered_pricing_product_settings":{"layout":"default","base_unit_name":{"singular":null,"plural":null},"default_variation":{}},"tiered_pricing_minimum_quantity":null,"tiered_pricing_roles_data":{"default_wholesaler":{"product_id":43913,"role":"default_wholesaler","pricing_type":"flat","regular_price":null,"sale_price":null,"discount":null,"discount_type":"sale_price","tiered_pricing_type":"fixed","percentage_rules":[],"fixed_rules":{"2":"7.09","30":"6.09","500":"5.29"},"minimum":null},"dropshippinger":{"product_id":43913,"role":"dropshippinger","pricing_type":"flat","regular_price":null,"sale_price":null,"discount":null,"discount_type":"sale_price","tiered_pricing_type":"fixed","percentage_rules":[],"fixed_rules":{"1":"8.49","5":"7.09","30":"5.29"},"minimum":null}},"tiered_pricing_percentage_rules":[],"tiered_pricing_maximum_quantity":null,"tiered_pricing_quantity_step":null,"_links":{"self":[{"href":"https:\/\/gretasexylingerie.com\/de\/wp-json\/wp\/v2\/product\/43913","targetHints":{"allow":["GET"]}}],"collection":[{"href":"https:\/\/gretasexylingerie.com\/de\/wp-json\/wp\/v2\/product"}],"about":[{"href":"https:\/\/gretasexylingerie.com\/de\/wp-json\/wp\/v2\/types\/product"}],"wp:featuredmedia":[{"embeddable":true,"href":"https:\/\/gretasexylingerie.com\/de\/wp-json\/wp\/v2\/media\/43923"}],"wp:attachment":[{"href":"https:\/\/gretasexylingerie.com\/de\/wp-json\/wp\/v2\/media?parent=43913"}],"wp:term":[{"taxonomy":"product_brand","embeddable":true,"href":"https:\/\/gretasexylingerie.com\/de\/wp-json\/wp\/v2\/product_brand?post=43913"},{"taxonomy":"product_cat","embeddable":true,"href":"https:\/\/gretasexylingerie.com\/de\/wp-json\/wp\/v2\/product_cat?post=43913"},{"taxonomy":"product_tag","embeddable":true,"href":"https:\/\/gretasexylingerie.com\/de\/wp-json\/wp\/v2\/product_tag?post=43913"}],"curies":[{"name":"wp","href":"https:\/\/api.w.org\/{rel}","templated":true}]}}