{"id":43893,"date":"2023-07-31T22:36:16","date_gmt":"2023-07-31T14:36:16","guid":{"rendered":"https:\/\/gretasexylingerie.com\/?post_type=product&#038;p=43893"},"modified":"2023-10-22T23:03:26","modified_gmt":"2023-10-22T15:03:26","slug":"elegantes-schwarzes-bh-und-hoschen-set-mit-brustausschnitt","status":"publish","type":"product","link":"https:\/\/gretasexylingerie.com\/de\/products\/elegant-black-bra-and-panties-set-with-chest-cutout\/","title":{"rendered":"Elegantes schwarzes BH- und H\u00f6schen-Set mit Brustausschnitt \u2013 ideal f\u00fcr B2B-Dessous-Einzelh\u00e4ndler"},"content":{"rendered":"<ol class=\"wp-block-list\">\n<li>Unser schwarzes BH- und H\u00f6schen-Set mit Brustausschnitt wurde unter Ber\u00fccksichtigung der neuesten Modetrends entworfen. Der doppelt breite G\u00fcrtel sorgt f\u00fcr einen Hauch von K\u00fchnheit, w\u00e4hrend die verstellbaren Neckholder-Tr\u00e4ger f\u00fcr eine perfekte Passform sorgen. Dieses Set wird bei Ihren Kunden sicher ein Hit sein.<\/li>\n\n\n\n<li>Das schwarze BH-Set mit doppelt breitem G\u00fcrtel und verstellbaren Neckholder-Tr\u00e4gern ist stilvoll und bequem. Die Strass-Anh\u00e4ngerverzierung sorgt f\u00fcr einen Hauch von Eleganz, w\u00e4hrend der Brustausschnitt einen verlockenden Blick auf das bietet, was sich darunter verbirgt. Dieses Set ist perfekt f\u00fcr Kunden, die Stil und Komfort in ihren Dessous suchen.<\/li>\n\n\n\n<li>Unser schwarzes Spitzen-BH- und H\u00f6schen-Set mit Strass-Anh\u00e4ngerverzierung ist einzigartig im Design und von hoher Qualit\u00e4t. Der Brustausschnitt und der doppelt breite G\u00fcrtel sorgen f\u00fcr einen Hauch von Eleganz, w\u00e4hrend die verstellbaren Neckholder-Tr\u00e4ger f\u00fcr eine perfekte Passform sorgen. Dieses Set wird in jeder Dessous-Kollektion garantiert ein Blickfang sein.<\/li>\n<\/ol>\n\n\n\n<p>Entfesseln Sie das Mutige und Sch\u00f6ne mit unserem schwarzen BH-Set mit Brustausschnitt, doppelt breitem G\u00fcrtel, verstellbaren Neckholder-Tr\u00e4gern und Strass-Anh\u00e4ngerverzierung. Dieses Set ist nicht nur ein Produkt. Es ist ein Statement f\u00fcr Stil und Charme, das Ihre Kunden lieben werden. Warten Sie nicht. Kontaktieren Sie uns noch heute, um Ihre Bestellung aufzugeben oder Fragen zu stellen. Lassen Sie uns gemeinsam Dessous-Mode neu definieren!<\/p>\n\n\n\n<figure class=\"wp-block-table is-style-stripes\"><table class=\"has-fixed-layout\"><tbody><tr><td colspan=\"5\">Standortdiagramm (CM)<\/td><\/tr><tr><td>Gr\u00f6\u00dfe<\/td><td>L\u00e4nge<\/td><td>Untere Brust<\/td><td>Taille<\/td><td>Taille des Strumpfbandes<\/td><\/tr><tr><td>S<\/td><td>11<\/td><td>64-86<\/td><td>65<\/td><td>64-90<\/td><\/tr><tr><td>M<\/td><td>12<\/td><td>68-90<\/td><td>69<\/td><td>68-94<\/td><\/tr><tr><td>L<\/td><td>13<\/td><td>72-94<\/td><td>73<\/td><td>72-98<\/td><\/tr><tr><td colspan=\"5\">Seitendiagramm (Zoll)<\/td><\/tr><tr><td>Gr\u00f6\u00dfe<\/td><td>L\u00e4nge<\/td><td>Untere Brust<\/td><td>Taille<\/td><td>Taille des Strumpfbandes<\/td><\/tr><tr><td>S<\/td><td>4.33<\/td><td>25.20-33.86<\/td><td>25.59<\/td><td>25.20-35.43<\/td><\/tr><tr><td>M<\/td><td>4.72<\/td><td>26.77-35.43<\/td><td>27.17<\/td><td>26.77-37.01<\/td><\/tr><tr><td>L<\/td><td>5.12<\/td><td>28.35-37.01<\/td><td>28.74<\/td><td>28.35-38.58<\/td><\/tr><\/tbody><\/table><\/figure>","protected":false},"excerpt":{"rendered":"<p>Bleiben Sie dem Dessous-Trend immer einen Schritt voraus mit unserem schwarzen BH-Set mit doppelt breitem G\u00fcrtel und verstellbaren Neckholder-Tr\u00e4gern. Dieses Set kombiniert den Reiz eines Brustausschnitts mit der Eleganz einer Strass-Anh\u00e4ngerdekoration. Mit exquisiter Handwerkskunst gefertigt, ist es eine atemberaubende Erg\u00e4nzung f\u00fcr jede Dessous-Kollektion.<\/p>\n<p>https:\/\/youtu.be\/ZFmegpKdHCQ<\/p>","protected":false},"featured_media":43902,"template":"","meta":[],"product_brand":[],"product_cat":[368,367,375],"product_tag":[868,861,448,518,446,863],"class_list":{"0":"post-43893","1":"product","2":"type-product","3":"status-publish","4":"has-post-thumbnail","6":"product_cat-bra-panty-set","7":"product_cat-sexy-lingerie","8":"product_cat-whoelsale-sheer-bra-and-panty-sets","9":"product_tag-4-piece-lingerie-set","10":"product_tag-brunette-lingerie","11":"product_tag-wholesale-elegant-sexy-lingerie","12":"product_tag-mesh-lingerie","13":"product_tag-wholesale-sexy-see-through-lingerie","14":"product_tag-sexy-thong-lingerie","15":"pa_color-black","16":"pa_size-wholesale-large-size-women-sexy-lingerie","17":"pa_size-wholesale-medium-size-women-sexy-lingerie","18":"pa_size-wholesale-small-size-sexy-lingerie","20":"first","21":"instock","22":"taxable","23":"shipping-taxable","24":"purchasable","25":"product-type-variable"},"tiered_pricing_type":"fixed","tiered_pricing_fixed_rules":[],"tiered_pricing_product_settings":{"layout":"default","base_unit_name":{"singular":null,"plural":null},"default_variation":{}},"tiered_pricing_minimum_quantity":null,"tiered_pricing_roles_data":{"default_wholesaler":{"product_id":43893,"role":"default_wholesaler","pricing_type":"flat","regular_price":null,"sale_price":null,"discount":null,"discount_type":"sale_price","tiered_pricing_type":"fixed","percentage_rules":[],"fixed_rules":{"2":"10.49","30":"8.99","500":"7.89"},"minimum":null},"dropshippinger":{"product_id":43893,"role":"dropshippinger","pricing_type":"flat","regular_price":null,"sale_price":null,"discount":null,"discount_type":"sale_price","tiered_pricing_type":"fixed","percentage_rules":[],"fixed_rules":{"1":"12.49","5":"10.49","30":"7.89"},"minimum":null}},"tiered_pricing_percentage_rules":[],"tiered_pricing_maximum_quantity":null,"tiered_pricing_quantity_step":null,"_links":{"self":[{"href":"https:\/\/gretasexylingerie.com\/de\/wp-json\/wp\/v2\/product\/43893","targetHints":{"allow":["GET"]}}],"collection":[{"href":"https:\/\/gretasexylingerie.com\/de\/wp-json\/wp\/v2\/product"}],"about":[{"href":"https:\/\/gretasexylingerie.com\/de\/wp-json\/wp\/v2\/types\/product"}],"wp:featuredmedia":[{"embeddable":true,"href":"https:\/\/gretasexylingerie.com\/de\/wp-json\/wp\/v2\/media\/43902"}],"wp:attachment":[{"href":"https:\/\/gretasexylingerie.com\/de\/wp-json\/wp\/v2\/media?parent=43893"}],"wp:term":[{"taxonomy":"product_brand","embeddable":true,"href":"https:\/\/gretasexylingerie.com\/de\/wp-json\/wp\/v2\/product_brand?post=43893"},{"taxonomy":"product_cat","embeddable":true,"href":"https:\/\/gretasexylingerie.com\/de\/wp-json\/wp\/v2\/product_cat?post=43893"},{"taxonomy":"product_tag","embeddable":true,"href":"https:\/\/gretasexylingerie.com\/de\/wp-json\/wp\/v2\/product_tag?post=43893"}],"curies":[{"name":"wp","href":"https:\/\/api.w.org\/{rel}","templated":true}]}}