{"id":43784,"date":"2023-07-27T01:24:57","date_gmt":"2023-07-26T17:24:57","guid":{"rendered":"https:\/\/gretasexylingerie.com\/?post_type=product&#038;p=43784"},"modified":"2023-09-05T20:57:59","modified_gmt":"2023-09-05T12:57:59","slug":"trendiges-set-aus-maxirock-mit-seitenschlitz-und-bh-zum-schnuren","status":"publish","type":"product","link":"https:\/\/gretasexylingerie.com\/de\/products\/trendy-side-slit-maxi-skirt-and-lace-up-bra-set\/","title":{"rendered":"Trendiges Set aus Maxirock mit Seitenschlitz und Schn\u00fcr-BH"},"content":{"rendered":"<ul class=\"wp-block-list\">\n<li>Unser Set mit Schn\u00fcr-BH und durchsichtigem Mesh-Unterhemd wurde unter Ber\u00fccksichtigung der neuesten Modetrends entworfen. Der Schn\u00fcr-BH sorgt f\u00fcr einen Hauch Verf\u00fchrung, w\u00e4hrend das transparente Netzgewebe einen verlockenden Blick auf das, was sich darunter befindet, gew\u00e4hrt. Dieses Set wird bei Ihren Kunden sicher ein Hit sein.<\/li>\n\n\n\n<li>Das Set aus Maxirock mit seitlichem Schlitz und Schn\u00fcr-BH ist stilvoll und bequem. Der seitlich geschlitzte Maxirock sorgt f\u00fcr Bewegungsfreiheit, w\u00e4hrend der Schn\u00fcr-BH f\u00fcr eine perfekte Passform sorgt. Dieses Set ist ideal f\u00fcr Kunden, die Stil und Komfort in ihren Dessous suchen.<\/li>\n\n\n\n<li>Unser Set aus transparentem Mesh-Hemd und BH ist einzigartig im Design und von hoher Qualit\u00e4t. Der transparente Netzstoff ist weich und bequem, w\u00e4hrend der Schn\u00fcr-BH und der seitlich geschlitzte Maxirock f\u00fcr einen Hauch von Eleganz sorgen. Dieses Set wird in jeder Dessous-Kollektion garantiert ein Blickfang sein.<\/li>\n<\/ul>\n\n\n\n<p>Lassen Sie sich diese Gelegenheit nicht entgehen! Unser Chemise- und BH-Set mit einem Schn\u00fcr-BH, transparenten Netzstoffen und einem seitlich geschlitzten Maxirock ist die perfekte Erg\u00e4nzung Ihrer Dessous-Kollektion. Dieses Set ist nicht nur ein Produkt, es ist ein Statement f\u00fcr Stil und Komfort, das Ihre Kunden lieben werden. Kontaktieren Sie uns noch heute, um Ihre Bestellung aufzugeben oder Fragen zu stellen. Lassen Sie uns gemeinsam Dessous-Mode neu definieren!<\/p>\n\n\n\n<figure class=\"wp-block-table is-style-stripes\"><table class=\"has-fixed-layout\"><tbody><tr><td colspan=\"5\">Standortdiagramm (CM)<\/td><td><\/td><\/tr><tr><td>Gr\u00f6\u00dfe<\/td><td>L\u00e4nge<\/td><td>Untere Brust<\/td><td>Taille<\/td><td>Cup-H\u00f6he<\/td><td>Obere B\u00fcste<\/td><\/tr><tr><td>S<\/td><td>25.5<\/td><td>62-88<\/td><td>66-92<\/td><td>14.5<\/td><td>66-88<\/td><\/tr><tr><td>M<\/td><td>26.5<\/td><td>66-92<\/td><td>71-100<\/td><td>15.5<\/td><td>70-92<\/td><\/tr><tr><td>L<\/td><td>27.5<\/td><td>70-96<\/td><td>75-104<\/td><td>16.5<\/td><td>74-96<\/td><\/tr><tr><td colspan=\"5\">Seitendiagramm (Zoll)<\/td><td><\/td><\/tr><tr><td>Gr\u00f6\u00dfe<\/td><td>L\u00e4nge<\/td><td>Untere Brust<\/td><td>Taille<\/td><td>Cup-H\u00f6he<\/td><td>Obere B\u00fcste<\/td><\/tr><tr><td>S<\/td><td>10.04<\/td><td>24.41-34.65<\/td><td>25.98-36.22<\/td><td>5.71<\/td><td>25.98-34.65<\/td><\/tr><tr><td>M<\/td><td>10.43<\/td><td>25.98-36.22<\/td><td>27.95-39.37<\/td><td>6.1<\/td><td>27.56-36.22<\/td><\/tr><tr><td>L<\/td><td>10.83<\/td><td>27.56-37.80<\/td><td>29.53-40.94<\/td><td>6.5<\/td><td>29.13-37.80<\/td><\/tr><\/tbody><\/table><\/figure>","protected":false},"excerpt":{"rendered":"<p>Trendy Sid: Unser Set aus Schn\u00fcr-BH und transparentem Mesh-Unterhemd ist ein Muss f\u00fcr jeden Dessous-H\u00e4ndler. Dieses Set besteht aus einem verf\u00fchrerischen Schn\u00fcr-BH und einem transparenten Netzhemd mit seitlich geschlitztem Maxirock und bietet einen verlockenden Blick auf das, was sich darunter verbirgt. Perfekt f\u00fcr Kunden, die die neueste Dessous-Mode suchen. e-Slit Maxirock und Schn\u00fcr-BH-Set<\/p>","protected":false},"featured_media":43797,"template":"","meta":[],"product_brand":[],"product_cat":[393,394,422,367],"product_tag":[518,446,864],"class_list":{"0":"post-43784","1":"product","2":"type-product","3":"status-publish","4":"has-post-thumbnail","6":"product_cat-wholesale-long-chemise","7":"product_cat-wholesale-mesh-chemise","8":"product_cat-sexy-chemise","9":"product_cat-sexy-lingerie","10":"product_tag-mesh-lingerie","11":"product_tag-wholesale-sexy-see-through-lingerie","12":"product_tag-sexy-petite-lingerie","13":"pa_color-black","14":"pa_size-wholesale-large-size-women-sexy-lingerie","15":"pa_size-wholesale-medium-size-women-sexy-lingerie","16":"pa_size-wholesale-small-size-sexy-lingerie","18":"first","19":"instock","20":"taxable","21":"shipping-taxable","22":"purchasable","23":"product-type-variable"},"tiered_pricing_type":"fixed","tiered_pricing_fixed_rules":[],"tiered_pricing_product_settings":{"layout":"default","base_unit_name":{"singular":null,"plural":null},"default_variation":null},"tiered_pricing_minimum_quantity":null,"tiered_pricing_roles_data":{"default_wholesaler":{"product_id":43784,"role":"default_wholesaler","pricing_type":"flat","regular_price":null,"sale_price":null,"discount":null,"discount_type":"sale_price","tiered_pricing_type":"fixed","percentage_rules":[],"fixed_rules":{"2":"10.49","30":"8.99","500":"7.89"},"minimum":null},"dropshippinger":{"product_id":43784,"role":"dropshippinger","pricing_type":"flat","regular_price":null,"sale_price":null,"discount":null,"discount_type":"sale_price","tiered_pricing_type":"fixed","percentage_rules":[],"fixed_rules":{"1":"12.49","5":"10.49","30":"8.99"},"minimum":null}},"tiered_pricing_percentage_rules":[],"tiered_pricing_maximum_quantity":null,"tiered_pricing_quantity_step":null,"_links":{"self":[{"href":"https:\/\/gretasexylingerie.com\/de\/wp-json\/wp\/v2\/product\/43784","targetHints":{"allow":["GET"]}}],"collection":[{"href":"https:\/\/gretasexylingerie.com\/de\/wp-json\/wp\/v2\/product"}],"about":[{"href":"https:\/\/gretasexylingerie.com\/de\/wp-json\/wp\/v2\/types\/product"}],"wp:featuredmedia":[{"embeddable":true,"href":"https:\/\/gretasexylingerie.com\/de\/wp-json\/wp\/v2\/media\/43797"}],"wp:attachment":[{"href":"https:\/\/gretasexylingerie.com\/de\/wp-json\/wp\/v2\/media?parent=43784"}],"wp:term":[{"taxonomy":"product_brand","embeddable":true,"href":"https:\/\/gretasexylingerie.com\/de\/wp-json\/wp\/v2\/product_brand?post=43784"},{"taxonomy":"product_cat","embeddable":true,"href":"https:\/\/gretasexylingerie.com\/de\/wp-json\/wp\/v2\/product_cat?post=43784"},{"taxonomy":"product_tag","embeddable":true,"href":"https:\/\/gretasexylingerie.com\/de\/wp-json\/wp\/v2\/product_tag?post=43784"}],"curies":[{"name":"wp","href":"https:\/\/api.w.org\/{rel}","templated":true}]}}