{"id":43530,"date":"2023-07-13T00:29:02","date_gmt":"2023-07-12T16:29:02","guid":{"rendered":"https:\/\/gretasexylingerie.com\/?post_type=product&#038;p=43530"},"modified":"2024-01-17T22:42:08","modified_gmt":"2024-01-17T14:42:08","slug":"transparentes-gesprenkeltes-netz-bh-und-hoschen-set-mit-uberkreuzten-korbchen","status":"publish","type":"product","link":"https:\/\/gretasexylingerie.com\/de\/products\/sheer-speckled-mesh-bra-and-panty-set-with-crossover-cup\/","title":{"rendered":"Transparentes Set aus BH und H\u00f6schen aus gesprenkeltem Netzstoff mit Crossover-K\u00f6rbchen"},"content":{"rendered":"<p>Gesprenkeltes Netz: Das transparente, gesprenkelte Netzdesign dieses Sets sorgt f\u00fcr eine einzigartige und ausgefallene \u00c4sthetik, die eine leichte Abdeckung bietet und gleichzeitig m\u00fchelos stilvoll bleibt.<\/p>\n\n\n\n<p>Crossover-Cups: Das innovative Crossover-Cup-Design verleiht traditionellen Dessous-Sets eine moderne Note und bietet eine st\u00fctzende und schmeichelhafte Silhouette.<\/p>\n\n\n\n<p>Metallring-Akzent: Der auff\u00e4llige Metallring an der Vorderseite verleiht diesem BH- und H\u00f6schen-Set einen Hauch von schicker Raffinesse und hebt sich von Standarddesigns ab.<\/p>\n\n\n\n<p>Komfort und Stil: Mit seinem leichten Mesh-Gewebe und dem innovativen Design bietet dieses Set eine perfekte Balance zwischen Komfort und Stil.<\/p>\n\n\n\n<p>Vielseitiger Reiz: Das schicke und trendige Design macht dieses Set zu einer vielseitigen Wahl, die f\u00fcr jeden Anlass gestylt werden kann und somit eine unverzichtbare Erg\u00e4nzung f\u00fcr jede Garderobe ist.<\/p>\n\n\n\n<p>Zusammenfassend l\u00e4sst sich sagen, dass unser BH- und Slip-Set aus transparentem, gesprenkeltem Netzstoff mit \u00fcberkreuzten K\u00f6rbchen und Metallring Komfort auf Modernit\u00e4t trifft. Dieses Statement-St\u00fcck sorgt daf\u00fcr, dass Sie sich jederzeit selbstbewusst und stilvoll f\u00fchlen. Werten Sie Ihre Dessous-Kollektion mit diesem bezaubernden Set auf.<\/p>\n\n\n\n<figure class=\"wp-block-table is-style-stripes\"><table class=\"has-fixed-layout\"><tbody><tr><td colspan=\"5\">Standortdiagramm (CM)<\/td><\/tr><tr><td>Gr\u00f6\u00dfe<\/td><td>L\u00e4nge<\/td><td>Untere Brust<\/td><td>Taille<\/td><td>Hosenl\u00e4nge<\/td><\/tr><tr><td>S<\/td><td>12.5<\/td><td>63<\/td><td>64<\/td><td>21.5<\/td><\/tr><tr><td>M<\/td><td>13.5<\/td><td>67<\/td><td>68<\/td><td>22.5<\/td><\/tr><tr><td>L<\/td><td>14.5<\/td><td>71<\/td><td>72<\/td><td>23.5<\/td><\/tr><tr><td>XL<\/td><td>15.5<\/td><td>75<\/td><td>76<\/td><td>24.5<\/td><\/tr><tr><td colspan=\"5\">Seitendiagramm (Zoll)<\/td><\/tr><tr><td>Gr\u00f6\u00dfe<\/td><td>L\u00e4nge<\/td><td>Untere Brust<\/td><td>Taille<\/td><td>Hosenl\u00e4nge<\/td><\/tr><tr><td>S<\/td><td>4.92<\/td><td>24.8<\/td><td>25.2<\/td><td>8.46<\/td><\/tr><tr><td>M<\/td><td>5.31<\/td><td>26.38<\/td><td>26.77<\/td><td>8.86<\/td><\/tr><tr><td>L<\/td><td>5.71<\/td><td>27.95<\/td><td>28.35<\/td><td>9.25<\/td><\/tr><tr><td>XL<\/td><td>6.1<\/td><td>29.53<\/td><td>29.92<\/td><td>9.65<\/td><\/tr><\/tbody><\/table><\/figure>","protected":false},"excerpt":{"rendered":"<p>Erleben Sie die Verschmelzung von Komfort und Stil mit unserem transparenten BH- und H\u00f6schenset aus gesprenkeltem Netzstoff. Die \u00fcberkreuzten K\u00f6rbchen und der Metallring-Akzent verleihen diesem klassischen Dessous-Basic eine elegante und moderne Note.<\/p>","protected":false},"featured_media":43540,"template":"","meta":[],"product_brand":[],"product_cat":[368,367,375],"product_tag":[452,518,973,446,864],"class_list":{"0":"post-43530","1":"product","2":"type-product","3":"status-publish","4":"has-post-thumbnail","6":"product_cat-bra-panty-set","7":"product_cat-sexy-lingerie","8":"product_cat-whoelsale-sheer-bra-and-panty-sets","9":"product_tag-wholesale-boudoir-lingerie","10":"product_tag-mesh-lingerie","11":"product_tag-oem","12":"product_tag-wholesale-sexy-see-through-lingerie","13":"product_tag-sexy-petite-lingerie","14":"pa_color-black","15":"pa_size-wholesale-large-size-women-sexy-lingerie","16":"pa_size-wholesale-medium-size-women-sexy-lingerie","17":"pa_size-wholesale-small-size-sexy-lingerie","18":"pa_size-wholesale-extra-large-sexy-lingerie","20":"first","21":"outofstock","22":"taxable","23":"shipping-taxable","24":"purchasable","25":"product-type-variable"},"tiered_pricing_type":"fixed","tiered_pricing_fixed_rules":[],"tiered_pricing_product_settings":{"layout":"default","base_unit_name":{"singular":null,"plural":null},"default_variation":null},"tiered_pricing_minimum_quantity":null,"tiered_pricing_roles_data":{"default_wholesaler":{"product_id":43530,"role":"default_wholesaler","pricing_type":"flat","regular_price":null,"sale_price":null,"discount":null,"discount_type":"sale_price","tiered_pricing_type":"fixed","percentage_rules":[],"fixed_rules":{"2":"9.39","30":"8.09","500":"7.09"},"minimum":null},"dropshippinger":{"product_id":43530,"role":"dropshippinger","pricing_type":"flat","regular_price":null,"sale_price":null,"discount":null,"discount_type":"sale_price","tiered_pricing_type":"fixed","percentage_rules":[],"fixed_rules":{"1":"11.29","5":"9.39","30":"7.09"},"minimum":null}},"tiered_pricing_percentage_rules":[],"tiered_pricing_maximum_quantity":null,"tiered_pricing_quantity_step":null,"_links":{"self":[{"href":"https:\/\/gretasexylingerie.com\/de\/wp-json\/wp\/v2\/product\/43530","targetHints":{"allow":["GET"]}}],"collection":[{"href":"https:\/\/gretasexylingerie.com\/de\/wp-json\/wp\/v2\/product"}],"about":[{"href":"https:\/\/gretasexylingerie.com\/de\/wp-json\/wp\/v2\/types\/product"}],"wp:featuredmedia":[{"embeddable":true,"href":"https:\/\/gretasexylingerie.com\/de\/wp-json\/wp\/v2\/media\/43540"}],"wp:attachment":[{"href":"https:\/\/gretasexylingerie.com\/de\/wp-json\/wp\/v2\/media?parent=43530"}],"wp:term":[{"taxonomy":"product_brand","embeddable":true,"href":"https:\/\/gretasexylingerie.com\/de\/wp-json\/wp\/v2\/product_brand?post=43530"},{"taxonomy":"product_cat","embeddable":true,"href":"https:\/\/gretasexylingerie.com\/de\/wp-json\/wp\/v2\/product_cat?post=43530"},{"taxonomy":"product_tag","embeddable":true,"href":"https:\/\/gretasexylingerie.com\/de\/wp-json\/wp\/v2\/product_tag?post=43530"}],"curies":[{"name":"wp","href":"https:\/\/api.w.org\/{rel}","templated":true}]}}