{"id":43505,"date":"2023-07-12T23:10:59","date_gmt":"2023-07-12T15:10:59","guid":{"rendered":"https:\/\/gretasexylingerie.com\/?post_type=product&#038;p=43505"},"modified":"2024-04-04T14:44:53","modified_gmt":"2024-04-04T06:44:53","slug":"bh-strumpfhalter-set-mit-blumenstickerei-und-ausgeschnittenen-cups","status":"publish","type":"product","link":"https:\/\/gretasexylingerie.com\/de\/products\/floral-embroidered-bra-garter-set-with-cutout-cup\/","title":{"rendered":"Gro\u00dfhandel mit floral besticktem BH und Strumpfband-Set mit ausgeschnittenem K\u00f6rbchen"},"content":{"rendered":"<ol class=\"wp-block-list\">\n<li>Blumenstickerei: Die aufwendige Blumenstickerei macht das klassische BH-Set zu einem Kunstwerk und verleiht ihm eine feminine und exquisite Note, die es vom Gew\u00f6hnlichen abhebt.<\/li>\n\n\n\n<li>Gesprenkeltes Netzgewebe: Das gesprenkelte Netzgewebe sorgt f\u00fcr eine verspielte und trendige Note, bietet transparente Abdeckung und verleiht dem Gesamtdesign gleichzeitig Struktur.<\/li>\n\n\n\n<li>Cut-out-Cups: Die verf\u00fchrerischen Cut-out-Cups bieten einen provokanten Blick, betonen die Figur und betonen die feminine Form mit Raffinesse.<\/li>\n\n\n\n<li>Strumpfband-Set: Dieses BH-Set wird noch attraktiver, weil es auch ein passendes Strumpfband enth\u00e4lt. Das Strumpfband erh\u00e4lt die optische Harmonie des Ensembles und sorgt f\u00fcr eine zus\u00e4tzliche Prise Sexyness.<\/li>\n\n\n\n<li>Vielseitiger Reiz: Mit seiner einzigartigen Kombination aus trendigen und klassischen Elementen eignet sich dieses BH-Set perfekt f\u00fcr besondere Anl\u00e4sse und den Alltag.<\/li>\n<\/ol>\n\n\n\n<p>Zusammenfassend l\u00e4sst sich sagen, dass unser floral besticktes BH- und Strumpfband-Set mit gesprenkeltem Netzstoff und ausgeschnittenen K\u00f6rbchen eine Kombination aus Sch\u00f6nheit und Komfort ist. Dieses wundersch\u00f6ne Ensemble ist eine unverzichtbare Erg\u00e4nzung jeder Dessous-Kollektion. Mit diesem bezaubernden Set z\u00e4hlt jeder Moment.<\/p>\n\n\n\n<figure class=\"wp-block-table is-style-stripes\"><table class=\"has-fixed-layout\"><tbody><tr><td colspan=\"5\">Standortdiagramm (CM)<\/td><\/tr><tr><td>Gr\u00f6\u00dfe<\/td><td>L\u00e4nge<\/td><td>Untere Brust<\/td><td>Taille<\/td><td>Hosenl\u00e4nge<\/td><\/tr><tr><td>S<\/td><td>13,5<\/td><td>68<\/td><td>72<\/td><td>23.5<\/td><\/tr><tr><td>M<\/td><td>14,5<\/td><td>72<\/td><td>76<\/td><td>24.5<\/td><\/tr><tr><td>L<\/td><td>15,5<\/td><td>76<\/td><td>80<\/td><td>25.5<\/td><\/tr><tr><td>XL<\/td><td>16.5<\/td><td>80<\/td><td>84<\/td><td>26.5<\/td><\/tr><tr><td colspan=\"5\">Seitendiagramm (Zoll)<\/td><\/tr><tr><td>Gr\u00f6\u00dfe<\/td><td>L\u00e4nge<\/td><td>Untere Brust<\/td><td>Taille<\/td><td>Hosenl\u00e4nge<\/td><\/tr><tr><td>S<\/td><td>5.31<\/td><td>26.38<\/td><td>24.8<\/td><td>8.66<\/td><\/tr><tr><td>M<\/td><td>5.71<\/td><td>27.95<\/td><td>26.38<\/td><td>9.06<\/td><\/tr><tr><td>L<\/td><td>6.1<\/td><td>29.53<\/td><td>27.95<\/td><td>9.45<\/td><\/tr><tr><td>XL<\/td><td>6.5<\/td><td>31.1<\/td><td>29.53<\/td><td>9.84<\/td><\/tr><\/tbody><\/table><\/figure>","protected":false},"excerpt":{"rendered":"<p>Entdecken Sie die Kunst der Verf\u00fchrung mit unserem floral bestickten BH- und Strumpfband-Set. Das gesprenkelte Netzgewebe und die ausgeschnittenen K\u00f6rbchen dieses Sets bieten eine Mischung aus Komfort und modernem Charme.<\/p>","protected":false},"featured_media":43529,"template":"","meta":[],"product_brand":[],"product_cat":[368,367,375],"product_tag":[868,452,448,446],"class_list":{"0":"post-43505","1":"product","2":"type-product","3":"status-publish","4":"has-post-thumbnail","6":"product_cat-bra-panty-set","7":"product_cat-sexy-lingerie","8":"product_cat-whoelsale-sheer-bra-and-panty-sets","9":"product_tag-4-piece-lingerie-set","10":"product_tag-wholesale-boudoir-lingerie","11":"product_tag-wholesale-elegant-sexy-lingerie","12":"product_tag-wholesale-sexy-see-through-lingerie","13":"pa_color-black","14":"pa_size-wholesale-large-size-women-sexy-lingerie","15":"pa_size-wholesale-medium-size-women-sexy-lingerie","16":"pa_size-wholesale-small-size-sexy-lingerie","17":"pa_size-wholesale-extra-large-sexy-lingerie","19":"first","20":"instock","21":"taxable","22":"shipping-taxable","23":"purchasable","24":"product-type-variable"},"tiered_pricing_type":"fixed","tiered_pricing_fixed_rules":[],"tiered_pricing_product_settings":{"layout":"table","base_unit_name":{"singular":null,"plural":null},"default_variation":null},"tiered_pricing_minimum_quantity":null,"tiered_pricing_roles_data":{"default_wholesaler":{"product_id":43505,"role":"default_wholesaler","pricing_type":"flat","regular_price":null,"sale_price":null,"discount":null,"discount_type":"sale_price","tiered_pricing_type":"fixed","percentage_rules":[],"fixed_rules":{"2":"9.39","30":"8.09","500":"7.09"},"minimum":null},"dropshippinger":{"product_id":43505,"role":"dropshippinger","pricing_type":"flat","regular_price":null,"sale_price":11.29,"discount":null,"discount_type":"sale_price","tiered_pricing_type":"fixed","percentage_rules":[],"fixed_rules":{"1":"11.29","5":"9.39","30":"7.09"},"minimum":null}},"tiered_pricing_percentage_rules":[],"tiered_pricing_maximum_quantity":null,"tiered_pricing_quantity_step":null,"_links":{"self":[{"href":"https:\/\/gretasexylingerie.com\/de\/wp-json\/wp\/v2\/product\/43505","targetHints":{"allow":["GET"]}}],"collection":[{"href":"https:\/\/gretasexylingerie.com\/de\/wp-json\/wp\/v2\/product"}],"about":[{"href":"https:\/\/gretasexylingerie.com\/de\/wp-json\/wp\/v2\/types\/product"}],"wp:featuredmedia":[{"embeddable":true,"href":"https:\/\/gretasexylingerie.com\/de\/wp-json\/wp\/v2\/media\/43529"}],"wp:attachment":[{"href":"https:\/\/gretasexylingerie.com\/de\/wp-json\/wp\/v2\/media?parent=43505"}],"wp:term":[{"taxonomy":"product_brand","embeddable":true,"href":"https:\/\/gretasexylingerie.com\/de\/wp-json\/wp\/v2\/product_brand?post=43505"},{"taxonomy":"product_cat","embeddable":true,"href":"https:\/\/gretasexylingerie.com\/de\/wp-json\/wp\/v2\/product_cat?post=43505"},{"taxonomy":"product_tag","embeddable":true,"href":"https:\/\/gretasexylingerie.com\/de\/wp-json\/wp\/v2\/product_tag?post=43505"}],"curies":[{"name":"wp","href":"https:\/\/api.w.org\/{rel}","templated":true}]}}