{"id":43492,"date":"2023-07-12T22:44:25","date_gmt":"2023-07-12T14:44:25","guid":{"rendered":"https:\/\/gretasexylingerie.com\/?post_type=product&#038;p=43492"},"modified":"2023-12-09T20:55:02","modified_gmt":"2023-12-09T12:55:02","slug":"transparentes-gesprenkeltes-netz-bh-set-mit-cut-out-cups","status":"publish","type":"product","link":"https:\/\/gretasexylingerie.com\/de\/products\/sheer-speckled-mesh-bra-set-with-cutout-cup\/","title":{"rendered":"Transparentes, gesprenkeltes Netz-BH-Set mit ausgeschnittenen K\u00f6rbchen"},"content":{"rendered":"<ol class=\"wp-block-list\">\n<li>Durchscheinendes, gesprenkeltes Netzgewebe: Das durchsichtige, gesprenkelte Netzgewebe verleiht diesem BH-Set eine unerwartete, moderne Note und l\u00e4sst einen Blick auf die Haut zu, was ihm einen provokanten und dennoch eleganten Reiz verleiht.<\/li>\n\n\n\n<li>Ausgeschnittene K\u00f6rbchen: Die gewagten ausgeschnittenen K\u00f6rbchen sorgen f\u00fcr eine kokette Note und bewahren gleichzeitig die allgemeine Raffinesse. Sie bilden einen optisch ansprechenden Kontrast zum transparenten Netz und verst\u00e4rken den Reiz des Kleidungsst\u00fccks.<\/li>\n\n\n\n<li>Metallring-Gliederg\u00fcrtel: Der Metallring-Gliederg\u00fcrtel ist eine innovative Note und verleiht dem BH-Set eine schicke, ausgefallene Dimension. Es bietet eine zus\u00e4tzliche Stilschicht und sorgt f\u00fcr eine sichere, anpassbare Passform.<\/li>\n\n\n\n<li>Komfort und Stil: Dieses BH-Set ist f\u00fcr h\u00f6chsten Komfort gefertigt und geht keine Kompromisse beim Stil ein. Das einzigartige Design macht es zu einem Statement-St\u00fcck in jeder Dessous-Kollektion.<\/li>\n\n\n\n<li>Vielseitigkeit: Egal, ob Sie sich f\u00fcr einen besonderen Anlass kleiden oder sich im Alltag luxuri\u00f6s f\u00fchlen m\u00f6chten, dieses BH-Set ist eine vielseitige Wahl. Durch sein schlankes Design und die komfortablen Materialien ist es f\u00fcr jede Situation geeignet.<\/li>\n<\/ol>\n\n\n\n<p>Zusammenfassend l\u00e4sst sich sagen, dass unser transparentes, gesprenkeltes Netz-BH-Set mit ausgeschnittenen K\u00f6rbchen und Metallring-Gliederg\u00fcrtel Luxus, Komfort und Stil verk\u00f6rpert. Dieses raffinierte St\u00fcck wird Ihrer Dessous-Kollektion mit Sicherheit eine einzigartige Note verleihen. Erleben Sie die perfekte Mischung aus Faszination und Komfort mit diesem herausragenden Set.<\/p>\n\n\n\n<figure class=\"wp-block-table is-style-stripes\"><table class=\"has-fixed-layout\"><tbody><tr><td colspan=\"5\">Standortdiagramm (CM)<\/td><\/tr><tr><td>Gr\u00f6\u00dfe<\/td><td>L\u00e4nge<\/td><td>Untere Brust<\/td><td>Taille<\/td><td>Hosenl\u00e4nge<\/td><\/tr><tr><td>S<\/td><td>11.5<\/td><td>68<\/td><td>72<\/td><td>23.5<\/td><\/tr><tr><td>M<\/td><td>12.5<\/td><td>72<\/td><td>76<\/td><td>24.5<\/td><\/tr><tr><td>L<\/td><td>13.5<\/td><td>76<\/td><td>80<\/td><td>25.5<\/td><\/tr><tr><td>XL<\/td><td>14.5<\/td><td>80<\/td><td>84<\/td><td>26.5<\/td><\/tr><tr><td colspan=\"5\">Seitendiagramm (Zoll)<\/td><\/tr><tr><td>Gr\u00f6\u00dfe<\/td><td>L\u00e4nge<\/td><td>Untere Brust<\/td><td>Taille<\/td><td>Hosenl\u00e4nge<\/td><\/tr><tr><td>S<\/td><td>4.53<\/td><td>26.77<\/td><td>28.35<\/td><td>9.25<\/td><\/tr><tr><td>M<\/td><td>4.92<\/td><td>28.35<\/td><td>29.92<\/td><td>9.65<\/td><\/tr><tr><td>L<\/td><td>5.31<\/td><td>29.92<\/td><td>31.5<\/td><td>10.04<\/td><\/tr><tr><td><\/td><td>5.71<\/td><td>31.5<\/td><td>33.07<\/td><td>10.43<\/td><\/tr><\/tbody><\/table><\/figure>","protected":false},"excerpt":{"rendered":"<p>Erleben Sie einen Hauch von modernem Charme mit unserem transparenten, gesprenkelten Netz-BH-Set. Dieses Set vereint Komfort und Eleganz in einem stilvollen Paket und verf\u00fcgt \u00fcber ausgeschnittene K\u00f6rbchen und einen Metallring-Gliederg\u00fcrtel.<\/p>","protected":false},"featured_media":43504,"template":"","meta":[],"product_brand":[],"product_cat":[368,367,375],"product_tag":[507,518,973,446],"class_list":{"0":"post-43492","1":"product","2":"type-product","3":"status-publish","4":"has-post-thumbnail","6":"product_cat-bra-panty-set","7":"product_cat-sexy-lingerie","8":"product_cat-whoelsale-sheer-bra-and-panty-sets","9":"product_tag-three-pcs-set","10":"product_tag-mesh-lingerie","11":"product_tag-oem","12":"product_tag-wholesale-sexy-see-through-lingerie","13":"pa_color-black","14":"pa_size-wholesale-large-size-women-sexy-lingerie","15":"pa_size-wholesale-medium-size-women-sexy-lingerie","16":"pa_size-wholesale-small-size-sexy-lingerie","17":"pa_size-wholesale-extra-large-sexy-lingerie","19":"first","20":"outofstock","21":"taxable","22":"shipping-taxable","23":"purchasable","24":"product-type-variable"},"tiered_pricing_type":"fixed","tiered_pricing_fixed_rules":[],"tiered_pricing_product_settings":{"layout":"default","base_unit_name":{"singular":null,"plural":null},"default_variation":{}},"tiered_pricing_minimum_quantity":null,"tiered_pricing_roles_data":{"default_wholesaler":{"product_id":43492,"role":"default_wholesaler","pricing_type":"flat","regular_price":null,"sale_price":null,"discount":null,"discount_type":"sale_price","tiered_pricing_type":"fixed","percentage_rules":[],"fixed_rules":{"2":"13.89","30":"9.39","500":"8.09"},"minimum":null},"dropshippinger":{"product_id":43492,"role":"dropshippinger","pricing_type":"flat","regular_price":null,"sale_price":11.29,"discount":null,"discount_type":"sale_price","tiered_pricing_type":"fixed","percentage_rules":[],"fixed_rules":{"1":"11.29","5":"9.39","30":"7.09"},"minimum":null}},"tiered_pricing_percentage_rules":[],"tiered_pricing_maximum_quantity":null,"tiered_pricing_quantity_step":null,"_links":{"self":[{"href":"https:\/\/gretasexylingerie.com\/de\/wp-json\/wp\/v2\/product\/43492","targetHints":{"allow":["GET"]}}],"collection":[{"href":"https:\/\/gretasexylingerie.com\/de\/wp-json\/wp\/v2\/product"}],"about":[{"href":"https:\/\/gretasexylingerie.com\/de\/wp-json\/wp\/v2\/types\/product"}],"wp:featuredmedia":[{"embeddable":true,"href":"https:\/\/gretasexylingerie.com\/de\/wp-json\/wp\/v2\/media\/43504"}],"wp:attachment":[{"href":"https:\/\/gretasexylingerie.com\/de\/wp-json\/wp\/v2\/media?parent=43492"}],"wp:term":[{"taxonomy":"product_brand","embeddable":true,"href":"https:\/\/gretasexylingerie.com\/de\/wp-json\/wp\/v2\/product_brand?post=43492"},{"taxonomy":"product_cat","embeddable":true,"href":"https:\/\/gretasexylingerie.com\/de\/wp-json\/wp\/v2\/product_cat?post=43492"},{"taxonomy":"product_tag","embeddable":true,"href":"https:\/\/gretasexylingerie.com\/de\/wp-json\/wp\/v2\/product_tag?post=43492"}],"curies":[{"name":"wp","href":"https:\/\/api.w.org\/{rel}","templated":true}]}}