{"id":43449,"date":"2023-07-07T23:16:53","date_gmt":"2023-07-07T15:16:53","guid":{"rendered":"https:\/\/gretasexylingerie.com\/?post_type=product&#038;p=43449"},"modified":"2024-04-04T14:40:19","modified_gmt":"2024-04-04T06:40:19","slug":"3er-set-transparenter-beigefarbener-netz-bh-mit-gestickten-details","status":"publish","type":"product","link":"https:\/\/gretasexylingerie.com\/de\/products\/sheer-mesh-beige-bra-set-of-3-with-embroidered-detailing\/","title":{"rendered":"3er-Set aus transparentem Netzstoff in Beige mit gestickten Details"},"content":{"rendered":"<ol class=\"wp-block-list\">\n<li>\u00dcberlegenes Material: Dieses BH-Set ist aus hochwertigem Mesh gefertigt und sorgt f\u00fcr Komfort und Haltbarkeit. Seine Atmungsaktivit\u00e4t tr\u00e4gt zu seiner Attraktivit\u00e4t bei und sorgt daf\u00fcr, dass Sie sich den ganzen Tag \u00fcber frisch und bequem f\u00fchlen.<\/li>\n\n\n\n<li>Gestickte Details: Die aufwendig gestickten F\u00e4den, die in das transparente Netz eingewebt sind, sorgen f\u00fcr Eleganz und Raffinesse. Diese aufwendigen Details zeichnen diesen BH aus und machen ihn zu einer wundersch\u00f6nen Erg\u00e4nzung Ihrer Dessous-Kollektion.<\/li>\n\n\n\n<li>Dreier-Set: Mit einem Set aus drei BHs sorgt dieses Produkt f\u00fcr Abwechslung und Flexibilit\u00e4t in Ihrer Garderobe. Sie k\u00f6nnen zwischen den BHs wechseln oder bei Bedarf Ersatz-BHs bereithalten, was den Komfort erh\u00f6ht und sicherstellt, dass Sie immer vorbereitet sind.<\/li>\n\n\n\n<li>Nat\u00fcrlicher Farbton: Die beige Farbe des BH-Sets passt nahtlos zu jedem Kleidungsst\u00fcck. Der neutrale Farbton ist eine ausgezeichnete Wahl f\u00fcr eine unauff\u00e4llige Unterschicht und beeintr\u00e4chtigt nicht die Farbpalette Ihres gew\u00e4hlten Outfits.<\/li>\n\n\n\n<li>Universeller Reiz: Dieses Set deckt ein breites Spektrum an Vorlieben ab und kombiniert Funktionalit\u00e4t mit einer sch\u00f6nen \u00c4sthetik. Dieses BH-Set bietet etwas, das jede Frau unabh\u00e4ngig vom Stil zu sch\u00e4tzen wei\u00df.<\/li>\n<\/ol>\n\n\n\n<p>Zusammenfassend l\u00e4sst sich sagen, dass unser 3er-Set aus transparenten Mesh-BHs in Beige eine vielseitige, stilvolle und praktische Erg\u00e4nzung Ihrer Dessous-Kollektion ist. Mit seinem bequemen Material, den wundersch\u00f6n bestickten Details und der vielseitigen Farbe verspricht es ein Dessous-Set zu sein, nach dem Sie immer wieder greifen werden. Werten Sie Ihre Dessous-Schublade noch heute mit diesem wundersch\u00f6nen Set auf.<\/p>\n\n\n\n<figure class=\"wp-block-table is-style-stripes\"><table class=\"has-fixed-layout\"><tbody><tr><td colspan=\"5\">Standortdiagramm (CM)<\/td><\/tr><tr><td>Gr\u00f6\u00dfe<\/td><td>Untere Brust<\/td><td>L\u00e4nge<\/td><td>Taillenlinie<\/td><td>Hosenl\u00e4nge<\/td><\/tr><tr><td>S<\/td><td>65<\/td><td>14<\/td><td>70<\/td><td>23<\/td><\/tr><tr><td>M<\/td><td>69<\/td><td>15<\/td><td>74<\/td><td>24<\/td><\/tr><tr><td>L<\/td><td>73<\/td><td>16<\/td><td>78<\/td><td>25<\/td><\/tr><tr><td>Seitendiagramm (Zoll)<\/td><td><\/td><td><\/td><td><\/td><td><\/td><\/tr><tr><td>Gr\u00f6\u00dfe<\/td><td>Untere Brust<\/td><td>L\u00e4nge<\/td><td>Taillenlinie<\/td><td>Hosenl\u00e4nge<\/td><\/tr><tr><td>S<\/td><td>25.59<\/td><td>5.51<\/td><td>27.56<\/td><td>9.06<\/td><\/tr><tr><td>M<\/td><td>27.17<\/td><td>5.91<\/td><td>29.13<\/td><td>9.45<\/td><\/tr><tr><td>L<\/td><td>28.74<\/td><td>6.3<\/td><td>30.71<\/td><td>9.84<\/td><\/tr><\/tbody><\/table><\/figure>","protected":false},"excerpt":{"rendered":"<p>Schm\u00fccken Sie sich mit unserem 3er-Set aus beigefarbenen BHs. Dieses aus transparentem Mesh mit zarter Stickerei gefertigte Set strahlt femininen Charme aus und bietet gleichzeitig den Komfort der Abwechslung.<\/p>\n<p>https:\/\/youtu.be\/SfXjPUJLHS4<\/p>","protected":false},"featured_media":43465,"template":"","meta":[],"product_brand":[],"product_cat":[368,367,375],"product_tag":[507,861,448,454,518,446],"class_list":{"0":"post-43449","1":"product","2":"type-product","3":"status-publish","4":"has-post-thumbnail","6":"product_cat-bra-panty-set","7":"product_cat-sexy-lingerie","8":"product_cat-whoelsale-sheer-bra-and-panty-sets","9":"product_tag-three-pcs-set","10":"product_tag-brunette-lingerie","11":"product_tag-wholesale-elegant-sexy-lingerie","12":"product_tag-wholesale-sexy-embroidered-lingerie","13":"product_tag-mesh-lingerie","14":"product_tag-wholesale-sexy-see-through-lingerie","15":"pa_color-bisque-women-sexy-lingerie","16":"pa_size-wholesale-large-size-women-sexy-lingerie","17":"pa_size-wholesale-medium-size-women-sexy-lingerie","18":"pa_size-wholesale-small-size-sexy-lingerie","20":"first","21":"instock","22":"taxable","23":"shipping-taxable","24":"purchasable","25":"product-type-variable"},"tiered_pricing_type":"fixed","tiered_pricing_fixed_rules":[],"tiered_pricing_product_settings":{"layout":"table","base_unit_name":{"singular":null,"plural":null},"default_variation":{}},"tiered_pricing_minimum_quantity":null,"tiered_pricing_roles_data":{"default_wholesaler":{"product_id":43449,"role":"default_wholesaler","pricing_type":"flat","regular_price":null,"sale_price":null,"discount":null,"discount_type":"sale_price","tiered_pricing_type":"fixed","percentage_rules":[],"fixed_rules":{"2":"11.89","30":"10.59","500":"9.69"},"minimum":null},"dropshippinger":{"product_id":43449,"role":"dropshippinger","pricing_type":"flat","regular_price":null,"sale_price":null,"discount":null,"discount_type":"sale_price","tiered_pricing_type":"fixed","percentage_rules":[],"fixed_rules":{"1":"13.69","5":"11.89","30":"9.69"},"minimum":null}},"tiered_pricing_percentage_rules":[],"tiered_pricing_maximum_quantity":null,"tiered_pricing_quantity_step":null,"_links":{"self":[{"href":"https:\/\/gretasexylingerie.com\/de\/wp-json\/wp\/v2\/product\/43449","targetHints":{"allow":["GET"]}}],"collection":[{"href":"https:\/\/gretasexylingerie.com\/de\/wp-json\/wp\/v2\/product"}],"about":[{"href":"https:\/\/gretasexylingerie.com\/de\/wp-json\/wp\/v2\/types\/product"}],"wp:featuredmedia":[{"embeddable":true,"href":"https:\/\/gretasexylingerie.com\/de\/wp-json\/wp\/v2\/media\/43465"}],"wp:attachment":[{"href":"https:\/\/gretasexylingerie.com\/de\/wp-json\/wp\/v2\/media?parent=43449"}],"wp:term":[{"taxonomy":"product_brand","embeddable":true,"href":"https:\/\/gretasexylingerie.com\/de\/wp-json\/wp\/v2\/product_brand?post=43449"},{"taxonomy":"product_cat","embeddable":true,"href":"https:\/\/gretasexylingerie.com\/de\/wp-json\/wp\/v2\/product_cat?post=43449"},{"taxonomy":"product_tag","embeddable":true,"href":"https:\/\/gretasexylingerie.com\/de\/wp-json\/wp\/v2\/product_tag?post=43449"}],"curies":[{"name":"wp","href":"https:\/\/api.w.org\/{rel}","templated":true}]}}